{"id":177,"date":"2014-02-27T09:04:03","date_gmt":"2014-02-27T09:04:03","guid":{"rendered":"http:\/\/blocs.xtec.cat\/escolabernatmetge\/?page_id=87"},"modified":"2018-07-08T15:50:04","modified_gmt":"2018-07-08T13:50:04","slug":"projectes","status":"publish","type":"page","link":"https:\/\/agora.xtec.cat\/escola-bernatmetgeelprat\/projecte-educatiu\/projectes\/","title":{"rendered":"Projectes"},"content":{"rendered":"<p><strong>PRIORITATS EDUCATIVES I EIXOS GLOBALS DELS PROJECTES DEL CENTRE<\/strong><\/p>\n<ol>\n<li>Potenciem\u00a0 la compet\u00e8ncia comunicativa i fomentem\u00a0 l&#8217; <strong>aprenentatge de la llengua anglesa .<\/strong><\/li>\n<li>La integraci\u00f3 de les <strong>TAC <\/strong>(<strong>tecnologies de l\u2019aprenentatge<\/strong> <strong>i del coneixement)<\/strong> en la pr\u00e0ctica pedag\u00f2gica com a eina de treball i com a\u00a0 objecte d\u2019aprenentatge .<\/li>\n<li>El desenvolupament de l&#8217;experi\u00e8ncia i de l&#8217;estimulaci\u00f3 del <strong>pensament cient\u00edfic <\/strong>amb la realitzaci\u00f3 de projectes dins del marc<strong> ST E M (Ci\u00e8ncia, Tecnologia, Engenyeria i Matem\u00e0tiques)<\/strong>\u00a0.<\/li>\n<li>El desenvolupament d\u2019activitats d\u2019<strong>educaci\u00f3 ambiental<\/strong> que contribueixin a sensibilitzar els alumnes i fer-los actius en la presa d\u2019iniciatives per tenir cura del nostre entorn.<\/li>\n<li>La <strong>formaci\u00f3 integral<\/strong>\u00a0\u00a0a trav\u00e9s del<strong> treball\u00a0creatiu, pl\u00e0stic\u00a0i musica<\/strong>l\u00a0 i de l\u2019<strong>activitat f\u00edsica .<\/strong><\/li>\n<li>Tenim\u00a0com a punt de partida\u00a0el\u00a0 treball d&#8217;<strong>educaci\u00f3 en valors amb el foment de la autonomia, de la iniciativa personal i l&#8217;emprenedoria<\/strong>\u00a0a trav\u00e9s de propostes\u00a0de grup i de centre,\u00a0oferint models de relaci\u00f3 que permetin\u00a0 als nens i les nenes\u00a0 desenvolupar relacions positives, col\u00b7laboradores i d&#8217;acceptaci\u00f3 i de treball amb els\u00a0 altres.<\/li>\n<\/ol>\n<p>A partir d&#8217;aquests eixos, cada curs\u00a0es desenvolupen\u00a0projectes de centre o intercentres .<\/p>\n<p>A m\u00e9s, cada nivell desenvolupa com a m\u00ednim un projecte\u00a0 d&#8217;aprenentatge implicant\u00a0\u00a0metodologies actives i\u00a0innovadores. Aquests cerquen a interacci\u00f3 amb els coneixements,\u00a0 la manipulaci\u00f3 i el desenvolupament de la creativitat i possibiliten\u00a0 fer cr\u00e8ixer les\u00a0 capacitats de nens i nenes , augmentar l&#8217;autonomia,\u00a0 \u00a0l&#8217;esfor\u00e7 i la responsabilitat de manera progressiva i aut\u00e8ntica.<\/p>\n<p>Per a la realitzaci\u00f3 d&#8217;aquestes actuacions comptem amb la col\u00b7laboraci\u00f3, suport i acompanyament de les fam\u00edlies.<\/p>\n<p>&nbsp;<\/p>\n","protected":false},"excerpt":{"rendered":"<p>PRIORITATS EDUCATIVES I EIXOS GLOBALS DELS PROJECTES DEL CENTRE<\/p>\n<ol>\n<li>Potenciem\u00a0 la compet\u00e8ncia comunicativa i fomentem\u00a0 l&#8217; aprenentatge de la llengua anglesa .<\/li>\n<li>La integraci\u00f3 de les TAC (tecnologies de l\u2019aprenentatge i del coneixement) en la pr\u00e0ctica pedag\u00f2gica com a eina de treball i com a\u00a0 objecte d\u2019aprenentatge&hellip;  <a href=\"https:\/\/agora.xtec.cat\/escola-bernatmetgeelprat\/projecte-educatiu\/projectes\/\" title=\"Read Projectes\">Llegeix m\u00e9s\u00bb<\/a><br \/>\n","protected":false},"author":4,"featured_media":0,"parent":64,"menu_order":0,"comment_status":"closed","ping_status":"open","template":"","meta":{"_bbp_topic_count":0,"_bbp_reply_count":0,"_bbp_total_topic_count":0,"_bbp_total_reply_count":0,"_bbp_voice_count":0,"_bbp_anonymous_reply_count":0,"_bbp_topic_count_hidden":0,"_bbp_reply_count_hidden":0,"_bbp_forum_subforum_count":0,"footnotes":""},"class_list":["post-177","page","type-page","status-publish","hentry"],"post_mailing_queue_ids":[],"_links":{"self":[{"href":"https:\/\/agora.xtec.cat\/escola-bernatmetgeelprat\/wp-json\/wp\/v2\/pages\/177","targetHints":{"allow":["GET"]}}],"collection":[{"href":"https:\/\/agora.xtec.cat\/escola-bernatmetgeelprat\/wp-json\/wp\/v2\/pages"}],"about":[{"href":"https:\/\/agora.xtec.cat\/escola-bernatmetgeelprat\/wp-json\/wp\/v2\/types\/page"}],"author":[{"embeddable":true,"href":"https:\/\/agora.xtec.cat\/escola-bernatmetgeelprat\/wp-json\/wp\/v2\/users\/4"}],"replies":[{"embeddable":true,"href":"https:\/\/agora.xtec.cat\/escola-bernatmetgeelprat\/wp-json\/wp\/v2\/comments?post=177"}],"version-history":[{"count":3,"href":"https:\/\/agora.xtec.cat\/escola-bernatmetgeelprat\/wp-json\/wp\/v2\/pages\/177\/revisions"}],"predecessor-version":[{"id":10111,"href":"https:\/\/agora.xtec.cat\/escola-bernatmetgeelprat\/wp-json\/wp\/v2\/pages\/177\/revisions\/10111"}],"up":[{"embeddable":true,"href":"https:\/\/agora.xtec.cat\/escola-bernatmetgeelprat\/wp-json\/wp\/v2\/pages\/64"}],"wp:attachment":[{"href":"https:\/\/agora.xtec.cat\/escola-bernatmetgeelprat\/wp-json\/wp\/v2\/media?parent=177"}],"curies":[{"name":"wp","href":"https:\/\/api.w.org\/{rel}","templated":true}]}}