{"id":10731,"date":"2019-02-21T17:26:51","date_gmt":"2019-02-21T16:26:51","guid":{"rendered":"http:\/\/agora.xtec.cat\/escola-bernatmetgeelprat\/?page_id=10731"},"modified":"2019-02-21T17:26:51","modified_gmt":"2019-02-21T16:26:51","slug":"projecte-linguistic-de-centre","status":"publish","type":"page","link":"https:\/\/agora.xtec.cat\/escola-bernatmetgeelprat\/projecte-educatiu\/projecte-linguistic-de-centre\/","title":{"rendered":"Projecte Ling\u00fc\u00edstic de Centre"},"content":{"rendered":"<p><strong>El Projecte Ling\u00fc\u00edstic de centre<\/strong><\/p>\n<p>El Projecte Ling\u00fc\u00edstic de centre \u00e9s un document que forma part del nostre Projecte Educatiu. Aquest Projecte Ling\u00fc\u00edstic emmarca el tractament de les lleng\u00fces al nostre centre i inclou els aspectes relatius a l\u2019ensenyament i a l\u2019\u00fas de les lleng\u00fces.<\/p>\n<p>Per tant, el Projecte Ling\u00fc\u00edstic \u00e9s un document que parteix d\u2019una reflexi\u00f3 interna de centre. D\u2019aquesta manera recull les decisions preses a partir de l\u2019an\u00e0lisi en relaci\u00f3 a l\u2019ensenyament i l\u2019aprenentatge de les lleng\u00fces i que t\u00e9 com a objectiu donar coher\u00e8ncia a la manera en que les adquireixen els nostres alumnes. \u00c9s un document de reflexi\u00f3 i de presa de decisions que incideix en tots els contextos comunicatius del nostre centre: aula, centre i entorn.<\/p>\n<p><a href=\"https:\/\/agora.xtec.cat\/escola-bernatmetgeelprat\/wp-content\/uploads\/usu186\/2019\/02\/plc.png\"><img loading=\"lazy\" decoding=\"async\" class=\"aligncenter size-full wp-image-10732\" src=\"https:\/\/agora.xtec.cat\/escola-bernatmetgeelprat\/wp-content\/uploads\/usu186\/2019\/02\/plc.png\" alt=\"\" width=\"533\" height=\"580\" srcset=\"https:\/\/agora.xtec.cat\/escola-bernatmetgeelprat\/wp-content\/uploads\/usu186\/2019\/02\/plc.png 533w, https:\/\/agora.xtec.cat\/escola-bernatmetgeelprat\/wp-content\/uploads\/usu186\/2019\/02\/plc-276x300.png 276w\" sizes=\"auto, (max-width: 533px) 100vw, 533px\" \/><\/a><\/p>\n<p>Us adjuntem el document del Projecte Ling\u00fc\u00edstic perqu\u00e8 el pugueu llegir:<\/p>\n<p><a href=\"https:\/\/agora.xtec.cat\/escola-bernatmetgeelprat\/wp-content\/uploads\/usu186\/2019\/02\/Projecte-ling\u00fc\u00edstic-Escola-Bernat-Metge.pdf\">Projecte ling\u00fc\u00edstic Escola Bernat Metge<\/a><\/p>\n","protected":false},"excerpt":{"rendered":"<p>El Projecte Ling\u00fc\u00edstic de centre<br \/>\nEl Projecte Ling\u00fc\u00edstic de centre \u00e9s un document que forma part del nostre Projecte Educatiu. Aquest Projecte Ling\u00fc\u00edstic emmarca el tractament de les lleng\u00fces al nostre centre i inclou els aspectes relatius a l\u2019ensenyament i a l\u2019\u00fas de les lleng\u00fces.<br \/>\nPer tant,&hellip;  <a href=\"https:\/\/agora.xtec.cat\/escola-bernatmetgeelprat\/projecte-educatiu\/projecte-linguistic-de-centre\/\" title=\"Read Projecte Ling\u00fc\u00edstic de Centre\">Llegeix m\u00e9s\u00bb<\/a><\/p>\n","protected":false},"author":1,"featured_media":0,"parent":64,"menu_order":0,"comment_status":"closed","ping_status":"closed","template":"","meta":{"_bbp_topic_count":0,"_bbp_reply_count":0,"_bbp_total_topic_count":0,"_bbp_total_reply_count":0,"_bbp_voice_count":0,"_bbp_anonymous_reply_count":0,"_bbp_topic_count_hidden":0,"_bbp_reply_count_hidden":0,"_bbp_forum_subforum_count":0,"footnotes":""},"class_list":["post-10731","page","type-page","status-publish","hentry"],"post_mailing_queue_ids":[],"_links":{"self":[{"href":"https:\/\/agora.xtec.cat\/escola-bernatmetgeelprat\/wp-json\/wp\/v2\/pages\/10731","targetHints":{"allow":["GET"]}}],"collection":[{"href":"https:\/\/agora.xtec.cat\/escola-bernatmetgeelprat\/wp-json\/wp\/v2\/pages"}],"about":[{"href":"https:\/\/agora.xtec.cat\/escola-bernatmetgeelprat\/wp-json\/wp\/v2\/types\/page"}],"author":[{"embeddable":true,"href":"https:\/\/agora.xtec.cat\/escola-bernatmetgeelprat\/wp-json\/wp\/v2\/users\/1"}],"replies":[{"embeddable":true,"href":"https:\/\/agora.xtec.cat\/escola-bernatmetgeelprat\/wp-json\/wp\/v2\/comments?post=10731"}],"version-history":[{"count":1,"href":"https:\/\/agora.xtec.cat\/escola-bernatmetgeelprat\/wp-json\/wp\/v2\/pages\/10731\/revisions"}],"predecessor-version":[{"id":10734,"href":"https:\/\/agora.xtec.cat\/escola-bernatmetgeelprat\/wp-json\/wp\/v2\/pages\/10731\/revisions\/10734"}],"up":[{"embeddable":true,"href":"https:\/\/agora.xtec.cat\/escola-bernatmetgeelprat\/wp-json\/wp\/v2\/pages\/64"}],"wp:attachment":[{"href":"https:\/\/agora.xtec.cat\/escola-bernatmetgeelprat\/wp-json\/wp\/v2\/media?parent=10731"}],"curies":[{"name":"wp","href":"https:\/\/api.w.org\/{rel}","templated":true}]}}