{"id":9294,"date":"2023-10-23T10:18:32","date_gmt":"2023-10-23T08:18:32","guid":{"rendered":"https:\/\/agora.xtec.cat\/escola-auro\/?page_id=9294"},"modified":"2025-01-29T15:58:42","modified_gmt":"2025-01-29T14:58:42","slug":"cem","status":"publish","type":"page","link":"https:\/\/agora.xtec.cat\/escola-auro\/lescola\/projectes-descola\/cem\/","title":{"rendered":"CEM"},"content":{"rendered":"\n<p><span style=\"font-weight: 400;\">La m\u00fasica \u00e9s inclusiva perqu\u00e8 agrupa moltes dimensions, la intel\u00b7lectual, social i afectiva essent una bona eina per a la transformaci\u00f3 social.&nbsp; En aquest projecte \u00e9s tracta d\u2019apropar la m\u00fasica i la pr\u00e0ctica instrumental a tots els infants de l\u2019escola, creant un centre d\u2019inter\u00e8s tenint la m\u00fasica com l\u2019eix vertebrador. Ens permet adquirir altres sabers com ling\u00fc\u00edstics, matem\u00e0tics o socials, entre altres.&nbsp;<\/span><\/p>\n\n\n\n<p class=\"has-text-align-center\"><iframe loading=\"lazy\" title=\"YouTube video player\" src=\"\/\/www.youtube.com\/embed\/Q3CZQBkZfsc?si=bnMm8612xM6lBbwg\" width=\"560\" height=\"315\" frameborder=\"0\" allowfullscreen=\"allowfullscreen\"><\/iframe><\/p>\n\n\n\n<p>A la nostra escola considerem la m\u00fasica una eina fonamental per al desenvolupament integral dels infants. Per aquest motiu, realitzem diversos projectes musicals adaptats a les diferents etapes educatives, fomentant l\u2019expressi\u00f3, la creativitat i l\u2019aprenentatge col\u00b7laboratiu.<\/p>\n\n\n\n<h3 class=\"wp-block-heading\"><strong>Projecte &#8220;Endevinalles Cantades&#8221; \u2013 I5 i 1r<\/strong><\/h3>\n\n\n\n<p>Els alumnes d\u2019I5 i 1r participen en el projecte <strong>&#8220;Endevinalles Cantades&#8221;<\/strong>, una proposta l\u00fadica i educativa que combina m\u00fasica, llenguatge i expressi\u00f3 art\u00edstica. A trav\u00e9s d\u2019endevinalles cantades, amb un vocabulari adaptat als infants de cicle inicial i acompanyades de suport visual en forma de dibuixos, els alumnes exploren el llenguatge oral i escrit d\u2019una manera divertida i participativa.<\/p>\n\n\n\n<p>Aquest projecte no nom\u00e9s desperta l\u2019inter\u00e8s per la m\u00fasica i la literatura, sin\u00f3 que tamb\u00e9 potencia el desenvolupament de les compet\u00e8ncies ling\u00fc\u00edstiques. Els nens i nenes poden pintar i transformar els dibuixos associats a les endevinalles, estimulant aix\u00ed la seva creativitat i fomentant l\u2019aprenentatge actiu. La m\u00fasica actua com a fil conductor per refor\u00e7ar la mem\u00f2ria auditiva, la comprensi\u00f3 oral i la connexi\u00f3 entre llenguatge i emocions, facilitant l\u2019adquisici\u00f3 de nous coneixements i millorant l\u2019expressi\u00f3 verbal.<\/p>\n\n\n\n<h3 class=\"wp-block-heading\">Projecte &#8220;Orquestra de Corda Aur\u00f3&#8221; \u2013 3r i 4t<\/h3>\n\n\n\n<p>Els alumnes de 3r i 4t de prim\u00e0ria formen part del projecte <strong>&#8220;Orquestra de Corda Aur\u00f3&#8221;<\/strong>, una iniciativa que els permet endinsar-se en el m\u00f3n de la m\u00fasica mitjan\u00e7ant la pr\u00e0ctica d\u2019instruments de corda com el viol\u00ed, la viola i el violoncel. L\u2019objectiu principal d\u2019aquest projecte \u00e9s apropar la m\u00fasica a tots els infants del cicle mitj\u00e0, fomentant la igualtat d\u2019oportunitats i convertint la formaci\u00f3 musical en una experi\u00e8ncia accessible i enriquidora.<\/p>\n\n\n\n<div class=\"wp-block-media-text alignfull has-media-on-the-right is-stacked-on-mobile is-vertically-aligned-center is-style-default\" style=\"grid-template-columns:auto 24%\"><div class=\"wp-block-media-text__content\">\n<p>Mitjan\u00e7ant la creaci\u00f3 d\u2019una orquestra, els alumnes no nom\u00e9s aprenen a tocar un instrument, sin\u00f3 que tamb\u00e9 treballen valors fonamentals com la cooperaci\u00f3, la disciplina i l\u2019esfor\u00e7 col\u00b7lectiu. Aquest projecte transcendeix l\u2019\u00e0mbit acad\u00e8mic i t\u00e9 un fort impacte social, ja que la m\u00fasica es converteix en una eina de cohesi\u00f3, inclusi\u00f3 i transformaci\u00f3.<\/p>\n\n\n\n<p>A &#8220;l\u2019Orquestra de Corda Aur\u00f3&#8221;, es prioritza el proc\u00e9s d\u2019aprenentatge m\u00e9s que el resultat final, permetent que cada alumne progressi al seu ritme i gaudeixi de l\u2019experi\u00e8ncia musical de manera activa. A trav\u00e9s de la pr\u00e0ctica instrumental, els infants desenvolupen capacitats intel\u00b7lectuals, socials i emocionals, fent de la m\u00fasica una experi\u00e8ncia vivencial i significativa.<\/p>\n<\/div><figure class=\"wp-block-media-text__media\"><img loading=\"lazy\" decoding=\"async\" width=\"768\" height=\"1024\" src=\"https:\/\/agora.xtec.cat\/escola-auro\/wp-content\/uploads\/usu1037\/2025\/01\/IMG_7301-1-768x1024.jpeg\" alt=\"\" class=\"wp-image-10548 size-full\" srcset=\"https:\/\/agora.xtec.cat\/escola-auro\/wp-content\/uploads\/usu1037\/2025\/01\/IMG_7301-1-768x1024.jpeg 768w, https:\/\/agora.xtec.cat\/escola-auro\/wp-content\/uploads\/usu1037\/2025\/01\/IMG_7301-1-225x300.jpeg 225w, https:\/\/agora.xtec.cat\/escola-auro\/wp-content\/uploads\/usu1037\/2025\/01\/IMG_7301-1-1152x1536.jpeg 1152w, https:\/\/agora.xtec.cat\/escola-auro\/wp-content\/uploads\/usu1037\/2025\/01\/IMG_7301-1-1536x2048.jpeg 1536w, https:\/\/agora.xtec.cat\/escola-auro\/wp-content\/uploads\/usu1037\/2025\/01\/IMG_7301-1-scaled.jpeg 1920w\" sizes=\"auto, (max-width: 768px) 100vw, 768px\" \/><\/figure><\/div>\n\n\n\n<p>Amb aquests projectes, l\u2019escola reafirma el seu comprom\u00eds amb una educaci\u00f3 innovadora i integradora, on la m\u00fasica es converteix en una eina fonamental per a l\u2019aprenentatge i el creixement personal dels infants.<\/p>\n","protected":false},"excerpt":{"rendered":"<p>La m\u00fasica \u00e9s inclusiva perqu\u00e8 agrupa moltes dimensions, la intel\u00b7lectual, social i afectiva essent una bona eina per a la [&hellip;]<\/p>\n","protected":false},"author":1,"featured_media":0,"parent":6243,"menu_order":0,"comment_status":"closed","ping_status":"closed","template":"","meta":{"_bbp_topic_count":0,"_bbp_reply_count":0,"_bbp_total_topic_count":0,"_bbp_total_reply_count":0,"_bbp_voice_count":0,"_bbp_anonymous_reply_count":0,"_bbp_topic_count_hidden":0,"_bbp_reply_count_hidden":0,"_bbp_forum_subforum_count":0,"site-sidebar-layout":"default","site-content-layout":"","ast-site-content-layout":"default","site-content-style":"default","site-sidebar-style":"default","ast-global-header-display":"","ast-banner-title-visibility":"","ast-main-header-display":"","ast-hfb-above-header-display":"","ast-hfb-below-header-display":"","ast-hfb-mobile-header-display":"","site-post-title":"","ast-breadcrumbs-content":"","ast-featured-img":"","footer-sml-layout":"","theme-transparent-header-meta":"","adv-header-id-meta":"","stick-header-meta":"","header-above-stick-meta":"","header-main-stick-meta":"","header-below-stick-meta":"","astra-migrate-meta-layouts":"set","ast-page-background-enabled":"default","ast-page-background-meta":{"desktop":{"background-color":"var(--ast-global-color-4)","background-image":"","background-repeat":"repeat","background-position":"center center","background-size":"auto","background-attachment":"scroll","background-type":"","background-media":"","overlay-type":"","overlay-color":"","overlay-opacity":"","overlay-gradient":""},"tablet":{"background-color":"","background-image":"","background-repeat":"repeat","background-position":"center center","background-size":"auto","background-attachment":"scroll","background-type":"","background-media":"","overlay-type":"","overlay-color":"","overlay-opacity":"","overlay-gradient":""},"mobile":{"background-color":"","background-image":"","background-repeat":"repeat","background-position":"center center","background-size":"auto","background-attachment":"scroll","background-type":"","background-media":"","overlay-type":"","overlay-color":"","overlay-opacity":"","overlay-gradient":""}},"ast-content-background-meta":{"desktop":{"background-color":"var(--ast-global-color-5)","background-image":"","background-repeat":"repeat","background-position":"center center","background-size":"auto","background-attachment":"scroll","background-type":"","background-media":"","overlay-type":"","overlay-color":"","overlay-opacity":"","overlay-gradient":""},"tablet":{"background-color":"var(--ast-global-color-5)","background-image":"","background-repeat":"repeat","background-position":"center center","background-size":"auto","background-attachment":"scroll","background-type":"","background-media":"","overlay-type":"","overlay-color":"","overlay-opacity":"","overlay-gradient":""},"mobile":{"background-color":"var(--ast-global-color-5)","background-image":"","background-repeat":"repeat","background-position":"center center","background-size":"auto","background-attachment":"scroll","background-type":"","background-media":"","overlay-type":"","overlay-color":"","overlay-opacity":"","overlay-gradient":""}},"footnotes":""},"class_list":["post-9294","page","type-page","status-publish","hentry"],"post_mailing_queue_ids":[],"_links":{"self":[{"href":"https:\/\/agora.xtec.cat\/escola-auro\/wp-json\/wp\/v2\/pages\/9294","targetHints":{"allow":["GET"]}}],"collection":[{"href":"https:\/\/agora.xtec.cat\/escola-auro\/wp-json\/wp\/v2\/pages"}],"about":[{"href":"https:\/\/agora.xtec.cat\/escola-auro\/wp-json\/wp\/v2\/types\/page"}],"author":[{"embeddable":true,"href":"https:\/\/agora.xtec.cat\/escola-auro\/wp-json\/wp\/v2\/users\/1"}],"replies":[{"embeddable":true,"href":"https:\/\/agora.xtec.cat\/escola-auro\/wp-json\/wp\/v2\/comments?post=9294"}],"version-history":[{"count":6,"href":"https:\/\/agora.xtec.cat\/escola-auro\/wp-json\/wp\/v2\/pages\/9294\/revisions"}],"predecessor-version":[{"id":10556,"href":"https:\/\/agora.xtec.cat\/escola-auro\/wp-json\/wp\/v2\/pages\/9294\/revisions\/10556"}],"up":[{"embeddable":true,"href":"https:\/\/agora.xtec.cat\/escola-auro\/wp-json\/wp\/v2\/pages\/6243"}],"wp:attachment":[{"href":"https:\/\/agora.xtec.cat\/escola-auro\/wp-json\/wp\/v2\/media?parent=9294"}],"curies":[{"name":"wp","href":"https:\/\/api.w.org\/{rel}","templated":true}]}}