{"id":9285,"date":"2023-10-19T09:52:26","date_gmt":"2023-10-19T07:52:26","guid":{"rendered":"https:\/\/agora.xtec.cat\/escola-auro\/?page_id=9285"},"modified":"2025-01-23T15:06:30","modified_gmt":"2025-01-23T14:06:30","slug":"robotica","status":"publish","type":"page","link":"https:\/\/agora.xtec.cat\/escola-auro\/lescola\/projectes-descola\/robotica\/","title":{"rendered":"Rob\u00f2tica"},"content":{"rendered":"\n<p><span class=\"C9DxTc \">En els grups de 4t,<\/span><span class=\"C9DxTc \"> 5\u00e8<\/span> i 6\u00e8<span class=\"C9DxTc \">&nbsp;es duu a terme el projecte GIRLS GEMS, una iniciativa que t\u00e9 com a objectiu principal fomentar les vocacions cient\u00edfiques i tecnol\u00f2giques entre l&#8217;alumnat. A 4t els infants treballen en un entorn d&#8217;aprenentatge on cadasc\u00fa va realitzant els reptes amb el seu ordinador i el seu robot&nbsp;<\/span><a class=\"XqQF9c\" href=\"https:\/\/www.makeblock.com\/steam-kits\/codey-rocky-video\" target=\"_blank\" rel=\"noopener\"><span class=\"C9DxTc \">Codey Rocky<\/span><\/a>.<\/p>\n\n\n\n<figure class=\"wp-block-image aligncenter\"><a href=\"https:\/\/agora.xtec.cat\/escola-auro\/wp-content\/uploads\/usu1037\/2023\/04\/20221021_105512.jpg\"><img loading=\"lazy\" decoding=\"async\" width=\"640\" height=\"304\" src=\"https:\/\/agora.xtec.cat\/escola-auro\/wp-content\/uploads\/usu1037\/2023\/04\/20221021_105512.jpg\" alt=\"\" class=\"wp-image-9003\" srcset=\"https:\/\/agora.xtec.cat\/escola-auro\/wp-content\/uploads\/usu1037\/2023\/04\/20221021_105512.jpg 640w, https:\/\/agora.xtec.cat\/escola-auro\/wp-content\/uploads\/usu1037\/2023\/04\/20221021_105512-300x143.jpg 300w\" sizes=\"auto, (max-width: 640px) 100vw, 640px\" \/><\/a><\/figure>\n\n\n\n<p>A 5\u00e8 i 6\u00e8 de prim\u00e0ria, els alumnes treballen amb el robot <strong>SPIKE Prime de LEGO<\/strong>, una eina educativa que combina la construcci\u00f3 de robots amb la programaci\u00f3 i la resoluci\u00f3 de problemes. Aquesta activitat es realitza en grups, fomentant la col\u00b7laboraci\u00f3, el treball en equip i el desenvolupament de compet\u00e8ncies STEAM (ci\u00e8ncia, tecnologia, enginyeria, art i matem\u00e0tiques).<\/p>\n\n\n\n<p>El proc\u00e9s comen\u00e7a amb la construcci\u00f3 de diferents models de robots utilitzant les peces de LEGO i seguint guies o creant dissenys propis, segons els objectius de cada activitat. Un cop muntats, els robots es programen mitjan\u00e7ant una plataforma basada en blocs de codi visual, f\u00e0cil d\u2019utilitzar i adaptada al nivell dels alumnes. Aquesta programaci\u00f3 es realitza en funci\u00f3 dels projectes treballats a l\u2019aula, que poden incloure des de moviments b\u00e0sics fins a tasques m\u00e9s complexes, com resoldre reptes, superar obstacles o executar accions automatitzades.<\/p>\n\n\n\n<figure class=\"wp-block-image aligncenter size-large is-resized\"><a href=\"https:\/\/agora.xtec.cat\/escola-auro\/wp-content\/uploads\/usu1037\/2025\/01\/IMG_7284-Gran.jpeg\"><img loading=\"lazy\" decoding=\"async\" width=\"1024\" height=\"768\" src=\"https:\/\/agora.xtec.cat\/escola-auro\/wp-content\/uploads\/usu1037\/2025\/01\/IMG_7284-Gran-1024x768.jpeg\" alt=\"\" class=\"wp-image-10521\" style=\"width:500px\" srcset=\"https:\/\/agora.xtec.cat\/escola-auro\/wp-content\/uploads\/usu1037\/2025\/01\/IMG_7284-Gran-1024x768.jpeg 1024w, https:\/\/agora.xtec.cat\/escola-auro\/wp-content\/uploads\/usu1037\/2025\/01\/IMG_7284-Gran-300x225.jpeg 300w, https:\/\/agora.xtec.cat\/escola-auro\/wp-content\/uploads\/usu1037\/2025\/01\/IMG_7284-Gran-768x576.jpeg 768w, https:\/\/agora.xtec.cat\/escola-auro\/wp-content\/uploads\/usu1037\/2025\/01\/IMG_7284-Gran.jpeg 1280w\" sizes=\"auto, (max-width: 1024px) 100vw, 1024px\" \/><\/a><\/figure>\n\n\n\n<p>El curr\u00edculum crea un marc en el qual el mestre ha de provocar curiositat, proposar reptes i donar prou temps per investigar i reflexionar. En aquest context, la programaci\u00f3 i la rob\u00f2tica afavoreixen el treball competencial en el qual l\u2019alumnat n\u2019\u00e9s el protagonista actiu.<\/p>\n\n\n\n<p>Durant tres cursos, l\u2019escola va participar activament a la FIRST LEGO LEAGUE. Es tracta d\u2019un repte cient\u00edfic i tecnol\u00f2gic en qu\u00e8 participa alumnat d\u2019entre 10 i 16 anys d\u2019arreu del m\u00f3n. El repte est\u00e0 composat per tres grans eixos: el projecte cient\u00edfic, el joc del robot i els valors adquirits. I cada curs hem guanyat un premi.<\/p>\n\n\n\n<p>Descobrir, experimentar i manipular \u00e9s essencial per aconseguir despertar la curiositat dels infants. Les tecnologies de l\u2019aprenentatge i el coneixement (TAC) permeten que els nostres alumnes puguin fer-ho i es converteixin en els protagonistes del seu propi aprenentatge.<\/p>\n\n\n\n<p class=\"has-text-align-center\"><iframe loading=\"lazy\" src=\"https:\/\/drive.google.com\/file\/d\/1AjsmuDdyBHE22OlWYF8dLtquCYD-ngkW\/preview\" width=\"640\" height=\"480\" data-mce-fragment=\"1\"><\/iframe><\/p>\n\n\n\n<p><a href=\"http:\/\/www.diarideterrassa.es\/terrassa\/2020\/02\/19\/mes-premis-per-terrassa-robotica\/132423.html\"><strong>PREMI A LES JOVES PROMESES 2020<\/strong><\/a><\/p>\n\n\n\n<p><a href=\"http:\/\/www.diarideterrassa.es\/terrassa\/2019\/02\/16\/joves-promeses-robotica\/104127.html\"><strong>PREMI A LES JOVES PROMESES 2019<\/strong><\/a><\/p>\n\n\n\n<p><strong>PREMI AL MILLOR ENTRENADOR\/A 2018<\/strong><\/p>\n\n\n\n<p>El passat dissabte 8 de febrer es va realitzar el torneig First LEGO League a la Universitat d\u2019Enginyeria de la UAB.&nbsp;<a href=\"https:\/\/photos.app.goo.gl\/rzjeDTFWvdihKsin6\">(Veure fotos)<\/a><\/p>\n\n\n\n<p>La nostra escola participa en aquest projecte des de fa tres cursos, gr\u00e0cies al Pla Social de la Fundaci\u00f3 Scientia. En les edicions anteriors es va guanyar el premi al millor entrenador i el premi a les joves promeses.<\/p>\n\n\n\n<p>Al llarg del primer trimestre del curs, l\u2019alumnat de sis\u00e8 de prim\u00e0ria ha estat preparant-se amb molt esfor\u00e7 i dedicaci\u00f3 per aquest esdeveniment. La First Lego League es pot dividir en tres grans eixos que s\u2019han treballat de la seg\u00fcent manera:<\/p>\n\n\n\n<ul class=\"wp-block-list\">\n<li>Un projecte cient\u00edfic amb una idea innovadora per crear o millorar quelcom existent, aquest any relacionat amb l\u2019arquitectura.<\/li>\n\n\n\n<li>Joc del robot. Es crea un equip que han de resoldre una s\u00e8rie de missions programant un robot.<\/li>\n\n\n\n<li>Valors adquirits. El projecte pret\u00e9n treballar i educar en una s\u00e8rie de valors a partir del treball en equip dels punts anteriors.<\/li>\n<\/ul>\n","protected":false},"excerpt":{"rendered":"<p>En els grups de 4t, 5\u00e8 i 6\u00e8&nbsp;es duu a terme el projecte GIRLS GEMS, una iniciativa que t\u00e9 com [&hellip;]<\/p>\n","protected":false},"author":1,"featured_media":0,"parent":6243,"menu_order":0,"comment_status":"closed","ping_status":"closed","template":"","meta":{"_bbp_topic_count":0,"_bbp_reply_count":0,"_bbp_total_topic_count":0,"_bbp_total_reply_count":0,"_bbp_voice_count":0,"_bbp_anonymous_reply_count":0,"_bbp_topic_count_hidden":0,"_bbp_reply_count_hidden":0,"_bbp_forum_subforum_count":0,"site-sidebar-layout":"default","site-content-layout":"","ast-site-content-layout":"default","site-content-style":"default","site-sidebar-style":"default","ast-global-header-display":"","ast-banner-title-visibility":"","ast-main-header-display":"","ast-hfb-above-header-display":"","ast-hfb-below-header-display":"","ast-hfb-mobile-header-display":"","site-post-title":"","ast-breadcrumbs-content":"","ast-featured-img":"","footer-sml-layout":"","theme-transparent-header-meta":"","adv-header-id-meta":"","stick-header-meta":"","header-above-stick-meta":"","header-main-stick-meta":"","header-below-stick-meta":"","astra-migrate-meta-layouts":"set","ast-page-background-enabled":"default","ast-page-background-meta":{"desktop":{"background-color":"var(--ast-global-color-4)","background-image":"","background-repeat":"repeat","background-position":"center center","background-size":"auto","background-attachment":"scroll","background-type":"","background-media":"","overlay-type":"","overlay-color":"","overlay-opacity":"","overlay-gradient":""},"tablet":{"background-color":"","background-image":"","background-repeat":"repeat","background-position":"center center","background-size":"auto","background-attachment":"scroll","background-type":"","background-media":"","overlay-type":"","overlay-color":"","overlay-opacity":"","overlay-gradient":""},"mobile":{"background-color":"","background-image":"","background-repeat":"repeat","background-position":"center center","background-size":"auto","background-attachment":"scroll","background-type":"","background-media":"","overlay-type":"","overlay-color":"","overlay-opacity":"","overlay-gradient":""}},"ast-content-background-meta":{"desktop":{"background-color":"var(--ast-global-color-5)","background-image":"","background-repeat":"repeat","background-position":"center center","background-size":"auto","background-attachment":"scroll","background-type":"","background-media":"","overlay-type":"","overlay-color":"","overlay-opacity":"","overlay-gradient":""},"tablet":{"background-color":"var(--ast-global-color-5)","background-image":"","background-repeat":"repeat","background-position":"center center","background-size":"auto","background-attachment":"scroll","background-type":"","background-media":"","overlay-type":"","overlay-color":"","overlay-opacity":"","overlay-gradient":""},"mobile":{"background-color":"var(--ast-global-color-5)","background-image":"","background-repeat":"repeat","background-position":"center center","background-size":"auto","background-attachment":"scroll","background-type":"","background-media":"","overlay-type":"","overlay-color":"","overlay-opacity":"","overlay-gradient":""}},"footnotes":""},"class_list":["post-9285","page","type-page","status-publish","hentry"],"post_mailing_queue_ids":[],"_links":{"self":[{"href":"https:\/\/agora.xtec.cat\/escola-auro\/wp-json\/wp\/v2\/pages\/9285","targetHints":{"allow":["GET"]}}],"collection":[{"href":"https:\/\/agora.xtec.cat\/escola-auro\/wp-json\/wp\/v2\/pages"}],"about":[{"href":"https:\/\/agora.xtec.cat\/escola-auro\/wp-json\/wp\/v2\/types\/page"}],"author":[{"embeddable":true,"href":"https:\/\/agora.xtec.cat\/escola-auro\/wp-json\/wp\/v2\/users\/1"}],"replies":[{"embeddable":true,"href":"https:\/\/agora.xtec.cat\/escola-auro\/wp-json\/wp\/v2\/comments?post=9285"}],"version-history":[{"count":6,"href":"https:\/\/agora.xtec.cat\/escola-auro\/wp-json\/wp\/v2\/pages\/9285\/revisions"}],"predecessor-version":[{"id":10523,"href":"https:\/\/agora.xtec.cat\/escola-auro\/wp-json\/wp\/v2\/pages\/9285\/revisions\/10523"}],"up":[{"embeddable":true,"href":"https:\/\/agora.xtec.cat\/escola-auro\/wp-json\/wp\/v2\/pages\/6243"}],"wp:attachment":[{"href":"https:\/\/agora.xtec.cat\/escola-auro\/wp-json\/wp\/v2\/media?parent=9285"}],"curies":[{"name":"wp","href":"https:\/\/api.w.org\/{rel}","templated":true}]}}