{"id":871,"date":"2019-09-18T12:03:12","date_gmt":"2019-09-18T10:03:12","guid":{"rendered":"https:\/\/agora.xtec.cat\/escola-auro\/?page_id=871"},"modified":"2025-09-17T12:41:05","modified_gmt":"2025-09-17T10:41:05","slug":"equip","status":"publish","type":"page","link":"https:\/\/agora.xtec.cat\/escola-auro\/lescola\/equip\/","title":{"rendered":"Equip"},"content":{"rendered":"\n<h3 class=\"wp-block-heading\"><span style=\"color: #00ff00;\"><strong>Plantilla curs 2024-25:<\/strong><\/span><\/h3>\n\n\n\n<figure class=\"wp-block-table\"><table><tbody><tr><td><strong>Equip directiu<\/strong><\/td><\/tr><tr><td><strong>Directora&nbsp;<\/strong>&nbsp; &nbsp; &nbsp; &nbsp; &nbsp; &nbsp; &nbsp; &nbsp; &nbsp; &nbsp; &nbsp; &nbsp; &nbsp;Pilar Castellar <br><strong>Cap d\u2019estudis&nbsp;<\/strong>&nbsp; &nbsp; &nbsp; &nbsp; &nbsp; &nbsp; &nbsp; &nbsp; &nbsp; Carme Comas\u00f2livas<br><strong>Secret\u00e0ria&nbsp;<\/strong>&nbsp; &nbsp; &nbsp; &nbsp; &nbsp; &nbsp; &nbsp; &nbsp; &nbsp; &nbsp; &nbsp; &nbsp; Patricia Ruiz<\/td><\/tr><tr><td><strong>Educaci\u00f3 Infantil&nbsp;&nbsp;&nbsp;&nbsp;&nbsp;&nbsp; <\/strong><em>Comunitat de petits<\/em><\/td><\/tr><tr><td><strong>I3&nbsp; <\/strong>&nbsp; &nbsp; &nbsp; &nbsp; &nbsp; &nbsp; &nbsp; &nbsp; &nbsp; &nbsp; &nbsp; &nbsp; &nbsp;  Nat\u00e0lia Florensa &nbsp; &nbsp; &nbsp; &nbsp; &nbsp; &nbsp; &nbsp; &nbsp;<strong> &nbsp;<\/strong><br> <strong>I4<\/strong>&nbsp; &nbsp; &nbsp; &nbsp; &nbsp; &nbsp; &nbsp; &nbsp; &nbsp; &nbsp; &nbsp; &nbsp; &nbsp; &nbsp; Raquel Delgado <br><strong>I5&nbsp; &nbsp;<\/strong>&nbsp; &nbsp; &nbsp; &nbsp; &nbsp; &nbsp; &nbsp; &nbsp; &nbsp; &nbsp; &nbsp; &nbsp; &nbsp; Anna Mirallas<br><strong>Psicomotricitat&nbsp; &nbsp; &nbsp;<\/strong> Carme Comas\u00f2livas <br><strong>Coordinadora petits&nbsp; &nbsp; &nbsp;Nat\u00e0lia Florensa<\/strong><\/td><\/tr><tr><td><strong>Educaci\u00f3 Prim\u00e0ria&nbsp;&nbsp;&nbsp;&nbsp; &nbsp;<\/strong><em>Comunitat de mitjans<\/em><\/td><\/tr><tr><td><strong>1r<\/strong>          Laura Hedo<br><strong>2n<\/strong>         Fina Navajas <br><strong>3r<\/strong>&nbsp;         M\u00edriam P\u00e9rez  &nbsp; &nbsp; &nbsp; &nbsp; &nbsp; &nbsp; &nbsp; &nbsp; &nbsp; &nbsp; &nbsp; &nbsp;<strong>&nbsp;<\/strong> <br><strong>Coordinadora mitjans&nbsp; &nbsp; &nbsp; &nbsp; Fina Navajas<\/strong><\/td><\/tr><tr><td><strong>Educaci\u00f3 Prim\u00e0ria &nbsp;&nbsp;&nbsp;&nbsp;<\/strong><em>Comunitat de grans<\/em><\/td><\/tr><tr><td><strong>4t.<\/strong> \u00a0 Laura Senar\u00a0 \u00a0 \u00a0 \u00a0 \u00a0 \u00a0 \u00a0 \u00a0<strong>\u00a0 <\/strong>\u00a0 \u00a0 \u00a0 <strong>\u00a0\u00a0<\/strong> <br><strong>5\u00e8<\/strong>  N\u00faria Petit<br><strong>6\u00e8<\/strong>  Jordi Mulet<br><strong>Coordinadora grans\u00a0 \u00a0 \u00a0<\/strong> <strong>Laura Senar<\/strong><\/td><\/tr><tr><td><strong>Especialistes<\/strong><\/td><\/tr><tr><td><strong>M\u00fasica:\u00a0 \u00a0 \u00a0<\/strong>\u00a0 \u00a0 \u00a0 \u00a0 \u00a0 \u00a0 \u00a0 \u00a0 \u00a0 \u00a0 \u00a0 \u00a0 \u00a0 \u00a0  Ernest Puig<br><strong>Angl\u00e8s:\u00a0 \u00a0<\/strong>\u00a0 \u00a0 \u00a0 \u00a0 \u00a0 \u00a0 \u00a0 \u00a0 \u00a0 \u00a0 \u00a0 \u00a0 \u00a0 \u00a0 \u00a0   Raquel Mart\u00ednez<br><strong>Educaci\u00f3 F\u00edsica:\u00a0 \u00a0 \u00a0 \u00a0 \u00a0 \u00a0 \u00a0  <\/strong> Patricia Ruiz i Santi Pons <br><strong>Rob\u00f2tica:\u00a0<\/strong>\u00a0 \u00a0 \u00a0 \u00a0 \u00a0 \u00a0 \u00a0 \u00a0 \u00a0 \u00a0 \u00a0 \u00a0 \u00a0 \u00a0 \u00a0 M\u00edriam P\u00e9rez i Santi Pons <br><strong>Aula d&#8217;acollida:\u00a0<\/strong>\u00a0 \u00a0 \u00a0 \u00a0 \u00a0 \u00a0 \u00a0 \u00a0  Judit Hidalgo\/Anabel Gozalbo <br><strong>Atenci\u00f3 a la diversitat:\u00a0 \u00a0<\/strong>Nati Pons\/Anabel Gozalbo\u00a0 \u00a0<br><strong>Refor\u00e7os:\u00a0 \u00a0 \u00a0 \u00a0 \u00a0 \u00a0 \u00a0 \u00a0 \u00a0 \u00a0<\/strong> Pilar Castellar, Carme Comas\u00f2livas, Judit Hidalgo, Patricia Ruiz, Laura Esca\u00f1uela<\/td><\/tr><tr><td><strong>Personal no docent<\/strong><\/td><\/tr><tr><td><strong>TEI:\u00a0 \u00a0<\/strong>\u00a0 \u00a0 \u00a0 \u00a0 \u00a0 \u00a0 \u00a0 \u00a0 \u00a0 \u00a0 \u00a0 \u00a0 \u00a0 \u00a0 \u00a0 \u00a0 \u00a0 \u00a0 \u00a0 \u00a0 \u00a0     Cristina Rodr\u00edguez <br><strong>TIS:\u00a0 \u00a0 \u00a0 \u00a0 \u00a0 \u00a0 \u00a0 \u00a0 \u00a0 \u00a0 \u00a0 \u00a0 \u00a0 \u00a0 \u00a0 \u00a0 \u00a0 \u00a0 \u00a0 \u00a0 \u00a0 \u00a0     \u00a0<\/strong>Lali Vidal<br><strong>Auxiliar administratiu:\u00a0<\/strong>\u00a0 \u00a0 \u00a0 Guillem P\u00e9rez<br><strong>Oficial de Serveis:\u00a0<\/strong>\u00a0 \u00a0 \u00a0 \u00a0 \u00a0 \u00a0 \u00a0 \u00a0 Carles Senar\/Ramon Mirallas<\/td><\/tr><\/tbody><\/table><\/figure>\n","protected":false},"excerpt":{"rendered":"<p>Plantilla curs 2024-25: Equip directiu Directora&nbsp;&nbsp; &nbsp; &nbsp; &nbsp; &nbsp; &nbsp; &nbsp; &nbsp; &nbsp; &nbsp; &nbsp; &nbsp; &nbsp;Pilar Castellar Cap [&hellip;]<\/p>\n","protected":false},"author":1,"featured_media":0,"parent":22,"menu_order":10,"comment_status":"closed","ping_status":"closed","template":"","meta":{"_bbp_topic_count":0,"_bbp_reply_count":0,"_bbp_total_topic_count":0,"_bbp_total_reply_count":0,"_bbp_voice_count":0,"_bbp_anonymous_reply_count":0,"_bbp_topic_count_hidden":0,"_bbp_reply_count_hidden":0,"_bbp_forum_subforum_count":0,"site-sidebar-layout":"default","site-content-layout":"","ast-site-content-layout":"default","site-content-style":"default","site-sidebar-style":"default","ast-global-header-display":"","ast-banner-title-visibility":"","ast-main-header-display":"","ast-hfb-above-header-display":"","ast-hfb-below-header-display":"","ast-hfb-mobile-header-display":"","site-post-title":"disabled","ast-breadcrumbs-content":"","ast-featured-img":"","footer-sml-layout":"","theme-transparent-header-meta":"","adv-header-id-meta":"","stick-header-meta":"","header-above-stick-meta":"","header-main-stick-meta":"","header-below-stick-meta":"","astra-migrate-meta-layouts":"set","ast-page-background-enabled":"default","ast-page-background-meta":{"desktop":{"background-color":"var(--ast-global-color-4)","background-image":"","background-repeat":"repeat","background-position":"center center","background-size":"auto","background-attachment":"scroll","background-type":"","background-media":"","overlay-type":"","overlay-color":"","overlay-opacity":"","overlay-gradient":""},"tablet":{"background-color":"","background-image":"","background-repeat":"repeat","background-position":"center center","background-size":"auto","background-attachment":"scroll","background-type":"","background-media":"","overlay-type":"","overlay-color":"","overlay-opacity":"","overlay-gradient":""},"mobile":{"background-color":"","background-image":"","background-repeat":"repeat","background-position":"center center","background-size":"auto","background-attachment":"scroll","background-type":"","background-media":"","overlay-type":"","overlay-color":"","overlay-opacity":"","overlay-gradient":""}},"ast-content-background-meta":{"desktop":{"background-color":"var(--ast-global-color-5)","background-image":"","background-repeat":"repeat","background-position":"center center","background-size":"auto","background-attachment":"scroll","background-type":"","background-media":"","overlay-type":"","overlay-color":"","overlay-opacity":"","overlay-gradient":""},"tablet":{"background-color":"var(--ast-global-color-5)","background-image":"","background-repeat":"repeat","background-position":"center center","background-size":"auto","background-attachment":"scroll","background-type":"","background-media":"","overlay-type":"","overlay-color":"","overlay-opacity":"","overlay-gradient":""},"mobile":{"background-color":"var(--ast-global-color-5)","background-image":"","background-repeat":"repeat","background-position":"center center","background-size":"auto","background-attachment":"scroll","background-type":"","background-media":"","overlay-type":"","overlay-color":"","overlay-opacity":"","overlay-gradient":""}},"footnotes":""},"class_list":["post-871","page","type-page","status-publish","hentry"],"post_mailing_queue_ids":[],"_links":{"self":[{"href":"https:\/\/agora.xtec.cat\/escola-auro\/wp-json\/wp\/v2\/pages\/871","targetHints":{"allow":["GET"]}}],"collection":[{"href":"https:\/\/agora.xtec.cat\/escola-auro\/wp-json\/wp\/v2\/pages"}],"about":[{"href":"https:\/\/agora.xtec.cat\/escola-auro\/wp-json\/wp\/v2\/types\/page"}],"author":[{"embeddable":true,"href":"https:\/\/agora.xtec.cat\/escola-auro\/wp-json\/wp\/v2\/users\/1"}],"replies":[{"embeddable":true,"href":"https:\/\/agora.xtec.cat\/escola-auro\/wp-json\/wp\/v2\/comments?post=871"}],"version-history":[{"count":5,"href":"https:\/\/agora.xtec.cat\/escola-auro\/wp-json\/wp\/v2\/pages\/871\/revisions"}],"predecessor-version":[{"id":11397,"href":"https:\/\/agora.xtec.cat\/escola-auro\/wp-json\/wp\/v2\/pages\/871\/revisions\/11397"}],"up":[{"embeddable":true,"href":"https:\/\/agora.xtec.cat\/escola-auro\/wp-json\/wp\/v2\/pages\/22"}],"wp:attachment":[{"href":"https:\/\/agora.xtec.cat\/escola-auro\/wp-json\/wp\/v2\/media?parent=871"}],"curies":[{"name":"wp","href":"https:\/\/api.w.org\/{rel}","templated":true}]}}