{"id":6246,"date":"2021-02-25T11:56:24","date_gmt":"2021-02-25T10:56:24","guid":{"rendered":"https:\/\/agora.xtec.cat\/escola-auro\/?page_id=6246"},"modified":"2025-01-13T22:41:06","modified_gmt":"2025-01-13T21:41:06","slug":"artinfusions","status":"publish","type":"page","link":"https:\/\/agora.xtec.cat\/escola-auro\/lescola\/projectes-descola\/artinfusions\/","title":{"rendered":"artINFUSIONS"},"content":{"rendered":"\n<p><span style=\"font-weight: 400;\">El projecte Art Infusions \u00e9s duu a terme de manera conjunta amb l&#8217;Escola d&#8217;Art i Disseny de Terrassa. Est\u00e0 compost de diferents subprojectes que es duen a terme al llarg del curs i que es vinculen a diferents \u00e0rees curriculars per a fer un treball transversal i significatiu, partint de l&#8217;art com a eix vertebrador d&#8217;aquests projectes. Pret\u00e9n acostar els infants al m\u00f3n art\u00edstic a partir de la relaci\u00f3 amb diferents artistes i les seves obres, aix\u00ed com a diferents t\u00e8cniques art\u00edstiques i culturals. A m\u00e9s, els mestres del centre, tamb\u00e9 reben diverses formacions que permeten millorar els seus coneixements i vincular-los en els diferents projectes.<\/span><\/p>\n\n\n\n<p><span style=\"font-weight: 400;\">L&#8217;objectiu d\u2019aquest curs \u00e9s que, tot i que sigui un grup classe el que rebi visita directa de l\u2019artista que far\u00e0 els projectes, tota l\u2019escola pugui participar d\u2019una manera o altra i s\u2019exposin tots els treballs a nivell intern de centre.<\/span><\/p>\n\n\n\n<p><span style=\"color: #0000ff;\"><b>1.-Art espill (Escola d\u2019Art i Disseny Municipal).&nbsp;<\/b><\/span><\/p>\n\n\n\n<p class=\"has-text-align-center\"><i><span style=\"font-weight: 400;\">Infusionem les escoles amb Art Contemporani perqu\u00e8 desprengui tots els seus valors dins&nbsp;<\/span><\/i><i><span style=\"font-weight: 400;\">de la comunitat educativa.<\/span><\/i><\/p>\n\n\n\n<p><span style=\"font-weight: 400;\">A trav\u00e9s de con\u00e8ixer una artista, la seva obra, el seu proc\u00e9s creatiu i de reflexi\u00f3, els infants fan una interpretaci\u00f3 d&#8217;aquesta obra i en creen una de pr\u00f2pia. En aquesta proposta, dina l&#8217;aula es treballen aspectes com: qui \u00e9s l&#8217;artista, d&#8217;un \u00e9s, vida professional, t\u00e8cniques art\u00edstiques, punt diversos d&#8217;inspiraci\u00f3 art\u00edstica, fets socials i culturals rellevants, el propi proc\u00e9s creatiu i la relaci\u00f3 directa amb la part emocional i d&#8217;autoconeixement de l&#8217;alumnat. Finalment, l&#8217;alumnat exposa el seu treball a l&#8217;Escola d&#8217;Art i Disseny.<\/span><\/p>\n\n\n\n<p><span style=\"color: #0000ff;\"><b>2.- Art i Territori: Terra Oasis (Escola d\u2019Art i Disseny Municipal).<\/b><\/span><\/p>\n\n\n\n<p><span style=\"font-weight: 400;\">A trav\u00e9s del treball conjunt entre una artista i la\/el tutor d&#8217;aula, es crea un projecte que vincular art i territori. Es duen a terme propostes de coneixement de l&#8217;entorn proper i es relacionen amb t\u00e8cniques art\u00edstiques. Es vinculen els infants amb diferents edificis i associacions del barri, i acaben la proposta fent una exposici\u00f3 oberta a tot el barri a la biblioteca D3.<\/span><\/p>\n\n\n\n<p><a href=\"https:\/\/drive.google.com\/file\/d\/1tukfNrePkQdBekQNQUIxFmONk4CjDAfZ\/view?usp=sharing\">Extraescolar 6\u00e8 CER\u00c0MICA ArtInfusions<\/a><\/p>\n\n\n\n<p><a href=\"https:\/\/terrassadigital.cat\/els-alumnes-de-lescola-auro-participen-dun-taller-de-ceramica-gracies-a-lalianca-amb-lescola-municipal-dart\/\">&nbsp;<\/a>Terrassadigital.cat<\/p>\n\n\n\n<p class=\"has-text-align-center\"><iframe loading=\"lazy\" src=\"\/\/www.youtube.com\/embed\/l9B7n_pL2Jk\" width=\"560\" height=\"314\"><\/iframe><\/p>\n\n\n\n<div class=\"row\">\n<h3 class=\"columns small-12 large-2\"><img decoding=\"async\" src=\"https:\/\/img.icons8.com\/color\/120\/000000\/complaint.png\" \/><\/h3>\n<div class=\"columns small-12 large-10\">\n<h3><span style=\"color: #ff0000;\">Art i Escola<\/span><\/h3>\n<h4><span style=\"color: #000000;\">Terrassa vol convertir l&#8217;escola Aur\u00f3 en un referent en l&#8217;ensenyament art\u00edstic.<\/span><\/h4>\n<h4 style=\"text-align: right;\"><a href=\"https:\/\/elmon.cat\/monterrassa\/societat\/terrassa-vol-convertir-lescola-auro-referent-lensenyament-artistic\">Not\u00edcia M\u00f3nTerrassa<\/a><\/h4>\n<\/div>\n<\/div>\n\n\n\n<figure class=\"wp-block-image size-full is-style-default\"><a href=\"https:\/\/artinfusions.wixsite.com\/terrassa\"><img loading=\"lazy\" decoding=\"async\" width=\"855\" height=\"242\" src=\"https:\/\/agora.xtec.cat\/escola-auro\/wp-content\/uploads\/usu1037\/2021\/06\/Captura-de-Pantalla-2021-06-22-a-les-14.03.28.png\" alt=\"\" class=\"wp-image-6906\" srcset=\"https:\/\/agora.xtec.cat\/escola-auro\/wp-content\/uploads\/usu1037\/2021\/06\/Captura-de-Pantalla-2021-06-22-a-les-14.03.28.png 855w, https:\/\/agora.xtec.cat\/escola-auro\/wp-content\/uploads\/usu1037\/2021\/06\/Captura-de-Pantalla-2021-06-22-a-les-14.03.28-300x85.png 300w, https:\/\/agora.xtec.cat\/escola-auro\/wp-content\/uploads\/usu1037\/2021\/06\/Captura-de-Pantalla-2021-06-22-a-les-14.03.28-768x217.png 768w\" sizes=\"auto, (max-width: 855px) 100vw, 855px\" \/><\/a><\/figure>\n","protected":false},"excerpt":{"rendered":"<p>El projecte Art Infusions \u00e9s duu a terme de manera conjunta amb l&#8217;Escola d&#8217;Art i Disseny de Terrassa. Est\u00e0 compost [&hellip;]<\/p>\n","protected":false},"author":1,"featured_media":0,"parent":6243,"menu_order":0,"comment_status":"closed","ping_status":"closed","template":"","meta":{"_bbp_topic_count":0,"_bbp_reply_count":0,"_bbp_total_topic_count":0,"_bbp_total_reply_count":0,"_bbp_voice_count":0,"_bbp_anonymous_reply_count":0,"_bbp_topic_count_hidden":0,"_bbp_reply_count_hidden":0,"_bbp_forum_subforum_count":0,"site-sidebar-layout":"default","site-content-layout":"","ast-site-content-layout":"default","site-content-style":"default","site-sidebar-style":"default","ast-global-header-display":"","ast-banner-title-visibility":"","ast-main-header-display":"","ast-hfb-above-header-display":"","ast-hfb-below-header-display":"","ast-hfb-mobile-header-display":"","site-post-title":"","ast-breadcrumbs-content":"","ast-featured-img":"","footer-sml-layout":"","theme-transparent-header-meta":"","adv-header-id-meta":"","stick-header-meta":"","header-above-stick-meta":"","header-main-stick-meta":"","header-below-stick-meta":"","astra-migrate-meta-layouts":"set","ast-page-background-enabled":"default","ast-page-background-meta":{"desktop":{"background-color":"var(--ast-global-color-4)","background-image":"","background-repeat":"repeat","background-position":"center center","background-size":"auto","background-attachment":"scroll","background-type":"","background-media":"","overlay-type":"","overlay-color":"","overlay-opacity":"","overlay-gradient":""},"tablet":{"background-color":"","background-image":"","background-repeat":"repeat","background-position":"center center","background-size":"auto","background-attachment":"scroll","background-type":"","background-media":"","overlay-type":"","overlay-color":"","overlay-opacity":"","overlay-gradient":""},"mobile":{"background-color":"","background-image":"","background-repeat":"repeat","background-position":"center center","background-size":"auto","background-attachment":"scroll","background-type":"","background-media":"","overlay-type":"","overlay-color":"","overlay-opacity":"","overlay-gradient":""}},"ast-content-background-meta":{"desktop":{"background-color":"var(--ast-global-color-5)","background-image":"","background-repeat":"repeat","background-position":"center center","background-size":"auto","background-attachment":"scroll","background-type":"","background-media":"","overlay-type":"","overlay-color":"","overlay-opacity":"","overlay-gradient":""},"tablet":{"background-color":"var(--ast-global-color-5)","background-image":"","background-repeat":"repeat","background-position":"center center","background-size":"auto","background-attachment":"scroll","background-type":"","background-media":"","overlay-type":"","overlay-color":"","overlay-opacity":"","overlay-gradient":""},"mobile":{"background-color":"var(--ast-global-color-5)","background-image":"","background-repeat":"repeat","background-position":"center center","background-size":"auto","background-attachment":"scroll","background-type":"","background-media":"","overlay-type":"","overlay-color":"","overlay-opacity":"","overlay-gradient":""}},"footnotes":""},"class_list":["post-6246","page","type-page","status-publish","hentry"],"post_mailing_queue_ids":[],"_links":{"self":[{"href":"https:\/\/agora.xtec.cat\/escola-auro\/wp-json\/wp\/v2\/pages\/6246","targetHints":{"allow":["GET"]}}],"collection":[{"href":"https:\/\/agora.xtec.cat\/escola-auro\/wp-json\/wp\/v2\/pages"}],"about":[{"href":"https:\/\/agora.xtec.cat\/escola-auro\/wp-json\/wp\/v2\/types\/page"}],"author":[{"embeddable":true,"href":"https:\/\/agora.xtec.cat\/escola-auro\/wp-json\/wp\/v2\/users\/1"}],"replies":[{"embeddable":true,"href":"https:\/\/agora.xtec.cat\/escola-auro\/wp-json\/wp\/v2\/comments?post=6246"}],"version-history":[{"count":5,"href":"https:\/\/agora.xtec.cat\/escola-auro\/wp-json\/wp\/v2\/pages\/6246\/revisions"}],"predecessor-version":[{"id":10325,"href":"https:\/\/agora.xtec.cat\/escola-auro\/wp-json\/wp\/v2\/pages\/6246\/revisions\/10325"}],"up":[{"embeddable":true,"href":"https:\/\/agora.xtec.cat\/escola-auro\/wp-json\/wp\/v2\/pages\/6243"}],"wp:attachment":[{"href":"https:\/\/agora.xtec.cat\/escola-auro\/wp-json\/wp\/v2\/media?parent=6246"}],"curies":[{"name":"wp","href":"https:\/\/api.w.org\/{rel}","templated":true}]}}