{"id":6243,"date":"2021-02-25T11:54:40","date_gmt":"2021-02-25T10:54:40","guid":{"rendered":"https:\/\/agora.xtec.cat\/escola-auro\/?page_id=6243"},"modified":"2025-03-31T09:48:43","modified_gmt":"2025-03-31T07:48:43","slug":"projectes-descola","status":"publish","type":"page","link":"https:\/\/agora.xtec.cat\/escola-auro\/lescola\/projectes-descola\/","title":{"rendered":"Projectes d&#8217;escola"},"content":{"rendered":"\n<p>A la nostra escola creiem en la import\u00e0ncia de treballar conjuntament amb la comunitat i d&#8217;obrir les portes a col\u00b7laboracions externes que enriqueixin l&#8217;experi\u00e8ncia educativa dels nostres alumnes. Per aix\u00f2, participem activament en diversos projectes que compten amb la implicaci\u00f3 d\u2019agents externs, com s\u00f3n l\u2019Escola d\u2019Art i Disseny de Terrassa i el CEM (Centre d\u2019Estudis Musicals).<\/p>\n\n\n\n<p>Gr\u00e0cies a aquestes col\u00b7laboracions, els nostres alumnes tenen l\u2019oportunitat d\u2019explorar la creativitat a trav\u00e9s de les arts pl\u00e0stiques i el disseny, aix\u00ed com de gaudir de l\u2019aprenentatge musical de manera activa i motivadora. A m\u00e9s, formem part del programa FAIG, un projecte educatiu innovador que fomenta el treball per projectes i el desenvolupament de compet\u00e8ncies clau.<\/p>\n\n\n\n<p>Tamb\u00e9 participem en diversos projectes de rob\u00f2tica, que permeten als nostres alumnes desenvolupar habilitats en programaci\u00f3, resoluci\u00f3 de problemes i pensament cr\u00edtic mitjan\u00e7ant l\u2019\u00fas de tecnologies innovadores. Aquestes activitats s\u00f3n un exemple de com integrem les compet\u00e8ncies STEAM (ci\u00e8ncia, tecnologia, enginyeria, art i matem\u00e0tiques) en el nostre dia a dia escolar.<\/p>\n\n\n\n<p>A m\u00e9s, establim lla\u00e7os amb la Universitat Aut\u00f2noma de Barcelona (UAB) a trav\u00e9s de la participaci\u00f3 d\u2019estudiants de pr\u00e0ctiques, que aporten noves idees i perspectives a les aules, alhora que reforcem la nostra aposta per la formaci\u00f3 i l\u2019educaci\u00f3 de futurs professionals del m\u00f3n educatiu.<\/p>\n\n\n\n<p>Aquestes col\u00b7laboracions ens permeten oferir activitats complement\u00e0ries, innovadores i adaptades a les necessitats dels nostres nens i nenes, fomentant aprenentatges significatius i una educaci\u00f3 integral. Junts, fem de l\u2019escola un espai d\u2019aprenentatge ric, din\u00e0mic i connectat amb el seu entorn!<\/p>\n","protected":false},"excerpt":{"rendered":"<p>A la nostra escola creiem en la import\u00e0ncia de treballar conjuntament amb la comunitat i d&#8217;obrir les portes a col\u00b7laboracions [&hellip;]<\/p>\n","protected":false},"author":1,"featured_media":0,"parent":22,"menu_order":60,"comment_status":"closed","ping_status":"closed","template":"","meta":{"_bbp_topic_count":0,"_bbp_reply_count":0,"_bbp_total_topic_count":0,"_bbp_total_reply_count":0,"_bbp_voice_count":0,"_bbp_anonymous_reply_count":0,"_bbp_topic_count_hidden":0,"_bbp_reply_count_hidden":0,"_bbp_forum_subforum_count":0,"site-sidebar-layout":"default","site-content-layout":"","ast-site-content-layout":"default","site-content-style":"default","site-sidebar-style":"default","ast-global-header-display":"","ast-banner-title-visibility":"","ast-main-header-display":"","ast-hfb-above-header-display":"","ast-hfb-below-header-display":"","ast-hfb-mobile-header-display":"","site-post-title":"","ast-breadcrumbs-content":"","ast-featured-img":"","footer-sml-layout":"","theme-transparent-header-meta":"","adv-header-id-meta":"","stick-header-meta":"","header-above-stick-meta":"","header-main-stick-meta":"","header-below-stick-meta":"","astra-migrate-meta-layouts":"set","ast-page-background-enabled":"default","ast-page-background-meta":{"desktop":{"background-color":"var(--ast-global-color-4)","background-image":"","background-repeat":"repeat","background-position":"center center","background-size":"auto","background-attachment":"scroll","background-type":"","background-media":"","overlay-type":"","overlay-color":"","overlay-opacity":"","overlay-gradient":""},"tablet":{"background-color":"","background-image":"","background-repeat":"repeat","background-position":"center center","background-size":"auto","background-attachment":"scroll","background-type":"","background-media":"","overlay-type":"","overlay-color":"","overlay-opacity":"","overlay-gradient":""},"mobile":{"background-color":"","background-image":"","background-repeat":"repeat","background-position":"center center","background-size":"auto","background-attachment":"scroll","background-type":"","background-media":"","overlay-type":"","overlay-color":"","overlay-opacity":"","overlay-gradient":""}},"ast-content-background-meta":{"desktop":{"background-color":"var(--ast-global-color-5)","background-image":"","background-repeat":"repeat","background-position":"center center","background-size":"auto","background-attachment":"scroll","background-type":"","background-media":"","overlay-type":"","overlay-color":"","overlay-opacity":"","overlay-gradient":""},"tablet":{"background-color":"var(--ast-global-color-5)","background-image":"","background-repeat":"repeat","background-position":"center center","background-size":"auto","background-attachment":"scroll","background-type":"","background-media":"","overlay-type":"","overlay-color":"","overlay-opacity":"","overlay-gradient":""},"mobile":{"background-color":"var(--ast-global-color-5)","background-image":"","background-repeat":"repeat","background-position":"center center","background-size":"auto","background-attachment":"scroll","background-type":"","background-media":"","overlay-type":"","overlay-color":"","overlay-opacity":"","overlay-gradient":""}},"footnotes":""},"class_list":["post-6243","page","type-page","status-publish","hentry"],"post_mailing_queue_ids":[],"_links":{"self":[{"href":"https:\/\/agora.xtec.cat\/escola-auro\/wp-json\/wp\/v2\/pages\/6243","targetHints":{"allow":["GET"]}}],"collection":[{"href":"https:\/\/agora.xtec.cat\/escola-auro\/wp-json\/wp\/v2\/pages"}],"about":[{"href":"https:\/\/agora.xtec.cat\/escola-auro\/wp-json\/wp\/v2\/types\/page"}],"author":[{"embeddable":true,"href":"https:\/\/agora.xtec.cat\/escola-auro\/wp-json\/wp\/v2\/users\/1"}],"replies":[{"embeddable":true,"href":"https:\/\/agora.xtec.cat\/escola-auro\/wp-json\/wp\/v2\/comments?post=6243"}],"version-history":[{"count":3,"href":"https:\/\/agora.xtec.cat\/escola-auro\/wp-json\/wp\/v2\/pages\/6243\/revisions"}],"predecessor-version":[{"id":10512,"href":"https:\/\/agora.xtec.cat\/escola-auro\/wp-json\/wp\/v2\/pages\/6243\/revisions\/10512"}],"up":[{"embeddable":true,"href":"https:\/\/agora.xtec.cat\/escola-auro\/wp-json\/wp\/v2\/pages\/22"}],"wp:attachment":[{"href":"https:\/\/agora.xtec.cat\/escola-auro\/wp-json\/wp\/v2\/media?parent=6243"}],"curies":[{"name":"wp","href":"https:\/\/api.w.org\/{rel}","templated":true}]}}