{"id":26,"date":"2014-09-18T12:24:32","date_gmt":"2014-09-18T11:24:32","guid":{"rendered":"http:\/\/agora.xtec.cat\/escola-auro\/?page_id=26"},"modified":"2025-01-23T18:18:03","modified_gmt":"2025-01-23T17:18:03","slug":"historia","status":"publish","type":"page","link":"https:\/\/agora.xtec.cat\/escola-auro\/lescola\/historia\/","title":{"rendered":"Hist\u00f2ria"},"content":{"rendered":"\n<div class=\"wp-block-getwid-toggle has-icon-left\">\n<div class=\"wp-block-getwid-toggle__row\"><div class=\"wp-block-getwid-toggle__header-wrapper\"><span class=\"wp-block-getwid-toggle__header\"><a href=\"#\"><span class=\"wp-block-getwid-toggle__header-title\">ON SOM?<\/span><span class=\"wp-block-getwid-toggle__icon is-active\"><i class=\"fas fa-arrow-right\"><\/i><\/span><span class=\"wp-block-getwid-toggle__icon is-passive\"><i class=\"fas fa-minus\"><\/i><\/span><\/a><\/span><\/div><div class=\"wp-block-getwid-toggle__content-wrapper\"><div class=\"wp-block-getwid-toggle__content\">\n<p>L\u2019escola est\u00e0 ubicada al districte 3 de Terrassa, al barri de Can Palet, tocant el Parc de Vallparad\u00eds. Gaudeix de diversos equipaments culturals i un entorn natural privilegiat, molt a prop del Parc de les Percepcions. Actualment disposa d&#8217;una gran biblioteca p\u00fablica al costat, la Biblioteca del districte 3(Bd3). T\u00e9 dos centres de secund\u00e0ria adscrits, l&#8217;Institut Can Jofresa i l&#8217;Institut Santa Eul\u00e0lia, amb els que es fan coordinacions per afavorir una transici\u00f3 adequada dels infants.<\/p>\n<\/div><\/div><\/div>\n\n\n\n<div class=\"wp-block-getwid-toggle__row\"><div class=\"wp-block-getwid-toggle__header-wrapper\"><span class=\"wp-block-getwid-toggle__header\"><a href=\"#\"><span class=\"wp-block-getwid-toggle__header-title\">LA NOSTRA HIST\u00d2RIA<\/span><span class=\"wp-block-getwid-toggle__icon is-active\"><i class=\"fas fa-arrow-right\"><\/i><\/span><span class=\"wp-block-getwid-toggle__icon is-passive\"><i class=\"fas fa-minus\"><\/i><\/span><\/a><\/span><\/div><div class=\"wp-block-getwid-toggle__content-wrapper\"><div class=\"wp-block-getwid-toggle__content\">\n<p>L&#8217;Escola Aur\u00f3 \u00e9s una escola p\u00fablica que dep\u00e8n de la Generalitat de Catalunya. El centre est\u00e0 en funcionament des de l\u2019any 1972. El singular edifici de l&#8217;escola va ser una obra social de la <em>Caixa d&#8217;Estalvis de Terra<\/em>ssa que posteriorment va cedir a la ciutat. Se li va donar el nom de President Salvans Armengol en record d&#8217;aquest President de la Caixa d&#8217;Estalvis. A partir de l&#8217;abril de l&#8217;any 2019 el centre canvia el nom per Escola Aur\u00f3.<\/p>\n<\/div><\/div><\/div>\n\n\n\n<div class=\"wp-block-getwid-toggle__row\"><div class=\"wp-block-getwid-toggle__header-wrapper\"><span class=\"wp-block-getwid-toggle__header\"><a href=\"#\"><span class=\"wp-block-getwid-toggle__header-title\">TRETS D&#8217;IDENTITAT<\/span><span class=\"wp-block-getwid-toggle__icon is-active\"><i class=\"fas fa-arrow-right\"><\/i><\/span><span class=\"wp-block-getwid-toggle__icon is-passive\"><i class=\"fas fa-minus\"><\/i><\/span><\/a><\/span><\/div><div class=\"wp-block-getwid-toggle__content-wrapper\"><div class=\"wp-block-getwid-toggle__content\">\n<p>En els seus trets d&#8217;identitat, aquest centre es defineix com una&nbsp;<strong>escola<\/strong>&nbsp;<strong>inclusiva<\/strong>. Afavoreix un model educatiu basat en la&nbsp;<strong>filosofia coeducadora<\/strong>&nbsp;i t\u00e9 per objectiu l&#8217;<strong>educaci\u00f3 integral<\/strong>&nbsp;de tots els seus alumnes. La l\u00ednia metodol\u00f2gica del centre va dirigida a&nbsp;<strong>respectar la varietat de processos i ritmes d\u2019aprenentatge<\/strong>&nbsp;dels i de les alumnes, garantint un equilibri entre la diversitat de l&#8217;alumnat i l&#8217;acci\u00f3 educativa. Com a escola oberta, sempre est\u00e0 disposada a incorporar les innovacions cient\u00edfiques, tecnol\u00f2giques i did\u00e0ctiques que puguin enriquir la comunitat escolar i t\u00e9 el comprom\u00eds de&nbsp;<strong>fomentar<\/strong>&nbsp;en l&#8217;alumnat&nbsp;<strong>l&#8217;esperit cr\u00edtic, responsable i ecol\u00f2gicament sostenible<\/strong>.<\/p>\n<\/div><\/div><\/div>\n\n\n\n<div class=\"wp-block-getwid-toggle__row\"><div class=\"wp-block-getwid-toggle__header-wrapper\"><span class=\"wp-block-getwid-toggle__header\"><a href=\"#\"><span class=\"wp-block-getwid-toggle__header-title\">LES NOSTRES INSTAL\u00b7LACIONS<\/span><span class=\"wp-block-getwid-toggle__icon is-active\"><i class=\"fas fa-arrow-right\"><\/i><\/span><span class=\"wp-block-getwid-toggle__icon is-passive\"><i class=\"fas fa-minus\"><\/i><\/span><\/a><\/span><\/div><div class=\"wp-block-getwid-toggle__content-wrapper\"><div class=\"wp-block-getwid-toggle__content\">\n<p>L&#8217;escola est\u00e0 distribu\u00efda en dos edificis; un edifici m\u00e9s petit, on s&#8217;ubiquen les aules d&#8217;educaci\u00f3 infantil, sala de psicomotricitat, l&#8217;aula de ci\u00e8ncies, el menjador escolar i la seva cuina i un edifici central que est\u00e0 dividit en tres plantes. A la planta baixa es troba administraci\u00f3, despatx de direcci\u00f3, AMPA, sala de mestres, consergeria, reprografia i aula d&#8217;inform\u00e0tica i a les altres plantes es troben la resta de classes, amb&nbsp;una escala de cargol singular que ha&nbsp;inspirat la creaci\u00f3 de la mascota de l&#8217;escola:&nbsp;<strong><em>El Salvi<\/em><\/strong>. Les aules s\u00f3n lluminoses i amb vistes a les muntanyes de Sant Lloren\u00e7 i Montserrat.<\/p>\n<\/div><\/div><\/div>\n\n\n\n<div class=\"wp-block-getwid-toggle__row\"><div class=\"wp-block-getwid-toggle__header-wrapper\"><span class=\"wp-block-getwid-toggle__header\"><a href=\"#\"><span class=\"wp-block-getwid-toggle__header-title\">RECURSOS MATERIALS DE L&#8217;ESCOLA<\/span><span class=\"wp-block-getwid-toggle__icon is-active\"><i class=\"fas fa-arrow-right\"><\/i><\/span><span class=\"wp-block-getwid-toggle__icon is-passive\"><i class=\"fas fa-minus\"><\/i><\/span><\/a><\/span><\/div><div class=\"wp-block-getwid-toggle__content-wrapper\"><div class=\"wp-block-getwid-toggle__content\">\n<p>El centre t\u00e9 aula de ci\u00e8ncies, 2 aules d&#8217;atenci\u00f3 individualitzada, biblioteques d&#8217;aula, gimm\u00e0s, sala de psicomotricitat, aula d&#8217;inform\u00e0tica\/rob\u00f2tica, aula d\u2019angl\u00e8s, aula de m\u00fasica, teatre i menjador escolar amb cuina pr\u00f2pia.&nbsp;En relaci\u00f3 a les T.A.C., progressivament el centre s&#8217;ha anat prove\u00efnt d&#8217;equips inform\u00e0tics, de manera que actualment, l&#8217;aula d&#8217;inform\u00e0tica disposa d\u2019ordinadors nous i 8 aules de l\u2019escola estan dotades amb pissarres digitals (PDI).<\/p>\n<\/div><\/div><\/div>\n<\/div>\n","protected":false},"excerpt":{"rendered":"","protected":false},"author":1,"featured_media":0,"parent":22,"menu_order":30,"comment_status":"closed","ping_status":"closed","template":"","meta":{"_bbp_topic_count":0,"_bbp_reply_count":0,"_bbp_total_topic_count":0,"_bbp_total_reply_count":0,"_bbp_voice_count":0,"_bbp_anonymous_reply_count":0,"_bbp_topic_count_hidden":0,"_bbp_reply_count_hidden":0,"_bbp_forum_subforum_count":0,"site-sidebar-layout":"default","site-content-layout":"","ast-site-content-layout":"default","site-content-style":"default","site-sidebar-style":"default","ast-global-header-display":"","ast-banner-title-visibility":"","ast-main-header-display":"","ast-hfb-above-header-display":"","ast-hfb-below-header-display":"","ast-hfb-mobile-header-display":"","site-post-title":"disabled","ast-breadcrumbs-content":"","ast-featured-img":"","footer-sml-layout":"","theme-transparent-header-meta":"","adv-header-id-meta":"","stick-header-meta":"","header-above-stick-meta":"","header-main-stick-meta":"","header-below-stick-meta":"","astra-migrate-meta-layouts":"set","ast-page-background-enabled":"default","ast-page-background-meta":{"desktop":{"background-color":"var(--ast-global-color-4)","background-image":"","background-repeat":"repeat","background-position":"center center","background-size":"auto","background-attachment":"scroll","background-type":"","background-media":"","overlay-type":"","overlay-color":"","overlay-opacity":"","overlay-gradient":""},"tablet":{"background-color":"","background-image":"","background-repeat":"repeat","background-position":"center center","background-size":"auto","background-attachment":"scroll","background-type":"","background-media":"","overlay-type":"","overlay-color":"","overlay-opacity":"","overlay-gradient":""},"mobile":{"background-color":"","background-image":"","background-repeat":"repeat","background-position":"center center","background-size":"auto","background-attachment":"scroll","background-type":"","background-media":"","overlay-type":"","overlay-color":"","overlay-opacity":"","overlay-gradient":""}},"ast-content-background-meta":{"desktop":{"background-color":"var(--ast-global-color-5)","background-image":"","background-repeat":"repeat","background-position":"center center","background-size":"auto","background-attachment":"scroll","background-type":"","background-media":"","overlay-type":"","overlay-color":"","overlay-opacity":"","overlay-gradient":""},"tablet":{"background-color":"var(--ast-global-color-5)","background-image":"","background-repeat":"repeat","background-position":"center center","background-size":"auto","background-attachment":"scroll","background-type":"","background-media":"","overlay-type":"","overlay-color":"","overlay-opacity":"","overlay-gradient":""},"mobile":{"background-color":"var(--ast-global-color-5)","background-image":"","background-repeat":"repeat","background-position":"center center","background-size":"auto","background-attachment":"scroll","background-type":"","background-media":"","overlay-type":"","overlay-color":"","overlay-opacity":"","overlay-gradient":""}},"footnotes":""},"class_list":["post-26","page","type-page","status-publish","hentry"],"post_mailing_queue_ids":[],"_links":{"self":[{"href":"https:\/\/agora.xtec.cat\/escola-auro\/wp-json\/wp\/v2\/pages\/26","targetHints":{"allow":["GET"]}}],"collection":[{"href":"https:\/\/agora.xtec.cat\/escola-auro\/wp-json\/wp\/v2\/pages"}],"about":[{"href":"https:\/\/agora.xtec.cat\/escola-auro\/wp-json\/wp\/v2\/types\/page"}],"author":[{"embeddable":true,"href":"https:\/\/agora.xtec.cat\/escola-auro\/wp-json\/wp\/v2\/users\/1"}],"replies":[{"embeddable":true,"href":"https:\/\/agora.xtec.cat\/escola-auro\/wp-json\/wp\/v2\/comments?post=26"}],"version-history":[{"count":6,"href":"https:\/\/agora.xtec.cat\/escola-auro\/wp-json\/wp\/v2\/pages\/26\/revisions"}],"predecessor-version":[{"id":10442,"href":"https:\/\/agora.xtec.cat\/escola-auro\/wp-json\/wp\/v2\/pages\/26\/revisions\/10442"}],"up":[{"embeddable":true,"href":"https:\/\/agora.xtec.cat\/escola-auro\/wp-json\/wp\/v2\/pages\/22"}],"wp:attachment":[{"href":"https:\/\/agora.xtec.cat\/escola-auro\/wp-json\/wp\/v2\/media?parent=26"}],"curies":[{"name":"wp","href":"https:\/\/api.w.org\/{rel}","templated":true}]}}