{"id":22,"date":"2014-09-18T12:19:57","date_gmt":"2014-09-18T11:19:57","guid":{"rendered":"http:\/\/agora.xtec.cat\/escola-auro\/?page_id=22"},"modified":"2025-01-23T17:47:23","modified_gmt":"2025-01-23T16:47:23","slug":"lescola","status":"publish","type":"page","link":"https:\/\/agora.xtec.cat\/escola-auro\/lescola\/","title":{"rendered":"L&#8217;escola"},"content":{"rendered":"\n<figure class=\"wp-block-image aligncenter is-resized\"><a href=\"https:\/\/agora.xtec.cat\/escola-auro\/wp-content\/uploads\/usu1037\/2019\/04\/PHOTO-2019-01-29-09-32-26_2.jpg\"><img loading=\"lazy\" decoding=\"async\" width=\"1024\" height=\"417\" src=\"https:\/\/agora.xtec.cat\/escola-auro\/wp-content\/uploads\/usu1037\/2019\/04\/PHOTO-2019-01-29-09-32-26_2-1024x417.jpg\" alt=\"\" class=\"wp-image-670\" style=\"width:243px;height:auto\" srcset=\"https:\/\/agora.xtec.cat\/escola-auro\/wp-content\/uploads\/usu1037\/2019\/04\/PHOTO-2019-01-29-09-32-26_2-1024x417.jpg 1024w, https:\/\/agora.xtec.cat\/escola-auro\/wp-content\/uploads\/usu1037\/2019\/04\/PHOTO-2019-01-29-09-32-26_2-300x122.jpg 300w, https:\/\/agora.xtec.cat\/escola-auro\/wp-content\/uploads\/usu1037\/2019\/04\/PHOTO-2019-01-29-09-32-26_2-768x313.jpg 768w, https:\/\/agora.xtec.cat\/escola-auro\/wp-content\/uploads\/usu1037\/2019\/04\/PHOTO-2019-01-29-09-32-26_2.jpg 1248w\" sizes=\"auto, (max-width: 1024px) 100vw, 1024px\" \/><\/a><\/figure>\n\n\n\n<p>La nostra \u00e9s una escola petita, d&#8217;una sola l\u00ednia, fet que ens ajuda a aconseguir un tracte molt proper, on cadasc\u00fa \u00e9s conegut i coneix tothom. Treballem amb tres comunitats: petits, mitjans i grans. L&#8217;infant \u00e9s el constructor del seu propi aprenentatge, amb l&#8217;acompanyament de tota la comunitat. L&#8217;escola posa \u00e8mfasi en l&#8217;\u00e0mbit comunitari, amb un treball al voltant de l&#8217;alumne que impliqui fam\u00edlia i entorn, treballant tamb\u00e9 l&#8217;\u00e0mbit ling\u00fc\u00edstic, amb activitats per les fam\u00edlies.<\/p>\n\n\n\n<p>L&#8217;escola compta amb un edifici singular, ple de llum, amb aules amples i equipades amb panells digitals i piano, patis amb pista esportiva, hort, cuina pr\u00f2pia i menjador, gimn\u00e0s amb terra de parquet, teatre, aula de psicomotricitat, aula d&#8217;inform\u00e0tica\/maker, aula de rob\u00f2tica, aula de pl\u00e0stica, aula d&#8217;acollida, forn cer\u00e0mic i laboratori.<\/p>\n","protected":false},"excerpt":{"rendered":"<p>La nostra \u00e9s una escola petita, d&#8217;una sola l\u00ednia, fet que ens ajuda a aconseguir un tracte molt proper, on [&hellip;]<\/p>\n","protected":false},"author":1,"featured_media":0,"parent":0,"menu_order":0,"comment_status":"closed","ping_status":"closed","template":"","meta":{"_bbp_topic_count":0,"_bbp_reply_count":0,"_bbp_total_topic_count":0,"_bbp_total_reply_count":0,"_bbp_voice_count":0,"_bbp_anonymous_reply_count":0,"_bbp_topic_count_hidden":0,"_bbp_reply_count_hidden":0,"_bbp_forum_subforum_count":0,"site-sidebar-layout":"default","site-content-layout":"","ast-site-content-layout":"default","site-content-style":"default","site-sidebar-style":"default","ast-global-header-display":"","ast-banner-title-visibility":"","ast-main-header-display":"","ast-hfb-above-header-display":"","ast-hfb-below-header-display":"","ast-hfb-mobile-header-display":"","site-post-title":"","ast-breadcrumbs-content":"","ast-featured-img":"","footer-sml-layout":"","theme-transparent-header-meta":"","adv-header-id-meta":"","stick-header-meta":"","header-above-stick-meta":"","header-main-stick-meta":"","header-below-stick-meta":"","astra-migrate-meta-layouts":"set","ast-page-background-enabled":"default","ast-page-background-meta":{"desktop":{"background-color":"var(--ast-global-color-4)","background-image":"","background-repeat":"repeat","background-position":"center center","background-size":"auto","background-attachment":"scroll","background-type":"","background-media":"","overlay-type":"","overlay-color":"","overlay-opacity":"","overlay-gradient":""},"tablet":{"background-color":"","background-image":"","background-repeat":"repeat","background-position":"center center","background-size":"auto","background-attachment":"scroll","background-type":"","background-media":"","overlay-type":"","overlay-color":"","overlay-opacity":"","overlay-gradient":""},"mobile":{"background-color":"","background-image":"","background-repeat":"repeat","background-position":"center center","background-size":"auto","background-attachment":"scroll","background-type":"","background-media":"","overlay-type":"","overlay-color":"","overlay-opacity":"","overlay-gradient":""}},"ast-content-background-meta":{"desktop":{"background-color":"var(--ast-global-color-5)","background-image":"","background-repeat":"repeat","background-position":"center center","background-size":"auto","background-attachment":"scroll","background-type":"","background-media":"","overlay-type":"","overlay-color":"","overlay-opacity":"","overlay-gradient":""},"tablet":{"background-color":"var(--ast-global-color-5)","background-image":"","background-repeat":"repeat","background-position":"center center","background-size":"auto","background-attachment":"scroll","background-type":"","background-media":"","overlay-type":"","overlay-color":"","overlay-opacity":"","overlay-gradient":""},"mobile":{"background-color":"var(--ast-global-color-5)","background-image":"","background-repeat":"repeat","background-position":"center center","background-size":"auto","background-attachment":"scroll","background-type":"","background-media":"","overlay-type":"","overlay-color":"","overlay-opacity":"","overlay-gradient":""}},"footnotes":""},"class_list":["post-22","page","type-page","status-publish","hentry"],"post_mailing_queue_ids":[],"_links":{"self":[{"href":"https:\/\/agora.xtec.cat\/escola-auro\/wp-json\/wp\/v2\/pages\/22","targetHints":{"allow":["GET"]}}],"collection":[{"href":"https:\/\/agora.xtec.cat\/escola-auro\/wp-json\/wp\/v2\/pages"}],"about":[{"href":"https:\/\/agora.xtec.cat\/escola-auro\/wp-json\/wp\/v2\/types\/page"}],"author":[{"embeddable":true,"href":"https:\/\/agora.xtec.cat\/escola-auro\/wp-json\/wp\/v2\/users\/1"}],"replies":[{"embeddable":true,"href":"https:\/\/agora.xtec.cat\/escola-auro\/wp-json\/wp\/v2\/comments?post=22"}],"version-history":[{"count":4,"href":"https:\/\/agora.xtec.cat\/escola-auro\/wp-json\/wp\/v2\/pages\/22\/revisions"}],"predecessor-version":[{"id":10527,"href":"https:\/\/agora.xtec.cat\/escola-auro\/wp-json\/wp\/v2\/pages\/22\/revisions\/10527"}],"wp:attachment":[{"href":"https:\/\/agora.xtec.cat\/escola-auro\/wp-json\/wp\/v2\/media?parent=22"}],"curies":[{"name":"wp","href":"https:\/\/api.w.org\/{rel}","templated":true}]}}