{"id":1133,"date":"2019-12-09T10:14:53","date_gmt":"2019-12-09T09:14:53","guid":{"rendered":"https:\/\/agora.xtec.cat\/escola-auro\/?page_id=1133"},"modified":"2025-01-13T22:33:01","modified_gmt":"2025-01-13T21:33:01","slug":"projectes-escola","status":"publish","type":"page","link":"https:\/\/agora.xtec.cat\/escola-auro\/lescola\/projectes-descola\/projectes-escola\/","title":{"rendered":"Treballem amb la UAB"},"content":{"rendered":"\n<h2 class=\"wp-block-heading has-text-align-center\"><span style=\"color: #000000;\">&#8220;EDUCAR A TRAV\u00c9S DE LES ARTS&#8221;<\/span><\/h2>\n\n\n\n<h3 class=\"wp-block-heading has-text-align-center\"><span style=\"color: #000000;\">PROJECTE ART\u00cdSTIC MULTICULTURAL col\u00b7laboraci\u00f3 amb la UAB.<\/span><\/h3>\n\n\n\n<p class=\"has-text-align-center\"><span style=\"color: #000000;\">A continuaci\u00f3 podeu veure un <a style=\"color: #000000;\" href=\"https:\/\/www.youtube.com\/watch?v=mqqAMIBApp8\">V\u00cdDEO<\/a> i un <a style=\"color: #000000;\" href=\"https:\/\/drive.google.com\/file\/d\/13VR9ADzxD2i5EDkw5aLx9s9QZBHoIhP2\/view?usp=sharing\">ARTICLE<\/a> sobre aquest projecte que es va realitzar el curs 2018- 2019.<\/span><\/p>\n\n\n\n<p class=\"has-text-align-center\"><iframe loading=\"lazy\" src=\"\/\/www.youtube.com\/embed\/mqqAMIBApp8\" width=\"560\" height=\"314\"><\/iframe><\/p>\n\n\n\n<p class=\"has-text-align-center\"><iframe loading=\"lazy\" src=\"\/\/www.youtube.com\/embed\/GjGk0x0zkhA\" width=\"560\" height=\"314\"><\/iframe><\/p>\n\n\n\n<p>Aquest mateix curs es va pintar el mur interior del pati. L\u2019activitat per\u00f2, va molt m\u00e9s enll\u00e0 de les brotxes i els colors perqu\u00e8 forma part d\u2019un Projecte d\u2019Aprenentatge i Servei en el que col\u00b7laboren la Facultat de Ci\u00e8ncies de l\u2019Educaci\u00f3 de la UAB i l\u2019escola. Quatre futurs mestres (Patr\u00edcia Roman, Cristina Vallesp\u00edn, Miguel \u00c1ngel Mart\u00ednez i Laia Marzo, sota la direcci\u00f3 de la tutora, Ibis \u00c1lvarez) han fet pr\u00e0ctiques en aquest centre i aquest \u00faltim curs han proposat un projecte innovador, que millora les instal\u00b7lacions, implica tota la comunitat educativa i s\u2019insereix dins el projecte educatiu del centre.<\/p>\n\n\n\n<p class=\"has-text-align-center\">&nbsp; &nbsp; <iframe loading=\"lazy\" src=\"\/\/www.youtube.com\/embed\/wrWNHy7RvZE\" width=\"560\" height=\"314\"><\/iframe><\/p>\n","protected":false},"excerpt":{"rendered":"<p>&#8220;EDUCAR A TRAV\u00c9S DE LES ARTS&#8221; PROJECTE ART\u00cdSTIC MULTICULTURAL col\u00b7laboraci\u00f3 amb la UAB. A continuaci\u00f3 podeu veure un V\u00cdDEO i [&hellip;]<\/p>\n","protected":false},"author":1,"featured_media":0,"parent":6243,"menu_order":0,"comment_status":"closed","ping_status":"closed","template":"page-templates\/side-menu.php","meta":{"_bbp_topic_count":0,"_bbp_reply_count":0,"_bbp_total_topic_count":0,"_bbp_total_reply_count":0,"_bbp_voice_count":0,"_bbp_anonymous_reply_count":0,"_bbp_topic_count_hidden":0,"_bbp_reply_count_hidden":0,"_bbp_forum_subforum_count":0,"site-sidebar-layout":"default","site-content-layout":"","ast-site-content-layout":"default","site-content-style":"default","site-sidebar-style":"default","ast-global-header-display":"","ast-banner-title-visibility":"","ast-main-header-display":"","ast-hfb-above-header-display":"","ast-hfb-below-header-display":"","ast-hfb-mobile-header-display":"","site-post-title":"","ast-breadcrumbs-content":"","ast-featured-img":"","footer-sml-layout":"","theme-transparent-header-meta":"","adv-header-id-meta":"","stick-header-meta":"","header-above-stick-meta":"","header-main-stick-meta":"","header-below-stick-meta":"","astra-migrate-meta-layouts":"set","ast-page-background-enabled":"default","ast-page-background-meta":{"desktop":{"background-color":"var(--ast-global-color-4)","background-image":"","background-repeat":"repeat","background-position":"center center","background-size":"auto","background-attachment":"scroll","background-type":"","background-media":"","overlay-type":"","overlay-color":"","overlay-opacity":"","overlay-gradient":""},"tablet":{"background-color":"","background-image":"","background-repeat":"repeat","background-position":"center center","background-size":"auto","background-attachment":"scroll","background-type":"","background-media":"","overlay-type":"","overlay-color":"","overlay-opacity":"","overlay-gradient":""},"mobile":{"background-color":"","background-image":"","background-repeat":"repeat","background-position":"center center","background-size":"auto","background-attachment":"scroll","background-type":"","background-media":"","overlay-type":"","overlay-color":"","overlay-opacity":"","overlay-gradient":""}},"ast-content-background-meta":{"desktop":{"background-color":"var(--ast-global-color-5)","background-image":"","background-repeat":"repeat","background-position":"center center","background-size":"auto","background-attachment":"scroll","background-type":"","background-media":"","overlay-type":"","overlay-color":"","overlay-opacity":"","overlay-gradient":""},"tablet":{"background-color":"var(--ast-global-color-5)","background-image":"","background-repeat":"repeat","background-position":"center center","background-size":"auto","background-attachment":"scroll","background-type":"","background-media":"","overlay-type":"","overlay-color":"","overlay-opacity":"","overlay-gradient":""},"mobile":{"background-color":"var(--ast-global-color-5)","background-image":"","background-repeat":"repeat","background-position":"center center","background-size":"auto","background-attachment":"scroll","background-type":"","background-media":"","overlay-type":"","overlay-color":"","overlay-opacity":"","overlay-gradient":""}},"footnotes":""},"class_list":["post-1133","page","type-page","status-publish","hentry"],"post_mailing_queue_ids":[],"_links":{"self":[{"href":"https:\/\/agora.xtec.cat\/escola-auro\/wp-json\/wp\/v2\/pages\/1133","targetHints":{"allow":["GET"]}}],"collection":[{"href":"https:\/\/agora.xtec.cat\/escola-auro\/wp-json\/wp\/v2\/pages"}],"about":[{"href":"https:\/\/agora.xtec.cat\/escola-auro\/wp-json\/wp\/v2\/types\/page"}],"author":[{"embeddable":true,"href":"https:\/\/agora.xtec.cat\/escola-auro\/wp-json\/wp\/v2\/users\/1"}],"replies":[{"embeddable":true,"href":"https:\/\/agora.xtec.cat\/escola-auro\/wp-json\/wp\/v2\/comments?post=1133"}],"version-history":[{"count":6,"href":"https:\/\/agora.xtec.cat\/escola-auro\/wp-json\/wp\/v2\/pages\/1133\/revisions"}],"predecessor-version":[{"id":10320,"href":"https:\/\/agora.xtec.cat\/escola-auro\/wp-json\/wp\/v2\/pages\/1133\/revisions\/10320"}],"up":[{"embeddable":true,"href":"https:\/\/agora.xtec.cat\/escola-auro\/wp-json\/wp\/v2\/pages\/6243"}],"wp:attachment":[{"href":"https:\/\/agora.xtec.cat\/escola-auro\/wp-json\/wp\/v2\/media?parent=1133"}],"curies":[{"name":"wp","href":"https:\/\/api.w.org\/{rel}","templated":true}]}}