{"id":10513,"date":"2025-01-23T09:58:14","date_gmt":"2025-01-23T08:58:14","guid":{"rendered":"https:\/\/agora.xtec.cat\/escola-auro\/?page_id=10513"},"modified":"2025-01-29T15:28:21","modified_gmt":"2025-01-29T14:28:21","slug":"innovamat","status":"publish","type":"page","link":"https:\/\/agora.xtec.cat\/escola-auro\/lescola\/projectes-descola\/innovamat\/","title":{"rendered":"Innovamat"},"content":{"rendered":"\n<p><strong>Innovamat<\/strong> \u00e9s una metodologia educativa enfocada en l\u2019aprenentatge de les matem\u00e0tiques, dissenyada per fer aquest proc\u00e9s m\u00e9s competencial, motivador i adaptat a les necessitats dels alumnes. Es basa en una forma d\u2019ensenyar i aprendre matem\u00e0tiques que combina el treball manipulatiu, la resoluci\u00f3 de problemes i l\u2019\u00fas de la tecnologia per afavorir la comprensi\u00f3 profunda i el raonament matem\u00e0tic.<\/p>\n\n\n\n<h3 class=\"wp-block-heading\">Principals caracter\u00edstiques d\u2019Innovamat:<\/h3>\n\n\n\n<ol class=\"wp-block-list\">\n<li><strong>Aprenentatge significatiu<\/strong>: Prioritza que els alumnes entenguin els conceptes matem\u00e0tics abans de memoritzar f\u00f3rmules. Es treballen les matem\u00e0tiques amb contextos reals, materials manipulatius i activitats vivencials.<\/li>\n\n\n\n<li><strong>Treball competencial<\/strong>: Est\u00e0 alineat amb el curr\u00edculum educatiu i fomenta compet\u00e8ncies matem\u00e0tiques com el pensament cr\u00edtic, la resoluci\u00f3 de problemes i el raonament l\u00f2gic.<\/li>\n\n\n\n<li><strong>Personalitzaci\u00f3 de l\u2019aprenentatge<\/strong>: Utilitza eines digitals que permeten adaptar les activitats al ritme i nivell de cada alumne, oferint reptes ajustats a les seves necessitats.<\/li>\n\n\n\n<li><strong>Materials manipulatius i din\u00e0mics<\/strong>: Es fan servir materials f\u00edsics (com blocs, cartes, figures geom\u00e8triques, etc.) que ajuden els alumnes a experimentar les matem\u00e0tiques de manera pr\u00e0ctica i visual.<\/li>\n\n\n\n<li><strong>Impuls de la motivaci\u00f3<\/strong>: Mitjan\u00e7ant activitats interactives i reptes, Innovamat busca que els alumnes es diverteixin aprenent matem\u00e0tiques i desenvolupin una actitud positiva cap a aquesta mat\u00e8ria.<\/li>\n<\/ol>\n\n\n\n<p>El contingut educatiu s\u2019organitza en tres grans blocs on es treballen&nbsp;diferents conceptes matem\u00e0tics i dimensions emprant metodologies pedag\u00f2giques diverses:<\/p>\n\n\n\n<div class=\"wp-block-media-text is-stacked-on-mobile\" style=\"grid-template-columns:22% auto\"><figure class=\"wp-block-media-text__media\"><img loading=\"lazy\" decoding=\"async\" width=\"768\" height=\"1024\" src=\"https:\/\/agora.xtec.cat\/escola-auro\/wp-content\/uploads\/usu1037\/2025\/01\/IMG_7345-2-1-768x1024.jpeg\" alt=\"\" class=\"wp-image-10531 size-full\" srcset=\"https:\/\/agora.xtec.cat\/escola-auro\/wp-content\/uploads\/usu1037\/2025\/01\/IMG_7345-2-1-768x1024.jpeg 768w, https:\/\/agora.xtec.cat\/escola-auro\/wp-content\/uploads\/usu1037\/2025\/01\/IMG_7345-2-1-225x300.jpeg 225w, https:\/\/agora.xtec.cat\/escola-auro\/wp-content\/uploads\/usu1037\/2025\/01\/IMG_7345-2-1-1152x1536.jpeg 1152w, https:\/\/agora.xtec.cat\/escola-auro\/wp-content\/uploads\/usu1037\/2025\/01\/IMG_7345-2-1-1536x2048.jpeg 1536w, https:\/\/agora.xtec.cat\/escola-auro\/wp-content\/uploads\/usu1037\/2025\/01\/IMG_7345-2-1-scaled.jpeg 1920w\" sizes=\"auto, (max-width: 768px) 100vw, 768px\" \/><\/figure><div class=\"wp-block-media-text__content\">\n<ol class=\"wp-block-list\">\n<li><strong>Laboratori de nombres<\/strong>: cobreix numeraci\u00f3 i c\u00e0lcul, el bloc amb m\u00e9s pes durant l\u2019etapa d\u2019educaci\u00f3 prim\u00e0ria, especialment a cicle inicial, i que estableix els fonaments de l\u2019aprenentatge matem\u00e0tic. Els conceptes s\u2019hi presenten de manera c\u00edclica, tant al llarg de tot el curs com dins de cada trimestre, amb un increment progressiu de la dificultat.<\/li>\n\n\n\n<li><strong>Aventures i reptes matem\u00e0tics<\/strong>: cobreix la resta de blocs (relacions i canvi, espai i forma, mesura i estad\u00edstica i atzar) sense perdre de vista numeraci\u00f3 i c\u00e0lcul. Els conceptes s\u2019hi presenten en forma de reptes guiats i contextualitzats dins d\u2019hist\u00f2ries de fantasia.<\/li>\n\n\n\n<li><strong>Plataforma<\/strong>: permet la pr\u00e0ctica individual a l\u2019aula d\u2019activitats de tots els blocs de continguts. La seva aparici\u00f3 es regula en funci\u00f3 de les necessitats individuals. Les activitats ofereixen ajudes i explicacions adaptades al nivell de cada infant.<\/li>\n<\/ol>\n<\/div><\/div>\n","protected":false},"excerpt":{"rendered":"<p>Innovamat \u00e9s una metodologia educativa enfocada en l\u2019aprenentatge de les matem\u00e0tiques, dissenyada per fer aquest proc\u00e9s m\u00e9s competencial, motivador i [&hellip;]<\/p>\n","protected":false},"author":1,"featured_media":0,"parent":6243,"menu_order":0,"comment_status":"closed","ping_status":"close","template":"","meta":{"_bbp_topic_count":0,"_bbp_reply_count":0,"_bbp_total_topic_count":0,"_bbp_total_reply_count":0,"_bbp_voice_count":0,"_bbp_anonymous_reply_count":0,"_bbp_topic_count_hidden":0,"_bbp_reply_count_hidden":0,"_bbp_forum_subforum_count":0,"site-sidebar-layout":"default","site-content-layout":"","ast-site-content-layout":"default","site-content-style":"default","site-sidebar-style":"default","ast-global-header-display":"","ast-banner-title-visibility":"","ast-main-header-display":"","ast-hfb-above-header-display":"","ast-hfb-below-header-display":"","ast-hfb-mobile-header-display":"","site-post-title":"","ast-breadcrumbs-content":"","ast-featured-img":"","footer-sml-layout":"","theme-transparent-header-meta":"","adv-header-id-meta":"","stick-header-meta":"","header-above-stick-meta":"","header-main-stick-meta":"","header-below-stick-meta":"","astra-migrate-meta-layouts":"set","ast-page-background-enabled":"default","ast-page-background-meta":{"desktop":{"background-color":"var(--ast-global-color-4)","background-image":"","background-repeat":"repeat","background-position":"center center","background-size":"auto","background-attachment":"scroll","background-type":"","background-media":"","overlay-type":"","overlay-color":"","overlay-opacity":"","overlay-gradient":""},"tablet":{"background-color":"","background-image":"","background-repeat":"repeat","background-position":"center center","background-size":"auto","background-attachment":"scroll","background-type":"","background-media":"","overlay-type":"","overlay-color":"","overlay-opacity":"","overlay-gradient":""},"mobile":{"background-color":"","background-image":"","background-repeat":"repeat","background-position":"center center","background-size":"auto","background-attachment":"scroll","background-type":"","background-media":"","overlay-type":"","overlay-color":"","overlay-opacity":"","overlay-gradient":""}},"ast-content-background-meta":{"desktop":{"background-color":"var(--ast-global-color-5)","background-image":"","background-repeat":"repeat","background-position":"center center","background-size":"auto","background-attachment":"scroll","background-type":"","background-media":"","overlay-type":"","overlay-color":"","overlay-opacity":"","overlay-gradient":""},"tablet":{"background-color":"var(--ast-global-color-5)","background-image":"","background-repeat":"repeat","background-position":"center center","background-size":"auto","background-attachment":"scroll","background-type":"","background-media":"","overlay-type":"","overlay-color":"","overlay-opacity":"","overlay-gradient":""},"mobile":{"background-color":"var(--ast-global-color-5)","background-image":"","background-repeat":"repeat","background-position":"center center","background-size":"auto","background-attachment":"scroll","background-type":"","background-media":"","overlay-type":"","overlay-color":"","overlay-opacity":"","overlay-gradient":""}},"footnotes":""},"class_list":["post-10513","page","type-page","status-publish","hentry"],"post_mailing_queue_ids":[],"_links":{"self":[{"href":"https:\/\/agora.xtec.cat\/escola-auro\/wp-json\/wp\/v2\/pages\/10513","targetHints":{"allow":["GET"]}}],"collection":[{"href":"https:\/\/agora.xtec.cat\/escola-auro\/wp-json\/wp\/v2\/pages"}],"about":[{"href":"https:\/\/agora.xtec.cat\/escola-auro\/wp-json\/wp\/v2\/types\/page"}],"author":[{"embeddable":true,"href":"https:\/\/agora.xtec.cat\/escola-auro\/wp-json\/wp\/v2\/users\/1"}],"replies":[{"embeddable":true,"href":"https:\/\/agora.xtec.cat\/escola-auro\/wp-json\/wp\/v2\/comments?post=10513"}],"version-history":[{"count":6,"href":"https:\/\/agora.xtec.cat\/escola-auro\/wp-json\/wp\/v2\/pages\/10513\/revisions"}],"predecessor-version":[{"id":10546,"href":"https:\/\/agora.xtec.cat\/escola-auro\/wp-json\/wp\/v2\/pages\/10513\/revisions\/10546"}],"up":[{"embeddable":true,"href":"https:\/\/agora.xtec.cat\/escola-auro\/wp-json\/wp\/v2\/pages\/6243"}],"wp:attachment":[{"href":"https:\/\/agora.xtec.cat\/escola-auro\/wp-json\/wp\/v2\/media?parent=10513"}],"curies":[{"name":"wp","href":"https:\/\/api.w.org\/{rel}","templated":true}]}}