{"id":10386,"date":"2025-01-15T17:15:44","date_gmt":"2025-01-15T16:15:44","guid":{"rendered":"https:\/\/agora.xtec.cat\/escola-auro\/?page_id=10386"},"modified":"2025-02-12T17:22:08","modified_gmt":"2025-02-12T16:22:08","slug":"faig","status":"publish","type":"page","link":"https:\/\/agora.xtec.cat\/escola-auro\/lescola\/projectes-descola\/faig\/","title":{"rendered":"FAIG"},"content":{"rendered":"\n<p>El&nbsp;<strong><a href=\"https:\/\/serveiseducatius.xtec.cat\/cesire\/faig-fent-per-aprendre-imaginant-globalment\/\" target=\"_blank\" rel=\"noreferrer noopener\">Programa experimental Fent per Aprendre, Imaginant Globalment \u201cFAIG&#8221;<\/a><\/strong>, ofereix un acompanyament intensiu als centres participants, amb el prop\u00f2sit d\u2019impulsar canvis pedag\u00f2gics profunds i fonamentats en la recerca, envers la creaci\u00f3 de nous entorns d\u2019aprenentatge amb sentit que situ\u00efn l\u2019alumnat com a protagonista actiu i comprom\u00e8s. El programa facilita un marc de refer\u00e8ncia pedag\u00f2gic que fonamenta l\u2019aprenentatge per projectes \u201cmaker\u201d com una oportunitat per connectar el curr\u00edculum amb la vida de les persones aprenents i abordar els desafiaments socials actuals i reptes de futur, impulsant la personalitzaci\u00f3, l\u2019empoderament, la creativitat i la consci\u00e8ncia cr\u00edtica, a mesura que aprenen i es construeixen com a habitants del m\u00f3n amb capacitat d\u2019actuar per a millorar-lo.<\/p>\n\n\n\n<div class=\"wp-block-getwid-media-text-slider wp-block-getwid-media-text-slider--current-slide-1 has-arrows-outside has-dots-outside\" data-labels=\"[&quot;Slide 1&quot;,&quot;Slide 2&quot;,&quot;Slide 3&quot;,&quot;Slide 4&quot;]\" data-animation=\"fadeIn\" data-duration=\"1500ms\" data-delay=\"0ms\"><div class=\"wp-block-getwid-media-text-slider__slides-wrapper\"><div class=\"wp-block-getwid-media-text-slider__content\" data-slide-autoplay=\"false\" data-slide-pause-on-hover=\"true\" data-slide-autoplay-speed=\"5000\" data-slide-speed=\"1000\" data-infinite=\"true\">\n<div style=\"min-height:600px\" class=\"wp-block-getwid-media-text-slider-slide wp-block-getwid-media-text-slider-slide__content-wrapper slide-1\"><div style=\"min-height:600px\" class=\"wp-block-getwid-media-text-slider-slide__content\">\n<div class=\"wp-block-getwid-media-text-slider-slide-content\"><figure class=\"wp-block-getwid-media-text-slider-slide-content__media\"><img loading=\"lazy\" decoding=\"async\" width=\"1280\" height=\"1032\" src=\"https:\/\/agora.xtec.cat\/escola-auro\/wp-content\/uploads\/usu1037\/2025\/02\/IMG_7610-Gran-1.jpeg\" alt=\"\" class=\"wp-block-getwid-media-text-slider-slide-content__image wp-image-10655\" srcset=\"https:\/\/agora.xtec.cat\/escola-auro\/wp-content\/uploads\/usu1037\/2025\/02\/IMG_7610-Gran-1.jpeg 1280w, https:\/\/agora.xtec.cat\/escola-auro\/wp-content\/uploads\/usu1037\/2025\/02\/IMG_7610-Gran-1-300x242.jpeg 300w, https:\/\/agora.xtec.cat\/escola-auro\/wp-content\/uploads\/usu1037\/2025\/02\/IMG_7610-Gran-1-1024x826.jpeg 1024w, https:\/\/agora.xtec.cat\/escola-auro\/wp-content\/uploads\/usu1037\/2025\/02\/IMG_7610-Gran-1-768x619.jpeg 768w\" sizes=\"auto, (max-width: 1280px) 100vw, 1280px\" \/><div class=\"wp-block-getwid-media-text-slider-slide-content__media-overlay\" style=\"opacity:0.3\"><\/div><\/figure><div class=\"wp-block-getwid-media-text-slider-slide-content__content\"><div class=\"wp-block-getwid-media-text-slider-slide-content__content-wrapper\">\n<h2 class=\"wp-block-heading\">Talladora l\u00e0ser<\/h2>\n\n\n\n<p><\/p>\n<\/div><\/div><\/div>\n<\/div><\/div>\n\n\n\n<div style=\"min-height:600px\" class=\"wp-block-getwid-media-text-slider-slide wp-block-getwid-media-text-slider-slide__content-wrapper slide-2\"><div style=\"min-height:600px\" class=\"wp-block-getwid-media-text-slider-slide__content\">\n<div class=\"wp-block-getwid-media-text-slider-slide-content\"><figure class=\"wp-block-getwid-media-text-slider-slide-content__media\"><img loading=\"lazy\" decoding=\"async\" width=\"1280\" height=\"960\" src=\"https:\/\/agora.xtec.cat\/escola-auro\/wp-content\/uploads\/usu1037\/2025\/02\/IMG_7651-Gran.jpeg\" alt=\"\" class=\"wp-block-getwid-media-text-slider-slide-content__image wp-image-10637\" srcset=\"https:\/\/agora.xtec.cat\/escola-auro\/wp-content\/uploads\/usu1037\/2025\/02\/IMG_7651-Gran.jpeg 1280w, https:\/\/agora.xtec.cat\/escola-auro\/wp-content\/uploads\/usu1037\/2025\/02\/IMG_7651-Gran-300x225.jpeg 300w, https:\/\/agora.xtec.cat\/escola-auro\/wp-content\/uploads\/usu1037\/2025\/02\/IMG_7651-Gran-1024x768.jpeg 1024w, https:\/\/agora.xtec.cat\/escola-auro\/wp-content\/uploads\/usu1037\/2025\/02\/IMG_7651-Gran-768x576.jpeg 768w\" sizes=\"auto, (max-width: 1280px) 100vw, 1280px\" \/><div class=\"wp-block-getwid-media-text-slider-slide-content__media-overlay\" style=\"opacity:0.3\"><\/div><\/figure><div class=\"wp-block-getwid-media-text-slider-slide-content__content\"><div class=\"wp-block-getwid-media-text-slider-slide-content__content-wrapper\">\n<h2 class=\"wp-block-heading\">Pl\u00f2ter de tall<\/h2>\n<\/div><\/div><\/div>\n<\/div><\/div>\n\n\n\n<div style=\"min-height:600px\" class=\"wp-block-getwid-media-text-slider-slide wp-block-getwid-media-text-slider-slide__content-wrapper slide-3\"><div style=\"min-height:600px\" class=\"wp-block-getwid-media-text-slider-slide__content\">\n<div class=\"wp-block-getwid-media-text-slider-slide-content\"><figure class=\"wp-block-getwid-media-text-slider-slide-content__media\"><img loading=\"lazy\" decoding=\"async\" width=\"1280\" height=\"1043\" src=\"https:\/\/agora.xtec.cat\/escola-auro\/wp-content\/uploads\/usu1037\/2025\/02\/IMG_7650-Gran-1.jpeg\" alt=\"\" class=\"wp-block-getwid-media-text-slider-slide-content__image wp-image-10671\" srcset=\"https:\/\/agora.xtec.cat\/escola-auro\/wp-content\/uploads\/usu1037\/2025\/02\/IMG_7650-Gran-1.jpeg 1280w, https:\/\/agora.xtec.cat\/escola-auro\/wp-content\/uploads\/usu1037\/2025\/02\/IMG_7650-Gran-1-300x244.jpeg 300w, https:\/\/agora.xtec.cat\/escola-auro\/wp-content\/uploads\/usu1037\/2025\/02\/IMG_7650-Gran-1-1024x834.jpeg 1024w, https:\/\/agora.xtec.cat\/escola-auro\/wp-content\/uploads\/usu1037\/2025\/02\/IMG_7650-Gran-1-768x626.jpeg 768w\" sizes=\"auto, (max-width: 1280px) 100vw, 1280px\" \/><div class=\"wp-block-getwid-media-text-slider-slide-content__media-overlay\" style=\"opacity:0.3\"><\/div><\/figure><div class=\"wp-block-getwid-media-text-slider-slide-content__content\"><div class=\"wp-block-getwid-media-text-slider-slide-content__content-wrapper\">\n<h2 class=\"wp-block-heading\">Brodadora digital<\/h2>\n<\/div><\/div><\/div>\n<\/div><\/div>\n\n\n\n<div style=\"min-height:600px\" class=\"wp-block-getwid-media-text-slider-slide wp-block-getwid-media-text-slider-slide__content-wrapper slide-4\"><div style=\"min-height:600px\" class=\"wp-block-getwid-media-text-slider-slide__content\">\n<div class=\"wp-block-getwid-media-text-slider-slide-content\"><figure class=\"wp-block-getwid-media-text-slider-slide-content__media\"><img loading=\"lazy\" decoding=\"async\" width=\"1280\" height=\"960\" src=\"https:\/\/agora.xtec.cat\/escola-auro\/wp-content\/uploads\/usu1037\/2025\/02\/IMG_7611-Gran.jpeg\" alt=\"\" class=\"wp-block-getwid-media-text-slider-slide-content__image wp-image-10635\" srcset=\"https:\/\/agora.xtec.cat\/escola-auro\/wp-content\/uploads\/usu1037\/2025\/02\/IMG_7611-Gran.jpeg 1280w, https:\/\/agora.xtec.cat\/escola-auro\/wp-content\/uploads\/usu1037\/2025\/02\/IMG_7611-Gran-300x225.jpeg 300w, https:\/\/agora.xtec.cat\/escola-auro\/wp-content\/uploads\/usu1037\/2025\/02\/IMG_7611-Gran-1024x768.jpeg 1024w, https:\/\/agora.xtec.cat\/escola-auro\/wp-content\/uploads\/usu1037\/2025\/02\/IMG_7611-Gran-768x576.jpeg 768w\" sizes=\"auto, (max-width: 1280px) 100vw, 1280px\" \/><div class=\"wp-block-getwid-media-text-slider-slide-content__media-overlay\" style=\"opacity:0.3\"><\/div><\/figure><div class=\"wp-block-getwid-media-text-slider-slide-content__content\"><div class=\"wp-block-getwid-media-text-slider-slide-content__content-wrapper\">\n<h2 class=\"wp-block-heading\">Impressi\u00f3 3D<\/h2>\n<\/div><\/div><\/div>\n<\/div><\/div>\n<\/div><\/div><\/div>\n","protected":false},"excerpt":{"rendered":"<p>El&nbsp;Programa experimental Fent per Aprendre, Imaginant Globalment \u201cFAIG&#8221;, ofereix un acompanyament intensiu als centres participants, amb el prop\u00f2sit d\u2019impulsar canvis [&hellip;]<\/p>\n","protected":false},"author":1,"featured_media":0,"parent":6243,"menu_order":0,"comment_status":"closed","ping_status":"close","template":"","meta":{"_bbp_topic_count":0,"_bbp_reply_count":0,"_bbp_total_topic_count":0,"_bbp_total_reply_count":0,"_bbp_voice_count":0,"_bbp_anonymous_reply_count":0,"_bbp_topic_count_hidden":0,"_bbp_reply_count_hidden":0,"_bbp_forum_subforum_count":0,"site-sidebar-layout":"default","site-content-layout":"","ast-site-content-layout":"default","site-content-style":"default","site-sidebar-style":"default","ast-global-header-display":"","ast-banner-title-visibility":"","ast-main-header-display":"","ast-hfb-above-header-display":"","ast-hfb-below-header-display":"","ast-hfb-mobile-header-display":"","site-post-title":"","ast-breadcrumbs-content":"","ast-featured-img":"","footer-sml-layout":"","theme-transparent-header-meta":"","adv-header-id-meta":"","stick-header-meta":"","header-above-stick-meta":"","header-main-stick-meta":"","header-below-stick-meta":"","astra-migrate-meta-layouts":"set","ast-page-background-enabled":"default","ast-page-background-meta":{"desktop":{"background-color":"var(--ast-global-color-4)","background-image":"","background-repeat":"repeat","background-position":"center center","background-size":"auto","background-attachment":"scroll","background-type":"","background-media":"","overlay-type":"","overlay-color":"","overlay-opacity":"","overlay-gradient":""},"tablet":{"background-color":"","background-image":"","background-repeat":"repeat","background-position":"center center","background-size":"auto","background-attachment":"scroll","background-type":"","background-media":"","overlay-type":"","overlay-color":"","overlay-opacity":"","overlay-gradient":""},"mobile":{"background-color":"","background-image":"","background-repeat":"repeat","background-position":"center center","background-size":"auto","background-attachment":"scroll","background-type":"","background-media":"","overlay-type":"","overlay-color":"","overlay-opacity":"","overlay-gradient":""}},"ast-content-background-meta":{"desktop":{"background-color":"var(--ast-global-color-5)","background-image":"","background-repeat":"repeat","background-position":"center center","background-size":"auto","background-attachment":"scroll","background-type":"","background-media":"","overlay-type":"","overlay-color":"","overlay-opacity":"","overlay-gradient":""},"tablet":{"background-color":"var(--ast-global-color-5)","background-image":"","background-repeat":"repeat","background-position":"center center","background-size":"auto","background-attachment":"scroll","background-type":"","background-media":"","overlay-type":"","overlay-color":"","overlay-opacity":"","overlay-gradient":""},"mobile":{"background-color":"var(--ast-global-color-5)","background-image":"","background-repeat":"repeat","background-position":"center center","background-size":"auto","background-attachment":"scroll","background-type":"","background-media":"","overlay-type":"","overlay-color":"","overlay-opacity":"","overlay-gradient":""}},"footnotes":""},"class_list":["post-10386","page","type-page","status-publish","hentry"],"post_mailing_queue_ids":[],"_links":{"self":[{"href":"https:\/\/agora.xtec.cat\/escola-auro\/wp-json\/wp\/v2\/pages\/10386","targetHints":{"allow":["GET"]}}],"collection":[{"href":"https:\/\/agora.xtec.cat\/escola-auro\/wp-json\/wp\/v2\/pages"}],"about":[{"href":"https:\/\/agora.xtec.cat\/escola-auro\/wp-json\/wp\/v2\/types\/page"}],"author":[{"embeddable":true,"href":"https:\/\/agora.xtec.cat\/escola-auro\/wp-json\/wp\/v2\/users\/1"}],"replies":[{"embeddable":true,"href":"https:\/\/agora.xtec.cat\/escola-auro\/wp-json\/wp\/v2\/comments?post=10386"}],"version-history":[{"count":6,"href":"https:\/\/agora.xtec.cat\/escola-auro\/wp-json\/wp\/v2\/pages\/10386\/revisions"}],"predecessor-version":[{"id":10672,"href":"https:\/\/agora.xtec.cat\/escola-auro\/wp-json\/wp\/v2\/pages\/10386\/revisions\/10672"}],"up":[{"embeddable":true,"href":"https:\/\/agora.xtec.cat\/escola-auro\/wp-json\/wp\/v2\/pages\/6243"}],"wp:attachment":[{"href":"https:\/\/agora.xtec.cat\/escola-auro\/wp-json\/wp\/v2\/media?parent=10386"}],"curies":[{"name":"wp","href":"https:\/\/api.w.org\/{rel}","templated":true}]}}