{"id":17616,"date":"2024-05-22T18:37:03","date_gmt":"2024-05-22T16:37:03","guid":{"rendered":"https:\/\/agora.xtec.cat\/escola-ateneu-igualadi\/?page_id=17616"},"modified":"2024-05-28T16:37:04","modified_gmt":"2024-05-28T14:37:04","slug":"planificacio","status":"publish","type":"page","link":"https:\/\/agora.xtec.cat\/escola-ateneu-igualadi\/planificacio\/","title":{"rendered":"Planificaci\u00f3"},"content":{"rendered":"<p style=\"text-align: justify;\"><strong>Assoliment de la compet\u00e8ncia digital<\/strong><\/p>\n<p style=\"text-align: justify;\">1. Assegurar l&#8217;assoliment de la compet\u00e8ncia digital de l&#8217;alumnat corresponent al seu nivell.<\/p>\n<table style=\"width: 100%;\">\n<tbody>\n<tr>\n<td style=\"width: 82.4324%;\">ACCIONS<\/td>\n<td style=\"width: 8.51351%;\">INICI<\/td>\n<td style=\"width: 7.97297%;\">FINAL<\/td>\n<\/tr>\n<tr>\n<td style=\"width: 82.4324%;\">1.1. Avaluaci\u00f3 i millora de l&#8217;EDC.<\/td>\n<td style=\"width: 8.51351%;\">23-24<\/td>\n<td style=\"width: 7.97297%;\">26-27<\/td>\n<\/tr>\n<tr>\n<td style=\"width: 82.4324%;\">1.2.. Establir el comprom\u00eds i la coordinaci\u00f3 per la implementaci\u00f3 d&#8217;activitats d&#8217;aprenentatge digital.<\/td>\n<td style=\"width: 8.51351%;\">23-24<\/td>\n<td style=\"width: 7.97297%;\">23-24<\/td>\n<\/tr>\n<\/tbody>\n<\/table>\n<p style=\"text-align: justify;\">2. Definir el desplegament curricular complet de la compet\u00e8ncia digital de l&#8217;alumnat.<\/p>\n<table>\n<tbody>\n<tr>\n<td style=\"width: 82.4324%;\">ACCIONS<\/td>\n<td style=\"width: 8.51351%;\">INICI<\/td>\n<td style=\"width: 7.97297%;\">FINAL<\/td>\n<\/tr>\n<tr>\n<td style=\"width: 82.4324%;\">2.1.Assoliment de consens en claustre de les eines de recerca.<\/td>\n<td style=\"width: 8.51351%;\">24-25<\/td>\n<td style=\"width: 7.97297%;\">24-25<\/td>\n<\/tr>\n<tr>\n<td style=\"width: 82.4324%;\">2.2.Implementaci\u00f3 del proc\u00e9s a seguir en la recerca d&#8217;informaci\u00f3.<\/td>\n<td style=\"width: 8.51351%;\">24-25<\/td>\n<td style=\"width: 7.97297%;\">24-25<\/td>\n<\/tr>\n<tr>\n<td style=\"width: 82.4324%;\">2.3.Establiment a cada comunitat de les aplicacions o eines de creaci\u00f3 de contingut digital. Recollida\/ Disseny de les activitats relacionades amb la compet\u00e8ncia digital que es realitzen a cada equip docent&#8230; T\u00e8cniques de recerca, creaci\u00f3 de documents, \u00fas de les eines de comunicaci\u00f3, etc&#8230;<\/td>\n<td style=\"width: 8.51351%;\">24-25<\/td>\n<td style=\"width: 7.97297%;\">24-25<\/td>\n<\/tr>\n<tr>\n<td style=\"width: 82.4324%;\">2.4.Implementaci\u00f3 de la rob\u00f2tica, activitats, distribuci\u00f3 en els cicles, en espais del centre.<\/td>\n<td style=\"width: 8.51351%;\">23-24<\/td>\n<td style=\"width: 7.97297%;\">24-25<\/td>\n<\/tr>\n<\/tbody>\n<\/table>\n<p style=\"text-align: justify;\">3. Crear un pla de comunicaci\u00f3.<\/p>\n<table style=\"width: 100.541%;\">\n<tbody>\n<tr>\n<td style=\"width: 82.4324%;\">ACCIONS<\/td>\n<td style=\"width: 8.51351%;\">INICI<\/td>\n<td style=\"width: 8.51351%;\">FINAL<\/td>\n<\/tr>\n<tr>\n<td style=\"width: 82.4324%;\">3.1. Modificaci\u00f3 i ampliaci\u00f3 del Pla d&#8217;acollida.<\/td>\n<td style=\"width: 8.51351%;\">23-24<\/td>\n<td style=\"width: 8.51351%;\">23-24<\/td>\n<\/tr>\n<tr>\n<td style=\"width: 82.4324%;\">3.2. Millora de l&#8217;acollida digital del professorat.<\/td>\n<td style=\"width: 8.51351%;\">23-24<\/td>\n<td style=\"width: 8.51351%;\">23-24<\/td>\n<\/tr>\n<tr>\n<td style=\"width: 82.4324%;\">3.3. Redacci\u00f3 del pla d&#8217;acollida per les fam\u00edlies i els alumnes amb un apartat digital.<\/td>\n<td style=\"width: 8.51351%;\">23-24<\/td>\n<td style=\"width: 8.51351%;\">23-24<\/td>\n<\/tr>\n<\/tbody>\n<\/table>\n<p style=\"text-align: justify;\"><strong>Seguretat i protecci\u00f3 de dades<\/strong><\/p>\n<p style=\"text-align: justify;\">4. Formar tota la comunitat educativa en seguretat a internet.<\/p>\n<table style=\"width: 99.8645%;\">\n<tbody>\n<tr>\n<td style=\"width: 82.4324%;\">ACCIONS<\/td>\n<td style=\"width: 8.51351%;\">INICI<\/td>\n<td style=\"width: 7.84002%;\">FINAL<\/td>\n<\/tr>\n<tr>\n<td style=\"width: 82.4324%;\">4.1. Organitzaci\u00f3 de formaci\u00f3 pel professorat.<\/td>\n<td style=\"width: 8.51351%;\">23-24<\/td>\n<td style=\"width: 7.84002%;\">23-24<\/td>\n<\/tr>\n<tr>\n<td style=\"width: 82.4324%;\">4.2. Organitzaci\u00f3 d&#8217;una xerrada per les fam\u00edlies i els alumnes.<\/td>\n<td style=\"width: 8.51351%;\">23-24<\/td>\n<td style=\"width: 7.84002%;\">23-24<\/td>\n<\/tr>\n<\/tbody>\n<\/table>\n<p style=\"text-align: justify;\"><strong>Planificaci\u00f3 estrat\u00e8gica i organitzaci\u00f3 <\/strong><\/p>\n<p style=\"text-align: justify;\">5. Promoure en el claustre provar noves formes d&#8217;ensenyament amb tecnologies digitals.<\/p>\n<table>\n<tbody>\n<tr>\n<td style=\"width: 82.4324%;\">ACCIONS<\/td>\n<td style=\"width: 8.51351%;\">INICI<\/td>\n<td style=\"width: 8.37838%;\">FINAL<\/td>\n<\/tr>\n<tr>\n<td style=\"width: 82.4324%;\">5.1 Coordinaci\u00f3 de trobades del claustre d&#8217;intercanvi d&#8217;experi\u00e8ncies sobre l&#8217;ensenyament amb tecnologies digitals per augmentar-ne l&#8217;\u00fas.<\/td>\n<td style=\"width: 8.51351%;\">24-25<\/td>\n<td style=\"width: 8.37838%;\">24-25<\/td>\n<\/tr>\n<\/tbody>\n<\/table>\n<p style=\"text-align: justify;\"><strong>Metodologies did\u00e0ctiques i innovaci\u00f3<\/strong><\/p>\n<p style=\"text-align: justify;\">6. Potenciar l&#8217;\u00fas dels EVA com a eina de transmissi\u00f3 de continguts i activitats als alumnes.<\/p>\n<table style=\"width: 99.6213%;\">\n<tbody>\n<tr>\n<td style=\"width: 81.9918%;\">ACCIONS<\/td>\n<td style=\"width: 8.59482%;\">INICI<\/td>\n<td style=\"width: 8.59482%;\">FINAL<\/td>\n<\/tr>\n<tr>\n<td style=\"width: 81.9918%;\">6.1. Incorporaci\u00f3 d&#8217;activitats en grup basades en projectes i sobretot altres mat\u00e8ries on els alumnes treballin a trav\u00e9s de documents compartits.<\/td>\n<td style=\"width: 8.59482%;\">24-25<\/td>\n<td style=\"width: 8.59482%;\">24-25<\/td>\n<\/tr>\n<tr>\n<td style=\"width: 81.9918%;\">6.2. Implementar la utilitzaci\u00f3 de r\u00fabriques d&#8217;autoavaluaci\u00f3 mitjan\u00e7ant el classroom.<\/td>\n<td style=\"width: 8.59482%;\">24-25<\/td>\n<td style=\"width: 8.59482%;\">24-25<\/td>\n<\/tr>\n<tr>\n<td style=\"width: 81.9918%;\">6.3. Repartiment durant l&#8217;etapa de prim\u00e0ria l&#8217;\u00fas de cada EVA.<\/td>\n<td style=\"width: 8.59482%;\">23-24<\/td>\n<td style=\"width: 8.59482%;\">23-24<\/td>\n<\/tr>\n<tr>\n<td style=\"width: 81.9918%;\">6.4. Utilitzaci\u00f3 d&#8217;aplicacions i eines digitals en els projectes.<\/td>\n<td style=\"width: 8.59482%;\">25-26<\/td>\n<td style=\"width: 8.59482%;\">25-26<\/td>\n<\/tr>\n<\/tbody>\n<\/table>\n<p style=\"text-align: justify;\"><strong>Inclusi\u00f3 digital i de g\u00e8nere <\/strong><\/p>\n<p style=\"text-align: justify;\">7. Dotar de MIFI&#8217;s a les fam\u00edlies que tenen problemes de connectivitat.<\/p>\n<table style=\"width: 100.27%;\">\n<tbody>\n<tr style=\"text-align: justify;\">\n<td style=\"width: 82.2973%;\">ACCIONS<\/td>\n<td style=\"width: 8.51351%;\">INICI<\/td>\n<td style=\"width: 8.24324%;\">FINAL<\/td>\n<\/tr>\n<tr style=\"text-align: justify;\">\n<td style=\"width: 82.2973%;\">7.1. Detecci\u00f3 de les fam\u00edlies necessitades.<\/td>\n<td style=\"width: 8.51351%;\">23-24<\/td>\n<td style=\"width: 8.24324%;\">26-27<\/td>\n<\/tr>\n<tr>\n<td style=\"width: 82.2973%; text-align: justify;\">7.2. Repartiment de les MIFI&#8217;s.<\/td>\n<td style=\"width: 8.51351%; text-align: justify;\">23-24<\/td>\n<td style=\"width: 8.24324%; text-align: justify;\">26-27<\/td>\n<\/tr>\n<\/tbody>\n<\/table>\n","protected":false},"excerpt":{"rendered":"<p>Assoliment de la compet\u00e8ncia digital 1. Assegurar l&#8217;assoliment de la compet\u00e8ncia digital de l&#8217;alumnat corresponent al seu nivell. ACCIONS INICI FINAL 1.1. Avaluaci\u00f3 i millora de l&#8217;EDC. 23-24 26-27 1.2.. Establir el comprom\u00eds i la coordinaci\u00f3 per la implementaci\u00f3 d&#8217;activitats d&#8217;aprenentatge digital. 23-24 23-24 2. Definir el desplegament curricular complet de la compet\u00e8ncia digital de [&hellip;]<\/p>\n","protected":false},"author":1,"featured_media":0,"parent":0,"menu_order":0,"comment_status":"closed","ping_status":"closed","template":"","meta":{"_bbp_topic_count":0,"_bbp_reply_count":0,"_bbp_total_topic_count":0,"_bbp_total_reply_count":0,"_bbp_voice_count":0,"_bbp_anonymous_reply_count":0,"_bbp_topic_count_hidden":0,"_bbp_reply_count_hidden":0,"_bbp_forum_subforum_count":0,"site-sidebar-layout":"default","site-content-layout":"","ast-site-content-layout":"","site-content-style":"default","site-sidebar-style":"default","ast-global-header-display":"","ast-banner-title-visibility":"","ast-main-header-display":"","ast-hfb-above-header-display":"","ast-hfb-below-header-display":"","ast-hfb-mobile-header-display":"","site-post-title":"","ast-breadcrumbs-content":"","ast-featured-img":"","footer-sml-layout":"","theme-transparent-header-meta":"","adv-header-id-meta":"","stick-header-meta":"","header-above-stick-meta":"","header-main-stick-meta":"","header-below-stick-meta":"","astra-migrate-meta-layouts":"default","ast-page-background-enabled":"default","ast-page-background-meta":{"desktop":{"background-color":"var(--ast-global-color-4)","background-image":"","background-repeat":"repeat","background-position":"center center","background-size":"auto","background-attachment":"scroll","background-type":"","background-media":"","overlay-type":"","overlay-color":"","overlay-opacity":"","overlay-gradient":""},"tablet":{"background-color":"","background-image":"","background-repeat":"repeat","background-position":"center center","background-size":"auto","background-attachment":"scroll","background-type":"","background-media":"","overlay-type":"","overlay-color":"","overlay-opacity":"","overlay-gradient":""},"mobile":{"background-color":"","background-image":"","background-repeat":"repeat","background-position":"center center","background-size":"auto","background-attachment":"scroll","background-type":"","background-media":"","overlay-type":"","overlay-color":"","overlay-opacity":"","overlay-gradient":""}},"ast-content-background-meta":{"desktop":{"background-color":"var(--ast-global-color-5)","background-image":"","background-repeat":"repeat","background-position":"center center","background-size":"auto","background-attachment":"scroll","background-type":"","background-media":"","overlay-type":"","overlay-color":"","overlay-opacity":"","overlay-gradient":""},"tablet":{"background-color":"var(--ast-global-color-5)","background-image":"","background-repeat":"repeat","background-position":"center center","background-size":"auto","background-attachment":"scroll","background-type":"","background-media":"","overlay-type":"","overlay-color":"","overlay-opacity":"","overlay-gradient":""},"mobile":{"background-color":"var(--ast-global-color-5)","background-image":"","background-repeat":"repeat","background-position":"center center","background-size":"auto","background-attachment":"scroll","background-type":"","background-media":"","overlay-type":"","overlay-color":"","overlay-opacity":"","overlay-gradient":""}},"footnotes":""},"class_list":["post-17616","page","type-page","status-publish","hentry"],"post_mailing_queue_ids":[],"_links":{"self":[{"href":"https:\/\/agora.xtec.cat\/escola-ateneu-igualadi\/wp-json\/wp\/v2\/pages\/17616","targetHints":{"allow":["GET"]}}],"collection":[{"href":"https:\/\/agora.xtec.cat\/escola-ateneu-igualadi\/wp-json\/wp\/v2\/pages"}],"about":[{"href":"https:\/\/agora.xtec.cat\/escola-ateneu-igualadi\/wp-json\/wp\/v2\/types\/page"}],"author":[{"embeddable":true,"href":"https:\/\/agora.xtec.cat\/escola-ateneu-igualadi\/wp-json\/wp\/v2\/users\/1"}],"replies":[{"embeddable":true,"href":"https:\/\/agora.xtec.cat\/escola-ateneu-igualadi\/wp-json\/wp\/v2\/comments?post=17616"}],"version-history":[{"count":7,"href":"https:\/\/agora.xtec.cat\/escola-ateneu-igualadi\/wp-json\/wp\/v2\/pages\/17616\/revisions"}],"predecessor-version":[{"id":17679,"href":"https:\/\/agora.xtec.cat\/escola-ateneu-igualadi\/wp-json\/wp\/v2\/pages\/17616\/revisions\/17679"}],"wp:attachment":[{"href":"https:\/\/agora.xtec.cat\/escola-ateneu-igualadi\/wp-json\/wp\/v2\/media?parent=17616"}],"curies":[{"name":"wp","href":"https:\/\/api.w.org\/{rel}","templated":true}]}}