{"id":17613,"date":"2024-05-22T18:37:02","date_gmt":"2024-05-22T16:37:02","guid":{"rendered":"https:\/\/agora.xtec.cat\/escola-ateneu-igualadi\/?page_id=17613"},"modified":"2024-05-28T16:35:54","modified_gmt":"2024-05-28T14:35:54","slug":"diagnosi","status":"publish","type":"page","link":"https:\/\/agora.xtec.cat\/escola-ateneu-igualadi\/diagnosi\/","title":{"rendered":"Diagnosi"},"content":{"rendered":"<p style=\"text-align: justify;\">PUNTS FEBLES<\/p>\n<p style=\"text-align: justify;\">Aquest \u00e9s el llistat dels punts febles que s&#8217;han detectat despr\u00e9s de l&#8217;avaluaci\u00f3 SELFIE que van respondre el claustre, l&#8217;equip directiu i els alumnes de 5\u00e8 i 6\u00e8 de la nostra Escola durant el curs 22-23.<\/p>\n<table dir=\"ltr\" style=\"width: 98.4458%;\" border=\"1\" cellspacing=\"0\" cellpadding=\"0\" data-sheets-root=\"1\">\n<colgroup>\n<col width=\"292\" \/>\n<col width=\"380\" \/><\/colgroup>\n<tbody>\n<tr>\n<td style=\"width: 43.3878%;\">\u00c0MBIT<\/td>\n<td style=\"width: 64.636%;\">PUNT FEBLE<\/td>\n<\/tr>\n<tr>\n<td style=\"width: 43.3878%;\" data-sheets-value=\"{&quot;1&quot;:2,&quot;2&quot;:&quot;Estrat\u00e8gia digital&quot;}\">Estrat\u00e8gia digital<\/td>\n<td style=\"width: 64.636%; text-align: justify;\" data-sheets-value=\"{&quot;1&quot;:2,&quot;2&quot;:&quot;El nostre equip directiu involucra el professorat en el desenvolupament de l\u2019estrat\u00e8gia digital del centre&quot;}\">Involucrar el professorat en el desenvolupament de l\u2019estrat\u00e8gia digital del centre.<\/td>\n<\/tr>\n<tr>\n<td style=\"width: 43.3878%;\" data-sheets-value=\"{&quot;1&quot;:2,&quot;2&quot;:&quot;Desenvolupament de l\u2019estrat\u00e8gia amb el professorat &quot;}\">Desenvolupament de l\u2019estrat\u00e8gia amb el professorat<\/td>\n<td style=\"width: 64.636%; text-align: justify;\" data-sheets-value=\"{&quot;1&quot;:2,&quot;2&quot;:&quot;Puc comptar amb el suport del nostre equip directiu a l\u2019hora de provar noves formes d\u2019ensenyament amb tecnologies digitals &quot;}\">Suport de l&#8217; equip directiu a l\u2019hora de provar noves formes d\u2019ensenyament amb tecnologies digitals.<\/td>\n<\/tr>\n<tr>\n<td style=\"width: 43.3878%;\" data-sheets-value=\"{&quot;1&quot;:2,&quot;2&quot;:&quot;Noves modalitats d\u2019ensenyament &quot;}\">Noves modalitats d\u2019ensenyament<\/td>\n<td style=\"width: 64.636%; text-align: justify;\" data-sheets-value=\"{&quot;1&quot;:2,&quot;2&quot;:&quot;Puc comptar amb el suport del nostre equip directiu a l\u2019hora de provar noves formes d\u2019ensenyament amb tecnologies digitals &quot;}\">Comptar amb el suport de l&#8217;equip directiu a l\u2019hora de provar noves formes d\u2019ensenyament amb tecnologies digitals.<\/td>\n<\/tr>\n<tr>\n<td style=\"width: 43.3878%;\" data-sheets-value=\"{&quot;1&quot;:2,&quot;2&quot;:&quot;Avaluaci\u00f3 del progr\u00e9s&quot;}\">Avaluaci\u00f3 del progr\u00e9s<\/td>\n<td style=\"width: 64.636%; text-align: justify;\" data-sheets-value=\"{&quot;1&quot;:2,&quot;2&quot;:&quot;Al nostre centre avaluem els nostres progressos\\nen mat\u00e8ria d\u2019ensenyament i aprenentatge amb\\ntecnologies digitals&quot;}\">Avaluar els progressos en mat\u00e8ria d\u2019ensenyament i aprenentatge amb tecnologies digitals.<\/td>\n<\/tr>\n<tr>\n<td style=\"width: 43.3878%;\" data-sheets-value=\"{&quot;1&quot;:2,&quot;2&quot;:&quot;Debat sobre l'\u00fas de la tecnologia&quot;}\">Debat sobre l&#8217;\u00fas de la tecnologia<\/td>\n<td style=\"width: 64.636%; text-align: justify;\" data-sheets-value=\"{&quot;1&quot;:2,&quot;2&quot;:&quot;Al nostre centre debatem sobre els avantatges i\\ndesavantatges de l\u2019ensenyament i\\nl\u2019aprenentatge amb tecnologies digitals&quot;}\">Debatre sobre els avantatges i desavantatges de l\u2019ensenyament i l\u2019aprenentatge amb tecnologies digitals.<\/td>\n<\/tr>\n<tr>\n<td style=\"width: 43.3878%;\" data-sheets-value=\"{&quot;1&quot;:2,&quot;2&quot;:&quot;Col\u00b7laboracions&quot;}\">Col\u00b7laboracions<\/td>\n<td style=\"width: 64.636%; text-align: justify;\" data-sheets-value=\"{&quot;1&quot;:2,&quot;2&quot;:&quot;Al nostre centre utilitzem tecnologies digitals\\nen col\u00b7laborar amb d\u2019altres organitzacions&quot;}\">Utilitzar tecnologies digitals en col\u00b7laborar amb altres organitzacions.<\/td>\n<\/tr>\n<tr>\n<td style=\"width: 43.3878%;\" data-sheets-value=\"{&quot;1&quot;:2,&quot;2&quot;:&quot;Protecci\u00f3 de dades&quot;}\">Protecci\u00f3 de dades<\/td>\n<td style=\"width: 64.636%; text-align: justify;\" data-sheets-value=\"{&quot;1&quot;:2,&quot;2&quot;:&quot;Al nostre centre existeixen sistemes de\\nprotecci\u00f3 de dades&quot;}\">Tenir sistemes de protecci\u00f3 de dades.<\/td>\n<\/tr>\n<tr>\n<td style=\"width: 43.3878%;\" data-sheets-value=\"{&quot;1&quot;:2,&quot;2&quot;:&quot;Necessitats de formaci\u00f3 permanent&quot;}\">Necessitats de formaci\u00f3 permanent<\/td>\n<td style=\"width: 64.636%; text-align: justify;\" data-sheets-value=\"{&quot;1&quot;:2,&quot;2&quot;:&quot;Debatem amb el professorat del nostre centre\\nsobre les seves necessitats de formaci\u00f3\\npermanent quant a l\u2019ensenyament amb\\ntecnologies digitals&quot;}\">Debatre amb el professorat del nostre centre sobre les seves necessitats de formaci\u00f3 permanent en relaci\u00f3 a l\u2019ensenyament amb tecnologies digitals.<\/td>\n<\/tr>\n<tr>\n<td style=\"width: 43.3878%;\" data-sheets-value=\"{&quot;1&quot;:2,&quot;2&quot;:&quot;Intercanvi d'experiencies&quot;}\">Intercanvi d&#8217;experi\u00e8ncies<\/td>\n<td style=\"width: 64.636%; text-align: justify;\" data-sheets-value=\"{&quot;1&quot;:2,&quot;2&quot;:&quot;Ajudem el professorat del centre a intercanviar\\nexperi\u00e8ncies dins de la comunitat educativa\\nsobre l\u2019ensenyament amb tecnologies digitals&quot;}\">Ajudar el professorat del centre a intercanviar experi\u00e8ncies dins de la comunitat educativa sobre l\u2019ensenyament amb tecnologies digitals.<\/td>\n<\/tr>\n<tr>\n<td style=\"width: 43.3878%;\" data-sheets-value=\"{&quot;1&quot;:2,&quot;2&quot;:&quot;Creaci\u00f3 de recursos digitals &quot;}\">Creaci\u00f3 de recursos digitals<\/td>\n<td style=\"width: 64.636%; text-align: justify;\" data-sheets-value=\"{&quot;1&quot;:2,&quot;2&quot;:&quot;Elaboro recursos digitals per refor\u00e7ar el meu m\u00e8tode d\u2019ensenyament &quot;}\">Elaborar recursos digitals per refor\u00e7ar el m\u00e8tode d\u2019ensenyament.<\/td>\n<\/tr>\n<tr>\n<td style=\"width: 43.3878%;\" data-sheets-value=\"{&quot;1&quot;:2,&quot;2&quot;:&quot;\u00das d\u2019entorns virtuals d\u2019aprenentatge &quot;}\">\u00das d\u2019entorns virtuals d\u2019aprenentatge<\/td>\n<td style=\"width: 64.636%; text-align: justify;\" data-sheets-value=\"{&quot;1&quot;:2,&quot;2&quot;:&quot;Utilitzo entorns virtuals d\u2019aprenentatge amb l\u2019alumnat &quot;}\">Utilitzar entorns virtuals d\u2019aprenentatge amb l\u2019alumnat.<\/td>\n<\/tr>\n<tr>\n<td style=\"width: 43.3878%;\" data-sheets-value=\"{&quot;1&quot;:2,&quot;2&quot;:&quot;Foment de la creativitat&quot;}\">Foment de la creativitat<\/td>\n<td style=\"width: 64.636%; text-align: justify;\" data-sheets-value=\"{&quot;1&quot;:2,&quot;2&quot;:&quot;Utilitzo tecnologies digitals per fomentar la creativitat de l\u2019alumnat &quot;}\">Utilitzar tecnologies digitals per fomentar la creativitat de l\u2019alumnat.<\/td>\n<\/tr>\n<tr>\n<td style=\"width: 43.3878%;\" data-sheets-value=\"{&quot;1&quot;:2,&quot;2&quot;:&quot;Inclusi\u00f3 de l\u2019alumnat&quot;}\">Inclusi\u00f3 de l\u2019alumnat<\/td>\n<td style=\"width: 64.636%; text-align: justify;\" data-sheets-value=\"{&quot;1&quot;:2,&quot;2&quot;:&quot;Realitzo activitats d\u2019aprenentatge digitals que motiven l\u2019alumnat &quot;}\">Realitzar activitats d\u2019aprenentatge digitals que motiven l\u2019alumnat.<\/td>\n<\/tr>\n<tr>\n<td style=\"width: 43.3878%;\" data-sheets-value=\"{&quot;1&quot;:2,&quot;2&quot;:&quot;Col\u00b7laboraci\u00f3 de l\u2019alumnat&quot;}\">Col\u00b7laboraci\u00f3 de l\u2019alumnat<\/td>\n<td style=\"width: 64.636%; text-align: justify;\" data-sheets-value=\"{&quot;1&quot;:2,&quot;2&quot;:&quot;Utilitzo tecnologies digitals per facilitar la col\u00b7laboraci\u00f3 entre l\u2019alumnat &quot;}\">Utilitzar tecnologies digitals per facilitar la col\u00b7laboraci\u00f3 entre l\u2019alumnat.<\/td>\n<\/tr>\n<tr>\n<td style=\"width: 43.3878%;\" data-sheets-value=\"{&quot;1&quot;:2,&quot;2&quot;:&quot;Projectes interdisciplinaris &quot;}\">Projectes interdisciplinaris<\/td>\n<td style=\"width: 64.636%; text-align: justify;\" data-sheets-value=\"{&quot;1&quot;:2,&quot;2&quot;:&quot;Fomento en l\u2019alumnat la utilitzaci\u00f3 de tecnologies digitals en projectes interdisciplinaris &quot;}\">Fomentar en l\u2019alumnat la utilitzaci\u00f3 de tecnologies digitals en projectes interdisciplinaris.<\/td>\n<\/tr>\n<tr>\n<td style=\"width: 43.3878%;\" data-sheets-value=\"{&quot;1&quot;:2,&quot;2&quot;:&quot;Avaluaci\u00f3 de les destreses&quot;}\">Avaluaci\u00f3 de les destreses<\/td>\n<td style=\"width: 64.636%; text-align: justify;\" data-sheets-value=\"{&quot;1&quot;:2,&quot;2&quot;:&quot;El nostre professorat utilitza activitats\\nd\u2019aprenentatge digitals que fomenten la\\ncreativitat de l\u2019alumnat&quot;}\">Utilitzar activitats d\u2019aprenentatge digitals que fomenten la creativitat de l\u2019alumnat.<\/td>\n<\/tr>\n<tr>\n<td style=\"width: 43.3878%;\" data-sheets-value=\"{&quot;1&quot;:2,&quot;2&quot;:&quot;Retroalimentaci\u00f3 adequada&quot;}\">Retroalimentaci\u00f3 adequada<\/td>\n<td style=\"width: 64.636%; text-align: justify;\" data-sheets-value=\"{&quot;1&quot;:2,&quot;2&quot;:&quot;El nostre professorat utilitza tecnologies digitals\\nper avaluar les destreses de l\u2019alumnat&quot;}\">Utilitzar tecnologies digitals per avaluar les destreses de l\u2019alumnat.<\/td>\n<\/tr>\n<tr>\n<td style=\"width: 43.3878%;\" data-sheets-value=\"{&quot;1&quot;:2,&quot;2&quot;:&quot;Autoreflexi\u00f3 sobre l'aprenentage&quot;}\">Autoreflexi\u00f3 sobre l&#8217;aprenentatge<\/td>\n<td style=\"width: 64.636%; text-align: justify;\" data-sheets-value=\"{&quot;1&quot;:2,&quot;2&quot;:&quot;El nostre professorat utilitza tecnologies digitals\\nperqu\u00e8 l\u2019alumnat reflexioni sobre el seu\\naprenentatge&quot;}\">Utilitzar tecnologies digitals perqu\u00e8 l\u2019alumnat reflexioni sobre el seu aprenentatge.<\/td>\n<\/tr>\n<tr>\n<td style=\"width: 43.3878%;\" data-sheets-value=\"{&quot;1&quot;:2,&quot;2&quot;:&quot;Comentaris a d'altres alumnes sobre el seu treball&quot;}\">Comentaris a d&#8217;altres alumnes sobre el seu treball<\/td>\n<td style=\"width: 64.636%; text-align: justify;\" data-sheets-value=\"{&quot;1&quot;:2,&quot;2&quot;:&quot;El nostre professorat utilitza tecnologies digitals\\nperqu\u00e8 l\u2019alumnat pugui realitzar observacions\\nconstructives sobre el treball dels seus\\ncompanys&quot;}\">Utilitzar tecnologies digitals perqu\u00e8 l\u2019alumnat pugui realitzar observacions constructives sobre el treball dels seus companys.<\/td>\n<\/tr>\n<tr>\n<td style=\"width: 43.3878%;\" data-sheets-value=\"{&quot;1&quot;:2,&quot;2&quot;:&quot;Atorgar reconeixement al treball dels altres&quot;}\">Atorgar reconeixement al treball dels altres<\/td>\n<td style=\"width: 64.636%; text-align: justify;\" data-sheets-value=\"{&quot;1&quot;:2,&quot;2&quot;:&quot;Al nostre centre l\u2019alumnat apr\u00e8n a donar cr\u00e8dit\\nal treball d\u2019altres persones que ha trobat a internet&quot;}\">Al nostre centre l\u2019alumnat apr\u00e8n a donar cr\u00e8dit al treball d\u2019altres persones que ha trobat a internet.<\/td>\n<\/tr>\n<tr>\n<td style=\"width: 43.3878%;\" data-sheets-value=\"{&quot;1&quot;:2,&quot;2&quot;:&quot;Creaci\u00f3 de continguts digitals &quot;}\">Creaci\u00f3 de continguts digitals<\/td>\n<td style=\"width: 64.636%; text-align: justify;\" data-sheets-value=\"{&quot;1&quot;:2,&quot;2&quot;:&quot;Al nostre centre l\u2019alumnat apr\u00e8n a crear continguts digitals &quot;}\">Al nostre centre l\u2019alumnat apr\u00e8n a crear continguts digitals.<\/td>\n<\/tr>\n<\/tbody>\n<\/table>\n","protected":false},"excerpt":{"rendered":"<p>PUNTS FEBLES Aquest \u00e9s el llistat dels punts febles que s&#8217;han detectat despr\u00e9s de l&#8217;avaluaci\u00f3 SELFIE que van respondre el claustre, l&#8217;equip directiu i els alumnes de 5\u00e8 i 6\u00e8 de la nostra Escola durant el curs 22-23. \u00c0MBIT PUNT FEBLE Estrat\u00e8gia digital Involucrar el professorat en el desenvolupament de l\u2019estrat\u00e8gia digital del centre. Desenvolupament [&hellip;]<\/p>\n","protected":false},"author":1,"featured_media":0,"parent":0,"menu_order":0,"comment_status":"closed","ping_status":"closed","template":"","meta":{"_bbp_topic_count":0,"_bbp_reply_count":0,"_bbp_total_topic_count":0,"_bbp_total_reply_count":0,"_bbp_voice_count":0,"_bbp_anonymous_reply_count":0,"_bbp_topic_count_hidden":0,"_bbp_reply_count_hidden":0,"_bbp_forum_subforum_count":0,"site-sidebar-layout":"default","site-content-layout":"","ast-site-content-layout":"","site-content-style":"default","site-sidebar-style":"default","ast-global-header-display":"","ast-banner-title-visibility":"","ast-main-header-display":"","ast-hfb-above-header-display":"","ast-hfb-below-header-display":"","ast-hfb-mobile-header-display":"","site-post-title":"","ast-breadcrumbs-content":"","ast-featured-img":"","footer-sml-layout":"","theme-transparent-header-meta":"","adv-header-id-meta":"","stick-header-meta":"","header-above-stick-meta":"","header-main-stick-meta":"","header-below-stick-meta":"","astra-migrate-meta-layouts":"default","ast-page-background-enabled":"default","ast-page-background-meta":{"desktop":{"background-color":"var(--ast-global-color-4)","background-image":"","background-repeat":"repeat","background-position":"center center","background-size":"auto","background-attachment":"scroll","background-type":"","background-media":"","overlay-type":"","overlay-color":"","overlay-opacity":"","overlay-gradient":""},"tablet":{"background-color":"","background-image":"","background-repeat":"repeat","background-position":"center center","background-size":"auto","background-attachment":"scroll","background-type":"","background-media":"","overlay-type":"","overlay-color":"","overlay-opacity":"","overlay-gradient":""},"mobile":{"background-color":"","background-image":"","background-repeat":"repeat","background-position":"center center","background-size":"auto","background-attachment":"scroll","background-type":"","background-media":"","overlay-type":"","overlay-color":"","overlay-opacity":"","overlay-gradient":""}},"ast-content-background-meta":{"desktop":{"background-color":"var(--ast-global-color-5)","background-image":"","background-repeat":"repeat","background-position":"center center","background-size":"auto","background-attachment":"scroll","background-type":"","background-media":"","overlay-type":"","overlay-color":"","overlay-opacity":"","overlay-gradient":""},"tablet":{"background-color":"var(--ast-global-color-5)","background-image":"","background-repeat":"repeat","background-position":"center center","background-size":"auto","background-attachment":"scroll","background-type":"","background-media":"","overlay-type":"","overlay-color":"","overlay-opacity":"","overlay-gradient":""},"mobile":{"background-color":"var(--ast-global-color-5)","background-image":"","background-repeat":"repeat","background-position":"center center","background-size":"auto","background-attachment":"scroll","background-type":"","background-media":"","overlay-type":"","overlay-color":"","overlay-opacity":"","overlay-gradient":""}},"footnotes":""},"class_list":["post-17613","page","type-page","status-publish","hentry"],"post_mailing_queue_ids":[],"_links":{"self":[{"href":"https:\/\/agora.xtec.cat\/escola-ateneu-igualadi\/wp-json\/wp\/v2\/pages\/17613","targetHints":{"allow":["GET"]}}],"collection":[{"href":"https:\/\/agora.xtec.cat\/escola-ateneu-igualadi\/wp-json\/wp\/v2\/pages"}],"about":[{"href":"https:\/\/agora.xtec.cat\/escola-ateneu-igualadi\/wp-json\/wp\/v2\/types\/page"}],"author":[{"embeddable":true,"href":"https:\/\/agora.xtec.cat\/escola-ateneu-igualadi\/wp-json\/wp\/v2\/users\/1"}],"replies":[{"embeddable":true,"href":"https:\/\/agora.xtec.cat\/escola-ateneu-igualadi\/wp-json\/wp\/v2\/comments?post=17613"}],"version-history":[{"count":7,"href":"https:\/\/agora.xtec.cat\/escola-ateneu-igualadi\/wp-json\/wp\/v2\/pages\/17613\/revisions"}],"predecessor-version":[{"id":17678,"href":"https:\/\/agora.xtec.cat\/escola-ateneu-igualadi\/wp-json\/wp\/v2\/pages\/17613\/revisions\/17678"}],"wp:attachment":[{"href":"https:\/\/agora.xtec.cat\/escola-ateneu-igualadi\/wp-json\/wp\/v2\/media?parent=17613"}],"curies":[{"name":"wp","href":"https:\/\/api.w.org\/{rel}","templated":true}]}}