{"id":17528,"date":"2024-03-06T12:46:40","date_gmt":"2024-03-06T11:46:40","guid":{"rendered":"https:\/\/agora.xtec.cat\/escola-ateneu-igualadi\/?page_id=17528"},"modified":"2024-05-21T08:29:13","modified_gmt":"2024-05-21T06:29:13","slug":"pas","status":"publish","type":"page","link":"https:\/\/agora.xtec.cat\/escola-ateneu-igualadi\/pas\/","title":{"rendered":"PAS"},"content":{"rendered":"<p style=\"text-align: justify;\">En arribar una persona nova del PAS a l\u2019Escola de l\u2019Ateneu, el centre realitza les seg\u00fcents accions:<\/p>\n<ul>\n<li style=\"text-align: justify;\">Demanar les dades per tal de fer el registre intern de la nova persona.<\/li>\n<li style=\"text-align: justify;\"><strong>Usuari XTEC:<\/strong> En el cas de l&#8217;administratiu\/va, si el t\u00e9, el facilitar\u00e0 per incorporar-lo a la llibreta d\u2019adreces de direcci\u00f3. En el cas que l&#8217;administratiu\/va no disposi d\u2019usuari xtec el\/la director\/a li gestionar\u00e0 l\u2019alta. En el cas de consergeria se li demanar\u00e0 el seu correu personal.<\/li>\n<li style=\"text-align: justify;\"><strong>Ordinador administraci\u00f3:<\/strong> S&#8217;informar\u00e0 a l&#8217;administratiu\/va de l&#8217;usuari i contrasenya per accedir a l&#8217;ordinador de gesti\u00f3 administrativa.<\/li>\n<li style=\"text-align: justify;\"><strong>Clau wifi:<\/strong> Per accedir al serveis wiffi del centre, l&#8217;administratiu\/va haur\u00e0 d\u2019utilitzar la xarxa <strong>EDUROAM<\/strong> per connectar-se. En cas de consergeria i si \u00e9s necess\u00e0ria la connectivitat, el coordinador\/a digital connectar\u00e0 els dispositius necessaris a la xarxa (en cap cas, se li facilitar\u00e0 les claus de la wiffi GENCAT_ENS_EDU)<\/li>\n<li style=\"text-align: justify;\"><strong>Web del centre:\u00a0<\/strong>S\u2019informar\u00e0 al PAS de l\u2019adre\u00e7a de la web del centre per poder-la consultar.<\/li>\n<li style=\"text-align: justify;\"><strong>Impressi\u00f3 i escaneig de documents:\u00a0<\/strong>S\u2019informar\u00e0 al PAS de les claus per imprimir i escanejar documents aix\u00ed com el funcionament de la fotocopiadora.<\/li>\n<li style=\"text-align: justify;\"><strong>Xarxes socials:<\/strong>\u00a0El centre utilitza\u00a0<strong>INSTAGRAM i FACEBOOK<\/strong> per fer difusi\u00f3 de la seva activitat. Se li facilitar\u00e0 al PAS les adreces corresponents per poder fer seguiment de l&#8217;activitat del centre.<\/li>\n<li style=\"text-align: justify;\"><strong>Missatgeria instant\u00e0nia:\u00a0<\/strong>S\u2019afegir\u00e0 el n\u00famero de m\u00f2bil del PAS als grups de whatsapp del centre.<\/li>\n<li style=\"text-align: justify;\"><strong>Cultura digital del Centre<\/strong>. Es demana la lectura dels continguts i l\u2019ajustament de la seva funci\u00f3 docent als protocols del Centre.<\/li>\n<\/ul>\n","protected":false},"excerpt":{"rendered":"<p>En arribar una persona nova del PAS a l\u2019Escola de l\u2019Ateneu, el centre realitza les seg\u00fcents accions: Demanar les dades per tal de fer el registre intern de la nova persona. Usuari XTEC: En el cas de l&#8217;administratiu\/va, si el t\u00e9, el facilitar\u00e0 per incorporar-lo a la llibreta d\u2019adreces de direcci\u00f3. En el cas que [&hellip;]<\/p>\n","protected":false},"author":1,"featured_media":0,"parent":0,"menu_order":0,"comment_status":"closed","ping_status":"closed","template":"","meta":{"_bbp_topic_count":0,"_bbp_reply_count":0,"_bbp_total_topic_count":0,"_bbp_total_reply_count":0,"_bbp_voice_count":0,"_bbp_anonymous_reply_count":0,"_bbp_topic_count_hidden":0,"_bbp_reply_count_hidden":0,"_bbp_forum_subforum_count":0,"site-sidebar-layout":"default","site-content-layout":"","ast-site-content-layout":"","site-content-style":"default","site-sidebar-style":"default","ast-global-header-display":"","ast-banner-title-visibility":"","ast-main-header-display":"","ast-hfb-above-header-display":"","ast-hfb-below-header-display":"","ast-hfb-mobile-header-display":"","site-post-title":"","ast-breadcrumbs-content":"","ast-featured-img":"","footer-sml-layout":"","theme-transparent-header-meta":"","adv-header-id-meta":"","stick-header-meta":"","header-above-stick-meta":"","header-main-stick-meta":"","header-below-stick-meta":"","astra-migrate-meta-layouts":"default","ast-page-background-enabled":"default","ast-page-background-meta":{"desktop":{"background-color":"var(--ast-global-color-4)","background-image":"","background-repeat":"repeat","background-position":"center center","background-size":"auto","background-attachment":"scroll","background-type":"","background-media":"","overlay-type":"","overlay-color":"","overlay-opacity":"","overlay-gradient":""},"tablet":{"background-color":"","background-image":"","background-repeat":"repeat","background-position":"center center","background-size":"auto","background-attachment":"scroll","background-type":"","background-media":"","overlay-type":"","overlay-color":"","overlay-opacity":"","overlay-gradient":""},"mobile":{"background-color":"","background-image":"","background-repeat":"repeat","background-position":"center center","background-size":"auto","background-attachment":"scroll","background-type":"","background-media":"","overlay-type":"","overlay-color":"","overlay-opacity":"","overlay-gradient":""}},"ast-content-background-meta":{"desktop":{"background-color":"var(--ast-global-color-5)","background-image":"","background-repeat":"repeat","background-position":"center center","background-size":"auto","background-attachment":"scroll","background-type":"","background-media":"","overlay-type":"","overlay-color":"","overlay-opacity":"","overlay-gradient":""},"tablet":{"background-color":"var(--ast-global-color-5)","background-image":"","background-repeat":"repeat","background-position":"center center","background-size":"auto","background-attachment":"scroll","background-type":"","background-media":"","overlay-type":"","overlay-color":"","overlay-opacity":"","overlay-gradient":""},"mobile":{"background-color":"var(--ast-global-color-5)","background-image":"","background-repeat":"repeat","background-position":"center center","background-size":"auto","background-attachment":"scroll","background-type":"","background-media":"","overlay-type":"","overlay-color":"","overlay-opacity":"","overlay-gradient":""}},"footnotes":""},"class_list":["post-17528","page","type-page","status-publish","hentry"],"post_mailing_queue_ids":[],"_links":{"self":[{"href":"https:\/\/agora.xtec.cat\/escola-ateneu-igualadi\/wp-json\/wp\/v2\/pages\/17528","targetHints":{"allow":["GET"]}}],"collection":[{"href":"https:\/\/agora.xtec.cat\/escola-ateneu-igualadi\/wp-json\/wp\/v2\/pages"}],"about":[{"href":"https:\/\/agora.xtec.cat\/escola-ateneu-igualadi\/wp-json\/wp\/v2\/types\/page"}],"author":[{"embeddable":true,"href":"https:\/\/agora.xtec.cat\/escola-ateneu-igualadi\/wp-json\/wp\/v2\/users\/1"}],"replies":[{"embeddable":true,"href":"https:\/\/agora.xtec.cat\/escola-ateneu-igualadi\/wp-json\/wp\/v2\/comments?post=17528"}],"version-history":[{"count":4,"href":"https:\/\/agora.xtec.cat\/escola-ateneu-igualadi\/wp-json\/wp\/v2\/pages\/17528\/revisions"}],"predecessor-version":[{"id":17611,"href":"https:\/\/agora.xtec.cat\/escola-ateneu-igualadi\/wp-json\/wp\/v2\/pages\/17528\/revisions\/17611"}],"wp:attachment":[{"href":"https:\/\/agora.xtec.cat\/escola-ateneu-igualadi\/wp-json\/wp\/v2\/media?parent=17528"}],"curies":[{"name":"wp","href":"https:\/\/api.w.org\/{rel}","templated":true}]}}