{"id":17510,"date":"2024-03-05T15:48:02","date_gmt":"2024-03-05T14:48:02","guid":{"rendered":"https:\/\/agora.xtec.cat\/escola-ateneu-igualadi\/?page_id=17510"},"modified":"2024-05-21T08:33:28","modified_gmt":"2024-05-21T06:33:28","slug":"families","status":"publish","type":"page","link":"https:\/\/agora.xtec.cat\/escola-ateneu-igualadi\/families\/","title":{"rendered":"Fam\u00edlies"},"content":{"rendered":"<p>En arribar una fam\u00edlia nova a l\u2019Escola de l\u2019Ateneu, el centre realitza les seg\u00fcents accions:<\/p>\n<ul>\n<li style=\"text-align: justify;\"><strong>Dades de la fam\u00edlia:<\/strong> Es demanar\u00e0 a la fam\u00edlia que ompli el full de registre per poder tenir les dades i donar-lo d&#8217;alta al RALC. En el moment de la matriculaci\u00f3 de l\u2019alumne\/a s\u2019actualitzaran les dades a Esfera. Es demanar\u00e0 a la fam\u00edlia altres dades que sigui important tenir en compte i s\u2019incorporaran al registre intern.<\/li>\n<li style=\"text-align: justify;\"><strong>Autoritzacions<\/strong>. S&#8217;informar\u00e0 a la fam\u00edlia de les autoritzacions corresponents vinculades al dret a la pr\u00f2pia imatge i a l&#8217;\u00fas de serveis i recursos digitals a internet. Es demanar\u00e0 la signatura a les mares, pares o tutors\/es legals.<\/li>\n<li style=\"text-align: justify;\"><strong>Sistema de comunicaci\u00f3:<\/strong> Es donar\u00e0 d&#8217;alta a la fam\u00edlia a un compte de GOOGLE WORKSPACE (@ateneuihgualadi.org) format pels dos cognoms de l&#8217;alumne\/a. S&#8217;explicar\u00e0 que aquest \u00e9s el compte on rebran totes les comunicacions d&#8217;escola i amb el que s&#8217;han de comunicar amb el centre (tutoria, secretaria, direcci\u00f3, etc&#8230;)<\/li>\n<li style=\"text-align: justify;\"><strong style=\"font-family: inherit; font-size: 1em;\">Ordinador de l\u2019alumne\/a<\/strong><span style=\"font-family: inherit; font-size: 1em;\">. Si l&#8217; alumne \u00e9s dels cursos de prim\u00e0ria 5 o prim\u00e0ria 6 s&#8217;informar\u00e0 a la fam\u00edlia que se li proporcionar\u00e0 un ordinador <\/span>port\u00e0til del PEDC i el seu identificador digital (credencials), aix\u00ed com el suport necessari per garantir-ne un \u00fas adequat. S&#8217;informar\u00e0 tamb\u00e9 que l&#8217;alumne\/a i la fam\u00edlia, subsidi\u00e0riament, s\u00f3n responsables del bon \u00fas i cura del dispositiu. Si l\u2019alumne\/a presenta algun tipus de discapacitat (visual, auditiva, motriu\u2026) s&#8217;instal\u00b7lar\u00e0 en l\u2019ordinador programari espec\u00edfic o es configurar\u00e0 d\u2019una forma determinada el sistema operatiu i el navegador d\u2019Internet d&#8217;acord amb la persona referent espec\u00edfica de l\u2019alumne, si n\u2019hi ha.<\/li>\n<li style=\"text-align: justify;\"><strong style=\"font-family: inherit; font-size: 1em;\">MiFi del PEDC per a l\u2019alumne\/a: <\/strong>E<span style=\"font-family: inherit; font-size: 1em;\">n cas que l&#8217;alumne\/a nou <\/span>no disposi de connectivitat a Internet a la seva llar i que cap altre germ\u00e0 o germana en tingui una, se li facilitar\u00e0 a la fam\u00edlia una MIFI per accedir a internet.<\/li>\n<li style=\"text-align: justify;\"><strong>Web del centre: <\/strong>S&#8217;informar\u00e0 a la fam\u00edlia de l&#8217;adre\u00e7a de la web del centre per poder-la consultar.<\/li>\n<li style=\"text-align: justify;\"><strong>EVA del centre: <\/strong>Es comunicar\u00e0 a la fam\u00edlia que el centre treballa amb l&#8217;EVA Classroom i se&#8217;ls explicar\u00e0 la seva funcionalitat i com accedir-hi.<\/li>\n<li style=\"text-align: justify;\"><strong>Xarxes socials:<\/strong> El centre utilitza <strong>INSTAGRAM i FACEBOOK<\/strong> per fer difusi\u00f3 de la seva activitat. Se li facilitar\u00e0 a la nova fam\u00edlia les adreces d&#8217;aquestes xarxes socials per poder fer el seguiment de les publicacions i activitat del centre.<\/li>\n<li style=\"text-align: justify;\"><strong>Missatgeria instant\u00e0nia: <\/strong>S&#8217;afegir\u00e0 el n\u00famero de m\u00f2bil de la fam\u00edlia al grup de whatsapp de la classe del nou alumne a trav\u00e9s de les fam\u00edlies enlla\u00e7.<\/li>\n<li style=\"text-align: justify;\"><strong>Cultura digital del centre<\/strong>. Se\u2019ls informar\u00e0 sobre com poden accedir als documents que la integren.<\/li>\n<\/ul>\n","protected":false},"excerpt":{"rendered":"<p>En arribar una fam\u00edlia nova a l\u2019Escola de l\u2019Ateneu, el centre realitza les seg\u00fcents accions: Dades de la fam\u00edlia: Es demanar\u00e0 a la fam\u00edlia que ompli el full de registre per poder tenir les dades i donar-lo d&#8217;alta al RALC. En el moment de la matriculaci\u00f3 de l\u2019alumne\/a s\u2019actualitzaran les dades a Esfera. Es demanar\u00e0 [&hellip;]<\/p>\n","protected":false},"author":1,"featured_media":0,"parent":0,"menu_order":0,"comment_status":"closed","ping_status":"closed","template":"","meta":{"_bbp_topic_count":0,"_bbp_reply_count":0,"_bbp_total_topic_count":0,"_bbp_total_reply_count":0,"_bbp_voice_count":0,"_bbp_anonymous_reply_count":0,"_bbp_topic_count_hidden":0,"_bbp_reply_count_hidden":0,"_bbp_forum_subforum_count":0,"site-sidebar-layout":"default","site-content-layout":"","ast-site-content-layout":"","site-content-style":"default","site-sidebar-style":"default","ast-global-header-display":"","ast-banner-title-visibility":"","ast-main-header-display":"","ast-hfb-above-header-display":"","ast-hfb-below-header-display":"","ast-hfb-mobile-header-display":"","site-post-title":"","ast-breadcrumbs-content":"","ast-featured-img":"","footer-sml-layout":"","theme-transparent-header-meta":"","adv-header-id-meta":"","stick-header-meta":"","header-above-stick-meta":"","header-main-stick-meta":"","header-below-stick-meta":"","astra-migrate-meta-layouts":"default","ast-page-background-enabled":"default","ast-page-background-meta":{"desktop":{"background-color":"var(--ast-global-color-4)","background-image":"","background-repeat":"repeat","background-position":"center center","background-size":"auto","background-attachment":"scroll","background-type":"","background-media":"","overlay-type":"","overlay-color":"","overlay-opacity":"","overlay-gradient":""},"tablet":{"background-color":"","background-image":"","background-repeat":"repeat","background-position":"center center","background-size":"auto","background-attachment":"scroll","background-type":"","background-media":"","overlay-type":"","overlay-color":"","overlay-opacity":"","overlay-gradient":""},"mobile":{"background-color":"","background-image":"","background-repeat":"repeat","background-position":"center center","background-size":"auto","background-attachment":"scroll","background-type":"","background-media":"","overlay-type":"","overlay-color":"","overlay-opacity":"","overlay-gradient":""}},"ast-content-background-meta":{"desktop":{"background-color":"var(--ast-global-color-5)","background-image":"","background-repeat":"repeat","background-position":"center center","background-size":"auto","background-attachment":"scroll","background-type":"","background-media":"","overlay-type":"","overlay-color":"","overlay-opacity":"","overlay-gradient":""},"tablet":{"background-color":"var(--ast-global-color-5)","background-image":"","background-repeat":"repeat","background-position":"center center","background-size":"auto","background-attachment":"scroll","background-type":"","background-media":"","overlay-type":"","overlay-color":"","overlay-opacity":"","overlay-gradient":""},"mobile":{"background-color":"var(--ast-global-color-5)","background-image":"","background-repeat":"repeat","background-position":"center center","background-size":"auto","background-attachment":"scroll","background-type":"","background-media":"","overlay-type":"","overlay-color":"","overlay-opacity":"","overlay-gradient":""}},"footnotes":""},"class_list":["post-17510","page","type-page","status-publish","hentry"],"post_mailing_queue_ids":[],"_links":{"self":[{"href":"https:\/\/agora.xtec.cat\/escola-ateneu-igualadi\/wp-json\/wp\/v2\/pages\/17510","targetHints":{"allow":["GET"]}}],"collection":[{"href":"https:\/\/agora.xtec.cat\/escola-ateneu-igualadi\/wp-json\/wp\/v2\/pages"}],"about":[{"href":"https:\/\/agora.xtec.cat\/escola-ateneu-igualadi\/wp-json\/wp\/v2\/types\/page"}],"author":[{"embeddable":true,"href":"https:\/\/agora.xtec.cat\/escola-ateneu-igualadi\/wp-json\/wp\/v2\/users\/1"}],"replies":[{"embeddable":true,"href":"https:\/\/agora.xtec.cat\/escola-ateneu-igualadi\/wp-json\/wp\/v2\/comments?post=17510"}],"version-history":[{"count":5,"href":"https:\/\/agora.xtec.cat\/escola-ateneu-igualadi\/wp-json\/wp\/v2\/pages\/17510\/revisions"}],"predecessor-version":[{"id":17605,"href":"https:\/\/agora.xtec.cat\/escola-ateneu-igualadi\/wp-json\/wp\/v2\/pages\/17510\/revisions\/17605"}],"wp:attachment":[{"href":"https:\/\/agora.xtec.cat\/escola-ateneu-igualadi\/wp-json\/wp\/v2\/media?parent=17510"}],"curies":[{"name":"wp","href":"https:\/\/api.w.org\/{rel}","templated":true}]}}