{"id":17509,"date":"2024-03-05T15:48:02","date_gmt":"2024-03-05T14:48:02","guid":{"rendered":"https:\/\/agora.xtec.cat\/escola-ateneu-igualadi\/?page_id=17509"},"modified":"2024-05-16T15:34:14","modified_gmt":"2024-05-16T13:34:14","slug":"alumnes","status":"publish","type":"page","link":"https:\/\/agora.xtec.cat\/escola-ateneu-igualadi\/alumnes\/","title":{"rendered":"Alumnes"},"content":{"rendered":"<p style=\"text-align: justify;\">Quan un alumne\/a arribi nou al centre se li facilitar\u00e0 la seg\u00fcent informaci\u00f3:<\/p>\n<ul style=\"text-align: justify;\">\n<li style=\"text-align: justify;\"><strong>Google Workspace:<\/strong> Nom\u00e9s en el cas que l&#8217;alumne\/a sigui de la comunitat de grans, se li facilitar\u00e0 un compte de GOOGLE WORKSPACE i se&#8217;l vincular\u00e0 a tots els serveis (drive, classroom, etc&#8230;) que li corresponguin.<\/li>\n<li style=\"text-align: justify;\"><strong>Web del centre: <\/strong>S&#8217;informar\u00e0 al alumne\/a de l&#8217;adre\u00e7a de la web del centre per poder-la consultar.<\/li>\n<li><strong>Ordinador de l\u2019alumne\/a<\/strong>. Si l\u2019 alumne \u00e9s dels cursos de prim\u00e0ria 5 o prim\u00e0ria 6 se l\u2019informar\u00e0 que se li proporcionar\u00e0 un ordinador port\u00e0til del PEDC i el seu identificador digital (credencials), aix\u00ed com el suport necessari per garantir-ne un \u00fas adequat. S\u2019informar\u00e0 tamb\u00e9 que l\u2019alumne\/a i la fam\u00edlia, subsidi\u00e0riament, s\u00f3n responsables del bon \u00fas i cura del dispositiu. Si l\u2019alumne\/a presenta algun tipus de discapacitat (visual, auditiva, motriu\u2026) se li instal\u00b7lar\u00e0 en l\u2019ordinador programari espec\u00edfic o es configurar\u00e0 d\u2019una forma determinada el sistema operatiu i el navegador d\u2019Internet d\u2019acord amb la persona referent espec\u00edfica de l\u2019alumne, si n\u2019hi ha.<\/li>\n<li style=\"text-align: justify;\"><strong style=\"font-family: inherit; font-size: 1em;\">MiFi del PEDC per a l\u2019alumne\/a: <\/strong>E<span style=\"font-family: inherit; font-size: 1em;\">n cas que l&#8217;alumne\/a nou <\/span>no disposi de connectivitat a Internet a la seva llar i que cap altre germ\u00e0 o germana en tingui una, se li facilitar\u00e0 una MIFI per accedir a internet.<\/li>\n<li style=\"text-align: justify;\"><strong style=\"font-family: inherit; font-size: 1em;\">EVA del centre: <\/strong><span style=\"font-family: inherit; font-size: 1em;\">S&#8217;informar\u00e0 a l&#8217;alumne\/a dels clasrooms al quals se&#8217;l vincular\u00e0 i la seva funcionalitat.<\/span><\/li>\n<\/ul>\n","protected":false},"excerpt":{"rendered":"<p>Quan un alumne\/a arribi nou al centre se li facilitar\u00e0 la seg\u00fcent informaci\u00f3: Google Workspace: Nom\u00e9s en el cas que l&#8217;alumne\/a sigui de la comunitat de grans, se li facilitar\u00e0 un compte de GOOGLE WORKSPACE i se&#8217;l vincular\u00e0 a tots els serveis (drive, classroom, etc&#8230;) que li corresponguin. Web del centre: S&#8217;informar\u00e0 al alumne\/a de [&hellip;]<\/p>\n","protected":false},"author":1,"featured_media":0,"parent":0,"menu_order":0,"comment_status":"closed","ping_status":"closed","template":"","meta":{"_bbp_topic_count":0,"_bbp_reply_count":0,"_bbp_total_topic_count":0,"_bbp_total_reply_count":0,"_bbp_voice_count":0,"_bbp_anonymous_reply_count":0,"_bbp_topic_count_hidden":0,"_bbp_reply_count_hidden":0,"_bbp_forum_subforum_count":0,"site-sidebar-layout":"default","site-content-layout":"","ast-site-content-layout":"","site-content-style":"default","site-sidebar-style":"default","ast-global-header-display":"","ast-banner-title-visibility":"","ast-main-header-display":"","ast-hfb-above-header-display":"","ast-hfb-below-header-display":"","ast-hfb-mobile-header-display":"","site-post-title":"","ast-breadcrumbs-content":"","ast-featured-img":"","footer-sml-layout":"","theme-transparent-header-meta":"","adv-header-id-meta":"","stick-header-meta":"","header-above-stick-meta":"","header-main-stick-meta":"","header-below-stick-meta":"","astra-migrate-meta-layouts":"default","ast-page-background-enabled":"default","ast-page-background-meta":{"desktop":{"background-color":"var(--ast-global-color-4)","background-image":"","background-repeat":"repeat","background-position":"center center","background-size":"auto","background-attachment":"scroll","background-type":"","background-media":"","overlay-type":"","overlay-color":"","overlay-opacity":"","overlay-gradient":""},"tablet":{"background-color":"","background-image":"","background-repeat":"repeat","background-position":"center center","background-size":"auto","background-attachment":"scroll","background-type":"","background-media":"","overlay-type":"","overlay-color":"","overlay-opacity":"","overlay-gradient":""},"mobile":{"background-color":"","background-image":"","background-repeat":"repeat","background-position":"center center","background-size":"auto","background-attachment":"scroll","background-type":"","background-media":"","overlay-type":"","overlay-color":"","overlay-opacity":"","overlay-gradient":""}},"ast-content-background-meta":{"desktop":{"background-color":"var(--ast-global-color-5)","background-image":"","background-repeat":"repeat","background-position":"center center","background-size":"auto","background-attachment":"scroll","background-type":"","background-media":"","overlay-type":"","overlay-color":"","overlay-opacity":"","overlay-gradient":""},"tablet":{"background-color":"var(--ast-global-color-5)","background-image":"","background-repeat":"repeat","background-position":"center center","background-size":"auto","background-attachment":"scroll","background-type":"","background-media":"","overlay-type":"","overlay-color":"","overlay-opacity":"","overlay-gradient":""},"mobile":{"background-color":"var(--ast-global-color-5)","background-image":"","background-repeat":"repeat","background-position":"center center","background-size":"auto","background-attachment":"scroll","background-type":"","background-media":"","overlay-type":"","overlay-color":"","overlay-opacity":"","overlay-gradient":""}},"footnotes":""},"class_list":["post-17509","page","type-page","status-publish","hentry"],"post_mailing_queue_ids":[],"_links":{"self":[{"href":"https:\/\/agora.xtec.cat\/escola-ateneu-igualadi\/wp-json\/wp\/v2\/pages\/17509","targetHints":{"allow":["GET"]}}],"collection":[{"href":"https:\/\/agora.xtec.cat\/escola-ateneu-igualadi\/wp-json\/wp\/v2\/pages"}],"about":[{"href":"https:\/\/agora.xtec.cat\/escola-ateneu-igualadi\/wp-json\/wp\/v2\/types\/page"}],"author":[{"embeddable":true,"href":"https:\/\/agora.xtec.cat\/escola-ateneu-igualadi\/wp-json\/wp\/v2\/users\/1"}],"replies":[{"embeddable":true,"href":"https:\/\/agora.xtec.cat\/escola-ateneu-igualadi\/wp-json\/wp\/v2\/comments?post=17509"}],"version-history":[{"count":6,"href":"https:\/\/agora.xtec.cat\/escola-ateneu-igualadi\/wp-json\/wp\/v2\/pages\/17509\/revisions"}],"predecessor-version":[{"id":17608,"href":"https:\/\/agora.xtec.cat\/escola-ateneu-igualadi\/wp-json\/wp\/v2\/pages\/17509\/revisions\/17608"}],"wp:attachment":[{"href":"https:\/\/agora.xtec.cat\/escola-ateneu-igualadi\/wp-json\/wp\/v2\/media?parent=17509"}],"curies":[{"name":"wp","href":"https:\/\/api.w.org\/{rel}","templated":true}]}}