{"id":17508,"date":"2024-03-05T15:48:02","date_gmt":"2024-03-05T14:48:02","guid":{"rendered":"https:\/\/agora.xtec.cat\/escola-ateneu-igualadi\/?page_id=17508"},"modified":"2024-06-27T10:31:29","modified_gmt":"2024-06-27T08:31:29","slug":"docents","status":"publish","type":"page","link":"https:\/\/agora.xtec.cat\/escola-ateneu-igualadi\/docents\/","title":{"rendered":"Docents"},"content":{"rendered":"<p style=\"text-align: justify;\">En arribar un docent nou a l&#8217;Escola de l&#8217;Ateneu, el centre realitza les seg\u00fcents accions:<\/p>\n<ul>\n<li style=\"text-align: justify;\">Demanar les dades al docent per tal de fer l&#8217;actualitzaci\u00f3 de dades a ESFERA.<\/li>\n<li style=\"text-align: justify;\"><strong>Usuari XTEC:<\/strong> Si el t\u00e9, el facilitar\u00e0 per incorporar-lo a la llibreta d&#8217;adreces de direcci\u00f3. En el cas que el docent no disposi d\u2019usuari xtec el\/la director\/a li gestionar\u00e0 l\u2019alta.<\/li>\n<li style=\"text-align: justify;\"><strong>Ordinador port\u00e0til del docent<\/strong>. En el cas que sigui un docent de nova incorporaci\u00f3, es sol\u00b7licitar\u00e0 el dispositiu al Departament. Si \u00e9s una substituci\u00f3, es reassignar\u00e0 el port\u00e0til del docent substitu\u00eft. El docent comprovar\u00e0 que pot iniciar sessi\u00f3 amb el seu identificador digital <em><strong>usuarixtec@edu.gencat.cat \/ contrasenya GICAR<\/strong><\/em><\/li>\n<li style=\"text-align: justify;\"><strong>Clau wifi:<\/strong> Per accedir amb dispositius personals al serveis wiffi del centre, el docent haur\u00e0 d&#8217;utilitzar la xarxa <strong>EDUROAM<\/strong> per connectar-se.<\/li>\n<li style=\"text-align: justify;\"><strong>EVA<\/strong>: El centre treballa amb l&#8217;EVA Classroom. Se li facilitar\u00e0 al nou docent acc\u00e9s a aquells classroom que necessiti utilitzar.<\/li>\n<li style=\"text-align: justify;\"><strong>Google Workspace:<\/strong> Es crear\u00e0 l&#8217;usuari per accedir al serveis corporatius de Google Workspace del centre i s&#8217;afegir\u00e0 la seva adre\u00e7a de correu als grups, carpetes i serveis corresponents.<\/li>\n<li style=\"text-align: justify;\"><strong>Web del centre: <\/strong>S&#8217;informar\u00e0 al docent de l&#8217;adre\u00e7a de la web del centre per poder-la consultar.<\/li>\n<li style=\"text-align: justify;\"><strong>Impressi\u00f3 i escaneig de documents: <\/strong>S&#8217;informar\u00e0 al nou docent de les claus per imprimir i escanejar documents en funci\u00f3 de la comunitat a la qual pertanyi.<\/li>\n<li style=\"text-align: justify;\"><strong>Xarxes socials:<\/strong> El centre utilitza <strong>INSTAGRAM i FACEBOOK<\/strong> per fer difusi\u00f3 de la seva activitat. Se li facilitar\u00e0 al nou docent l&#8217;adre\u00e7a d&#8217;Instagram i Facebook i se li explicar\u00e0 el protocol per fer publicacions.<\/li>\n<li style=\"text-align: justify;\"><strong>Missatgeria instant\u00e0nia: <\/strong>S&#8217;afegir\u00e0 el n\u00famero de m\u00f2bil als grups de whatsapp del centre.<\/li>\n<li style=\"text-align: justify;\"><strong>Cultura digital del Centre<\/strong>. Es demana la lectura dels continguts i l\u2019ajustament de la seva funci\u00f3 docent als protocols del Centre.<\/li>\n<\/ul>\n","protected":false},"excerpt":{"rendered":"<p>En arribar un docent nou a l&#8217;Escola de l&#8217;Ateneu, el centre realitza les seg\u00fcents accions: Demanar les dades al docent per tal de fer l&#8217;actualitzaci\u00f3 de dades a ESFERA. Usuari XTEC: Si el t\u00e9, el facilitar\u00e0 per incorporar-lo a la llibreta d&#8217;adreces de direcci\u00f3. En el cas que el docent no disposi d\u2019usuari xtec el\/la [&hellip;]<\/p>\n","protected":false},"author":1,"featured_media":0,"parent":0,"menu_order":0,"comment_status":"closed","ping_status":"closed","template":"","meta":{"_bbp_topic_count":0,"_bbp_reply_count":0,"_bbp_total_topic_count":0,"_bbp_total_reply_count":0,"_bbp_voice_count":0,"_bbp_anonymous_reply_count":0,"_bbp_topic_count_hidden":0,"_bbp_reply_count_hidden":0,"_bbp_forum_subforum_count":0,"site-sidebar-layout":"default","site-content-layout":"","ast-site-content-layout":"","site-content-style":"default","site-sidebar-style":"default","ast-global-header-display":"","ast-banner-title-visibility":"","ast-main-header-display":"","ast-hfb-above-header-display":"","ast-hfb-below-header-display":"","ast-hfb-mobile-header-display":"","site-post-title":"","ast-breadcrumbs-content":"","ast-featured-img":"","footer-sml-layout":"","theme-transparent-header-meta":"","adv-header-id-meta":"","stick-header-meta":"","header-above-stick-meta":"","header-main-stick-meta":"","header-below-stick-meta":"","astra-migrate-meta-layouts":"default","ast-page-background-enabled":"default","ast-page-background-meta":{"desktop":{"background-color":"var(--ast-global-color-4)","background-image":"","background-repeat":"repeat","background-position":"center center","background-size":"auto","background-attachment":"scroll","background-type":"","background-media":"","overlay-type":"","overlay-color":"","overlay-opacity":"","overlay-gradient":""},"tablet":{"background-color":"","background-image":"","background-repeat":"repeat","background-position":"center center","background-size":"auto","background-attachment":"scroll","background-type":"","background-media":"","overlay-type":"","overlay-color":"","overlay-opacity":"","overlay-gradient":""},"mobile":{"background-color":"","background-image":"","background-repeat":"repeat","background-position":"center center","background-size":"auto","background-attachment":"scroll","background-type":"","background-media":"","overlay-type":"","overlay-color":"","overlay-opacity":"","overlay-gradient":""}},"ast-content-background-meta":{"desktop":{"background-color":"var(--ast-global-color-5)","background-image":"","background-repeat":"repeat","background-position":"center center","background-size":"auto","background-attachment":"scroll","background-type":"","background-media":"","overlay-type":"","overlay-color":"","overlay-opacity":"","overlay-gradient":""},"tablet":{"background-color":"var(--ast-global-color-5)","background-image":"","background-repeat":"repeat","background-position":"center center","background-size":"auto","background-attachment":"scroll","background-type":"","background-media":"","overlay-type":"","overlay-color":"","overlay-opacity":"","overlay-gradient":""},"mobile":{"background-color":"var(--ast-global-color-5)","background-image":"","background-repeat":"repeat","background-position":"center center","background-size":"auto","background-attachment":"scroll","background-type":"","background-media":"","overlay-type":"","overlay-color":"","overlay-opacity":"","overlay-gradient":""}},"footnotes":""},"class_list":["post-17508","page","type-page","status-publish","hentry"],"post_mailing_queue_ids":[],"_links":{"self":[{"href":"https:\/\/agora.xtec.cat\/escola-ateneu-igualadi\/wp-json\/wp\/v2\/pages\/17508","targetHints":{"allow":["GET"]}}],"collection":[{"href":"https:\/\/agora.xtec.cat\/escola-ateneu-igualadi\/wp-json\/wp\/v2\/pages"}],"about":[{"href":"https:\/\/agora.xtec.cat\/escola-ateneu-igualadi\/wp-json\/wp\/v2\/types\/page"}],"author":[{"embeddable":true,"href":"https:\/\/agora.xtec.cat\/escola-ateneu-igualadi\/wp-json\/wp\/v2\/users\/1"}],"replies":[{"embeddable":true,"href":"https:\/\/agora.xtec.cat\/escola-ateneu-igualadi\/wp-json\/wp\/v2\/comments?post=17508"}],"version-history":[{"count":6,"href":"https:\/\/agora.xtec.cat\/escola-ateneu-igualadi\/wp-json\/wp\/v2\/pages\/17508\/revisions"}],"predecessor-version":[{"id":17728,"href":"https:\/\/agora.xtec.cat\/escola-ateneu-igualadi\/wp-json\/wp\/v2\/pages\/17508\/revisions\/17728"}],"wp:attachment":[{"href":"https:\/\/agora.xtec.cat\/escola-ateneu-igualadi\/wp-json\/wp\/v2\/media?parent=17508"}],"curies":[{"name":"wp","href":"https:\/\/api.w.org\/{rel}","templated":true}]}}