{"id":17443,"date":"2024-02-11T20:28:38","date_gmt":"2024-02-11T19:28:38","guid":{"rendered":"https:\/\/agora.xtec.cat\/escola-ateneu-igualadi\/?page_id=17443"},"modified":"2026-03-04T23:48:23","modified_gmt":"2026-03-04T22:48:23","slug":"acollida-matinal","status":"publish","type":"page","link":"https:\/\/agora.xtec.cat\/escola-ateneu-igualadi\/acollida-matinal\/","title":{"rendered":"Acollida i espai de joc"},"content":{"rendered":"<div>\n<p>L\u2019AFA de l\u2019Escola de l\u2019Ateneu Igualad\u00ed ofereix a tot l\u2019alumnat el servei d\u2019acollida matinal de 3\/4 de 8 a les 9 del mat\u00ed i l\u2019espai de joc del migdia de 2\/4 d\u20191 a la 1 del migdia.<\/p>\n<ul>\n<li>L\u2019acollida matinal es fa al menjador de l\u2019escola. L\u2019entrada es fa pel carrer Sant Carles.<\/li>\n<li>La recollida dels\/les alumnes del servei d\u2019espai de joc del migdia es fa pel carrer Sant Pau.<\/li>\n<\/ul>\n<p>Tot l\u2019alumnat de l\u2019escola, d\u2019I3 a 6\u00e8, pot fer \u00fas d\u2019aquests serveis, ja sigui de forma espor\u00e0dica o fixa (m\u00ednim un dia a la setmana).<\/p>\n<p dir=\"ltr\">INSCRIPCIONS<\/p>\n<p dir=\"ltr\">Alumnes fixos<\/p>\n<p>Si el vostre fill\/a ha de fer servir el servei uns dies fixes, caldr\u00e0 inscriure\u2019l a trav\u00e9s de l\u2019aplicaci\u00f3 o web <a href=\"https:\/\/tpvescola.com\/\">TPV Escola<\/a> (apartat <strong>Serveis &gt; Inscripcions &gt; Selecciona un formulari<\/strong>). Qualsevol canvi de dia o nova incorporaci\u00f3 s\u2019actualitzar\u00e0 a final de mes i es far\u00e0 vigent al mes seg\u00fcent. Cal comunicar-ho\u00a0a la coordinadora del servei afectat. Les seves dades de contacte s\u00f3n:<\/p>\n<ul>\n<li>Per correu electr\u00f2nic: <a href=\"mailto:menjadorateneuigualadi@gmail.com\">menjadorateneuigualadi@gmail.com<\/a><\/li>\n<li>Tel\u00e8fon: 621248491<\/li>\n<li>Horari d\u2019atenci\u00f3 a les fam\u00edlies: de 9:00 a 10:00 de dilluns a divendres, per tel\u00e8fon o de forma presencial, al despatx de l\u2019AFA.<\/li>\n<\/ul>\n<p dir=\"ltr\">Alumnes espor\u00e0dics<\/p>\n<p>Si el vostre fill\/a ha de fer \u00fas del servei d\u2019acollida o de l\u2019espai de joc de forma espor\u00e0dica, caldr\u00e0 comprar el tiquet i validar-ho a trav\u00e9s de l\u2019aplicaci\u00f3 o web <a href=\"https:\/\/tpvescola.com\/\">TPV Escola<\/a>, com a molt tard, el mateix dia que s\u2019hagi de quedar abans de les 9:30h. En el seg\u00fcent enlla\u00e7 podreu consultar com comprar i validar el tiquet a trav\u00e9s de l\u2019aplicaci\u00f3 o web <a href=\"https:\/\/tpvescola.com\/\">TPV Escola<\/a>:<a href=\"https:\/\/www.youtube.com\/watch?v=HLtoUoKr0ZE\">Instruccions compra tiquets acollida &#8211; YouTube<\/a><\/p>\n<p>La responsable d\u2019aquests serveis \u00e9s la Sandra Sayavera. A ella correspon la tasca d\u2019assegurar que el servei funcioni de manera correcta i eficient, tant pel que fa a la tasca pedag\u00f2gica com a la d\u2019organitzaci\u00f3 interna.<\/p>\n<\/div>\n<div><a href=\"https:\/\/agora.xtec.cat\/escola-ateneu-igualadi\/wp-content\/uploads\/usu2410\/2024\/07\/Normativa-i-Tarifes-Acollida-i-Espai-de-joc_-2024-25.pdf\">Normativa i Tarifes Acollida i Espai de joc 2024-25<\/a><\/div>\n<p>&nbsp;<\/p>\n<div>\n<p>&nbsp;<\/p>\n<\/div>\n","protected":false},"excerpt":{"rendered":"<p>L\u2019AFA de l\u2019Escola de l\u2019Ateneu Igualad\u00ed ofereix a tot l\u2019alumnat el servei d\u2019acollida matinal de 3\/4 de 8 a les 9 del mat\u00ed i l\u2019espai de joc del migdia de 2\/4 d\u20191 a la 1 del migdia. L\u2019acollida matinal es fa al menjador de l\u2019escola. L\u2019entrada es fa pel carrer Sant Carles. La recollida dels\/les [&hellip;]<\/p>\n","protected":false},"author":1,"featured_media":0,"parent":0,"menu_order":0,"comment_status":"closed","ping_status":"closed","template":"","meta":{"_bbp_topic_count":0,"_bbp_reply_count":0,"_bbp_total_topic_count":0,"_bbp_total_reply_count":0,"_bbp_voice_count":0,"_bbp_anonymous_reply_count":0,"_bbp_topic_count_hidden":0,"_bbp_reply_count_hidden":0,"_bbp_forum_subforum_count":0,"site-sidebar-layout":"default","site-content-layout":"","ast-site-content-layout":"default","site-content-style":"default","site-sidebar-style":"default","ast-global-header-display":"","ast-banner-title-visibility":"","ast-main-header-display":"","ast-hfb-above-header-display":"","ast-hfb-below-header-display":"","ast-hfb-mobile-header-display":"","site-post-title":"","ast-breadcrumbs-content":"","ast-featured-img":"","footer-sml-layout":"","theme-transparent-header-meta":"default","adv-header-id-meta":"","stick-header-meta":"","header-above-stick-meta":"","header-main-stick-meta":"","header-below-stick-meta":"","astra-migrate-meta-layouts":"set","ast-page-background-enabled":"default","ast-page-background-meta":{"desktop":{"background-color":"var(--ast-global-color-4)","background-image":"","background-repeat":"repeat","background-position":"center center","background-size":"auto","background-attachment":"scroll","background-type":"","background-media":"","overlay-type":"","overlay-color":"","overlay-opacity":"","overlay-gradient":""},"tablet":{"background-color":"","background-image":"","background-repeat":"repeat","background-position":"center center","background-size":"auto","background-attachment":"scroll","background-type":"","background-media":"","overlay-type":"","overlay-color":"","overlay-opacity":"","overlay-gradient":""},"mobile":{"background-color":"","background-image":"","background-repeat":"repeat","background-position":"center center","background-size":"auto","background-attachment":"scroll","background-type":"","background-media":"","overlay-type":"","overlay-color":"","overlay-opacity":"","overlay-gradient":""}},"ast-content-background-meta":{"desktop":{"background-color":"var(--ast-global-color-5)","background-image":"","background-repeat":"repeat","background-position":"center center","background-size":"auto","background-attachment":"scroll","background-type":"","background-media":"","overlay-type":"","overlay-color":"","overlay-opacity":"","overlay-gradient":""},"tablet":{"background-color":"var(--ast-global-color-5)","background-image":"","background-repeat":"repeat","background-position":"center center","background-size":"auto","background-attachment":"scroll","background-type":"","background-media":"","overlay-type":"","overlay-color":"","overlay-opacity":"","overlay-gradient":""},"mobile":{"background-color":"var(--ast-global-color-5)","background-image":"","background-repeat":"repeat","background-position":"center center","background-size":"auto","background-attachment":"scroll","background-type":"","background-media":"","overlay-type":"","overlay-color":"","overlay-opacity":"","overlay-gradient":""}},"footnotes":""},"class_list":["post-17443","page","type-page","status-publish","hentry"],"post_mailing_queue_ids":[],"_links":{"self":[{"href":"https:\/\/agora.xtec.cat\/escola-ateneu-igualadi\/wp-json\/wp\/v2\/pages\/17443","targetHints":{"allow":["GET"]}}],"collection":[{"href":"https:\/\/agora.xtec.cat\/escola-ateneu-igualadi\/wp-json\/wp\/v2\/pages"}],"about":[{"href":"https:\/\/agora.xtec.cat\/escola-ateneu-igualadi\/wp-json\/wp\/v2\/types\/page"}],"author":[{"embeddable":true,"href":"https:\/\/agora.xtec.cat\/escola-ateneu-igualadi\/wp-json\/wp\/v2\/users\/1"}],"replies":[{"embeddable":true,"href":"https:\/\/agora.xtec.cat\/escola-ateneu-igualadi\/wp-json\/wp\/v2\/comments?post=17443"}],"version-history":[{"count":4,"href":"https:\/\/agora.xtec.cat\/escola-ateneu-igualadi\/wp-json\/wp\/v2\/pages\/17443\/revisions"}],"predecessor-version":[{"id":18252,"href":"https:\/\/agora.xtec.cat\/escola-ateneu-igualadi\/wp-json\/wp\/v2\/pages\/17443\/revisions\/18252"}],"wp:attachment":[{"href":"https:\/\/agora.xtec.cat\/escola-ateneu-igualadi\/wp-json\/wp\/v2\/media?parent=17443"}],"curies":[{"name":"wp","href":"https:\/\/api.w.org\/{rel}","templated":true}]}}