{"id":17442,"date":"2024-02-11T20:28:38","date_gmt":"2024-02-11T19:28:38","guid":{"rendered":"https:\/\/agora.xtec.cat\/escola-ateneu-igualadi\/?page_id=17442"},"modified":"2026-03-04T23:48:40","modified_gmt":"2026-03-04T22:48:40","slug":"afa","status":"publish","type":"page","link":"https:\/\/agora.xtec.cat\/escola-ateneu-igualadi\/afa\/","title":{"rendered":"AFA"},"content":{"rendered":"<div class=\"entry-content\">\n<div><\/div>\n<div>\n<p>L\u2019AFA \u00e9s una associaci\u00f3 formada per pares i mares voluntaris l\u2019\u00fanica finalitat de la qual \u00e9s oferir els millors serveis als nostres infants, aix\u00ed com defensar el model educatiu de l\u2019escola. Com a associaci\u00f3 de fam\u00edlies som sensibles a la necessitat de conciliar l\u2019horari escolar i laboral i per aix\u00f2 intentem aportar solucions adients, com el servei d\u2019acollida matinal, menjador, activitats extraescolars de migdia i tarda, aix\u00ed com activitats organitzades per altres comissions.<\/p>\n<p>Convidem a totes les fam\u00edlies a formar part de l\u2019AFA!<\/p>\n<p>A continuaci\u00f3 detallem les diferents comissions que hi ha a l\u2019AFA ,aix\u00ed com els membres els quals formen la junta directiva.<\/p>\n<p>Comissions:<\/p>\n<p>Acollida i menjador<br \/>\nExtraescolars<br \/>\nCarnaval<br \/>\nEscola verda<br \/>\nCultural<br \/>\nXandalls<br \/>\nFem comunitat<br \/>\nComunicaci\u00f3<br \/>\nCam\u00ed segur<br \/>\nFestes<\/p>\n<p>Junta directiva:<\/p>\n<p>Presidenta: Laia Mart\u00ed<br \/>\nVicepresidenta: Estibaliz Lizaso<br \/>\nSecret\u00e0ria: Marta Pujol<br \/>\nTresorera: Olga Pau<br \/>\nVocals: Meritxell Sevilla, Berta Llobet, Georgina Balcells, Laura Campos, Laura Gandia, Francesc Calaf, Carla Prat i Jessica Alf\u00e9rez.<\/p>\n<\/div>\n<p><a href=\"https:\/\/agora.xtec.cat\/escola-ateneu-igualadi\/wp-content\/uploads\/usu2410\/2022\/02\/Quota-AFA.pdf\">Quota AFA<\/a><\/p>\n<p><a href=\"https:\/\/agora.xtec.cat\/escola-ateneu-igualadi\/wp-content\/uploads\/usu2410\/2025\/01\/IMG-20250114-WA0000.jpg\"><img loading=\"lazy\" decoding=\"async\" class=\"alignnone size-large wp-image-17846\" src=\"https:\/\/agora.xtec.cat\/escola-ateneu-igualadi\/wp-content\/uploads\/usu2410\/2025\/01\/IMG-20250114-WA0000-1024x724.jpg\" sizes=\"auto, (max-width: 1024px) 100vw, 1024px\" srcset=\"https:\/\/agora.xtec.cat\/escola-ateneu-igualadi\/wp-content\/uploads\/usu2410\/2025\/01\/IMG-20250114-WA0000-1024x724.jpg 1024w, https:\/\/agora.xtec.cat\/escola-ateneu-igualadi\/wp-content\/uploads\/usu2410\/2025\/01\/IMG-20250114-WA0000-300x212.jpg 300w, https:\/\/agora.xtec.cat\/escola-ateneu-igualadi\/wp-content\/uploads\/usu2410\/2025\/01\/IMG-20250114-WA0000-768x543.jpg 768w, https:\/\/agora.xtec.cat\/escola-ateneu-igualadi\/wp-content\/uploads\/usu2410\/2025\/01\/IMG-20250114-WA0000-1536x1086.jpg 1536w, https:\/\/agora.xtec.cat\/escola-ateneu-igualadi\/wp-content\/uploads\/usu2410\/2025\/01\/IMG-20250114-WA0000.jpg 2000w\" alt=\"\" width=\"1024\" height=\"724\" \/><\/a><\/p>\n<\/div>\n","protected":false},"excerpt":{"rendered":"<p>L\u2019AFA \u00e9s una associaci\u00f3 formada per pares i mares voluntaris l\u2019\u00fanica finalitat de la qual \u00e9s oferir els millors serveis als nostres infants, aix\u00ed com defensar el model educatiu de l\u2019escola. Com a associaci\u00f3 de fam\u00edlies som sensibles a la necessitat de conciliar l\u2019horari escolar i laboral i per aix\u00f2 intentem aportar solucions adients, com [&hellip;]<\/p>\n","protected":false},"author":1,"featured_media":0,"parent":0,"menu_order":0,"comment_status":"closed","ping_status":"closed","template":"","meta":{"_bbp_topic_count":0,"_bbp_reply_count":0,"_bbp_total_topic_count":0,"_bbp_total_reply_count":0,"_bbp_voice_count":0,"_bbp_anonymous_reply_count":0,"_bbp_topic_count_hidden":0,"_bbp_reply_count_hidden":0,"_bbp_forum_subforum_count":0,"site-sidebar-layout":"default","site-content-layout":"","ast-site-content-layout":"default","site-content-style":"default","site-sidebar-style":"default","ast-global-header-display":"","ast-banner-title-visibility":"","ast-main-header-display":"","ast-hfb-above-header-display":"","ast-hfb-below-header-display":"","ast-hfb-mobile-header-display":"","site-post-title":"","ast-breadcrumbs-content":"","ast-featured-img":"","footer-sml-layout":"","theme-transparent-header-meta":"default","adv-header-id-meta":"","stick-header-meta":"","header-above-stick-meta":"","header-main-stick-meta":"","header-below-stick-meta":"","astra-migrate-meta-layouts":"set","ast-page-background-enabled":"default","ast-page-background-meta":{"desktop":{"background-color":"var(--ast-global-color-4)","background-image":"","background-repeat":"repeat","background-position":"center center","background-size":"auto","background-attachment":"scroll","background-type":"","background-media":"","overlay-type":"","overlay-color":"","overlay-opacity":"","overlay-gradient":""},"tablet":{"background-color":"","background-image":"","background-repeat":"repeat","background-position":"center center","background-size":"auto","background-attachment":"scroll","background-type":"","background-media":"","overlay-type":"","overlay-color":"","overlay-opacity":"","overlay-gradient":""},"mobile":{"background-color":"","background-image":"","background-repeat":"repeat","background-position":"center center","background-size":"auto","background-attachment":"scroll","background-type":"","background-media":"","overlay-type":"","overlay-color":"","overlay-opacity":"","overlay-gradient":""}},"ast-content-background-meta":{"desktop":{"background-color":"var(--ast-global-color-5)","background-image":"","background-repeat":"repeat","background-position":"center center","background-size":"auto","background-attachment":"scroll","background-type":"","background-media":"","overlay-type":"","overlay-color":"","overlay-opacity":"","overlay-gradient":""},"tablet":{"background-color":"var(--ast-global-color-5)","background-image":"","background-repeat":"repeat","background-position":"center center","background-size":"auto","background-attachment":"scroll","background-type":"","background-media":"","overlay-type":"","overlay-color":"","overlay-opacity":"","overlay-gradient":""},"mobile":{"background-color":"var(--ast-global-color-5)","background-image":"","background-repeat":"repeat","background-position":"center center","background-size":"auto","background-attachment":"scroll","background-type":"","background-media":"","overlay-type":"","overlay-color":"","overlay-opacity":"","overlay-gradient":""}},"footnotes":""},"class_list":["post-17442","page","type-page","status-publish","hentry"],"post_mailing_queue_ids":[],"_links":{"self":[{"href":"https:\/\/agora.xtec.cat\/escola-ateneu-igualadi\/wp-json\/wp\/v2\/pages\/17442","targetHints":{"allow":["GET"]}}],"collection":[{"href":"https:\/\/agora.xtec.cat\/escola-ateneu-igualadi\/wp-json\/wp\/v2\/pages"}],"about":[{"href":"https:\/\/agora.xtec.cat\/escola-ateneu-igualadi\/wp-json\/wp\/v2\/types\/page"}],"author":[{"embeddable":true,"href":"https:\/\/agora.xtec.cat\/escola-ateneu-igualadi\/wp-json\/wp\/v2\/users\/1"}],"replies":[{"embeddable":true,"href":"https:\/\/agora.xtec.cat\/escola-ateneu-igualadi\/wp-json\/wp\/v2\/comments?post=17442"}],"version-history":[{"count":4,"href":"https:\/\/agora.xtec.cat\/escola-ateneu-igualadi\/wp-json\/wp\/v2\/pages\/17442\/revisions"}],"predecessor-version":[{"id":18253,"href":"https:\/\/agora.xtec.cat\/escola-ateneu-igualadi\/wp-json\/wp\/v2\/pages\/17442\/revisions\/18253"}],"wp:attachment":[{"href":"https:\/\/agora.xtec.cat\/escola-ateneu-igualadi\/wp-json\/wp\/v2\/media?parent=17442"}],"curies":[{"name":"wp","href":"https:\/\/api.w.org\/{rel}","templated":true}]}}