{"id":17376,"date":"2023-12-20T16:58:36","date_gmt":"2023-12-20T15:58:36","guid":{"rendered":"https:\/\/agora.xtec.cat\/escola-ateneu-igualadi\/?page_id=17376"},"modified":"2024-02-28T18:21:32","modified_gmt":"2024-02-28T17:21:32","slug":"xandall","status":"publish","type":"page","link":"https:\/\/agora.xtec.cat\/escola-ateneu-igualadi\/xandall\/","title":{"rendered":"Xandall"},"content":{"rendered":"<div>\n<div>\n<p dir=\"ltr\">L&#8217;equipaci\u00f3 escolar \u00e9s\u00a0obligat\u00f2ria\u00a0a partir de <b>prim\u00e0ria <\/b>per les sortides, educaci\u00f3 f\u00edsica i extraescolars\u00a0esportius. A l&#8217;etapa infantil l&#8217;equipaci\u00f3 escolar no \u00e9s necess\u00e0ria.<\/p>\n<p dir=\"ltr\"><a href=\"https:\/\/agora.xtec.cat\/escola-ateneu-igualadi\/wp-content\/uploads\/usu2410\/2023\/11\/image001.png\"><img loading=\"lazy\" decoding=\"async\" class=\"alignnone size-full wp-image-17335\" src=\"https:\/\/agora.xtec.cat\/escola-ateneu-igualadi\/wp-content\/uploads\/usu2410\/2023\/11\/image001.png\" alt=\"\" width=\"488\" height=\"422\" srcset=\"https:\/\/agora.xtec.cat\/escola-ateneu-igualadi\/wp-content\/uploads\/usu2410\/2023\/11\/image001.png 488w, https:\/\/agora.xtec.cat\/escola-ateneu-igualadi\/wp-content\/uploads\/usu2410\/2023\/11\/image001-300x259.png 300w\" sizes=\"auto, (max-width: 488px) 100vw, 488px\" \/><\/a><\/p>\n<p>Amb l&#8217;objectiu de minimitzar costos i de millorar la comoditat dels infants, a partir del curs <u><\/u><u><\/u>2023-2024 <u><\/u><u><\/u>l&#8217;equipaci\u00f3 escolar reglament\u00e0ria ser\u00e0 nom\u00e9s la <b>jaqueta<\/b>\u00a0i la<b>\u00a0samarreta<\/b>. Deixa de ser obligatori l\u2019\u00fas dels pantalons llargs i pantalons curts. Qui en tingui els pot continuar utilitzant, i sin\u00f3 es podr\u00e0 portar el que es vulgui, preferiblement fosc.<\/p>\n<p>Samarreta d\u2019estiu amb un teixit t\u00e8cnic 100% poli\u00e8ster, que afavoreix la transpiraci\u00f3 i l\u2019evacuaci\u00f3 de la suor.<\/p>\n<p>Jaqueta dessuadora amb butxaques i cremallera per l\u2019hivern. El teixit emprat \u00e9s tamb\u00e9 de 100% poli\u00e8ster, per\u00f2 en aquest cas amb l\u2019interior perxat perqu\u00e8 ens aporti escalfor.<\/p>\n<p><b>COM S\u2019HA D\u2019ADQUIRIR L\u2019EQUIPACI\u00d3?<\/b><\/p>\n<ol start=\"1\">\n<li>Anar a la\u00a0botiga <b>By Puns<\/b> d&#8217;Igualada\u00a0(Carrer Sor Rita Mercader, 33. Telf: :938 05 50 05) i\u00a0<b>EMPROVAR-SE-LA<\/b>\u00a0per saber la talla correcta.<\/li>\n<li>Fer el pagament a trav\u00e9s de l&#8217;aplicaci\u00f3 <b><a id=\"m_3748172790844967046OWAbcc2149c-1773-b5e9-44bc-c14e95294db9\" href=\"https:\/\/tpvescola.com\/Default2.aspx\" target=\"_blank\" rel=\"noopener\" data-saferedirecturl=\"https:\/\/www.google.com\/url?q=https:\/\/tpvescola.com\/Default2.aspx&amp;source=gmail&amp;ust=1700823854948000&amp;usg=AOvVaw2h9w-BDkx0g4LsxsY873XV\">TPVEscola<\/a><\/b>, a l&#8217;apartat <b>Compres &gt; Articles *<\/b><\/li>\n<li>Un cop fet el pagament, ensenyar la pantalla de resum de la compra al responsable de la botiga.<\/li>\n<li>Des de la botiga us faran entrega de l\u2019albar\u00e0 de la compra.<\/li>\n<\/ol>\n<\/div>\n<\/div>\n<div>\n<p><b><u><a href=\"https:\/\/agora.xtec.cat\/escola-ateneu-igualadi\/wp-content\/uploads\/usu2410\/2023\/11\/Proces-de-compra-xandalls.pdf\">PROC\u00c9S DE COMPRA<\/a><\/u><\/b><\/p>\n<p><b>EQUIPACI\u00d3 de 2a m\u00e0 DISPONIBLE<\/b><\/p>\n<p>L\u2019AFA disposa d&#8217;un servei de venda de xandalls de segona m\u00e0, promovent la roba que se us queda petita, donant-li una segona vida per aquell qui ho desitgi, seguint la l\u00ednia d\u2019escola verda.<\/p>\n<p>Gr\u00e0cies a les vostres aportacions, disposem de totes les talles de samarretes, jaquetes, pantalons curts i llargs.<\/p>\n<p>Per tal de poder adquirir-ne o, tanmateix, fer donaci\u00f3 a l&#8217;AFA, si \u00e9s que en teniu d&#8217;usats i en bon estat, podeu posar-vos en contacte amb la Jessica (647933727) o la Laura (696837987) o b\u00e9 escrivint a l\u2019AFA\u00a0(<a id=\"m_3748172790844967046OWA225d3de5-d10a-3fae-6820-fdf74667f153\" href=\"mailto:ampa@ateneuigualadi.org\" target=\"_blank\" rel=\"noopener\">ampa@ateneuigualadi.org<\/a><wbr \/>) i ens posarem en contacte amb vosaltres.<\/p>\n<p><b>PREUS ROBA NOVA &#8211; BY PUNS<\/b><\/p>\n<p><a href=\"https:\/\/agora.xtec.cat\/escola-ateneu-igualadi\/wp-content\/uploads\/usu2410\/2023\/11\/Captura-de-pantalla-2023-11-23-a-las-12.39.25.png\"><img loading=\"lazy\" decoding=\"async\" class=\"alignnone wp-image-17338\" src=\"https:\/\/agora.xtec.cat\/escola-ateneu-igualadi\/wp-content\/uploads\/usu2410\/2023\/11\/Captura-de-pantalla-2023-11-23-a-las-12.39.25-1024x344.png\" alt=\"\" width=\"723\" height=\"243\" srcset=\"https:\/\/agora.xtec.cat\/escola-ateneu-igualadi\/wp-content\/uploads\/usu2410\/2023\/11\/Captura-de-pantalla-2023-11-23-a-las-12.39.25-1024x344.png 1024w, https:\/\/agora.xtec.cat\/escola-ateneu-igualadi\/wp-content\/uploads\/usu2410\/2023\/11\/Captura-de-pantalla-2023-11-23-a-las-12.39.25-300x101.png 300w, https:\/\/agora.xtec.cat\/escola-ateneu-igualadi\/wp-content\/uploads\/usu2410\/2023\/11\/Captura-de-pantalla-2023-11-23-a-las-12.39.25-768x258.png 768w, https:\/\/agora.xtec.cat\/escola-ateneu-igualadi\/wp-content\/uploads\/usu2410\/2023\/11\/Captura-de-pantalla-2023-11-23-a-las-12.39.25.png 1192w\" sizes=\"auto, (max-width: 723px) 100vw, 723px\" \/><\/a><\/p>\n<p><b>PREUS ROBA SEGONA M\u00c0 &#8211; AFA<\/b><\/p>\n<p><b> <a href=\"https:\/\/agora.xtec.cat\/escola-ateneu-igualadi\/wp-content\/uploads\/usu2410\/2023\/11\/Captura-de-pantalla-2023-11-23-a-las-12.39.34.png\"><img loading=\"lazy\" decoding=\"async\" class=\"alignnone wp-image-17339\" src=\"https:\/\/agora.xtec.cat\/escola-ateneu-igualadi\/wp-content\/uploads\/usu2410\/2023\/11\/Captura-de-pantalla-2023-11-23-a-las-12.39.34.png\" alt=\"\" width=\"401\" height=\"288\" srcset=\"https:\/\/agora.xtec.cat\/escola-ateneu-igualadi\/wp-content\/uploads\/usu2410\/2023\/11\/Captura-de-pantalla-2023-11-23-a-las-12.39.34.png 624w, https:\/\/agora.xtec.cat\/escola-ateneu-igualadi\/wp-content\/uploads\/usu2410\/2023\/11\/Captura-de-pantalla-2023-11-23-a-las-12.39.34-300x215.png 300w\" sizes=\"auto, (max-width: 401px) 100vw, 401px\" \/><\/a><\/b><\/p>\n<p>&nbsp;<\/p>\n<\/div>\n","protected":false},"excerpt":{"rendered":"<p>L&#8217;equipaci\u00f3 escolar \u00e9s\u00a0obligat\u00f2ria\u00a0a partir de prim\u00e0ria per les sortides, educaci\u00f3 f\u00edsica i extraescolars\u00a0esportius. A l&#8217;etapa infantil l&#8217;equipaci\u00f3 escolar no \u00e9s necess\u00e0ria. Amb l&#8217;objectiu de minimitzar costos i de millorar la comoditat dels infants, a partir del curs 2023-2024 l&#8217;equipaci\u00f3 escolar reglament\u00e0ria ser\u00e0 nom\u00e9s la jaqueta\u00a0i la\u00a0samarreta. Deixa de ser obligatori l\u2019\u00fas dels pantalons llargs i [&hellip;]<\/p>\n","protected":false},"author":1,"featured_media":0,"parent":0,"menu_order":0,"comment_status":"closed","ping_status":"closed","template":"","meta":{"_bbp_topic_count":0,"_bbp_reply_count":0,"_bbp_total_topic_count":0,"_bbp_total_reply_count":0,"_bbp_voice_count":0,"_bbp_anonymous_reply_count":0,"_bbp_topic_count_hidden":0,"_bbp_reply_count_hidden":0,"_bbp_forum_subforum_count":0,"site-sidebar-layout":"default","site-content-layout":"","ast-site-content-layout":"","site-content-style":"default","site-sidebar-style":"default","ast-global-header-display":"","ast-banner-title-visibility":"","ast-main-header-display":"","ast-hfb-above-header-display":"","ast-hfb-below-header-display":"","ast-hfb-mobile-header-display":"","site-post-title":"","ast-breadcrumbs-content":"","ast-featured-img":"","footer-sml-layout":"","theme-transparent-header-meta":"","adv-header-id-meta":"","stick-header-meta":"","header-above-stick-meta":"","header-main-stick-meta":"","header-below-stick-meta":"","astra-migrate-meta-layouts":"default","ast-page-background-enabled":"default","ast-page-background-meta":{"desktop":{"background-color":"var(--ast-global-color-4)","background-image":"","background-repeat":"repeat","background-position":"center center","background-size":"auto","background-attachment":"scroll","background-type":"","background-media":"","overlay-type":"","overlay-color":"","overlay-opacity":"","overlay-gradient":""},"tablet":{"background-color":"","background-image":"","background-repeat":"repeat","background-position":"center center","background-size":"auto","background-attachment":"scroll","background-type":"","background-media":"","overlay-type":"","overlay-color":"","overlay-opacity":"","overlay-gradient":""},"mobile":{"background-color":"","background-image":"","background-repeat":"repeat","background-position":"center center","background-size":"auto","background-attachment":"scroll","background-type":"","background-media":"","overlay-type":"","overlay-color":"","overlay-opacity":"","overlay-gradient":""}},"ast-content-background-meta":{"desktop":{"background-color":"var(--ast-global-color-5)","background-image":"","background-repeat":"repeat","background-position":"center center","background-size":"auto","background-attachment":"scroll","background-type":"","background-media":"","overlay-type":"","overlay-color":"","overlay-opacity":"","overlay-gradient":""},"tablet":{"background-color":"var(--ast-global-color-5)","background-image":"","background-repeat":"repeat","background-position":"center center","background-size":"auto","background-attachment":"scroll","background-type":"","background-media":"","overlay-type":"","overlay-color":"","overlay-opacity":"","overlay-gradient":""},"mobile":{"background-color":"var(--ast-global-color-5)","background-image":"","background-repeat":"repeat","background-position":"center center","background-size":"auto","background-attachment":"scroll","background-type":"","background-media":"","overlay-type":"","overlay-color":"","overlay-opacity":"","overlay-gradient":""}},"footnotes":""},"class_list":["post-17376","page","type-page","status-publish","hentry"],"post_mailing_queue_ids":[],"_links":{"self":[{"href":"https:\/\/agora.xtec.cat\/escola-ateneu-igualadi\/wp-json\/wp\/v2\/pages\/17376","targetHints":{"allow":["GET"]}}],"collection":[{"href":"https:\/\/agora.xtec.cat\/escola-ateneu-igualadi\/wp-json\/wp\/v2\/pages"}],"about":[{"href":"https:\/\/agora.xtec.cat\/escola-ateneu-igualadi\/wp-json\/wp\/v2\/types\/page"}],"author":[{"embeddable":true,"href":"https:\/\/agora.xtec.cat\/escola-ateneu-igualadi\/wp-json\/wp\/v2\/users\/1"}],"replies":[{"embeddable":true,"href":"https:\/\/agora.xtec.cat\/escola-ateneu-igualadi\/wp-json\/wp\/v2\/comments?post=17376"}],"version-history":[{"count":3,"href":"https:\/\/agora.xtec.cat\/escola-ateneu-igualadi\/wp-json\/wp\/v2\/pages\/17376\/revisions"}],"predecessor-version":[{"id":17461,"href":"https:\/\/agora.xtec.cat\/escola-ateneu-igualadi\/wp-json\/wp\/v2\/pages\/17376\/revisions\/17461"}],"wp:attachment":[{"href":"https:\/\/agora.xtec.cat\/escola-ateneu-igualadi\/wp-json\/wp\/v2\/media?parent=17376"}],"curies":[{"name":"wp","href":"https:\/\/api.w.org\/{rel}","templated":true}]}}