{"id":17346,"date":"2023-11-28T14:41:23","date_gmt":"2023-11-28T13:41:23","guid":{"rendered":"https:\/\/agora.xtec.cat\/escola-ateneu-igualadi\/?page_id=17346"},"modified":"2026-03-04T23:49:01","modified_gmt":"2026-03-04T22:49:01","slug":"extraescolars-2","status":"publish","type":"page","link":"https:\/\/agora.xtec.cat\/escola-ateneu-igualadi\/extraescolars-2\/","title":{"rendered":"Extraescolars"},"content":{"rendered":"<p>A la comissi\u00f3 d\u2019extraescolars oferim activitats de qualitat en les franges hor\u00e0ries de 16h a 17h i de 17h a 18:30h.<\/p>\n<p>Des de la comissi\u00f3 d\u2019extraescolars, cada any s\u2019organitzen activitats que engloben els \u00e0mbits art\u00edstic, ling\u00fc\u00edstic, cultural i esportiu. No cal dir que intentem que el servei compti amb els millors professionals possibles.<\/p>\n<p>Des de l\u2019AFA de l\u2019escola, volem que les activitats extraescolars segueixin el projecte, les l\u00ednies pedag\u00f2giques i l\u2019ideari de l\u2019escola, amb el prop\u00f2sit d\u2019afavorir la socialitzaci\u00f3 entre els nens\/es que hi participen i transmetre valors com el respecte i la pr\u00e0ctica de l\u2019esport.<\/p>\n<p>Recordeu que les quotes s\u00f3n mensuals i es paguen a trav\u00e9s del TPV Escola.<\/p>\n<p>La comissi\u00f3 d\u2019extraescolars est\u00e0 formada per:<\/p>\n<div>Margarida Rosa \/ Esti Lizaso \/ Francesc Calaf \/ Gemma Salom \/ Carla Prat<\/div>\n<p>Teresa Torrents &#8211; Coordinadora (Tel\u00e8fon de contacte: 621 185 098)<\/p>\n<p>Per posar-vos en contacte amb nosaltres: <a href=\"mailto:extraescolarsateneuigualadi@gmail.com\">extraescolarsateneuigualadi@gmail.com<\/a><\/p>\n<p>Quedem a la vostra disposici\u00f3 i aprofitem per animar-vos a col\u00b7laborar amb l\u2019AFA.<\/p>\n<p><span lang=\"CA\">En els seg\u00fcents enlla\u00e7os trobareu tota la informaci\u00f3 necess\u00e0ria referent a les activitats extraescolars:<\/span><\/p>\n<p><a href=\"https:\/\/agora.xtec.cat\/escola-ateneu-igualadi\/wp-content\/uploads\/usu2410\/2025\/09\/Descripcions-i-objectius-25-26.pdf\">Descripcions i objectius 25-26<\/a><\/p>\n<p><a href=\"https:\/\/agora.xtec.cat\/escola-ateneu-igualadi\/wp-content\/uploads\/usu2410\/2025\/09\/Graella-i-preus-25-26.pdf\">Graella i preus 25-26<\/a><\/p>\n<p><a href=\"https:\/\/agora.xtec.cat\/escola-ateneu-igualadi\/wp-content\/uploads\/usu2410\/2025\/09\/Normativa-i-tarifes-extraescolars-25-26.pdf\">Normativa i tarifes extraescolars 25-26<\/a><\/p>\n","protected":false},"excerpt":{"rendered":"<p>A la comissi\u00f3 d\u2019extraescolars oferim activitats de qualitat en les franges hor\u00e0ries de 16h a 17h i de 17h a 18:30h. Des de la comissi\u00f3 d\u2019extraescolars, cada any s\u2019organitzen activitats que engloben els \u00e0mbits art\u00edstic, ling\u00fc\u00edstic, cultural i esportiu. No cal dir que intentem que el servei compti amb els millors professionals possibles. Des de [&hellip;]<\/p>\n","protected":false},"author":1,"featured_media":0,"parent":0,"menu_order":0,"comment_status":"closed","ping_status":"closed","template":"","meta":{"_bbp_topic_count":0,"_bbp_reply_count":0,"_bbp_total_topic_count":0,"_bbp_total_reply_count":0,"_bbp_voice_count":0,"_bbp_anonymous_reply_count":0,"_bbp_topic_count_hidden":0,"_bbp_reply_count_hidden":0,"_bbp_forum_subforum_count":0,"site-sidebar-layout":"default","site-content-layout":"","ast-site-content-layout":"default","site-content-style":"default","site-sidebar-style":"default","ast-global-header-display":"","ast-banner-title-visibility":"","ast-main-header-display":"","ast-hfb-above-header-display":"","ast-hfb-below-header-display":"","ast-hfb-mobile-header-display":"","site-post-title":"","ast-breadcrumbs-content":"","ast-featured-img":"","footer-sml-layout":"","theme-transparent-header-meta":"default","adv-header-id-meta":"","stick-header-meta":"","header-above-stick-meta":"","header-main-stick-meta":"","header-below-stick-meta":"","astra-migrate-meta-layouts":"set","ast-page-background-enabled":"default","ast-page-background-meta":{"desktop":{"background-color":"var(--ast-global-color-4)","background-image":"","background-repeat":"repeat","background-position":"center center","background-size":"auto","background-attachment":"scroll","background-type":"","background-media":"","overlay-type":"","overlay-color":"","overlay-opacity":"","overlay-gradient":""},"tablet":{"background-color":"","background-image":"","background-repeat":"repeat","background-position":"center center","background-size":"auto","background-attachment":"scroll","background-type":"","background-media":"","overlay-type":"","overlay-color":"","overlay-opacity":"","overlay-gradient":""},"mobile":{"background-color":"","background-image":"","background-repeat":"repeat","background-position":"center center","background-size":"auto","background-attachment":"scroll","background-type":"","background-media":"","overlay-type":"","overlay-color":"","overlay-opacity":"","overlay-gradient":""}},"ast-content-background-meta":{"desktop":{"background-color":"var(--ast-global-color-5)","background-image":"","background-repeat":"repeat","background-position":"center center","background-size":"auto","background-attachment":"scroll","background-type":"","background-media":"","overlay-type":"","overlay-color":"","overlay-opacity":"","overlay-gradient":""},"tablet":{"background-color":"var(--ast-global-color-5)","background-image":"","background-repeat":"repeat","background-position":"center center","background-size":"auto","background-attachment":"scroll","background-type":"","background-media":"","overlay-type":"","overlay-color":"","overlay-opacity":"","overlay-gradient":""},"mobile":{"background-color":"var(--ast-global-color-5)","background-image":"","background-repeat":"repeat","background-position":"center center","background-size":"auto","background-attachment":"scroll","background-type":"","background-media":"","overlay-type":"","overlay-color":"","overlay-opacity":"","overlay-gradient":""}},"footnotes":""},"class_list":["post-17346","page","type-page","status-publish","hentry"],"post_mailing_queue_ids":[],"_links":{"self":[{"href":"https:\/\/agora.xtec.cat\/escola-ateneu-igualadi\/wp-json\/wp\/v2\/pages\/17346","targetHints":{"allow":["GET"]}}],"collection":[{"href":"https:\/\/agora.xtec.cat\/escola-ateneu-igualadi\/wp-json\/wp\/v2\/pages"}],"about":[{"href":"https:\/\/agora.xtec.cat\/escola-ateneu-igualadi\/wp-json\/wp\/v2\/types\/page"}],"author":[{"embeddable":true,"href":"https:\/\/agora.xtec.cat\/escola-ateneu-igualadi\/wp-json\/wp\/v2\/users\/1"}],"replies":[{"embeddable":true,"href":"https:\/\/agora.xtec.cat\/escola-ateneu-igualadi\/wp-json\/wp\/v2\/comments?post=17346"}],"version-history":[{"count":4,"href":"https:\/\/agora.xtec.cat\/escola-ateneu-igualadi\/wp-json\/wp\/v2\/pages\/17346\/revisions"}],"predecessor-version":[{"id":18254,"href":"https:\/\/agora.xtec.cat\/escola-ateneu-igualadi\/wp-json\/wp\/v2\/pages\/17346\/revisions\/18254"}],"wp:attachment":[{"href":"https:\/\/agora.xtec.cat\/escola-ateneu-igualadi\/wp-json\/wp\/v2\/media?parent=17346"}],"curies":[{"name":"wp","href":"https:\/\/api.w.org\/{rel}","templated":true}]}}