{"id":17196,"date":"2023-06-28T13:03:53","date_gmt":"2023-06-28T11:03:53","guid":{"rendered":"https:\/\/agora.xtec.cat\/escola-ateneu-igualadi\/?page_id=17196"},"modified":"2024-05-31T12:26:57","modified_gmt":"2024-05-31T10:26:57","slug":"pla-de-comunicacio-2","status":"publish","type":"page","link":"https:\/\/agora.xtec.cat\/escola-ateneu-igualadi\/pla-de-comunicacio-2\/","title":{"rendered":"Pla de comunicaci\u00f3"},"content":{"rendered":"<p style=\"text-align: justify;\">Aquest Pla de Comunicaci\u00f3 explica com organitzem les comunicacions internes i externes a l&#8217;Escola Ateneu Igualad\u00ed. El seu objectiu \u00e9s establir una comunicaci\u00f3 eficient i efica\u00e7 amb els diferents grups d\u2019inter\u00e8s del centre, tan interna com externament i ha de marcar els canals i accions a desenvolupar per generar una comunicaci\u00f3 eficient.<\/p>\n<p><span style=\"font-weight: 400;\">Es tracta d\u2019un document viu ja que reflecteix la realitat en qu\u00e8 vivim. S\u2019anir\u00e0 revisant peri\u00f2dicament per tal d\u2019actualitzar-lo.<\/span><\/p>\n<p style=\"text-align: justify;\"><strong>INFORMACIONS INTERNES<\/strong><\/p>\n<p style=\"text-align: justify;\"><strong>Comunicaci\u00f3 amb els mestres<\/strong><\/p>\n<p style=\"text-align: justify;\">La informaci\u00f3 que es transmet entre mestres, Equip directiu i personal PAS es pot fer seguint els seg\u00fcents canals:<\/p>\n<p style=\"text-align: justify;\"><strong>Grup de WhatsApp:<\/strong> Els mestres disposen d&#8217;un grup de whatsapp per comunicar-se entre ells a tots els nivells.<\/p>\n<p style=\"text-align: justify;\"><strong>Correu electr\u00f2nic de domini del centre:<\/strong> El personal del centre utilitza els correu de domini del centre (<span class=\"\">@ateneuiguadi.o<\/span>rg), principalment per comunicar-se amb les fam\u00edlies i els alumnes.<\/p>\n<p style=\"text-align: justify;\"><strong>Correu electr\u00f2nic <span class=\"\">@<\/span>xtec:<\/strong>\u00a0 El personal del centre utilitza aquest correu per comunicar-se entre el propi personal del centre i amb els agents externs. S&#8217;hi reenvien correus i informacions que afecten a les tasques de les mestres.<\/p>\n<p><strong>Google Drive:<\/strong> Aquesta eina de Google \u00e9s l&#8217;espai on s&#8217;emmagatzemen els documents d&#8217;organitzaci\u00f3 i treball habitual del centre. Els documents amb dades personals de les mestres, alumnes i fam\u00edlies no haurien de ser emmagatzemades en aquest espai.<\/p>\n<p><strong>Llibre Blanc:<\/strong> Aquest document \u00e9s on es recullen els aspectes organitzatius m\u00e9s quotidians i b\u00e0sics de l&#8217;Escola i \u00e9s el que es d\u00f3na als mestres que arriben al centre, per tal que puguin con\u00e8ixer de forma r\u00e0pida el funcionament del centre.<\/p>\n<p><strong>Apunts de l&#8217;Ateneu:<\/strong> S&#8217;envia en format correu electr\u00f2nic a tot el personal del centre, tan mestres com PAS on s&#8217;hi detallen les activitats que es faran durant la propera setmana. S&#8217;envien sempre en divendres i poden afegir-s&#8217;hi aspectes informatius per al claustre i tamb\u00e9 articles sobre temes d&#8217;inter\u00e8s pedag\u00f2gic.<\/p>\n<p><strong>Entrevistes personals:<\/strong> A final de curs alguns membres de l&#8217;equip directiu es reuneixen individualment amb tot el personal de l&#8217;Escola per poder traslladar la valoraci\u00f3 del curs, les inquietuds i els encerts.<\/p>\n<p style=\"text-align: justify;\"><strong>Comunicaci\u00f3 amb les fam\u00edlies<\/strong><\/p>\n<p style=\"text-align: justify;\"><strong>Plaf\u00f3 d\u2019anuncis: <\/strong>Al plaf\u00f3 situat a la porta d\u2019entrada al centre es penjaran totes aquelles notificacions d\u2019inter\u00e8s general per les fam\u00edlies, sense concretar: programes d\u2019activitats, campanyes del Departament, informacions de l\u2019AFA&#8230; Tamb\u00e9 s&#8217;hi fan mostres de les produccions art\u00edstiques que fan els alumnes durant el curs.<\/p>\n<p style=\"text-align: justify;\"><strong>Reunions d\u2019inici de curs:<\/strong> S\u2019informa dels objectius i continguts generals, metodologies i projectes en el que participa l\u2019alumnat del curs. S\u2019informa del calendari i altres informacions que fan refer\u00e8ncia a l&#8217;horari i a l&#8217;organitzaci\u00f3 habitual del grup.<br \/>\nLes fam\u00edlies de i3 s\u00f3n convocades durant les primeres setmanes de juliol a una reuni\u00f3 informativa on es tractaran els temes necessaris per la incorporaci\u00f3 dels infants a l\u2019escola.<br \/>\nLa primera reuni\u00f3 col\u00b7lectiva de curs es realitza preferiblement durant les \u00faltimes setmanes de setembre i la primera quinzena d\u2019octubre. Durant el curs hi poden haver altres reunions monotem\u00e0tiques de temes concrets, tot i que no \u00e9s habitual.<\/p>\n<p style=\"text-align: justify;\"><strong>Reunions de final de curs:<\/strong> Durant les \u00faltimes setmanes del curs es convoca una reuni\u00f3 col\u00b7lectiva, on les tutores traslladen els progressos acad\u00e8mics que s&#8217;han portat a terme durant el curs i els sabers i compet\u00e8ncies que s&#8217;han potenciat. Tamb\u00e9 s&#8217;informa de les caracter\u00edstiques del grup i dels aspectes de socialitzaci\u00f3 que s&#8217;han treballat durant el curs.<\/p>\n<p style=\"text-align: justify;\"><strong>Agenda:<\/strong> Les notificacions dels pares adre\u00e7ades al tutor es fan des de l\u2019apartat de notificacions de l\u2019agenda, o b\u00e9 amb una nota manuscrita lliurada en m\u00e0. Els\/les mestres han de respondre les comunicacions de les fam\u00edlies a la mateixa agenda.<\/p>\n<p style=\"text-align: justify;\"><strong>Correu electr\u00f2nic:<\/strong> Aquest mitj\u00e0 de comunicaci\u00f3 \u00e9s una de les vies m\u00e9s directes de comunicaci\u00f3 amb les tutores. S&#8217;utilitza el correu electr\u00f2nic amb el domini de l&#8217;escola (@ateneuigualadi.org). Les fam\u00edlies tamb\u00e9 t\u00e9nen correu amb domini de l&#8217;escola i preferiblement han d&#8217;utilitzar aquest per comunicar-se amb els\/les mestres.<\/p>\n<p style=\"text-align: justify;\"><strong>TPVEscola:<\/strong> Aquesta aplicaci\u00f3 s&#8217;utilitza com a mitj\u00e0 per a la recaptaci\u00f3 dels pagaments de les quotes de material i de sortides del curs i dels pagaments de les col\u00f2nies. A trav\u00e9s d&#8217;aquesta aplicaci\u00f3 s&#8217;envien avisos de recordatoris dels pagaments.<\/p>\n<p style=\"text-align: justify;\"><strong>Grup de Whatsapp &#8211; LLIGAMS:<\/strong> A cada grup de l&#8217;Escola es crea un grup de Whatsapp anomenat &#8220;Lligams&#8221; on hi ha d&#8217;haver un representant (mare, pare, tutor\/a) de cada alumne del grup. La tutora s&#8217;ha d&#8217;encarregar de saber si hi ha cap representant de cada alumne. D&#8217;entre tots els representants d&#8217;alumnes se n&#8217;ha d&#8217;elegir dos que seran els que estaran en contacte directe, a trav\u00e9s d&#8217;un grup de Whatsapp privat, amb la tutora. A trav\u00e9s d&#8217;aquest grup, la tutora enviar\u00e0 els missatges que els &#8220;Lligams&#8221; hauran de copiar al grup de Whatsapp de les fam\u00edlies. Els &#8220;Lligams&#8221; tamb\u00e9 podran traslladar a la tutora preguntes concretes que les fam\u00edlies necessitin resoldre.<\/p>\n<p style=\"text-align: justify;\"><strong>Circulars:<\/strong> La direcci\u00f3 de l\u2019escola i les tutores s\u2019adre\u00e7aran als pares principalment mitjan\u00e7ant el correu de <em><strong>comunicacioescola<\/strong><\/em><span class=\"\"><em><strong><span class=\"\">@ateneuigualadi.<\/span>org<\/strong><\/em> per informar de les sortides, activitats i informacions. <\/span>Tamb\u00e9 poden enviar arxius adjunts i enquestes o preguntes que poden respondre les fam\u00edlies.<\/p>\n<p style=\"text-align: justify;\"><strong>Autoritzacions: <\/strong>Les autoritzacions s&#8217;enviaran mitjan\u00e7ant correu electr\u00f2nic i les fam\u00edlies les poden retornar en format paper o signades digitalment.<\/p>\n<p style=\"text-align: justify;\"><strong>Informes:<\/strong><br \/>\n<strong>a) Educaci\u00f3 Infantil:<\/strong> Es lliuren dos informes durant el curs. Un al final del primer trimestre i l\u2019altre a final de curs. Els informes es lliuren en format paper.<br \/>\n<strong>b) Educaci\u00f3 Prim\u00e0ria:<\/strong> Un per trimestre. Al final de cada curs s\u2019adjunta tamb\u00e9 un informe final amb les qualificacions del curs. Al finalitzar l\u2019etapa, les fam\u00edlies reben un altre informe on s\u2019especifica el grau d\u2019assoliment de les compet\u00e8ncies b\u00e0siques.<\/p>\n<p style=\"text-align: justify;\">Els informes es lliuren digitalment mitjan\u00e7ant un correu electr\u00f2nic al correu de fam\u00edlies del domini de l&#8217;escola, excepte l&#8217;informe del 2n trimestre que es lliura en format paper.<\/p>\n<p style=\"text-align: justify;\"><strong>Tel\u00e8fon:<\/strong><br \/>\n<strong>a) Abs\u00e8ncies:<\/strong> Els pares o tutors legals han de comunicar i justificar l\u2019abs\u00e8ncia del seu fill abans de les 9h del mat\u00ed. Si no poden venir a l\u2019escola es demana que ho facin preferiblement per tel\u00e8fon, tot i que tamb\u00e9 es recomana que avisin a la tutora mitjan\u00e7ant el correu electr\u00f2nic.<br \/>\n<strong>b) Malaltia o indisposici\u00f3:<\/strong> Els\/les mestres trucaran a les fam\u00edlies quan l\u2019alumne\/a no es trobi en condicions de continuar a l\u2019escola per motius de salut.<\/p>\n<p style=\"text-align: justify;\"><strong>Reunions de tutoria:<\/strong><br \/>\nLes reunions amb el tutor\/a es fan durant les hores que ofereixi cada tutora, tot i que preferiblement seran a les hores de programaci\u00f3 de cada mestra. Com a m\u00ednim, es fa una reuni\u00f3 durant el curs (obligat\u00f2ria) i altres d&#8217;extraordin\u00e0ries, sempre que la fam\u00edlia i el o la mestre\/a ho demana. Aquestes entrevistes queden registrades a l\u2019expedient.<\/p>\n<p style=\"text-align: justify;\">Es citar\u00e0 a les fam\u00edlies d\u2019alumnes nous, durant la primera setmana de setembre, per explicar el funcionament del curs i ensenyar les instal\u00b7lacions.<\/p>\n<p style=\"text-align: justify;\"><strong>Reunions amb la direcci\u00f3:<\/strong><br \/>\nQuan la direcci\u00f3 del centre consideri necessari es citar\u00e0 a les fam\u00edlies telef\u00f2nicament o preferiblement per correu electr\u00f2nic.<br \/>\nLes reunions per parlar amb la direcci\u00f3 s\u2019hauran de demanar pr\u00e8viament explicant el motiu de consulta i es faran en les opcions hor\u00e0ries que ofereixi direcci\u00f3.<\/p>\n<p style=\"text-align: justify;\"><strong>Comunicaci\u00f3 amb els \u00f2rgans de la comunitat educativa<\/strong><\/p>\n<p style=\"text-align: justify;\"><strong>Claustre<\/strong><br \/>\nEl primer claustre de curs es realitza durant la primera setmana de setembre i el darrer durant l\u2019\u00faltima setmana de curs. Durant el curs, preferiblement, es fa un claustre al mes. La convocat\u00f2ria de claustre es fa amb 48 hores d\u2019antelaci\u00f3 per correu electr\u00f2nic, a no ser que sigui extraordinari. Juntament amb la convocat\u00f2ria es pot accedir, mitjan\u00e7ant un enlla\u00e7, a les actes anteriors per tal que tots els docents la portin llegida el dia del claustre.<\/p>\n<p style=\"text-align: justify;\"><strong>Consell escolar<\/strong><br \/>\nLes convocat\u00f2ries de reuni\u00f3 de Consell Escolar es faran arribar amb una setmana d\u2019antelaci\u00f3. S&#8217;hi adjuntar\u00e0 l&#8217;acta de la reuni\u00f3 anterior per tal que tots els membres la puguin llegir. Les informacions i la documentaci\u00f3 necess\u00e0ria es lliurar\u00e0 per correu electr\u00f2nic.<\/p>\n<p style=\"text-align: justify;\"><strong>AFA<\/strong><br \/>\nTotes les comunicacions amb l\u2019AFA de l\u2019escola es faran mitjan\u00e7ant el correu electr\u00f2nic, o la via telef\u00f2nica sempre que no sigui possible personalment.<br \/>\nAl llarg del curs, l\u2019equip directiu es reunir\u00e0 peri\u00f2dicament amb els membres de l\u2019AFA per prendre les decisions necess\u00e0ries per un bon funcionament de les diferents comissions.<\/p>\n<p style=\"text-align: justify;\"><strong>Ajuntament<\/strong><br \/>\nLes comunicacions amb l\u2019Ajuntament es fan per diferents canals, correu electr\u00f2nic o tel\u00e8fon amb la t\u00e8cnica de la regidoria corresponent.<\/p>\n<p>&nbsp;<\/p>\n<p style=\"text-align: justify;\"><strong>INFORMACIONS EXTERNES<\/strong><\/p>\n<p style=\"text-align: justify;\">L\u2019Escola Ateneu Igualad\u00ed vol comunicar i promocionar a l\u2019exterior del centre els seus trets d\u2019identitat.<br \/>\nSom una escola activa, catalana, implicada amb les fam\u00edlies, que vetlla per la igualtat, i compromesa amb el medi ambient. El Pla de comunicaci\u00f3 amb l\u2019exterior ha de vetllar per:<\/p>\n<ul style=\"text-align: justify;\">\n<li style=\"text-align: justify;\">Difondre les l\u00ednies estrat\u00e8giques que la Direcci\u00f3 de l\u2019Escola estableixi.<\/li>\n<li style=\"text-align: justify;\">Millorar la visibilitat i la pres\u00e8ncia de l\u2019escola tant a Igualada com a la seva rodalia:<br \/>\n&#8211; Millorar la difusi\u00f3 dels serveis que ofereix i dels projectes que duu a terme.<br \/>\n&#8211; Homogene\u00eftzar la imatge corporativa.<br \/>\n&#8211; Cercar l\u2019excel\u00b7l\u00e8ncia en la gesti\u00f3 de les eines de difusi\u00f3, tot prioritzant criteris de qualitat en la comunicaci\u00f3 enlloc de criteris de quantitat.<\/li>\n<\/ul>\n<p style=\"text-align: justify;\"><strong>P\u00e0gina WEB<\/strong><br \/>\nLa p\u00e0gina web de l\u2019escola \u00e9s un espai on les fam\u00edlies i tothom que s\u2019hi interessi pot obtenir informaci\u00f3 del centre, aix\u00ed com els seus documents principals.<br \/>\nDins l\u2019espai web, hi ha un espai reservat per a l\u2019AFA, on es troba tota la informaci\u00f3 per posar-s&#8217;hi en contacte i la documentaci\u00f3 necess\u00e0ria per a les fam\u00edlies.<br \/>\nA trav\u00e9s dels articles, els\/les mestres de l\u2019escola aniran publicant activitats de l\u2019aula, activitats fora del centre i sortides. S&#8217;hi anunciaran les properes festes, jornades o activitats que afectin a tot el centre. Tamb\u00e9 s&#8217;informar\u00e0 dels processos de preinscripci\u00f3 i matr\u00edcula de cada curs.<br \/>\nDins l\u2019espai web hi ha l\u2019apartat de \u201cFotos\u201d, on nom\u00e9s s\u2019hi pot accedir a trav\u00e9s del compte de fam\u00edlia amb el domini propi (@ateneuigualadi.org) i amb la pr\u00f2pia contrasenya. En aquestes p\u00e0gines hi ha l\u2019enlla\u00e7 a la carpeta del Drive on s\u2019emmagatzemen totes les fotografies d\u2019aquell grup classe pel curs present.<\/p>\n<blockquote class=\"wp-embedded-content\" data-secret=\"eq3sR8zWUx\"><p><a href=\"https:\/\/agora.xtec.cat\/escola-ateneu-igualadi\/\"><\/a><\/p><\/blockquote>\n<p><iframe loading=\"lazy\" class=\"wp-embedded-content\" sandbox=\"allow-scripts\" security=\"restricted\" style=\"position: absolute; clip: rect(1px, 1px, 1px, 1px);\" title=\"&#8220;&#8221; &#8212; Escola Ateneu Igualad\u00ed\" src=\"https:\/\/agora.xtec.cat\/escola-ateneu-igualadi\/embed\/#?secret=DM1xXx2auD#?secret=eq3sR8zWUx\" data-secret=\"eq3sR8zWUx\" width=\"500\" height=\"282\" frameborder=\"0\" marginwidth=\"0\" marginheight=\"0\" scrolling=\"no\"><\/iframe><\/p>\n<p style=\"text-align: justify;\"><strong>Premsa i Xarxes socials<\/strong><br \/>\nL&#8217;Equip Directiu del centre redactar\u00e0, de forma excepcional, notes de premsa, breus, per comunicar aquells projectes d\u2019innovaci\u00f3 o que es considerin importants per a l\u2019escola. Aniran acompanyats d\u2019imatges i es distribuiran a la premsa comarcal.<br \/>\nDe la mateixa manera s\u2019actuar\u00e0 amb les xarxes socials \u2013preferiblement Instagram- on la Comissi\u00f3 de Xarxes Socials tindr\u00e0 l\u2019exclusivitat en la difusi\u00f3 de les actuacions vetllant sempre per la protecci\u00f3 dels menors i evitant la difusi\u00f3 de les seves imatges.<\/p>\n<p style=\"text-align: justify;\"><strong>PROTECCI\u00d3 DE DADES I D\u2019IMATGES<\/strong><br \/>\nLa normativa en protecci\u00f3 de dades autoritza els centres educatius a tractar les seves dades \u00fanicament amb una finalitat orientativa i educadora. Per tant, es vetllar\u00e0 per no difondre p\u00fablicament, ni proporcionar a tercers cap dada que pugui identificar directa, o indirectament, a un alumne\/a.<\/p>\n<p style=\"text-align: justify;\">Respecte el tractament d\u2019imatges el centre \u00e9s responsable \u00fanicament d\u2019all\u00f2 que es capti dins el recinte escolar. Aix\u00ed, qualsevol captaci\u00f3 d\u2019imatge efectuada dins el recinte del centre requereix l\u2019autoritzaci\u00f3 pr\u00e8via del director i si les imatges identifiquen persones, cal el seu consentiment o el dels seus representants legals tot explicitant la finalitat de la captaci\u00f3. Per aquest motiu, i com que \u00e9s impossible evitar la captaci\u00f3 d\u2019imatges efectuades pels familiars dels alumnes durant els esdeveniments oberts, s\u2019afegir\u00e0 un par\u00e0graf a la carta de comprom\u00eds on es demani als pares un \u00fas particular i responsable de les imatges del Drive i de les que puguin captar ells mateixos durant la celebraci\u00f3 d\u2019actes oberts (nadales, curses, sortides&#8230;), sobretot d\u2019aquelles imatges en les que apareguin altres alumnes que no siguin fills seus. De la mateixa manera, el centre no se\u2019n fa responsable de la captaci\u00f3 d\u2019imatges en espais p\u00fablics externs al centre que durant determinats esdeveniments p\u00fablics (excursions, concerts, curses, sortides d&#8217;entorn&#8230;) puguin fer els familiars dels alumnes o tercers aliens.<br \/>\nL\u2019Escola Ateneu Igualad\u00ed procurar\u00e0, en la mesura que sigui possible, que les imatges publicades en obert a webs i xarxes no permetin una f\u00e0cil identificaci\u00f3 dels alumnes: preferiblement d\u2019esquena, parts del cos no identificables (mans, per exemple), imatges llunyanes, imatges de grup amb poca definici\u00f3&#8230; L\u2019Escola Ateneu Igualad\u00ed vetllar\u00e0 tamb\u00e9 perqu\u00e8 el professorat, des de perfils propis, no difongui imatges dels alumnes a les xarxes socials.<\/p>\n","protected":false},"excerpt":{"rendered":"<p>Aquest Pla de Comunicaci\u00f3 explica com organitzem les comunicacions internes i externes a l&#8217;Escola Ateneu Igualad\u00ed. El seu objectiu \u00e9s establir una comunicaci\u00f3 eficient i efica\u00e7 amb els diferents grups d\u2019inter\u00e8s del centre, tan interna com externament i ha de marcar els canals i accions a desenvolupar per generar una comunicaci\u00f3 eficient. Es tracta d\u2019un [&hellip;]<\/p>\n","protected":false},"author":1,"featured_media":0,"parent":0,"menu_order":0,"comment_status":"closed","ping_status":"closed","template":"","meta":{"_bbp_topic_count":0,"_bbp_reply_count":0,"_bbp_total_topic_count":0,"_bbp_total_reply_count":0,"_bbp_voice_count":0,"_bbp_anonymous_reply_count":0,"_bbp_topic_count_hidden":0,"_bbp_reply_count_hidden":0,"_bbp_forum_subforum_count":0,"site-sidebar-layout":"default","site-content-layout":"","ast-site-content-layout":"","site-content-style":"default","site-sidebar-style":"default","ast-global-header-display":"","ast-banner-title-visibility":"","ast-main-header-display":"","ast-hfb-above-header-display":"","ast-hfb-below-header-display":"","ast-hfb-mobile-header-display":"","site-post-title":"","ast-breadcrumbs-content":"","ast-featured-img":"","footer-sml-layout":"","theme-transparent-header-meta":"","adv-header-id-meta":"","stick-header-meta":"","header-above-stick-meta":"","header-main-stick-meta":"","header-below-stick-meta":"","astra-migrate-meta-layouts":"default","ast-page-background-enabled":"default","ast-page-background-meta":{"desktop":{"background-color":"var(--ast-global-color-4)","background-image":"","background-repeat":"repeat","background-position":"center center","background-size":"auto","background-attachment":"scroll","background-type":"","background-media":"","overlay-type":"","overlay-color":"","overlay-opacity":"","overlay-gradient":""},"tablet":{"background-color":"","background-image":"","background-repeat":"repeat","background-position":"center center","background-size":"auto","background-attachment":"scroll","background-type":"","background-media":"","overlay-type":"","overlay-color":"","overlay-opacity":"","overlay-gradient":""},"mobile":{"background-color":"","background-image":"","background-repeat":"repeat","background-position":"center center","background-size":"auto","background-attachment":"scroll","background-type":"","background-media":"","overlay-type":"","overlay-color":"","overlay-opacity":"","overlay-gradient":""}},"ast-content-background-meta":{"desktop":{"background-color":"var(--ast-global-color-5)","background-image":"","background-repeat":"repeat","background-position":"center center","background-size":"auto","background-attachment":"scroll","background-type":"","background-media":"","overlay-type":"","overlay-color":"","overlay-opacity":"","overlay-gradient":""},"tablet":{"background-color":"var(--ast-global-color-5)","background-image":"","background-repeat":"repeat","background-position":"center center","background-size":"auto","background-attachment":"scroll","background-type":"","background-media":"","overlay-type":"","overlay-color":"","overlay-opacity":"","overlay-gradient":""},"mobile":{"background-color":"var(--ast-global-color-5)","background-image":"","background-repeat":"repeat","background-position":"center center","background-size":"auto","background-attachment":"scroll","background-type":"","background-media":"","overlay-type":"","overlay-color":"","overlay-opacity":"","overlay-gradient":""}},"footnotes":""},"class_list":["post-17196","page","type-page","status-publish","hentry"],"post_mailing_queue_ids":[],"_links":{"self":[{"href":"https:\/\/agora.xtec.cat\/escola-ateneu-igualadi\/wp-json\/wp\/v2\/pages\/17196","targetHints":{"allow":["GET"]}}],"collection":[{"href":"https:\/\/agora.xtec.cat\/escola-ateneu-igualadi\/wp-json\/wp\/v2\/pages"}],"about":[{"href":"https:\/\/agora.xtec.cat\/escola-ateneu-igualadi\/wp-json\/wp\/v2\/types\/page"}],"author":[{"embeddable":true,"href":"https:\/\/agora.xtec.cat\/escola-ateneu-igualadi\/wp-json\/wp\/v2\/users\/1"}],"replies":[{"embeddable":true,"href":"https:\/\/agora.xtec.cat\/escola-ateneu-igualadi\/wp-json\/wp\/v2\/comments?post=17196"}],"version-history":[{"count":6,"href":"https:\/\/agora.xtec.cat\/escola-ateneu-igualadi\/wp-json\/wp\/v2\/pages\/17196\/revisions"}],"predecessor-version":[{"id":17697,"href":"https:\/\/agora.xtec.cat\/escola-ateneu-igualadi\/wp-json\/wp\/v2\/pages\/17196\/revisions\/17697"}],"wp:attachment":[{"href":"https:\/\/agora.xtec.cat\/escola-ateneu-igualadi\/wp-json\/wp\/v2\/media?parent=17196"}],"curies":[{"name":"wp","href":"https:\/\/api.w.org\/{rel}","templated":true}]}}