{"id":17152,"date":"2023-05-25T14:47:57","date_gmt":"2023-05-25T12:47:57","guid":{"rendered":"https:\/\/agora.xtec.cat\/escola-ateneu-igualadi\/?page_id=17152"},"modified":"2024-03-05T15:25:18","modified_gmt":"2024-03-05T14:25:18","slug":"infraestructura","status":"publish","type":"page","link":"https:\/\/agora.xtec.cat\/escola-ateneu-igualadi\/infraestructura\/","title":{"rendered":"Serveis digitals i dispositius"},"content":{"rendered":"<p style=\"text-align: justify;\"><strong>INFRAESTRUCTURA<\/strong><br \/>\nGaireb\u00e9 totes les aules del centre estan equipades amb sistemes de projecci\u00f3. No s\u2019actualitzen els equips, ja que s\u2019est\u00e0 a l\u2019espera de rebre la dotaci\u00f3 de panells interactius per les aules.<\/p>\n<p style=\"text-align: justify;\">El centre disposa de dispositius cedits pel Departament d\u2019Educaci\u00f3 pels alumnes de P5 i P6 i els posa a disposici\u00f3 dels alumnes per utilitzar tecnologia digital a l\u2019aula. L\u2019escola disposa de material propi com ara Chromebooks i tablets pels alumnes de P1, P2, P3 i P4. Tamb\u00e9 dins del Pla de desplegament digital, els mestres del centre disposen de dispositius port\u00e0tils cedits pel Departament.<\/p>\n<p style=\"text-align: justify;\">A l&#8217;escola hi ha acc\u00e9s a internet f\u00e0cil i r\u00e0pid en tots els espais mitjan\u00e7ant els 8 punts d\u2019acc\u00e9s facilitats pel Departament que donen acc\u00e9s a la xarxa WIFI.<\/p>\n<p style=\"text-align: justify;\">L\u2019escola t\u00e9 adquirit un domini propi i en aquest hi ha allotjada la p\u00e0gina web i els correus corporatius de centre.<\/p>\n<p style=\"text-align: justify;\">Cada alumne a partir de P4 i tots els mestres disposen d\u2019un compte GOOGLE WORKSPACE FOR EDUCATION. L&#8217;escola utilitza a partir de P4 el Classroom com a plataforma EVA.<\/p>\n<p style=\"text-align: justify;\">La gesti\u00f3 de les incid\u00e8ncies dels dispositius les realitza el coordinador digital juntament amb el t\u00e8cnic del Departament. No es disposa de cap asseguran\u00e7a extra per possibles sinistres.<\/p>\n<p style=\"text-align: justify;\">El Centre usa l&#8217;aplicaci\u00f3 TPV com a plataforma de comunicaci\u00f3 i gesti\u00f3 econ\u00f2mica amb les fam\u00edlies.<\/p>\n<p style=\"text-align: justify;\">La web d\u2019escola est\u00e0 en fase de revisi\u00f3 profunda, perqu\u00e8 \u00e9s una web migrada de l\u2019antiga p\u00e0gina del centre quan era concertada. A m\u00e9s, l\u2019escola fa servir el canal d&#8217;Instagram com a xarxa de difusi\u00f3.<\/p>\n<p style=\"text-align: justify;\"><strong>PR\u00c0CTIQUES D\u00daS AL CENTRE I APLICACI\u00d3 DE LA TECNOLOGIA<\/strong><\/p>\n<p style=\"text-align: justify;\">El centre utilitza Google Drive per organitzar tota la informaci\u00f3 del centre. Fa servir unitats compartides, on tenen tot el material pedag\u00f2gic, de treballs per a l&#8217;alumnat i organitzatiu de centre i que no requereix refer\u00e8ncia nominal.<\/p>\n<p style=\"text-align: justify;\">La informaci\u00f3 sensible i amb dades dels alumnes i del personal del centre estan allotjades al servidor i el seu acc\u00e9s est\u00e0 restringit en funci\u00f3 del c\u00e0rrec o rol dins l&#8217;escola. S&#8217;evita, en la mesura del possible, l&#8217;\u00fas de noms i cognoms, si no \u00e9s estrictament necessari.<\/p>\n<p style=\"text-align: justify;\">L\u2019\u00fas del Classroom com a entorn virtual d\u2019aprenentatge est\u00e0 estandarditzat a partir de P1 i la majoria de docents utilitzen les opcions avan\u00e7ades que ofereix la plataforma, m\u00e9s enll\u00e0 de penjar documents. El centre ha apostat fort per l\u2019\u00fas avan\u00e7at de Classroom, fent diverses formacions al professorat i potenciant i fomentant l\u2019\u00fas d\u2019aquest compartint tutorials i explicant els avantatges que ofereix. Tamb\u00e9 de manera m\u00e9s redu\u00efda s\u2019usa el Google Sites per banc de recursos, sobretot a partir de P4.<br \/>\nAmb els alumnes es fan servir les eines de GOOGLE WORKSPACE FOR EDUCATION per treballar de manera individual o col\u00b7laborativa i organitzar els materials i recursos.<\/p>\n<p><a href=\"https:\/\/docs.google.com\/spreadsheets\/d\/1-wsEgx1tvtyG9mH1uu14muciPtzLu_QRmKjjS6nkOgc\/edit?usp=drive_link\">Estrategia Digital de Centre 2023 &#8211; 2024<\/a><\/p>\n","protected":false},"excerpt":{"rendered":"<p>INFRAESTRUCTURA Gaireb\u00e9 totes les aules del centre estan equipades amb sistemes de projecci\u00f3. No s\u2019actualitzen els equips, ja que s\u2019est\u00e0 a l\u2019espera de rebre la dotaci\u00f3 de panells interactius per les aules. El centre disposa de dispositius cedits pel Departament d\u2019Educaci\u00f3 pels alumnes de P5 i P6 i els posa a disposici\u00f3 dels alumnes per [&hellip;]<\/p>\n","protected":false},"author":1,"featured_media":0,"parent":0,"menu_order":0,"comment_status":"closed","ping_status":"closed","template":"","meta":{"_bbp_topic_count":0,"_bbp_reply_count":0,"_bbp_total_topic_count":0,"_bbp_total_reply_count":0,"_bbp_voice_count":0,"_bbp_anonymous_reply_count":0,"_bbp_topic_count_hidden":0,"_bbp_reply_count_hidden":0,"_bbp_forum_subforum_count":0,"site-sidebar-layout":"default","site-content-layout":"","ast-site-content-layout":"","site-content-style":"default","site-sidebar-style":"default","ast-global-header-display":"","ast-banner-title-visibility":"","ast-main-header-display":"","ast-hfb-above-header-display":"","ast-hfb-below-header-display":"","ast-hfb-mobile-header-display":"","site-post-title":"","ast-breadcrumbs-content":"","ast-featured-img":"","footer-sml-layout":"","theme-transparent-header-meta":"","adv-header-id-meta":"","stick-header-meta":"","header-above-stick-meta":"","header-main-stick-meta":"","header-below-stick-meta":"","astra-migrate-meta-layouts":"default","ast-page-background-enabled":"default","ast-page-background-meta":{"desktop":{"background-color":"var(--ast-global-color-4)","background-image":"","background-repeat":"repeat","background-position":"center center","background-size":"auto","background-attachment":"scroll","background-type":"","background-media":"","overlay-type":"","overlay-color":"","overlay-opacity":"","overlay-gradient":""},"tablet":{"background-color":"","background-image":"","background-repeat":"repeat","background-position":"center center","background-size":"auto","background-attachment":"scroll","background-type":"","background-media":"","overlay-type":"","overlay-color":"","overlay-opacity":"","overlay-gradient":""},"mobile":{"background-color":"","background-image":"","background-repeat":"repeat","background-position":"center center","background-size":"auto","background-attachment":"scroll","background-type":"","background-media":"","overlay-type":"","overlay-color":"","overlay-opacity":"","overlay-gradient":""}},"ast-content-background-meta":{"desktop":{"background-color":"var(--ast-global-color-5)","background-image":"","background-repeat":"repeat","background-position":"center center","background-size":"auto","background-attachment":"scroll","background-type":"","background-media":"","overlay-type":"","overlay-color":"","overlay-opacity":"","overlay-gradient":""},"tablet":{"background-color":"var(--ast-global-color-5)","background-image":"","background-repeat":"repeat","background-position":"center center","background-size":"auto","background-attachment":"scroll","background-type":"","background-media":"","overlay-type":"","overlay-color":"","overlay-opacity":"","overlay-gradient":""},"mobile":{"background-color":"var(--ast-global-color-5)","background-image":"","background-repeat":"repeat","background-position":"center center","background-size":"auto","background-attachment":"scroll","background-type":"","background-media":"","overlay-type":"","overlay-color":"","overlay-opacity":"","overlay-gradient":""}},"footnotes":""},"class_list":["post-17152","page","type-page","status-publish","hentry"],"post_mailing_queue_ids":[],"_links":{"self":[{"href":"https:\/\/agora.xtec.cat\/escola-ateneu-igualadi\/wp-json\/wp\/v2\/pages\/17152","targetHints":{"allow":["GET"]}}],"collection":[{"href":"https:\/\/agora.xtec.cat\/escola-ateneu-igualadi\/wp-json\/wp\/v2\/pages"}],"about":[{"href":"https:\/\/agora.xtec.cat\/escola-ateneu-igualadi\/wp-json\/wp\/v2\/types\/page"}],"author":[{"embeddable":true,"href":"https:\/\/agora.xtec.cat\/escola-ateneu-igualadi\/wp-json\/wp\/v2\/users\/1"}],"replies":[{"embeddable":true,"href":"https:\/\/agora.xtec.cat\/escola-ateneu-igualadi\/wp-json\/wp\/v2\/comments?post=17152"}],"version-history":[{"count":6,"href":"https:\/\/agora.xtec.cat\/escola-ateneu-igualadi\/wp-json\/wp\/v2\/pages\/17152\/revisions"}],"predecessor-version":[{"id":17493,"href":"https:\/\/agora.xtec.cat\/escola-ateneu-igualadi\/wp-json\/wp\/v2\/pages\/17152\/revisions\/17493"}],"wp:attachment":[{"href":"https:\/\/agora.xtec.cat\/escola-ateneu-igualadi\/wp-json\/wp\/v2\/media?parent=17152"}],"curies":[{"name":"wp","href":"https:\/\/api.w.org\/{rel}","templated":true}]}}