{"id":15475,"date":"2020-11-13T09:30:23","date_gmt":"2020-11-13T08:30:23","guid":{"rendered":"https:\/\/agora.xtec.cat\/escola-ateneu-igualadi\/?page_id=15475"},"modified":"2021-02-01T16:25:42","modified_gmt":"2021-02-01T15:25:42","slug":"projecte-rius","status":"publish","type":"page","link":"https:\/\/agora.xtec.cat\/escola-ateneu-igualadi\/projecte-rius\/","title":{"rendered":"Projecte rius"},"content":{"rendered":"<section>\n<h4>El Projecte Rius un projecte de treball voluntari<\/h4>\n<p>El Projecte Rius \u00e9s un projecte d\u2019educaci\u00f3 ambiental que t\u00e9 com a objectiu la conservaci\u00f3 i la millora dels nostres rius, afavorint l\u2019apropament de les persones al nostre entorn natural.<br \/>\nPartint de la idea que per respectar cal con\u00e8ixer, l\u2019Associaci\u00f3 H\u00e0bitats ha promogut una forma de treball voluntari encaminat a la millora del medi ambient. Aquesta idea ha pres forma en el Projecte Rius.<br \/>\nLa participaci\u00f3 en aquest projecte fa possible educar els nostres alumnes en el servei a la societat i en el respecte i l\u2019apropament a l\u2019entorn natural m\u00e9s proper.<\/p>\n<p><a href=\"http:\/\/www.projecterius.cat\/\" target=\"_blank\" rel=\"noopener noreferrer\">Acc\u00e9s a la web del Projecte Rius<\/a><\/p>\n<p><span style=\"font-family: inherit; font-size: 1em;\">\u00a0<\/span><\/p>\n<\/section>\n","protected":false},"excerpt":{"rendered":"<p>El Projecte Rius un projecte de treball voluntari El Projecte Rius \u00e9s un projecte d\u2019educaci\u00f3 ambiental que t\u00e9 com a objectiu la conservaci\u00f3 i la millora dels nostres rius, afavorint l\u2019apropament de les persones al nostre entorn natural. Partint de la idea que per respectar cal con\u00e8ixer, l\u2019Associaci\u00f3 H\u00e0bitats ha promogut una forma de treball [&hellip;]<\/p>\n","protected":false},"author":1,"featured_media":0,"parent":0,"menu_order":0,"comment_status":"closed","ping_status":"closed","template":"","meta":{"_bbp_topic_count":0,"_bbp_reply_count":0,"_bbp_total_topic_count":0,"_bbp_total_reply_count":0,"_bbp_voice_count":0,"_bbp_anonymous_reply_count":0,"_bbp_topic_count_hidden":0,"_bbp_reply_count_hidden":0,"_bbp_forum_subforum_count":0,"site-sidebar-layout":"default","site-content-layout":"","ast-site-content-layout":"","site-content-style":"default","site-sidebar-style":"default","ast-global-header-display":"","ast-banner-title-visibility":"","ast-main-header-display":"","ast-hfb-above-header-display":"","ast-hfb-below-header-display":"","ast-hfb-mobile-header-display":"","site-post-title":"","ast-breadcrumbs-content":"","ast-featured-img":"","footer-sml-layout":"","theme-transparent-header-meta":"","adv-header-id-meta":"","stick-header-meta":"","header-above-stick-meta":"","header-main-stick-meta":"","header-below-stick-meta":"","astra-migrate-meta-layouts":"default","ast-page-background-enabled":"default","ast-page-background-meta":{"desktop":{"background-color":"var(--ast-global-color-4)","background-image":"","background-repeat":"repeat","background-position":"center center","background-size":"auto","background-attachment":"scroll","background-type":"","background-media":"","overlay-type":"","overlay-color":"","overlay-opacity":"","overlay-gradient":""},"tablet":{"background-color":"","background-image":"","background-repeat":"repeat","background-position":"center center","background-size":"auto","background-attachment":"scroll","background-type":"","background-media":"","overlay-type":"","overlay-color":"","overlay-opacity":"","overlay-gradient":""},"mobile":{"background-color":"","background-image":"","background-repeat":"repeat","background-position":"center center","background-size":"auto","background-attachment":"scroll","background-type":"","background-media":"","overlay-type":"","overlay-color":"","overlay-opacity":"","overlay-gradient":""}},"ast-content-background-meta":{"desktop":{"background-color":"var(--ast-global-color-5)","background-image":"","background-repeat":"repeat","background-position":"center center","background-size":"auto","background-attachment":"scroll","background-type":"","background-media":"","overlay-type":"","overlay-color":"","overlay-opacity":"","overlay-gradient":""},"tablet":{"background-color":"var(--ast-global-color-5)","background-image":"","background-repeat":"repeat","background-position":"center center","background-size":"auto","background-attachment":"scroll","background-type":"","background-media":"","overlay-type":"","overlay-color":"","overlay-opacity":"","overlay-gradient":""},"mobile":{"background-color":"var(--ast-global-color-5)","background-image":"","background-repeat":"repeat","background-position":"center center","background-size":"auto","background-attachment":"scroll","background-type":"","background-media":"","overlay-type":"","overlay-color":"","overlay-opacity":"","overlay-gradient":""}},"footnotes":""},"class_list":["post-15475","page","type-page","status-publish","hentry"],"post_mailing_queue_ids":[],"_links":{"self":[{"href":"https:\/\/agora.xtec.cat\/escola-ateneu-igualadi\/wp-json\/wp\/v2\/pages\/15475","targetHints":{"allow":["GET"]}}],"collection":[{"href":"https:\/\/agora.xtec.cat\/escola-ateneu-igualadi\/wp-json\/wp\/v2\/pages"}],"about":[{"href":"https:\/\/agora.xtec.cat\/escola-ateneu-igualadi\/wp-json\/wp\/v2\/types\/page"}],"author":[{"embeddable":true,"href":"https:\/\/agora.xtec.cat\/escola-ateneu-igualadi\/wp-json\/wp\/v2\/users\/1"}],"replies":[{"embeddable":true,"href":"https:\/\/agora.xtec.cat\/escola-ateneu-igualadi\/wp-json\/wp\/v2\/comments?post=15475"}],"version-history":[{"count":2,"href":"https:\/\/agora.xtec.cat\/escola-ateneu-igualadi\/wp-json\/wp\/v2\/pages\/15475\/revisions"}],"predecessor-version":[{"id":16403,"href":"https:\/\/agora.xtec.cat\/escola-ateneu-igualadi\/wp-json\/wp\/v2\/pages\/15475\/revisions\/16403"}],"wp:attachment":[{"href":"https:\/\/agora.xtec.cat\/escola-ateneu-igualadi\/wp-json\/wp\/v2\/media?parent=15475"}],"curies":[{"name":"wp","href":"https:\/\/api.w.org\/{rel}","templated":true}]}}