{"id":15469,"date":"2020-11-13T09:11:42","date_gmt":"2020-11-13T08:11:42","guid":{"rendered":"https:\/\/agora.xtec.cat\/escola-ateneu-igualadi\/?page_id=15469"},"modified":"2021-11-22T13:34:01","modified_gmt":"2021-11-22T12:34:01","slug":"filosofia-3-18","status":"publish","type":"page","link":"https:\/\/agora.xtec.cat\/escola-ateneu-igualadi\/filosofia-3-18\/","title":{"rendered":"Filosofia 3-18"},"content":{"rendered":"<section id=\"seccio_horitzontal\">\n<div id=\"inner-content\" class=\"estructura_columnes wrap cf\">\n<section>\n<h2>El Projecte de Filosofia\u00a0 estimula la capacitat reflexiva de l\u2019infant perqu\u00e8 sigui m\u00e9s acurat, cr\u00edtic i creatiu en la seva vida personal i col\u00b7lectiva.<\/h2>\n<p>El Projecte de Filosofia \u00a0afavoreix el treball per compet\u00e8ncies, l\u2019educaci\u00f3 de les actituds, la millora del pensament, l\u2019emprenedoria i la dimensi\u00f3 creativa del pensament, per\u00f2 tamb\u00e9 l\u2019aprenentatge de l\u2019escolta activa, el treball de lectura en profunditat, la pr\u00e0ctica de l\u2019oralitat i, a nivell superior, l\u2019escriptura\u2026 Totes aquestes estrat\u00e8gies s\u00f3n practicades i refor\u00e7ades mitjan\u00e7ant les habilitats de pensament, que \u00e9s el punt \u00e0lgid i central del projecte.A l\u2019Escola Ateneu Igualad\u00ed ja fa molts anys que els nostres alumnes fan filosofia i que els mestres anem formant-nos i actualitzant els materials i la metodologia.La xarxa Filoscoles consisteix en un comprom\u00eds amb una escola catalana de qualitat, amb una escola que marca la difer\u00e8ncia d\u2019excel\u00b7l\u00e8ncia, en una educaci\u00f3 que defuig les modes i treballa per una escola de futur.<br \/>\nEls mestres, els pares i tamb\u00e9 els nostres exalumnes i alumnes valorem aquest Projecte d\u2019una manera especial.Si en voleu saber m\u00e9s,\u00a0 podeu visitar <strong>la web<a href=\"http:\/\/www.grupiref.org\/\" target=\"_blank\" rel=\"noopener noreferrer\"> iref.com<\/a><\/strong><\/p>\n<\/section>\n<section><iframe loading=\"lazy\" src=\"https:\/\/www.youtube.com\/embed\/7bzjMvD6ELA\" width=\"420\" height=\"315\" frameborder=\"0\" data-mce-fragment=\"1\"><\/iframe><\/section>\n<section><\/section>\n<section><\/section>\n<p>&nbsp;<\/p>\n<p>La filosofia \u00e9s una ci\u00e8ncia que ens ajuda a pensar b\u00e9, a cr\u00e9ixer com a persones, a expressar els nostres sentiments i a reflexionar sobre el que ens envolta.-La classe de filosofia \u00e9s una classe diferent de la de matem\u00e0tiques, de la de catal\u00e0 o de la de socials. \u00c9s una classe en qu\u00e8 parlem de les coses que tenen valor i que t\u2019ajuden a entendre la realitat: de l\u2019amistat, de les baralles, dels insults, dels misteris, dels germans grans, del respecte, de compartir, etc.\u2013 \u00c9s una mat\u00e8ria que ens ajuda a pensar sobre nosaltres mateixos, ens ensenya a escoltar les opinions dels altres i ens ajuda a millorar el treball en grup.\u2013 Aprenem a raonar, a tenir criteri, a expressar, a compartir i a donar l\u2019opini\u00f3. I, escoltant els altres, de vegades canviem d\u2019opini\u00f3.\u2013 Fem lectura, reflexionem sobre la lectura i fem debat sobre els aspectes que ens han cridat l\u2019atenci\u00f3.- Diem el que pensem, reflexionem en equip, entre tots resolem problemes i arribem a conclusions.\u2013 \u00c9s un treball dif\u00edcil per\u00f2 interessant, perqu\u00e8 ens ajuda a ser millors amb els altres, a escoltar les seves opinions i a saber com se senten. Aprenem a valorar els companys i a respectar-los. Aprenem a saber qui som, ens ajuda a cr\u00e9ixer, a saber qu\u00e8 fer en cada moment, a pensar abans de parlar i a respectar totes les opinions.Reflexi\u00f3 dels alumnes de 6\u00e8<\/p>\n<\/div>\n<\/section>\n<section id=\"seccio_horitzontal\">\n<div id=\"inner-content\" class=\"estructura_columnes wrap cf\"><\/div>\n<\/section>\n","protected":false},"excerpt":{"rendered":"<p>El Projecte de Filosofia\u00a0 estimula la capacitat reflexiva de l\u2019infant perqu\u00e8 sigui m\u00e9s acurat, cr\u00edtic i creatiu en la seva vida personal i col\u00b7lectiva. El Projecte de Filosofia \u00a0afavoreix el treball per compet\u00e8ncies, l\u2019educaci\u00f3 de les actituds, la millora del pensament, l\u2019emprenedoria i la dimensi\u00f3 creativa del pensament, per\u00f2 tamb\u00e9 l\u2019aprenentatge de l\u2019escolta activa, el [&hellip;]<\/p>\n","protected":false},"author":1,"featured_media":0,"parent":0,"menu_order":0,"comment_status":"closed","ping_status":"closed","template":"","meta":{"_bbp_topic_count":0,"_bbp_reply_count":0,"_bbp_total_topic_count":0,"_bbp_total_reply_count":0,"_bbp_voice_count":0,"_bbp_anonymous_reply_count":0,"_bbp_topic_count_hidden":0,"_bbp_reply_count_hidden":0,"_bbp_forum_subforum_count":0,"site-sidebar-layout":"default","site-content-layout":"","ast-site-content-layout":"","site-content-style":"default","site-sidebar-style":"default","ast-global-header-display":"","ast-banner-title-visibility":"","ast-main-header-display":"","ast-hfb-above-header-display":"","ast-hfb-below-header-display":"","ast-hfb-mobile-header-display":"","site-post-title":"","ast-breadcrumbs-content":"","ast-featured-img":"","footer-sml-layout":"","theme-transparent-header-meta":"","adv-header-id-meta":"","stick-header-meta":"","header-above-stick-meta":"","header-main-stick-meta":"","header-below-stick-meta":"","astra-migrate-meta-layouts":"default","ast-page-background-enabled":"default","ast-page-background-meta":{"desktop":{"background-color":"var(--ast-global-color-4)","background-image":"","background-repeat":"repeat","background-position":"center center","background-size":"auto","background-attachment":"scroll","background-type":"","background-media":"","overlay-type":"","overlay-color":"","overlay-opacity":"","overlay-gradient":""},"tablet":{"background-color":"","background-image":"","background-repeat":"repeat","background-position":"center center","background-size":"auto","background-attachment":"scroll","background-type":"","background-media":"","overlay-type":"","overlay-color":"","overlay-opacity":"","overlay-gradient":""},"mobile":{"background-color":"","background-image":"","background-repeat":"repeat","background-position":"center center","background-size":"auto","background-attachment":"scroll","background-type":"","background-media":"","overlay-type":"","overlay-color":"","overlay-opacity":"","overlay-gradient":""}},"ast-content-background-meta":{"desktop":{"background-color":"var(--ast-global-color-5)","background-image":"","background-repeat":"repeat","background-position":"center center","background-size":"auto","background-attachment":"scroll","background-type":"","background-media":"","overlay-type":"","overlay-color":"","overlay-opacity":"","overlay-gradient":""},"tablet":{"background-color":"var(--ast-global-color-5)","background-image":"","background-repeat":"repeat","background-position":"center center","background-size":"auto","background-attachment":"scroll","background-type":"","background-media":"","overlay-type":"","overlay-color":"","overlay-opacity":"","overlay-gradient":""},"mobile":{"background-color":"var(--ast-global-color-5)","background-image":"","background-repeat":"repeat","background-position":"center center","background-size":"auto","background-attachment":"scroll","background-type":"","background-media":"","overlay-type":"","overlay-color":"","overlay-opacity":"","overlay-gradient":""}},"footnotes":""},"class_list":["post-15469","page","type-page","status-publish","hentry"],"post_mailing_queue_ids":[],"_links":{"self":[{"href":"https:\/\/agora.xtec.cat\/escola-ateneu-igualadi\/wp-json\/wp\/v2\/pages\/15469","targetHints":{"allow":["GET"]}}],"collection":[{"href":"https:\/\/agora.xtec.cat\/escola-ateneu-igualadi\/wp-json\/wp\/v2\/pages"}],"about":[{"href":"https:\/\/agora.xtec.cat\/escola-ateneu-igualadi\/wp-json\/wp\/v2\/types\/page"}],"author":[{"embeddable":true,"href":"https:\/\/agora.xtec.cat\/escola-ateneu-igualadi\/wp-json\/wp\/v2\/users\/1"}],"replies":[{"embeddable":true,"href":"https:\/\/agora.xtec.cat\/escola-ateneu-igualadi\/wp-json\/wp\/v2\/comments?post=15469"}],"version-history":[{"count":3,"href":"https:\/\/agora.xtec.cat\/escola-ateneu-igualadi\/wp-json\/wp\/v2\/pages\/15469\/revisions"}],"predecessor-version":[{"id":16649,"href":"https:\/\/agora.xtec.cat\/escola-ateneu-igualadi\/wp-json\/wp\/v2\/pages\/15469\/revisions\/16649"}],"wp:attachment":[{"href":"https:\/\/agora.xtec.cat\/escola-ateneu-igualadi\/wp-json\/wp\/v2\/media?parent=15469"}],"curies":[{"name":"wp","href":"https:\/\/api.w.org\/{rel}","templated":true}]}}