{"id":15439,"date":"2020-11-12T11:44:31","date_gmt":"2020-11-12T10:44:31","guid":{"rendered":"https:\/\/agora.xtec.cat\/escola-ateneu-igualadi\/?page_id=15439"},"modified":"2021-11-22T13:58:26","modified_gmt":"2021-11-22T12:58:26","slug":"amics-del-bosc","status":"publish","type":"page","link":"https:\/\/agora.xtec.cat\/escola-ateneu-igualadi\/amics-del-bosc\/","title":{"rendered":"Amics de la Natura"},"content":{"rendered":"<p class=\"entry-content cf\"><span style=\"font-weight: 400;\">\u00c9s un projecte en el que hem volgut traslladar el treball que realitzem a l&#8217;aula a un espai molt m\u00e9s vivencial, directe i motivador. <\/span><\/p>\n<p class=\"entry-content cf\"><span style=\"font-weight: 400;\">Aquesta proposta \u00e9s molt enriquidora pels nostres alumnes, tant <\/span><span style=\"font-weight: 400;\">pel que fa a aprenentatges, com a la cohesi\u00f3 de grup i a l&#8217;autonomia personal. Us parlem del projecte \u00abAmics de la natura\u00bb.<\/span><\/p>\n<p class=\"entry-content cf\"><span style=\"font-weight: 400;\">Des de l&#8217;Escola creiem que \u00e9s una bona oportunitat passar a ser una Escola Amiga de la Natura, on els nostres alumnes poden gaudir sistem\u00e0ticament de l&#8217;entorn i de les m\u00faltiples possibilitats que ofereix. <\/span><span style=\"font-weight: 400;\">Un dels principis del nostre projecte educatiu \u00e9s \u00abPromoure l\u2019apropament i el respecte a la natura i l\u2019entorn\u00bb i, tot i que, des de l&#8217;Escola sempre hem realitzat sortides a la natura, pensem que amb aquesta nova activitat hem fet un pas endavant i ens hem endinsat en una nova visi\u00f3 de fer escola.<\/span><\/p>\n<p><span style=\"font-weight: 400;\">Des de l&#8217;Escola de l&#8217;Ateneu valorem el fet vivencial de la proposta, el poder aplicar fora de l&#8217;aula les diferents \u00e0rees per\u00f2 des d&#8217;un espai diferent. El bosc ens ofereix una riquesa i perspectiva que no podem tenir dins les aules i provoca un inter\u00e8s a tots els nens i nenes indispensable per a un aprenentatge significatiu.\u00a0\u00a0<\/span><span style=\"font-weight: 400;\">Experimentar en directe certs aspectes de coneixement del medi (estacions de l&#8217;any, el m\u00f3n natural, el pas del temps, el riu, la fauna,&#8230;), del coneixement d&#8217;un mateix (autonomia personal, seguretat i confian\u00e7a, companyerisme, col\u00b7laboraci\u00f3, els sentits i les sensacions, creativitat,&#8230;) i dels diferents llenguatges (matem\u00e0tic, pl\u00e0stic, musical i corporal).\u00a0<\/span><\/p>\n<p><span style=\"font-weight: 400;\">A Educaci\u00f3 Infantil el joc \u00e9s el motor de qualsevol aprenentatge i el bosc ens ofereix un espai l\u00fadic i creatiu fant\u00e0stic.\u00a0\u00a0<\/span><span style=\"font-weight: 400;\">El paper del mestre \u00e9s acompanyar els infants en les seves descobertes, proporcionant-los les eines necess\u00e0ries per q\u00fcestionar, investigar, experimentar, buscar i trobar tot all\u00f2 que es proposin. Els nens marquen els seus interessos i els mestres adaptem activitats i objectius de cada visita.<\/span><\/p>\n<p>&nbsp;<\/p>\n<p>&nbsp;<\/p>\n<p>&nbsp;<\/p>\n<p>&nbsp;<\/p>\n","protected":false},"excerpt":{"rendered":"<p>\u00c9s un projecte en el que hem volgut traslladar el treball que realitzem a l&#8217;aula a un espai molt m\u00e9s vivencial, directe i motivador. Aquesta proposta \u00e9s molt enriquidora pels nostres alumnes, tant pel que fa a aprenentatges, com a la cohesi\u00f3 de grup i a l&#8217;autonomia personal. Us parlem del projecte \u00abAmics de la [&hellip;]<\/p>\n","protected":false},"author":1,"featured_media":0,"parent":0,"menu_order":0,"comment_status":"closed","ping_status":"closed","template":"","meta":{"_bbp_topic_count":0,"_bbp_reply_count":0,"_bbp_total_topic_count":0,"_bbp_total_reply_count":0,"_bbp_voice_count":0,"_bbp_anonymous_reply_count":0,"_bbp_topic_count_hidden":0,"_bbp_reply_count_hidden":0,"_bbp_forum_subforum_count":0,"site-sidebar-layout":"default","site-content-layout":"","ast-site-content-layout":"","site-content-style":"default","site-sidebar-style":"default","ast-global-header-display":"","ast-banner-title-visibility":"","ast-main-header-display":"","ast-hfb-above-header-display":"","ast-hfb-below-header-display":"","ast-hfb-mobile-header-display":"","site-post-title":"","ast-breadcrumbs-content":"","ast-featured-img":"","footer-sml-layout":"","theme-transparent-header-meta":"","adv-header-id-meta":"","stick-header-meta":"","header-above-stick-meta":"","header-main-stick-meta":"","header-below-stick-meta":"","astra-migrate-meta-layouts":"default","ast-page-background-enabled":"default","ast-page-background-meta":{"desktop":{"background-color":"var(--ast-global-color-4)","background-image":"","background-repeat":"repeat","background-position":"center center","background-size":"auto","background-attachment":"scroll","background-type":"","background-media":"","overlay-type":"","overlay-color":"","overlay-opacity":"","overlay-gradient":""},"tablet":{"background-color":"","background-image":"","background-repeat":"repeat","background-position":"center center","background-size":"auto","background-attachment":"scroll","background-type":"","background-media":"","overlay-type":"","overlay-color":"","overlay-opacity":"","overlay-gradient":""},"mobile":{"background-color":"","background-image":"","background-repeat":"repeat","background-position":"center center","background-size":"auto","background-attachment":"scroll","background-type":"","background-media":"","overlay-type":"","overlay-color":"","overlay-opacity":"","overlay-gradient":""}},"ast-content-background-meta":{"desktop":{"background-color":"var(--ast-global-color-5)","background-image":"","background-repeat":"repeat","background-position":"center center","background-size":"auto","background-attachment":"scroll","background-type":"","background-media":"","overlay-type":"","overlay-color":"","overlay-opacity":"","overlay-gradient":""},"tablet":{"background-color":"var(--ast-global-color-5)","background-image":"","background-repeat":"repeat","background-position":"center center","background-size":"auto","background-attachment":"scroll","background-type":"","background-media":"","overlay-type":"","overlay-color":"","overlay-opacity":"","overlay-gradient":""},"mobile":{"background-color":"var(--ast-global-color-5)","background-image":"","background-repeat":"repeat","background-position":"center center","background-size":"auto","background-attachment":"scroll","background-type":"","background-media":"","overlay-type":"","overlay-color":"","overlay-opacity":"","overlay-gradient":""}},"footnotes":""},"class_list":["post-15439","page","type-page","status-publish","hentry"],"post_mailing_queue_ids":[],"_links":{"self":[{"href":"https:\/\/agora.xtec.cat\/escola-ateneu-igualadi\/wp-json\/wp\/v2\/pages\/15439","targetHints":{"allow":["GET"]}}],"collection":[{"href":"https:\/\/agora.xtec.cat\/escola-ateneu-igualadi\/wp-json\/wp\/v2\/pages"}],"about":[{"href":"https:\/\/agora.xtec.cat\/escola-ateneu-igualadi\/wp-json\/wp\/v2\/types\/page"}],"author":[{"embeddable":true,"href":"https:\/\/agora.xtec.cat\/escola-ateneu-igualadi\/wp-json\/wp\/v2\/users\/1"}],"replies":[{"embeddable":true,"href":"https:\/\/agora.xtec.cat\/escola-ateneu-igualadi\/wp-json\/wp\/v2\/comments?post=15439"}],"version-history":[{"count":3,"href":"https:\/\/agora.xtec.cat\/escola-ateneu-igualadi\/wp-json\/wp\/v2\/pages\/15439\/revisions"}],"predecessor-version":[{"id":16666,"href":"https:\/\/agora.xtec.cat\/escola-ateneu-igualadi\/wp-json\/wp\/v2\/pages\/15439\/revisions\/16666"}],"wp:attachment":[{"href":"https:\/\/agora.xtec.cat\/escola-ateneu-igualadi\/wp-json\/wp\/v2\/media?parent=15439"}],"curies":[{"name":"wp","href":"https:\/\/api.w.org\/{rel}","templated":true}]}}