{"id":15412,"date":"2020-11-12T11:11:45","date_gmt":"2020-11-12T10:11:45","guid":{"rendered":"https:\/\/agora.xtec.cat\/escola-ateneu-igualadi\/?page_id=15412"},"modified":"2026-03-04T23:56:56","modified_gmt":"2026-03-04T22:56:56","slug":"personal-de-lescola","status":"publish","type":"page","link":"https:\/\/agora.xtec.cat\/escola-ateneu-igualadi\/personal-de-lescola\/","title":{"rendered":"Personal de l&#8217;escola"},"content":{"rendered":"<p>L\u2019equip hum\u00e0 de l\u2019Escola Ateneu \u00e9s un equip comprom\u00e8s i il\u00b7lusionat amb el projecte educatiu del centre. N\u2019\u00e9s, sense cap mena de dubte, un dels valors clau. El projecte no s\u2019ent\u00e9n sense les persones. Cadasc\u00fa \u00e9s part d\u2019un tot que \u00e9s l\u2019Escola. Tots els \u00e0mbits professionals que hi conviuen (docents, administraci\u00f3, manteniment, neteja i monitoratge) amb el seu tracte cordial, respectu\u00f3s, positiu i educat, esdevenen models per als nostres alumnes.<\/p>\n<p>La formaci\u00f3 de l\u2019equip \u00e9s clau per a una Escola que vetlla per l\u2019excel\u00b7l\u00e8ncia i la millora cont\u00ednua. La reflexi\u00f3, els projectes de treball i la innovaci\u00f3 s\u00f3n els eixos que marquen les l\u00ednies mestres i dibuixen el Pla Estrat\u00e8gic de Centre.<\/p>\n<p><strong>EQUIP DIRECTIU AMPLIAT<\/strong><\/p>\n<p>Bianca Mur &#8211; Directora\u00a0 \u00a0 \u00a0 \u00a0 \u00a0 \u00a0 \u00a0 \u00a0 \u00a0 \u00a0 \u00a0 \u00a0 \u00a0 \u00a0 \u00a0 \u00a0 \u00a0 \u00a0 \u00a0 \u00a0 \u00a0 \u00a0 \u00a0 \u00a0 \u00a0 \u00a0 \u00a0 \u00a0 \u00a0 \u00a0 \u00a0 \u00a0 \u00a0 \u00a0 \u00a0 \u00a0 \u00a0 \u00a0 \u00a0 \u00a0 \u00a0 \u00a0Ant\u00f2nia Esteller &#8211; Administrativa<\/p>\n<p>Anna Tom\u00e0s &#8211; Cap d&#8217;Estudis\u00a0 \u00a0 \u00a0 \u00a0 \u00a0 \u00a0 \u00a0 \u00a0 \u00a0 \u00a0 \u00a0 \u00a0 \u00a0 \u00a0 \u00a0 \u00a0 \u00a0 \u00a0 \u00a0 \u00a0 \u00a0 \u00a0 \u00a0 \u00a0 \u00a0 \u00a0 \u00a0 \u00a0 \u00a0 \u00a0 \u00a0 \u00a0 \u00a0 \u00a0 \u00a0 \u00a0 \u00a0 \u00a0 \u00a0 \u00a0 \u00a0 \u00a0 \u00a0 \u00a0David Mart\u00ed &#8211; Consergeria<\/p>\n<p>Fina Fernandez &#8211; Secretaria i Coordinadora de Petits<\/p>\n<p>Mart\u00ed Gom\u00e0 &#8211; Coordinador de Mitjans\u00a0 \u00a0 \u00a0 \u00a0 \u00a0 \u00a0 \u00a0 \u00a0 \u00a0 \u00a0 \u00a0 \u00a0 \u00a0 \u00a0 \u00a0 \u00a0 \u00a0 \u00a0 \u00a0 \u00a0 \u00a0 \u00a0 Fiona Williamson &#8211; Auxiliar de conversa<\/p>\n<p>Laura Pallarols &#8211; Coordinadora de Grans\u00a0 \u00a0 \u00a0 \u00a0 \u00a0 \u00a0 \u00a0 \u00a0 \u00a0 \u00a0 \u00a0 \u00a0 \u00a0 \u00a0 \u00a0 \u00a0 \u00a0 \u00a0 \u00a0 \u00a0 \u00a0 \u00a0 \u00a0 \u00a0 \u00a0 \u00a0 \u00a0 \u00a0 \u00a0 \u00a0 \u00a0 \u00a0 \u00a0Maria Brufau &#8211; Vetlladora<\/p>\n<p><strong>COMUNITAT DE PETITS (P3, P4, P5)\u00a0<\/strong> \u00a0 \u00a0 \u00a0 \u00a0 \u00a0 \u00a0 \u00a0 \u00a0 \u00a0 \u00a0 \u00a0 \u00a0 \u00a0 \u00a0 \u00a0 \u00a0 \u00a0 \u00a0 \u00a0 \u00a0 \u00a0 \u00a0 \u00a0 \u00a0 \u00a0 \u00a0 \u00a0 \u00a0 \u00a0 \u00a0 \u00a0 \u00a0 <strong>\u00a0 \u00a0 \u00a0 MENJADOR<\/strong><\/p>\n<p>Al\u00edcia Bola\u00f1os &#8211; Tutora d&#8217;Ocells\u00a0 \u00a0 \u00a0 \u00a0 \u00a0 \u00a0 \u00a0 \u00a0 \u00a0 \u00a0 \u00a0 \u00a0 \u00a0 \u00a0 \u00a0 \u00a0 \u00a0 \u00a0 \u00a0 \u00a0 \u00a0 \u00a0 \u00a0 \u00a0 \u00a0 \u00a0 \u00a0 \u00a0 \u00a0 \u00a0 \u00a0 \u00a0 \u00a0 \u00a0 \u00a0 Sandra Sayavera &#8211; Coordinadora<\/p>\n<p>Fina Fern\u00e1ndez &#8211; Tutora de Tortugues\u00a0 \u00a0 \u00a0 \u00a0 \u00a0 \u00a0 \u00a0 \u00a0 \u00a0 \u00a0 \u00a0 \u00a0 \u00a0 \u00a0 \u00a0 \u00a0 \u00a0 \u00a0 \u00a0 \u00a0 \u00a0 \u00a0 \u00a0 \u00a0 \u00a0 \u00a0 \u00a0 \u00a0 \u00a0 \u00a0 \u00a0 \u00a0 \u00a0 \u00a0 \u00a0 \u00a0 \u00a0Irina Dom\u00e8nech<br \/>\nJuanjo Angullo &#8211; Tutor de Conills\u00a0 \u00a0 \u00a0 \u00a0 \u00a0 \u00a0 \u00a0 \u00a0 \u00a0 \u00a0 \u00a0 \u00a0 \u00a0 \u00a0 \u00a0 \u00a0 \u00a0 \u00a0 \u00a0 \u00a0 \u00a0 \u00a0 \u00a0 \u00a0 \u00a0 \u00a0 \u00a0 \u00a0 \u00a0 \u00a0 \u00a0 \u00a0 \u00a0 \u00a0 \u00a0 \u00a0 \u00a0 \u00a0 \u00a0 \u00a0 \u00a0Tama Mart\u00ednez<\/p>\n<p>Anna Tom\u00e0s &#8211; Tutora de Lleons i Lleones<\/p>\n<p>Bianca Mur\u00a0 &#8211; Psicomotricitat i suport<\/p>\n<p>S\u00edlvia Junyent, Alba Delgado- suport<\/p>\n<p>Estela Claramunt &#8211; M\u00fasica<\/p>\n<p><strong>COMUNITAT DE MITJANS (1r, 2n, 3r de Prim\u00e0ria)<\/strong><\/p>\n<p>Mireia Marsal &#8211; Tutora de Llops i Llobes<\/p>\n<p>Clara Card\u00f3s \/ Marta Boj &#8211; Tutora d&#8217;\u00c0guiles i Educaci\u00f3 F\u00edsica<\/p>\n<p>Saray Rufi\u00e0n &#8211; Tutora d&#8217;Aranyes<\/p>\n<p>Mart\u00ed Gom\u00e0 &#8211; Tutor de Puputs<\/p>\n<p>S\u00edlvia Junyent, Judit Gall\u00e9n <span style=\"font-family: inherit; font-size: 1em;\">&#8211; suport<\/span><\/p>\n<p>Ester Cucurella &#8211; Angl\u00e8s<\/p>\n<p>Estela Claramunt &#8211; M\u00fasica<\/p>\n<p><strong>COMUNITAT DE GRANS<\/strong><\/p>\n<p>Dolors Casajoana &#8211; Tutora de Gavines (4t)<\/p>\n<p>Laura Pallaros \/ Sandra T\u00e0sies &#8211; Tutor d&#8217;Isards (5\u00e8)<\/p>\n<p>Francesc Vidal &#8211; Tutora de Castors\u00a0 (6\u00e8)<\/p>\n<p>Celia Gallardo \/ Neus Casanova- Pl\u00e0stica, Castell\u00e0 i suport<\/p>\n<p>Bianca Mur i Judit Gall\u00e9n &#8211; suport<\/p>\n<p>Ester Cucurella &#8211; Angl\u00e8s<\/p>\n<p>Estela Claramunt &#8211; M\u00fasica<\/p>\n<p>Alba Delgado &#8211; Educaci\u00f3 F\u00edsica<\/p>\n<p><strong>PEDAGOGIA TERAP\u00c8UTICA<\/strong><\/p>\n<p>Alba Delgado<\/p>\n","protected":false},"excerpt":{"rendered":"<p>L\u2019equip hum\u00e0 de l\u2019Escola Ateneu \u00e9s un equip comprom\u00e8s i il\u00b7lusionat amb el projecte educatiu del centre. N\u2019\u00e9s, sense cap mena de dubte, un dels valors clau. El projecte no s\u2019ent\u00e9n sense les persones. Cadasc\u00fa \u00e9s part d\u2019un tot que \u00e9s l\u2019Escola. Tots els \u00e0mbits professionals que hi conviuen (docents, administraci\u00f3, manteniment, neteja i monitoratge) [&hellip;]<\/p>\n","protected":false},"author":1,"featured_media":0,"parent":0,"menu_order":0,"comment_status":"closed","ping_status":"closed","template":"","meta":{"_bbp_topic_count":0,"_bbp_reply_count":0,"_bbp_total_topic_count":0,"_bbp_total_reply_count":0,"_bbp_voice_count":0,"_bbp_anonymous_reply_count":0,"_bbp_topic_count_hidden":0,"_bbp_reply_count_hidden":0,"_bbp_forum_subforum_count":0,"site-sidebar-layout":"default","site-content-layout":"","ast-site-content-layout":"default","site-content-style":"default","site-sidebar-style":"default","ast-global-header-display":"","ast-banner-title-visibility":"","ast-main-header-display":"","ast-hfb-above-header-display":"","ast-hfb-below-header-display":"","ast-hfb-mobile-header-display":"","site-post-title":"","ast-breadcrumbs-content":"","ast-featured-img":"","footer-sml-layout":"","theme-transparent-header-meta":"default","adv-header-id-meta":"","stick-header-meta":"","header-above-stick-meta":"","header-main-stick-meta":"","header-below-stick-meta":"","astra-migrate-meta-layouts":"set","ast-page-background-enabled":"default","ast-page-background-meta":{"desktop":{"background-color":"var(--ast-global-color-4)","background-image":"","background-repeat":"repeat","background-position":"center center","background-size":"auto","background-attachment":"scroll","background-type":"","background-media":"","overlay-type":"","overlay-color":"","overlay-opacity":"","overlay-gradient":""},"tablet":{"background-color":"","background-image":"","background-repeat":"repeat","background-position":"center center","background-size":"auto","background-attachment":"scroll","background-type":"","background-media":"","overlay-type":"","overlay-color":"","overlay-opacity":"","overlay-gradient":""},"mobile":{"background-color":"","background-image":"","background-repeat":"repeat","background-position":"center center","background-size":"auto","background-attachment":"scroll","background-type":"","background-media":"","overlay-type":"","overlay-color":"","overlay-opacity":"","overlay-gradient":""}},"ast-content-background-meta":{"desktop":{"background-color":"var(--ast-global-color-5)","background-image":"","background-repeat":"repeat","background-position":"center center","background-size":"auto","background-attachment":"scroll","background-type":"","background-media":"","overlay-type":"","overlay-color":"","overlay-opacity":"","overlay-gradient":""},"tablet":{"background-color":"var(--ast-global-color-5)","background-image":"","background-repeat":"repeat","background-position":"center center","background-size":"auto","background-attachment":"scroll","background-type":"","background-media":"","overlay-type":"","overlay-color":"","overlay-opacity":"","overlay-gradient":""},"mobile":{"background-color":"var(--ast-global-color-5)","background-image":"","background-repeat":"repeat","background-position":"center center","background-size":"auto","background-attachment":"scroll","background-type":"","background-media":"","overlay-type":"","overlay-color":"","overlay-opacity":"","overlay-gradient":""}},"footnotes":""},"class_list":["post-15412","page","type-page","status-publish","hentry"],"post_mailing_queue_ids":[],"_links":{"self":[{"href":"https:\/\/agora.xtec.cat\/escola-ateneu-igualadi\/wp-json\/wp\/v2\/pages\/15412","targetHints":{"allow":["GET"]}}],"collection":[{"href":"https:\/\/agora.xtec.cat\/escola-ateneu-igualadi\/wp-json\/wp\/v2\/pages"}],"about":[{"href":"https:\/\/agora.xtec.cat\/escola-ateneu-igualadi\/wp-json\/wp\/v2\/types\/page"}],"author":[{"embeddable":true,"href":"https:\/\/agora.xtec.cat\/escola-ateneu-igualadi\/wp-json\/wp\/v2\/users\/1"}],"replies":[{"embeddable":true,"href":"https:\/\/agora.xtec.cat\/escola-ateneu-igualadi\/wp-json\/wp\/v2\/comments?post=15412"}],"version-history":[{"count":8,"href":"https:\/\/agora.xtec.cat\/escola-ateneu-igualadi\/wp-json\/wp\/v2\/pages\/15412\/revisions"}],"predecessor-version":[{"id":18256,"href":"https:\/\/agora.xtec.cat\/escola-ateneu-igualadi\/wp-json\/wp\/v2\/pages\/15412\/revisions\/18256"}],"wp:attachment":[{"href":"https:\/\/agora.xtec.cat\/escola-ateneu-igualadi\/wp-json\/wp\/v2\/media?parent=15412"}],"curies":[{"name":"wp","href":"https:\/\/api.w.org\/{rel}","templated":true}]}}