{"id":15384,"date":"2020-11-10T14:12:23","date_gmt":"2020-11-10T13:12:23","guid":{"rendered":"https:\/\/agora.xtec.cat\/escola-ateneu-igualadi\/?page_id=15384"},"modified":"2023-01-31T21:26:00","modified_gmt":"2023-01-31T20:26:00","slug":"historia","status":"publish","type":"page","link":"https:\/\/agora.xtec.cat\/escola-ateneu-igualadi\/historia\/","title":{"rendered":"Hist\u00f2ria"},"content":{"rendered":"<p id=\"banner\">Les Escoles de l\u2019Ateneu han estat des del seu inici un dels elements m\u00e9s vius i sensibles de l\u2019Entitat de l\u2019Ateneu Igualad\u00ed. Per aix\u00f2, al llarg de la seva hist\u00f2ria s\u2019han fet ress\u00f2 dels ideals pedag\u00f2gics m\u00e9s progressistes i innovadors de cada moment. La seva traject\u00f2ria s\u2019ha vist not\u00f2riament afectada per les circumst\u00e0ncies sociopol\u00edtiques que els ha tocat viure, per\u00f2 en l\u2019actualitat, despr\u00e9s d\u2019un llarg per\u00edode, han superat les adversitats i han recuperat el prestigi que tenien. Les Escoles van comen\u00e7ar a funcionar al mateix temps que l\u2019Entitat, el mes de setembre de l\u2019any 1863. L\u2019ensenyament era per a adults i es feia els vespres. Un any despr\u00e9s es va inaugurar l\u2019Escola de Dibuix. L\u2019any 1871 es van iniciar les classes de m\u00fasica. El 1873 l\u2019Ateneu va ser cremat amb motiu de la guerra carlina, i les activitats escolars es van haver d\u2019aturar fins l\u2019any 1877.El 2 de gener del 1890 es van iniciar les Escoles di\u00fcrnes, destinades als nois m\u00e9s grans de vuit anys i sota la direcci\u00f3 del professor Francesc de P. Bad\u00f3s. L\u2019abril del 1890 es van establir classes de franc\u00e8s i de teixits. L\u2019any 1908 es van iniciar les Escoles di\u00fcrnes per a nenes, a c\u00e0rrec de la professora Delfina Bad\u00f3s. Tamb\u00e9 durant aquest curs es van obrir unes classes d\u2019esperanto. El 29 de juliol de l\u2019any 1912 es van fer les primeres col\u00f2nies escolars, a la Llacuna. El setembre de 1916 es va inaugurar l\u2019Escola Montessori. L\u20191 de setembre de l\u2019any 1920 es va inaugurar el Palau Escolar.<\/p>\n<p id=\"banner\">En plena Guerra Civil Espanyola, les Escoles de l\u2019Ateneu van continuar amb la seva tasca pedag\u00f2gica. Tant va ser aix\u00ed que, segons un decret publicat per la Generalitat de Catalunya el 23 de juliol de 1938,\u00a0<strong>\u201cla situaci\u00f3 general del nostre pa\u00eds aconsella avui convertir la tasca pedag\u00f2gica de l\u2019Ateneu en col\u00b7laboradora de l\u2019obra escolar que la Generalitat realitza arreu de Catalunya\u201d. <\/strong>L\u2019any 1939 l\u2019activitat de l\u2019Ateneu i de les Escoles es va aturar durant un llarg per\u00edode. Va ser aix\u00ed fins l\u2019any 1978, quan, despr\u00e9s de llargs esfor\u00e7os, uns quants antics socis i exalumnes de les Escoles de l\u2019Ateneu Igualad\u00ed van aconseguir recuperar l\u2019Ateneu i posar en funcionament una de les seves seccions m\u00e9s prestigioses: les Escoles. El curs 1978-79, les Escoles de l\u2019Ateneu van recuperar les seves activitats. En un primer moment es van iniciar els tres cursos de parvulari, i despr\u00e9s es van obrir progressivament tots els nivells de l\u2019Educaci\u00f3 Prim\u00e0ria. El curs 1996-97, es van iniciar la Llar d\u2019Infants i l\u2019Escola Anoia per donar continu\u00eftat educativa de 0 a 18 anys.<\/p>\n","protected":false},"excerpt":{"rendered":"<p>Les Escoles de l\u2019Ateneu han estat des del seu inici un dels elements m\u00e9s vius i sensibles de l\u2019Entitat de l\u2019Ateneu Igualad\u00ed. Per aix\u00f2, al llarg de la seva hist\u00f2ria s\u2019han fet ress\u00f2 dels ideals pedag\u00f2gics m\u00e9s progressistes i innovadors de cada moment. La seva traject\u00f2ria s\u2019ha vist not\u00f2riament afectada per les circumst\u00e0ncies sociopol\u00edtiques que [&hellip;]<\/p>\n","protected":false},"author":1,"featured_media":0,"parent":0,"menu_order":0,"comment_status":"closed","ping_status":"closed","template":"","meta":{"_bbp_topic_count":0,"_bbp_reply_count":0,"_bbp_total_topic_count":0,"_bbp_total_reply_count":0,"_bbp_voice_count":0,"_bbp_anonymous_reply_count":0,"_bbp_topic_count_hidden":0,"_bbp_reply_count_hidden":0,"_bbp_forum_subforum_count":0,"site-sidebar-layout":"default","site-content-layout":"","ast-site-content-layout":"","site-content-style":"default","site-sidebar-style":"default","ast-global-header-display":"","ast-banner-title-visibility":"","ast-main-header-display":"","ast-hfb-above-header-display":"","ast-hfb-below-header-display":"","ast-hfb-mobile-header-display":"","site-post-title":"","ast-breadcrumbs-content":"","ast-featured-img":"","footer-sml-layout":"","theme-transparent-header-meta":"","adv-header-id-meta":"","stick-header-meta":"","header-above-stick-meta":"","header-main-stick-meta":"","header-below-stick-meta":"","astra-migrate-meta-layouts":"default","ast-page-background-enabled":"default","ast-page-background-meta":{"desktop":{"background-color":"var(--ast-global-color-4)","background-image":"","background-repeat":"repeat","background-position":"center center","background-size":"auto","background-attachment":"scroll","background-type":"","background-media":"","overlay-type":"","overlay-color":"","overlay-opacity":"","overlay-gradient":""},"tablet":{"background-color":"","background-image":"","background-repeat":"repeat","background-position":"center center","background-size":"auto","background-attachment":"scroll","background-type":"","background-media":"","overlay-type":"","overlay-color":"","overlay-opacity":"","overlay-gradient":""},"mobile":{"background-color":"","background-image":"","background-repeat":"repeat","background-position":"center center","background-size":"auto","background-attachment":"scroll","background-type":"","background-media":"","overlay-type":"","overlay-color":"","overlay-opacity":"","overlay-gradient":""}},"ast-content-background-meta":{"desktop":{"background-color":"var(--ast-global-color-5)","background-image":"","background-repeat":"repeat","background-position":"center center","background-size":"auto","background-attachment":"scroll","background-type":"","background-media":"","overlay-type":"","overlay-color":"","overlay-opacity":"","overlay-gradient":""},"tablet":{"background-color":"var(--ast-global-color-5)","background-image":"","background-repeat":"repeat","background-position":"center center","background-size":"auto","background-attachment":"scroll","background-type":"","background-media":"","overlay-type":"","overlay-color":"","overlay-opacity":"","overlay-gradient":""},"mobile":{"background-color":"var(--ast-global-color-5)","background-image":"","background-repeat":"repeat","background-position":"center center","background-size":"auto","background-attachment":"scroll","background-type":"","background-media":"","overlay-type":"","overlay-color":"","overlay-opacity":"","overlay-gradient":""}},"footnotes":""},"class_list":["post-15384","page","type-page","status-publish","hentry"],"post_mailing_queue_ids":[],"_links":{"self":[{"href":"https:\/\/agora.xtec.cat\/escola-ateneu-igualadi\/wp-json\/wp\/v2\/pages\/15384","targetHints":{"allow":["GET"]}}],"collection":[{"href":"https:\/\/agora.xtec.cat\/escola-ateneu-igualadi\/wp-json\/wp\/v2\/pages"}],"about":[{"href":"https:\/\/agora.xtec.cat\/escola-ateneu-igualadi\/wp-json\/wp\/v2\/types\/page"}],"author":[{"embeddable":true,"href":"https:\/\/agora.xtec.cat\/escola-ateneu-igualadi\/wp-json\/wp\/v2\/users\/1"}],"replies":[{"embeddable":true,"href":"https:\/\/agora.xtec.cat\/escola-ateneu-igualadi\/wp-json\/wp\/v2\/comments?post=15384"}],"version-history":[{"count":4,"href":"https:\/\/agora.xtec.cat\/escola-ateneu-igualadi\/wp-json\/wp\/v2\/pages\/15384\/revisions"}],"predecessor-version":[{"id":16917,"href":"https:\/\/agora.xtec.cat\/escola-ateneu-igualadi\/wp-json\/wp\/v2\/pages\/15384\/revisions\/16917"}],"wp:attachment":[{"href":"https:\/\/agora.xtec.cat\/escola-ateneu-igualadi\/wp-json\/wp\/v2\/media?parent=15384"}],"curies":[{"name":"wp","href":"https:\/\/api.w.org\/{rel}","templated":true}]}}