{"id":890,"date":"2024-02-22T13:24:46","date_gmt":"2024-02-22T12:24:46","guid":{"rendered":"https:\/\/agora.xtec.cat\/escola-argentona\/?page_id=890"},"modified":"2024-03-01T16:33:33","modified_gmt":"2024-03-01T15:33:33","slug":"projecte-musical-ukelele","status":"publish","type":"page","link":"https:\/\/agora.xtec.cat\/escola-argentona\/projectes-descola\/projecte-musical-ukelele\/","title":{"rendered":"Projecte Musical: Ukelele"},"content":{"rendered":"<p>En col\u00b7laboraci\u00f3 amb VISUAL SONORA, oferim a l\u2019alumnat de Cicle Mitj\u00e0 l&#8217;oportunitat d\u2019aprendre a tocar un instrument, en aquest cas l\u2019UKELELE. Aquest projecte complementa els objectius de l\u2019\u00e0rea de m\u00fasica i ofereix als infants la possibilitat, entre d\u2019altres\u00a0 de:<\/p>\n<p>&nbsp;<\/p>\n<ul>\n<li>Fomentar un aprenentatge musical significatiu i vivencial en l\u2019alumnat, que asseguri l\u2019adquisici\u00f3 de les eines necess\u00e0ries per poder ser transferible en altres situacions reals per a la interpretaci\u00f3 i creaci\u00f3 musicals.<\/li>\n<li>Donar l\u2019oportunitat a tots els nens i nenes de 3r i 4t de prim\u00e0ria, d\u2019aprendre a tocar l\u2019ukulele a trav\u00e9s d\u2019un programa que el porti a desenvolupar les compet\u00e8ncies musicals i interpretatives b\u00e0siques per convertir-los en agents musicals actius de la societat.<\/li>\n<li>Desenvolupar les compet\u00e8ncies art\u00edstiques suficients per poder participar de manera activa de les manifestacions culturals i musicals m\u00e9s enll\u00e0 del centre educatiu.<\/li>\n<li>Fomentar la cohesi\u00f3 de grup a trav\u00e9s de din\u00e0miques relacionals, de coneixement, joc, experimentaci\u00f3 i creaci\u00f3 musicals.<\/li>\n<li>Potenciar la motricitat i millorar la concentraci\u00f3 i la perseveran\u00e7a a trav\u00e9s de la pr\u00e0ctica instrumental.<\/li>\n<li>Fomentar el treball conjunt i significatiu amb altres \u00e0rees curriculars.<\/li>\n<\/ul>\n<p>&nbsp;<\/p>\n<p>Aquest projecte \u00e9s finan\u00e7at totalment per l\u2019Ajuntament d\u2019Argentona.<\/p>\n<p><a href=\"https:\/\/agora.xtec.cat\/escola-argentona\/wp-content\/uploads\/usu2376\/2024\/02\/visualsonora_logo_web_Logo-3-02.png\"><img loading=\"lazy\" decoding=\"async\" class=\"wp-image-891 aligncenter\" src=\"https:\/\/agora.xtec.cat\/escola-argentona\/wp-content\/uploads\/usu2376\/2024\/02\/visualsonora_logo_web_Logo-3-02-1024x293.png\" alt=\"\" width=\"182\" height=\"52\" srcset=\"https:\/\/agora.xtec.cat\/escola-argentona\/wp-content\/uploads\/usu2376\/2024\/02\/visualsonora_logo_web_Logo-3-02-1024x293.png 1024w, https:\/\/agora.xtec.cat\/escola-argentona\/wp-content\/uploads\/usu2376\/2024\/02\/visualsonora_logo_web_Logo-3-02-300x86.png 300w, https:\/\/agora.xtec.cat\/escola-argentona\/wp-content\/uploads\/usu2376\/2024\/02\/visualsonora_logo_web_Logo-3-02-768x220.png 768w, https:\/\/agora.xtec.cat\/escola-argentona\/wp-content\/uploads\/usu2376\/2024\/02\/visualsonora_logo_web_Logo-3-02.png 1459w\" sizes=\"auto, (max-width: 182px) 100vw, 182px\" \/><\/a><\/p>\n<p>&nbsp;<\/p>\n<p><a href=\"https:\/\/agora.xtec.cat\/escola-argentona\/wp-content\/uploads\/usu2376\/2023\/07\/logoajuntament-e1689322620111.jpg\"><img loading=\"lazy\" decoding=\"async\" class=\"wp-image-665 aligncenter\" src=\"https:\/\/agora.xtec.cat\/escola-argentona\/wp-content\/uploads\/usu2376\/2023\/07\/logoajuntament-e1689322620111.jpg\" alt=\"\" width=\"103\" height=\"60\" srcset=\"https:\/\/agora.xtec.cat\/escola-argentona\/wp-content\/uploads\/usu2376\/2023\/07\/logoajuntament-e1689322620111.jpg 472w, https:\/\/agora.xtec.cat\/escola-argentona\/wp-content\/uploads\/usu2376\/2023\/07\/logoajuntament-e1689322620111-300x174.jpg 300w\" sizes=\"auto, (max-width: 103px) 100vw, 103px\" \/><\/a><\/p>\n<p>&nbsp;<\/p>\n","protected":false},"excerpt":{"rendered":"<p>En col\u00b7laboraci\u00f3 amb VISUAL SONORA, oferim a l\u2019alumnat de Cicle Mitj\u00e0 l&#8217;oportunitat d\u2019aprendre a tocar un instrument, en aquest cas l\u2019UKELELE. Aquest projecte complementa els objectius de l\u2019\u00e0rea de m\u00fasica i ofereix als infants la possibilitat, entre d\u2019altres\u00a0 de:<br \/>\n&nbsp;<\/p>\n<ul>\n<li>Fomentar un aprenentatge musical significatiu i vivencial&hellip;  <a href=\"https:\/\/agora.xtec.cat\/escola-argentona\/projectes-descola\/projecte-musical-ukelele\/\" title=\"Read Projecte Musical: Ukelele\">Llegeix m\u00e9s\u00bb<\/a><br \/>\n","protected":false},"author":1,"featured_media":0,"parent":492,"menu_order":0,"comment_status":"closed","ping_status":"closed","template":"","meta":{"_bbp_topic_count":0,"_bbp_reply_count":0,"_bbp_total_topic_count":0,"_bbp_total_reply_count":0,"_bbp_voice_count":0,"_bbp_anonymous_reply_count":0,"_bbp_topic_count_hidden":0,"_bbp_reply_count_hidden":0,"_bbp_forum_subforum_count":0,"footnotes":""},"class_list":["post-890","page","type-page","status-publish","hentry"],"post_mailing_queue_ids":[],"_links":{"self":[{"href":"https:\/\/agora.xtec.cat\/escola-argentona\/wp-json\/wp\/v2\/pages\/890","targetHints":{"allow":["GET"]}}],"collection":[{"href":"https:\/\/agora.xtec.cat\/escola-argentona\/wp-json\/wp\/v2\/pages"}],"about":[{"href":"https:\/\/agora.xtec.cat\/escola-argentona\/wp-json\/wp\/v2\/types\/page"}],"author":[{"embeddable":true,"href":"https:\/\/agora.xtec.cat\/escola-argentona\/wp-json\/wp\/v2\/users\/1"}],"replies":[{"embeddable":true,"href":"https:\/\/agora.xtec.cat\/escola-argentona\/wp-json\/wp\/v2\/comments?post=890"}],"version-history":[{"count":1,"href":"https:\/\/agora.xtec.cat\/escola-argentona\/wp-json\/wp\/v2\/pages\/890\/revisions"}],"predecessor-version":[{"id":892,"href":"https:\/\/agora.xtec.cat\/escola-argentona\/wp-json\/wp\/v2\/pages\/890\/revisions\/892"}],"up":[{"embeddable":true,"href":"https:\/\/agora.xtec.cat\/escola-argentona\/wp-json\/wp\/v2\/pages\/492"}],"wp:attachment":[{"href":"https:\/\/agora.xtec.cat\/escola-argentona\/wp-json\/wp\/v2\/media?parent=890"}],"curies":[{"name":"wp","href":"https:\/\/api.w.org\/{rel}","templated":true}]}}