{"id":857,"date":"2024-02-07T11:53:58","date_gmt":"2024-02-07T10:53:58","guid":{"rendered":"https:\/\/agora.xtec.cat\/escola-argentona\/?page_id=857"},"modified":"2026-04-29T09:20:50","modified_gmt":"2026-04-29T07:20:50","slug":"portes-obertes","status":"publish","type":"page","link":"https:\/\/agora.xtec.cat\/escola-argentona\/portes-obertes\/","title":{"rendered":"Preinscripci\u00f3 i matr\u00edcula 2026-2027"},"content":{"rendered":"<p>En aquest espai anirem penjant la informaci\u00f3 actualitzada de tot el proc\u00e9s.<\/p>\n<p><em><strong>PREINSCRIPCI\u00d3:<\/strong><\/em><\/p>\n<p>Fes la teva preinscripci\u00f3 per Educaci\u00f3 Infantil (3-6 anys) en aquest <a href=\"https:\/\/preinscripcio.gencat.cat\/ca\/estudis\/infantil-3-6\/preinscriute\/sollicitud\/\" target=\"_blank\" rel=\"noopener\">enlla\u00e7<\/a><\/p>\n<p>Fes la teva preincripci\u00f3 per Educaci\u00f3 Prim\u00e0ria en aquest <a href=\"https:\/\/preinscripcio.gencat.cat\/ca\/estudis\/primaria\/preinscriute\/sollicitud\/\" target=\"_blank\" rel=\"noopener\">enlla\u00e7<\/a><\/p>\n<p><em><strong>INFORMACIONS DEL PROC\u00c9S DE PREINSCRIPCI\u00d3:<\/strong><\/em><\/p>\n<ol>\n<li>Oferta inicial de places. Clica <a href=\"https:\/\/agora.xtec.cat\/escola-argentona\/wp-content\/uploads\/usu2376\/2026\/03\/INFORME_OFERTA_OME_INFORME_OFERTA.pdf\" target=\"_blank\" rel=\"noopener\">aqu\u00ed<\/a><\/li>\n<li>Presentaci\u00f3 de sol\u00b7licituds: Del 4 al 18 de mar\u00e7.<\/li>\n<li>Puntuaci\u00f3 provisional. Clica <a href=\"https:\/\/drive.google.com\/file\/d\/1aN6SSTNGC6hhVgAdlkfB-wqER0Bqo7Hm\/view?usp=drive_link\">aqu\u00ed<\/a><\/li>\n<li>Puntuaci\u00f3 definitiva (un cop finalitzades les reclamacions). Clica <a href=\"https:\/\/agora.xtec.cat\/escola-argentona\/wp-content\/uploads\/usu2376\/2026\/04\/INFORME_BAREM_RESOLTES_BAREM.pdf\">aqu\u00ed<\/a><\/li>\n<li>N\u00famero de desempat: <strong>42.129<\/strong><\/li>\n<li>Llista amb el barem definitiu. Clica <a href=\"https:\/\/agora.xtec.cat\/escola-argentona\/wp-content\/uploads\/usu2376\/2026\/04\/INFORME_BAREM_DEFINITIU_BAREM.pdf\">aqu\u00ed<\/a><\/li>\n<\/ol>\n<p>&nbsp;<\/p>\n<p>&nbsp;<\/p>\n<p>&nbsp;<\/p>\n<p>&nbsp;<\/p>\n<p>&nbsp;<\/p>\n<p>&nbsp;<\/p>\n<p><!--a=1--><\/p>\n<p><!--a=1--><\/p>\n<p><!--a=1--><\/p>\n<p><!--a=1--><\/p>\n<p><!--a=1--><\/p>\n<p><!--a=1--><\/p>\n","protected":false},"excerpt":{"rendered":"<p>En aquest espai anirem penjant la informaci\u00f3 actualitzada de tot el proc\u00e9s.<br \/>\nPREINSCRIPCI\u00d3:<br \/>\nFes la teva preinscripci\u00f3 per Educaci\u00f3 Infantil (3-6 anys) en aquest <a href=\"https:\/\/preinscripcio.gencat.cat\/ca\/estudis\/infantil-3-6\/preinscriute\/sollicitud\/\" target=\"_blank\" rel=\"noopener\">enlla\u00e7<\/a><br \/>\nFes la teva preincripci\u00f3 per Educaci\u00f3 Prim\u00e0ria en aquest <a href=\"https:\/\/preinscripcio.gencat.cat\/ca\/estudis\/primaria\/preinscriute\/sollicitud\/\" target=\"_blank\" rel=\"noopener\">enlla\u00e7<\/a><br \/>\nINFORMACIONS DEL PROC\u00c9S DE PREINSCRIPCI\u00d3:<\/p>\n<ol>\n<li>Oferta inicial de places.&hellip;  <a href=\"https:\/\/agora.xtec.cat\/escola-argentona\/portes-obertes\/\" title=\"Read Preinscripci\u00f3 i matr\u00edcula 2026-2027\">Llegeix m\u00e9s\u00bb<\/a><br \/>\n","protected":false},"author":6,"featured_media":0,"parent":0,"menu_order":0,"comment_status":"closed","ping_status":"closed","template":"","meta":{"_bbp_topic_count":0,"_bbp_reply_count":0,"_bbp_total_topic_count":0,"_bbp_total_reply_count":0,"_bbp_voice_count":0,"_bbp_anonymous_reply_count":0,"_bbp_topic_count_hidden":0,"_bbp_reply_count_hidden":0,"_bbp_forum_subforum_count":0,"footnotes":""},"class_list":["post-857","page","type-page","status-publish","hentry"],"post_mailing_queue_ids":[],"_links":{"self":[{"href":"https:\/\/agora.xtec.cat\/escola-argentona\/wp-json\/wp\/v2\/pages\/857","targetHints":{"allow":["GET"]}}],"collection":[{"href":"https:\/\/agora.xtec.cat\/escola-argentona\/wp-json\/wp\/v2\/pages"}],"about":[{"href":"https:\/\/agora.xtec.cat\/escola-argentona\/wp-json\/wp\/v2\/types\/page"}],"author":[{"embeddable":true,"href":"https:\/\/agora.xtec.cat\/escola-argentona\/wp-json\/wp\/v2\/users\/6"}],"replies":[{"embeddable":true,"href":"https:\/\/agora.xtec.cat\/escola-argentona\/wp-json\/wp\/v2\/comments?post=857"}],"version-history":[{"count":7,"href":"https:\/\/agora.xtec.cat\/escola-argentona\/wp-json\/wp\/v2\/pages\/857\/revisions"}],"predecessor-version":[{"id":1534,"href":"https:\/\/agora.xtec.cat\/escola-argentona\/wp-json\/wp\/v2\/pages\/857\/revisions\/1534"}],"wp:attachment":[{"href":"https:\/\/agora.xtec.cat\/escola-argentona\/wp-json\/wp\/v2\/media?parent=857"}],"curies":[{"name":"wp","href":"https:\/\/api.w.org\/{rel}","templated":true}]}}