{"id":82,"date":"2014-09-18T14:10:51","date_gmt":"2014-09-18T13:10:51","guid":{"rendered":"http:\/\/agora.xtec.cat\/escola-argentona\/?page_id=82"},"modified":"2025-10-14T11:59:00","modified_gmt":"2025-10-14T09:59:00","slug":"casal-destiu","status":"publish","type":"page","link":"https:\/\/agora.xtec.cat\/escola-argentona\/serveis\/casal-destiu\/","title":{"rendered":"Menjador"},"content":{"rendered":"<p>EcoArrels \u00e9s l\u2019encarregada de la gesti\u00f3 de cuina, preparaci\u00f3 i dels men\u00fas, elaboraci\u00f3 dels \u00e0pats i dels cobraments de les quotes d\u2019usuaris fixos i les quotes espor\u00e0dics. Per a qualsevol informaci\u00f3 o dubte de rebuts podeu trucar al 625493195 o al 938535568.<br \/>\nTamb\u00e9 podeu enviar un email a facturacio@ecoarrels.catAquest any les inscripcions es faran a trav\u00e9s de l\u2019 App d\u2019EcoArrles. La podeu<br \/>\ndescarregar en el link:<\/p>\n<p><strong>Apple Store:<\/strong><br \/>\n<a href=\"https:\/\/apps.apple.com\/es\/app\/ecoarrels\/id6550912265\" target=\"_blank\" rel=\"noopener\">https:\/\/apps.apple.com\/es\/app\/ecoarrels\/id6550912265<\/a><\/p>\n<p><strong>Play Store:<\/strong><br \/>\n<a href=\"https:\/\/play.google.com\/store\/apps\/details?id=com.dumainteractiva.ecoarrels\" target=\"_blank\" rel=\"noopener\">https:\/\/play.google.com\/store\/apps\/details?id=com.dumainteractiva.ecoarrels<\/a><\/p>\n<p>Per avisar que un infant es quedar\u00e0 a dinar (sigui fix o espor\u00e0dic) o informar que no es quedar\u00e0, cal que sigui sempre abans de les 9:30 del mat\u00ed del dia en q\u00fcesti\u00f3, i podeu fer-ho trucant o enviant un Whatsapp a l\u2019Anayda, la coordinadora del menjador, al 693 016 114 (Si no s\u2019avisa, es cobrar\u00e0 el dia).<\/p>\n<p>&nbsp;<\/p>\n<p><strong>Preus<\/strong><\/p>\n<p>Fixes: 7,54 \u20ac (Es paga per avan\u00e7at. Si algun dia no s\u2019ha fet \u00fas del menjador Ecoarrels tornar\u00e0 import en la factura del mes seg\u00fcent)<\/p>\n<p>Espor\u00e0dics: 7,98 \u20ac euros (A final de mes)<\/p>\n<p>&nbsp;<\/p>\n<p><strong>Pagament menjador:<\/strong><\/p>\n<p>Fixes i espor\u00e0dics: Domiciliaci\u00f3 banc\u00e0ria<\/p>\n<p>Rebuts impagats:<br \/>\nEcoArrels es posar\u00e0 en contacte amb la fam\u00edlia per solucionar l&#8217;incident, la fam\u00edlia haur\u00e0 d&#8217;abonar 7 \u20ac de les despeses de devoluci\u00f3. Si en el termini de 15 dies no s&#8217;ha fet la liquidaci\u00f3 de l&#8217;impagat, malauradament l&#8217;infant no podr\u00e0 continuar fent \u00fas del servei de menjador.<\/p>\n<p>&nbsp;<\/p>\n<p><strong>Som Somriures<\/strong> \u00e9s l\u2019encarregada de l\u2019equip educatiu i pedag\u00f2gic del monitoratge del menjador i fa les llistes d\u2019infants diaris que es queden a dinar a l\u2019escola. Per avisar que un infant es quedar\u00e0 a dinar (sigui fix o espor\u00e0dic) o informar que no es quedar\u00e0, cal que sigui sempre abans de les\u00a0<strong>9:30h del mat\u00ed<\/strong>\u00a0del dia en q\u00fcesti\u00f3, i podeu fer-ho trucant o enviant un Whatsapp a l\u2019Anayda, la coordinadora del menjador, al\u00a0<strong>693 016 114\u00a0<\/strong>(Si no s\u2019avisa, es cobrar\u00e0 el dia).<\/p>\n<p>L\u2019horari d\u2019atenci\u00f3 a les fam\u00edlies \u00e9s de 9:00h a 9:30h.<\/p>\n<p>Per qualsevol altra q\u00fcesti\u00f3 tamb\u00e9 us podeu posar en contacte amb Som Somriures, al seu correu: somriuresargentona@gmail.com.<\/p>\n<p>Podeu veure m\u00e9s informaci\u00f3 clicant <a href=\"https:\/\/agora.xtec.cat\/escola-argentona\/wp-content\/uploads\/usu2376\/2024\/09\/Menjador-2024_25.docx.pdf\" target=\"_blank\" rel=\"noopener\">aqu\u00ed<\/a><\/p>\n<p><!--a=1--><\/p>\n","protected":false},"excerpt":{"rendered":"<p>EcoArrels \u00e9s l\u2019encarregada de la gesti\u00f3 de cuina, preparaci\u00f3 i dels men\u00fas, elaboraci\u00f3 dels \u00e0pats i dels cobraments de les quotes d\u2019usuaris fixos i les quotes espor\u00e0dics. Per a qualsevol informaci\u00f3 o dubte de rebuts podeu trucar al 625493195 o al 938535568.<br \/>\nTamb\u00e9 podeu enviar un&hellip;  <a href=\"https:\/\/agora.xtec.cat\/escola-argentona\/serveis\/casal-destiu\/\" title=\"Read Menjador\">Llegeix m\u00e9s\u00bb<\/a><\/p>\n","protected":false},"author":1,"featured_media":0,"parent":66,"menu_order":50,"comment_status":"closed","ping_status":"closed","template":"page-templates\/side-menu.php","meta":{"_bbp_topic_count":0,"_bbp_reply_count":0,"_bbp_total_topic_count":0,"_bbp_total_reply_count":0,"_bbp_voice_count":0,"_bbp_anonymous_reply_count":0,"_bbp_topic_count_hidden":0,"_bbp_reply_count_hidden":0,"_bbp_forum_subforum_count":0,"footnotes":""},"class_list":["post-82","page","type-page","status-publish","hentry"],"post_mailing_queue_ids":[],"_links":{"self":[{"href":"https:\/\/agora.xtec.cat\/escola-argentona\/wp-json\/wp\/v2\/pages\/82","targetHints":{"allow":["GET"]}}],"collection":[{"href":"https:\/\/agora.xtec.cat\/escola-argentona\/wp-json\/wp\/v2\/pages"}],"about":[{"href":"https:\/\/agora.xtec.cat\/escola-argentona\/wp-json\/wp\/v2\/types\/page"}],"author":[{"embeddable":true,"href":"https:\/\/agora.xtec.cat\/escola-argentona\/wp-json\/wp\/v2\/users\/1"}],"replies":[{"embeddable":true,"href":"https:\/\/agora.xtec.cat\/escola-argentona\/wp-json\/wp\/v2\/comments?post=82"}],"version-history":[{"count":6,"href":"https:\/\/agora.xtec.cat\/escola-argentona\/wp-json\/wp\/v2\/pages\/82\/revisions"}],"predecessor-version":[{"id":1384,"href":"https:\/\/agora.xtec.cat\/escola-argentona\/wp-json\/wp\/v2\/pages\/82\/revisions\/1384"}],"up":[{"embeddable":true,"href":"https:\/\/agora.xtec.cat\/escola-argentona\/wp-json\/wp\/v2\/pages\/66"}],"wp:attachment":[{"href":"https:\/\/agora.xtec.cat\/escola-argentona\/wp-json\/wp\/v2\/media?parent=82"}],"curies":[{"name":"wp","href":"https:\/\/api.w.org\/{rel}","templated":true}]}}