{"id":77,"date":"2014-09-18T14:05:08","date_gmt":"2014-09-18T13:05:08","guid":{"rendered":"http:\/\/agora.xtec.cat\/escola-argentona\/?page_id=77"},"modified":"2023-07-08T09:31:03","modified_gmt":"2023-07-08T07:31:03","slug":"acollida","status":"publish","type":"page","link":"https:\/\/agora.xtec.cat\/escola-argentona\/serveis\/acollida\/","title":{"rendered":"Acollida"},"content":{"rendered":"<p><strong>\u00a0<\/strong>L\u2019Associaci\u00f3 Som Somriures \u00e9s l\u2019entitat encarregada de gestionar el servei d\u2019acollides.<\/p>\n<p><strong><u>\u00a0Acollides mat\u00ed i tarda<\/u><\/strong><\/p>\n<p><strong>Horaris servei acollides<\/strong><\/p>\n<p>Matins: 8:00h a 9:00h<br \/>\nTardes: 16:30h a 18:30h<\/p>\n<p>&nbsp;<\/p>\n<p>Hi haur\u00e0 dues franges hor\u00e0ries per poder portar als infants al servei d\u2019acollida de matins,\u00a0<strong>la primera ser\u00e0 a les 8:00h i la segona a les 8:30h<\/strong>, l\u2019entrada ser\u00e0 per la porta m\u00e9s propera a la piscina, la del carrer Pa\u00efsos catalans.<\/p>\n<p>Per la tarda, a l\u2019hora de la recollida es far\u00e0 per la mateixa porta de les acollides de matins.\u00a0<strong>L\u2019horari d\u2019acollida de tarda \u00e9s<\/strong>\u00a0<strong>fins<\/strong><strong>\u00a0les 17:30 h.<\/strong><\/p>\n<p><strong>Les fam\u00edlies que no siguin socies de l\u2019AMPA hauran d\u2019abonar un 50% m\u00e9s de l\u2019import.<\/strong><\/p>\n<p>Per notificar qualsevol alta o baixa, o l\u2019\u00fas espor\u00e0dic, del servei d\u2019acollides, podeu trucar o enviar un Whatsapp al tel\u00e8fon de coordinaci\u00f3 d\u2019acollides\u00a0<strong>693 016 114 (Anayda).<\/strong><\/p>\n<p>Per qualsevol altra q\u00fcesti\u00f3 tamb\u00e9 us podeu posar en contacte amb Som Somriures, al seu correu: somriuresargentona@gmail.com.<\/p>\n<p><strong>\u00a0<\/strong><\/p>\n<p><strong>Preus<\/strong><\/p>\n<table width=\"602\">\n<tbody>\n<tr>\n<td width=\"391\"><strong>OPCI\u00d3 ACOLLIDA MAT\u00cd<\/strong><\/td>\n<td width=\"210\"><strong>D\u2019Octubre a Maig (preu mensual)<\/strong><\/td>\n<\/tr>\n<tr>\n<td width=\"391\"><strong>De 8:00 a 9:00h* (5 dies setmana)<\/strong><\/td>\n<td width=\"210\"><strong>2<\/strong>8<strong>\u20ac<\/strong><\/td>\n<\/tr>\n<tr>\n<td width=\"391\"><strong>De 8:30 a 9:00h* (5 dies setmana)<\/strong><\/td>\n<td width=\"210\"><strong>1<\/strong>8<strong>\u20ac<\/strong><\/td>\n<\/tr>\n<tr>\n<td width=\"391\"><strong>De 8:00 a 9:00h* (3 dies setmana)<\/strong><\/td>\n<td width=\"210\"><strong>1<\/strong>8<strong>\u20ac<\/strong><\/td>\n<\/tr>\n<tr>\n<td width=\"391\"><strong>De 8:30 a 9:00h* (3 dies setmana)<\/strong><\/td>\n<td width=\"210\"><strong>1<\/strong>2<strong>\u20ac<\/strong><\/td>\n<\/tr>\n<tr>\n<td width=\"391\"><strong>Espor\u00e0dics mat\u00ed 1h<\/strong><\/td>\n<td width=\"210\">4\u20ac<\/td>\n<\/tr>\n<tr>\n<td width=\"391\"><strong>Espor\u00e0dics mat\u00ed 30 min<\/strong><\/td>\n<td width=\"210\">2\u20ac<\/td>\n<\/tr>\n<tr>\n<td width=\"391\"><strong>OPCI\u00d3 ACOLLIDA TARDA<\/strong><\/td>\n<td width=\"210\"><strong>D\u2019Octubre a Maig (preu mensual)<\/strong><\/td>\n<\/tr>\n<tr>\n<td width=\"391\"><strong>De 16:30 a 18:30h* (5 dies setmana)<\/strong><\/td>\n<td width=\"210\"><strong>3<\/strong>6<strong>\u20ac<\/strong><\/td>\n<\/tr>\n<tr>\n<td width=\"391\"><strong>De 16:30 a 17:30h* (5 dies setmana)<\/strong><\/td>\n<td width=\"210\"><strong>2<\/strong>8<strong>\u20ac<\/strong><\/td>\n<\/tr>\n<tr>\n<td width=\"391\"><strong>De 16:30 a 18:30h* (3 dies setmana)<\/strong><\/td>\n<td width=\"210\"><strong>2<\/strong>4<strong>\u20ac<\/strong><\/td>\n<\/tr>\n<tr>\n<td width=\"391\"><strong>De 16:30 a 17:30h* (3 dies setmana)<\/strong><\/td>\n<td width=\"210\"><strong>1<\/strong>8<strong>\u20ac<\/strong><\/td>\n<\/tr>\n<tr>\n<td width=\"391\"><strong>Espor\u00e0dics tarda 2h<\/strong><\/td>\n<td width=\"210\">6\u20ac<\/td>\n<\/tr>\n<tr>\n<td width=\"391\">Espor\u00e0dics tarda 1h<\/td>\n<td width=\"210\">4\u20ac<\/td>\n<\/tr>\n<\/tbody>\n<\/table>\n<p><strong>* Els horaris poden ser modificats\/ajustats si la situaci\u00f3 ho requer\u00eds<\/strong><\/p>\n<p><strong>\u00a0<\/strong><\/p>\n<p><strong>SERVEI D\u2019ACOLLIDA MIGDIA<\/strong><\/p>\n<p>L\u2019AMPA i Som Somriures, ofereixen un servei d\u2019acollida d\u2019infants de 12:30h a 13h de dilluns a divendres per aquelles fam\u00edlies i infants que ho necessitin, per inscriure\u2019s, o per fer servir el servei espor\u00e0dicament, podeu notificar-ho a la coordinadora de menjador al\u00a0<strong>693 016 114 (Anayda).<\/strong>\u00a0Els pagaments es realitzaran per domiciliaci\u00f3 banc\u00e0ria.<\/p>\n<p>&nbsp;<\/p>\n<p>A continuaci\u00f3 us deixem els preus i les tipologies del servei d\u2019acollida de migdia:<\/p>\n<p>&nbsp;<\/p>\n<table width=\"602\">\n<tbody>\n<tr>\n<td width=\"396\"><strong>OPCI\u00d3 ACOLLIDA MIGDIA<\/strong><\/td>\n<td width=\"205\"><strong>D\u2019Octubre a Maig<\/strong>&nbsp;<\/p>\n<p><strong>(preu mensual)<\/strong><\/td>\n<\/tr>\n<tr>\n<td width=\"396\"><strong>De 12:30h a 13:00h (Entre 2 a 5 dies setmana)<\/strong><\/td>\n<td width=\"205\"><strong>18\u20ac<\/strong><\/td>\n<\/tr>\n<tr>\n<td width=\"396\"><strong>De 12:30h a 13:00h (2 dies setmana)<\/strong><\/td>\n<td width=\"205\"><strong>12\u20ac<\/strong><\/td>\n<\/tr>\n<tr>\n<td width=\"396\"><strong>Espor\u00e0dics 30 min<\/strong><\/td>\n<td width=\"205\"><strong>2\u20ac<\/strong><\/td>\n<\/tr>\n<\/tbody>\n<\/table>\n<p><strong>\u00a0<\/strong><\/p>\n<p><strong>Pagaments acollides<\/strong><\/p>\n<p>Tots els pagaments del servei d\u2019acollides es realitzaran per\u00a0<strong>domiciliaci\u00f3 banc\u00e0ria<\/strong>.<\/p>\n<p>Les quotes es domiciliaran a final de mes, i inclouen els usos del 1 al 30\/31 del mes ven\u00e7ut.<\/p>\n<p>En cas de devoluci\u00f3 d\u2019un rebut s\u2019avisar\u00e0 la fam\u00edlia perqu\u00e8 realitzi un ingr\u00e9s o una transfer\u00e8ncia banc\u00e0ria. (Demanar el n\u00famero de compte al tel\u00e8fon de coordinaci\u00f3 de Somriures\u00a0<strong>693 016 114<\/strong>\u00a0o al mail\u00a0<a href=\"mailto:somriuresargentona@gmail.com\">somriuresargentona@gmail.com<\/a>).<\/p>\n<p>En el cas de de no abonar l\u2019import de dos mesos consecutius no es podr\u00e0 fer \u00fas del servei fins que no quedi cap rebut pendent.<\/p>\n<p>Cada rebut retornat es penalitzar\u00e0 amb\u00a0<strong>5 \u20ac,<\/strong>\u00a0en concepte de despeses de gesti\u00f3 de la devoluci\u00f3.<\/p>\n<p>&nbsp;<\/p>\n<p>&nbsp;<\/p>\n<p><strong>Documentaci\u00f3 necess\u00e0ria acollides mat\u00ed, tarda o migdia<\/strong><\/p>\n<p>\u2013 Omplir\u00a0<a href=\"https:\/\/forms.gle\/DiFzLE2ptzse1ubc6\">formulari\u00a0<\/a>On-line d\u2019inscripci\u00f3<\/p>\n<p>\u2013\u00a0<a href=\"http:\/\/blocs.xtec.cat\/escolaargentona\/files\/2014\/09\/Inscripci%C3%B3-acollides-Domiciliaci%C3%B3-acollides.docx.pdf\">Inscripci\u00f3 acollides + Domiciliaci\u00f3 acollides<\/a>\u00a0(Obligatori tamb\u00e9 per espor\u00e0dics)<\/p>\n<p>\u2013\u00a0<a href=\"http:\/\/blocs.xtec.cat\/escolaargentona\/files\/2014\/09\/PROTECCI%C3%93-DADES-PERSONALS-1.pdf\">PROTECCI\u00d3 DADES PERSONALS<\/a>\u00a0(Si ja la tenim al menjador no cal omplir de nou)<\/p>\n<p>\u2013\u00a0<a href=\"http:\/\/blocs.xtec.cat\/escolaargentona\/files\/2014\/09\/PROTECCI%C3%93-DRETS-IMATGE-1.pdf\">PROTECCI\u00d3 DRETS IMATGE<\/a>\u00a0(opcional) si ja la tenim al menjador no cal omplir de nou)<\/p>\n<p>\u2013\u00a0Full d\u2019<a href=\"http:\/\/blocs.xtec.cat\/escolaargentona\/files\/2014\/09\/Autoritzaci%C3%B3-recollida.docx.pdf\" target=\"_blank\" rel=\"noopener noreferrer\">Autoritzaci\u00f3 recollida<\/a><\/p>\n<p><strong>NO est\u00e0 perm\u00e8s l\u2019entrada de cap acompanyant a dins el centre.<\/strong><\/p>\n","protected":false},"excerpt":{"rendered":"<p>\u00a0L\u2019Associaci\u00f3 Som Somriures \u00e9s l\u2019entitat encarregada de gestionar el servei d\u2019acollides.<br \/>\n\u00a0Acollides mat\u00ed i tarda<br \/>\nHoraris servei acollides<br \/>\nMatins: 8:00h a 9:00h<br \/>\nTardes: 16:30h a 18:30h<br \/>\n&nbsp;<br \/>\nHi haur\u00e0 dues franges hor\u00e0ries per poder portar als infants al servei d\u2019acollida de matins,\u00a0la primera ser\u00e0 a les 8:00h i la segona a&hellip;  <a href=\"https:\/\/agora.xtec.cat\/escola-argentona\/serveis\/acollida\/\" title=\"Read Acollida\">Llegeix m\u00e9s\u00bb<\/a><\/p>\n","protected":false},"author":1,"featured_media":0,"parent":66,"menu_order":20,"comment_status":"closed","ping_status":"closed","template":"page-templates\/side-menu.php","meta":{"_bbp_topic_count":0,"_bbp_reply_count":0,"_bbp_total_topic_count":0,"_bbp_total_reply_count":0,"_bbp_voice_count":0,"_bbp_anonymous_reply_count":0,"_bbp_topic_count_hidden":0,"_bbp_reply_count_hidden":0,"_bbp_forum_subforum_count":0,"footnotes":""},"class_list":["post-77","page","type-page","status-publish","hentry"],"post_mailing_queue_ids":[],"_links":{"self":[{"href":"https:\/\/agora.xtec.cat\/escola-argentona\/wp-json\/wp\/v2\/pages\/77","targetHints":{"allow":["GET"]}}],"collection":[{"href":"https:\/\/agora.xtec.cat\/escola-argentona\/wp-json\/wp\/v2\/pages"}],"about":[{"href":"https:\/\/agora.xtec.cat\/escola-argentona\/wp-json\/wp\/v2\/types\/page"}],"author":[{"embeddable":true,"href":"https:\/\/agora.xtec.cat\/escola-argentona\/wp-json\/wp\/v2\/users\/1"}],"replies":[{"embeddable":true,"href":"https:\/\/agora.xtec.cat\/escola-argentona\/wp-json\/wp\/v2\/comments?post=77"}],"version-history":[{"count":1,"href":"https:\/\/agora.xtec.cat\/escola-argentona\/wp-json\/wp\/v2\/pages\/77\/revisions"}],"predecessor-version":[{"id":611,"href":"https:\/\/agora.xtec.cat\/escola-argentona\/wp-json\/wp\/v2\/pages\/77\/revisions\/611"}],"up":[{"embeddable":true,"href":"https:\/\/agora.xtec.cat\/escola-argentona\/wp-json\/wp\/v2\/pages\/66"}],"wp:attachment":[{"href":"https:\/\/agora.xtec.cat\/escola-argentona\/wp-json\/wp\/v2\/media?parent=77"}],"curies":[{"name":"wp","href":"https:\/\/api.w.org\/{rel}","templated":true}]}}