{"id":505,"date":"2023-07-06T12:33:15","date_gmt":"2023-07-06T10:33:15","guid":{"rendered":"https:\/\/agora.xtec.cat\/escola-argentona\/?page_id=505"},"modified":"2023-10-08T12:38:21","modified_gmt":"2023-10-08T10:38:21","slug":"racons-intercicle","status":"publish","type":"page","link":"https:\/\/agora.xtec.cat\/escola-argentona\/projectes-descola\/racons-intercicle\/","title":{"rendered":"Racons intercicle"},"content":{"rendered":"<p>Els racons de joc simb\u00f2lic s\u00f3n uns espais destinats a l\u2019activitat l\u00fadica que requereixen una participaci\u00f3 lliure, imaginativa i creadora per part dels nens i nenes. Permeten als infants recrear experi\u00e8ncies quotidianes, assumir rols diferents dels habituals i faciliten la representaci\u00f3 de situacions viscudes aix\u00ed com el treball de les emocions experimentades en cada situaci\u00f3. Durant aquestes sessions setmanals es barreja tot l\u2019alumnat d\u2019Educaci\u00f3 Infantil.<\/p>\n<p>Amb aquests racons fomentem treballar amb una actitud de col\u00b7laboraci\u00f3, de respecte i d\u2019integraci\u00f3, envers els companys i les normes dels jocs.<\/p>\n<p>Quins s\u00f3n els objectius?<\/p>\n<ul>\n<li>Educar als alumnes des d\u2019una base col\u00b7lectiva, on tot \u00e9s de tots.<\/li>\n<li>Aprendre a relacionar-se amb altres nens\/es i mestres de l\u2019escola.<\/li>\n<li>Descobrir el valor de la cooperaci\u00f3, la interacci\u00f3 i la socialitzaci\u00f3.<\/li>\n<li>Ser respectu\u00f3s i responsable amb els materials col\u00b7lectius.<\/li>\n<li>Potenciar la imaginaci\u00f3, la creativitat i la fantasia.<\/li>\n<li>Compartir uns espais, uns materials i unes joguines.<\/li>\n<li>Renunciar de vegades als interessos propis per acceptar els de la majoria.<\/li>\n<\/ul>\n<p>Els racons de joc simb\u00f2lic que tenim a l\u2019escola s\u00f3n:<\/p>\n<ul>\n<li>Rac\u00f3 de la botigueta<\/li>\n<li>Rac\u00f3 de les disfresses<\/li>\n<li>Rac\u00f3 dels ninots<\/li>\n<li>Rac\u00f3 de l\u2019hospital<\/li>\n<li>Rac\u00f3 de la plastilina<\/li>\n<li>Rac\u00f3 del joc heur\u00edstic<\/li>\n<li>Rac\u00f3 dels jocs de taula<\/li>\n<li>Rac\u00f3 de la perruqueria<\/li>\n<\/ul>\n","protected":false},"excerpt":{"rendered":"<p>Els racons de joc simb\u00f2lic s\u00f3n uns espais destinats a l\u2019activitat l\u00fadica que requereixen una participaci\u00f3 lliure, imaginativa i creadora per part dels nens i nenes. Permeten als infants recrear experi\u00e8ncies quotidianes, assumir rols diferents dels habituals i faciliten la representaci\u00f3 de situacions viscudes aix\u00ed&hellip;  <a href=\"https:\/\/agora.xtec.cat\/escola-argentona\/projectes-descola\/racons-intercicle\/\" title=\"Read Racons intercicle\">Llegeix m\u00e9s\u00bb<\/a><\/p>\n","protected":false},"author":1,"featured_media":0,"parent":492,"menu_order":0,"comment_status":"closed","ping_status":"closed","template":"","meta":{"_bbp_topic_count":0,"_bbp_reply_count":0,"_bbp_total_topic_count":0,"_bbp_total_reply_count":0,"_bbp_voice_count":0,"_bbp_anonymous_reply_count":0,"_bbp_topic_count_hidden":0,"_bbp_reply_count_hidden":0,"_bbp_forum_subforum_count":0,"footnotes":""},"class_list":["post-505","page","type-page","status-publish","hentry"],"post_mailing_queue_ids":[],"_links":{"self":[{"href":"https:\/\/agora.xtec.cat\/escola-argentona\/wp-json\/wp\/v2\/pages\/505","targetHints":{"allow":["GET"]}}],"collection":[{"href":"https:\/\/agora.xtec.cat\/escola-argentona\/wp-json\/wp\/v2\/pages"}],"about":[{"href":"https:\/\/agora.xtec.cat\/escola-argentona\/wp-json\/wp\/v2\/types\/page"}],"author":[{"embeddable":true,"href":"https:\/\/agora.xtec.cat\/escola-argentona\/wp-json\/wp\/v2\/users\/1"}],"replies":[{"embeddable":true,"href":"https:\/\/agora.xtec.cat\/escola-argentona\/wp-json\/wp\/v2\/comments?post=505"}],"version-history":[{"count":3,"href":"https:\/\/agora.xtec.cat\/escola-argentona\/wp-json\/wp\/v2\/pages\/505\/revisions"}],"predecessor-version":[{"id":691,"href":"https:\/\/agora.xtec.cat\/escola-argentona\/wp-json\/wp\/v2\/pages\/505\/revisions\/691"}],"up":[{"embeddable":true,"href":"https:\/\/agora.xtec.cat\/escola-argentona\/wp-json\/wp\/v2\/pages\/492"}],"wp:attachment":[{"href":"https:\/\/agora.xtec.cat\/escola-argentona\/wp-json\/wp\/v2\/media?parent=505"}],"curies":[{"name":"wp","href":"https:\/\/api.w.org\/{rel}","templated":true}]}}