{"id":504,"date":"2023-07-06T12:33:15","date_gmt":"2023-07-06T10:33:15","guid":{"rendered":"https:\/\/agora.xtec.cat\/escola-argentona\/?page_id=504"},"modified":"2023-10-08T12:55:10","modified_gmt":"2023-10-08T10:55:10","slug":"piscina","status":"publish","type":"page","link":"https:\/\/agora.xtec.cat\/escola-argentona\/projectes-descola\/piscina\/","title":{"rendered":"Piscina"},"content":{"rendered":"<p>Aquesta activitat est\u00e0 emmarcada dins l\u2019\u00e0rea d\u2019educaci\u00f3 f\u00edsica. A la nostra escola els nens i nenes de 1r realitzen 10 sessions de nataci\u00f3 dins l\u2019horari lectiu per assolir el nivell de flotabilitat. S\u00f3n unes sessions d\u2019introducci\u00f3 a la nataci\u00f3 que es duen a terme a la piscina municipal de Cabrera. L&#8217;\u00faltima sessi\u00f3 \u00e9s oberta a les fam\u00edlies.<\/p>\n<p>Aquesta activitat est\u00e0 subvencionada en un 50% per l\u2019AFA de l\u2019escola. La resta ho financen les pr\u00f2pies fam\u00edlies. Aix\u00ed mateix, el despla\u00e7ament en autocar fins a Cabrera est\u00e0 subvencionat per l\u2019Ajuntament d\u2019Argentona.<\/p>\n<p>&nbsp;<\/p>\n","protected":false},"excerpt":{"rendered":"<p>Aquesta activitat est\u00e0 emmarcada dins l\u2019\u00e0rea d\u2019educaci\u00f3 f\u00edsica. A la nostra escola els nens i nenes de 1r realitzen 10 sessions de nataci\u00f3 dins l\u2019horari lectiu per assolir el nivell de flotabilitat. S\u00f3n unes sessions d\u2019introducci\u00f3 a la nataci\u00f3 que es duen a terme a&hellip;  <a href=\"https:\/\/agora.xtec.cat\/escola-argentona\/projectes-descola\/piscina\/\" title=\"Read Piscina\">Llegeix m\u00e9s\u00bb<\/a><\/p>\n","protected":false},"author":1,"featured_media":0,"parent":492,"menu_order":0,"comment_status":"closed","ping_status":"closed","template":"","meta":{"_bbp_topic_count":0,"_bbp_reply_count":0,"_bbp_total_topic_count":0,"_bbp_total_reply_count":0,"_bbp_voice_count":0,"_bbp_anonymous_reply_count":0,"_bbp_topic_count_hidden":0,"_bbp_reply_count_hidden":0,"_bbp_forum_subforum_count":0,"footnotes":""},"class_list":["post-504","page","type-page","status-publish","hentry"],"post_mailing_queue_ids":[],"_links":{"self":[{"href":"https:\/\/agora.xtec.cat\/escola-argentona\/wp-json\/wp\/v2\/pages\/504","targetHints":{"allow":["GET"]}}],"collection":[{"href":"https:\/\/agora.xtec.cat\/escola-argentona\/wp-json\/wp\/v2\/pages"}],"about":[{"href":"https:\/\/agora.xtec.cat\/escola-argentona\/wp-json\/wp\/v2\/types\/page"}],"author":[{"embeddable":true,"href":"https:\/\/agora.xtec.cat\/escola-argentona\/wp-json\/wp\/v2\/users\/1"}],"replies":[{"embeddable":true,"href":"https:\/\/agora.xtec.cat\/escola-argentona\/wp-json\/wp\/v2\/comments?post=504"}],"version-history":[{"count":3,"href":"https:\/\/agora.xtec.cat\/escola-argentona\/wp-json\/wp\/v2\/pages\/504\/revisions"}],"predecessor-version":[{"id":721,"href":"https:\/\/agora.xtec.cat\/escola-argentona\/wp-json\/wp\/v2\/pages\/504\/revisions\/721"}],"up":[{"embeddable":true,"href":"https:\/\/agora.xtec.cat\/escola-argentona\/wp-json\/wp\/v2\/pages\/492"}],"wp:attachment":[{"href":"https:\/\/agora.xtec.cat\/escola-argentona\/wp-json\/wp\/v2\/media?parent=504"}],"curies":[{"name":"wp","href":"https:\/\/api.w.org\/{rel}","templated":true}]}}