{"id":503,"date":"2023-07-06T12:33:15","date_gmt":"2023-07-06T10:33:15","guid":{"rendered":"https:\/\/agora.xtec.cat\/escola-argentona\/?page_id=503"},"modified":"2023-10-08T12:38:57","modified_gmt":"2023-10-08T10:38:57","slug":"padrins-i-fillols","status":"publish","type":"page","link":"https:\/\/agora.xtec.cat\/escola-argentona\/projectes-descola\/padrins-i-fillols\/","title":{"rendered":"Padrins i fillols"},"content":{"rendered":"<p>Un tret caracter\u00edstic de la nostra escola \u00e9s la relaci\u00f3 de Padrins i Fillols.<\/p>\n<p>A l\u2019escola sempre s\u2019ha fomentat la relaci\u00f3 i la coneixen\u00e7a entre alumnes d\u2019edats i cursos diferents, sigui fent intercanvis o diferents activitats que ho permetessin. El projecte uneix dos grans eixos, el curricular i el social, desenvolupant l\u2019aprenentatge de la lectura i alhora fent que el nostre alumnat ensenyi tamb\u00e9 a altres companys i companyes del centre.<\/p>\n<p>Els apadrinaments duren 2 anys; comencen a P-5 (fillols) amb 5\u00e8 (padrins) i acaben amb els mateixos padrins i fillols quan fan P-5 i 6\u00e8. Aquesta \u00e9s una activitat engrescadora, participativa, motivadora i significativa, que crea un vincle d\u2019uni\u00f3 i cohesi\u00f3 molt important entre l\u2019alumnat i els ajuda tamb\u00e9 en els seus aprenentatges.<\/p>\n<p>Al llarg de tot el curs s\u2019estableixen diferents sessions de lectura en les quals padr\u00ed i fillol comparteixen una estona amb un llibre. Les parelles es decideixen conjuntament amb les tutores i tutors dels quatre grups buscant que els car\u00e0cters es puguin complementar i es reforcin m\u00fatuament.<\/p>\n<p>Quan l\u2019alumnat de 6\u00e8 marxa de l\u2019escola \u00e9s especialment acomiadat pels seus fillols.<\/p>\n<p>Els objectius principals d&#8217; aquests projecte s\u00f3n:<\/p>\n<ul>\n<li>Propiciar el respecte entre companys i companyes de diferents edats.<\/li>\n<li>Acceptar la diversitat<\/li>\n<li>Assumir un comprom\u00eds i una responsabilitat<\/li>\n<li>Afavorir la comunicaci\u00f3 entre l\u2019alumnat de diferents cicles<\/li>\n<li>Incentivar el treball cooperatiu entre infants de diferents edat.<\/li>\n<li>Gaudir plegats en activitats al voltant de la lectura.<\/li>\n<\/ul>\n<p>&nbsp;<\/p>\n","protected":false},"excerpt":{"rendered":"<p>Un tret caracter\u00edstic de la nostra escola \u00e9s la relaci\u00f3 de Padrins i Fillols.<br \/>\nA l\u2019escola sempre s\u2019ha fomentat la relaci\u00f3 i la coneixen\u00e7a entre alumnes d\u2019edats i cursos diferents, sigui fent intercanvis o diferents activitats que ho permetessin. El projecte uneix dos grans eixos, el&hellip;  <a href=\"https:\/\/agora.xtec.cat\/escola-argentona\/projectes-descola\/padrins-i-fillols\/\" title=\"Read Padrins i fillols\">Llegeix m\u00e9s\u00bb<\/a><\/p>\n","protected":false},"author":1,"featured_media":0,"parent":492,"menu_order":0,"comment_status":"closed","ping_status":"closed","template":"","meta":{"_bbp_topic_count":0,"_bbp_reply_count":0,"_bbp_total_topic_count":0,"_bbp_total_reply_count":0,"_bbp_voice_count":0,"_bbp_anonymous_reply_count":0,"_bbp_topic_count_hidden":0,"_bbp_reply_count_hidden":0,"_bbp_forum_subforum_count":0,"footnotes":""},"class_list":["post-503","page","type-page","status-publish","hentry"],"post_mailing_queue_ids":[],"_links":{"self":[{"href":"https:\/\/agora.xtec.cat\/escola-argentona\/wp-json\/wp\/v2\/pages\/503","targetHints":{"allow":["GET"]}}],"collection":[{"href":"https:\/\/agora.xtec.cat\/escola-argentona\/wp-json\/wp\/v2\/pages"}],"about":[{"href":"https:\/\/agora.xtec.cat\/escola-argentona\/wp-json\/wp\/v2\/types\/page"}],"author":[{"embeddable":true,"href":"https:\/\/agora.xtec.cat\/escola-argentona\/wp-json\/wp\/v2\/users\/1"}],"replies":[{"embeddable":true,"href":"https:\/\/agora.xtec.cat\/escola-argentona\/wp-json\/wp\/v2\/comments?post=503"}],"version-history":[{"count":3,"href":"https:\/\/agora.xtec.cat\/escola-argentona\/wp-json\/wp\/v2\/pages\/503\/revisions"}],"predecessor-version":[{"id":692,"href":"https:\/\/agora.xtec.cat\/escola-argentona\/wp-json\/wp\/v2\/pages\/503\/revisions\/692"}],"up":[{"embeddable":true,"href":"https:\/\/agora.xtec.cat\/escola-argentona\/wp-json\/wp\/v2\/pages\/492"}],"wp:attachment":[{"href":"https:\/\/agora.xtec.cat\/escola-argentona\/wp-json\/wp\/v2\/media?parent=503"}],"curies":[{"name":"wp","href":"https:\/\/api.w.org\/{rel}","templated":true}]}}