{"id":502,"date":"2023-07-06T12:33:15","date_gmt":"2023-07-06T10:33:15","guid":{"rendered":"https:\/\/agora.xtec.cat\/escola-argentona\/?page_id=502"},"modified":"2023-10-08T12:48:39","modified_gmt":"2023-10-08T10:48:39","slug":"la-clika","status":"publish","type":"page","link":"https:\/\/agora.xtec.cat\/escola-argentona\/projectes-descola\/la-clika\/","title":{"rendered":"La Clika"},"content":{"rendered":"<p>Aquest \u00e9s un projecte impulsat per Cases de la M\u00fasica i orientat a l\u2019alumnat de 2n de prim\u00e0ria. A trav\u00e9s d\u2019aquest projecte, els infants aprenen coreografies i can\u00e7ons que fomenten l&#8217;autoestima, l&#8217;amistat, la diversitat, l&#8217;ecologisme o la igualtat de g\u00e8nere de la m\u00e0 de La Clika, una colla d&#8217;amics d&#8217;una escola imagin\u00e0ria.<\/p>\n<p>A final de curs s\u2019organitza l&#8217;espectacle final a La Sala d\u2019Argentona per a cantar i ballar amb la banda en directe, juntament amb les altres escoles del municipi. L\u2019espectacle \u00e9s obert a les fam\u00edlies.<\/p>\n<p>Actualment, hi participen en aquest projecte m\u00e9s de 300 escoles dels diferents territoris de parla catalana. El que m\u00e9s atreu als petits s\u00f3n les can\u00e7ons, composades per membres dels grups Xiula, Gertrudis o XerrameQ.<\/p>\n<p><a href=\"https:\/\/laclika.cat\/\" target=\"_blank\" rel=\"noopener\"><img loading=\"lazy\" decoding=\"async\" class=\"wp-image-716 aligncenter\" src=\"https:\/\/agora.xtec.cat\/escola-argentona\/wp-content\/uploads\/usu2376\/2023\/10\/clika.jpg\" alt=\"\" width=\"185\" height=\"104\" srcset=\"https:\/\/agora.xtec.cat\/escola-argentona\/wp-content\/uploads\/usu2376\/2023\/10\/clika.jpg 898w, https:\/\/agora.xtec.cat\/escola-argentona\/wp-content\/uploads\/usu2376\/2023\/10\/clika-300x169.jpg 300w, https:\/\/agora.xtec.cat\/escola-argentona\/wp-content\/uploads\/usu2376\/2023\/10\/clika-768x433.jpg 768w\" sizes=\"auto, (max-width: 185px) 100vw, 185px\" \/><\/a><\/p>\n<p>&nbsp;<\/p>\n","protected":false},"excerpt":{"rendered":"<p>Aquest \u00e9s un projecte impulsat per Cases de la M\u00fasica i orientat a l\u2019alumnat de 2n de prim\u00e0ria. A trav\u00e9s d\u2019aquest projecte, els infants aprenen coreografies i can\u00e7ons que fomenten l&#8217;autoestima, l&#8217;amistat, la diversitat, l&#8217;ecologisme o la igualtat de g\u00e8nere de la m\u00e0 de La&hellip;  <a href=\"https:\/\/agora.xtec.cat\/escola-argentona\/projectes-descola\/la-clika\/\" title=\"Read La Clika\">Llegeix m\u00e9s\u00bb<\/a><\/p>\n","protected":false},"author":1,"featured_media":0,"parent":492,"menu_order":0,"comment_status":"closed","ping_status":"closed","template":"","meta":{"_bbp_topic_count":0,"_bbp_reply_count":0,"_bbp_total_topic_count":0,"_bbp_total_reply_count":0,"_bbp_voice_count":0,"_bbp_anonymous_reply_count":0,"_bbp_topic_count_hidden":0,"_bbp_reply_count_hidden":0,"_bbp_forum_subforum_count":0,"footnotes":""},"class_list":["post-502","page","type-page","status-publish","hentry"],"post_mailing_queue_ids":[],"_links":{"self":[{"href":"https:\/\/agora.xtec.cat\/escola-argentona\/wp-json\/wp\/v2\/pages\/502","targetHints":{"allow":["GET"]}}],"collection":[{"href":"https:\/\/agora.xtec.cat\/escola-argentona\/wp-json\/wp\/v2\/pages"}],"about":[{"href":"https:\/\/agora.xtec.cat\/escola-argentona\/wp-json\/wp\/v2\/types\/page"}],"author":[{"embeddable":true,"href":"https:\/\/agora.xtec.cat\/escola-argentona\/wp-json\/wp\/v2\/users\/1"}],"replies":[{"embeddable":true,"href":"https:\/\/agora.xtec.cat\/escola-argentona\/wp-json\/wp\/v2\/comments?post=502"}],"version-history":[{"count":4,"href":"https:\/\/agora.xtec.cat\/escola-argentona\/wp-json\/wp\/v2\/pages\/502\/revisions"}],"predecessor-version":[{"id":717,"href":"https:\/\/agora.xtec.cat\/escola-argentona\/wp-json\/wp\/v2\/pages\/502\/revisions\/717"}],"up":[{"embeddable":true,"href":"https:\/\/agora.xtec.cat\/escola-argentona\/wp-json\/wp\/v2\/pages\/492"}],"wp:attachment":[{"href":"https:\/\/agora.xtec.cat\/escola-argentona\/wp-json\/wp\/v2\/media?parent=502"}],"curies":[{"name":"wp","href":"https:\/\/api.w.org\/{rel}","templated":true}]}}