{"id":501,"date":"2023-07-06T12:33:15","date_gmt":"2023-07-06T10:33:15","guid":{"rendered":"https:\/\/agora.xtec.cat\/escola-argentona\/?page_id=501"},"modified":"2023-10-08T12:56:00","modified_gmt":"2023-10-08T10:56:00","slug":"jornades-esportives","status":"publish","type":"page","link":"https:\/\/agora.xtec.cat\/escola-argentona\/projectes-descola\/jornades-esportives\/","title":{"rendered":"Jornades Esportives"},"content":{"rendered":"<p>Es realitzen tres jornades esportives amb la participaci\u00f3 de les quatre escoles de prim\u00e0ria del municipi en tres dies diferents, una per a cada cicle i ubicada en el cursos de 1r, 3r i 5\u00e8. Durant aquestes jornades l\u2019alumnat de l\u2019escola comparteix un mat\u00ed fent activitats esportives amb infants del municipi d\u2019altres centres. Les jornades es duen a terme al complex esportiu d\u2019Argentona Ra\u00fal Paloma (zona esportiva al costat de l\u2019escola).<\/p>\n<p><em><u>Objectius:<\/u><\/em><\/p>\n<ul>\n<li>Compartir, conviure i con\u00e8ixer als nens i nenes del poble de la mateixa edat.<\/li>\n<li>Jugar, fer esport i gaudir de les diferents activitats esportives amb altres nens i nenes del poble.<\/li>\n<li>Practicar i realitzar diferents habilitats f\u00edsiques i esportives.<\/li>\n<li>Cooperar i treballar en equip.<\/li>\n<li>Promoure el joc net i l\u2019amistat, posant \u00e8mfasi en les salutacions entre els companys al final de cada joc.<\/li>\n<\/ul>\n<p>&nbsp;<\/p>\n","protected":false},"excerpt":{"rendered":"<p>Es realitzen tres jornades esportives amb la participaci\u00f3 de les quatre escoles de prim\u00e0ria del municipi en tres dies diferents, una per a cada cicle i ubicada en el cursos de 1r, 3r i 5\u00e8. Durant aquestes jornades l\u2019alumnat de l\u2019escola comparteix un mat\u00ed fent&hellip;  <a href=\"https:\/\/agora.xtec.cat\/escola-argentona\/projectes-descola\/jornades-esportives\/\" title=\"Read Jornades Esportives\">Llegeix m\u00e9s\u00bb<\/a><\/p>\n","protected":false},"author":1,"featured_media":0,"parent":492,"menu_order":0,"comment_status":"closed","ping_status":"closed","template":"","meta":{"_bbp_topic_count":0,"_bbp_reply_count":0,"_bbp_total_topic_count":0,"_bbp_total_reply_count":0,"_bbp_voice_count":0,"_bbp_anonymous_reply_count":0,"_bbp_topic_count_hidden":0,"_bbp_reply_count_hidden":0,"_bbp_forum_subforum_count":0,"footnotes":""},"class_list":["post-501","page","type-page","status-publish","hentry"],"post_mailing_queue_ids":[],"_links":{"self":[{"href":"https:\/\/agora.xtec.cat\/escola-argentona\/wp-json\/wp\/v2\/pages\/501","targetHints":{"allow":["GET"]}}],"collection":[{"href":"https:\/\/agora.xtec.cat\/escola-argentona\/wp-json\/wp\/v2\/pages"}],"about":[{"href":"https:\/\/agora.xtec.cat\/escola-argentona\/wp-json\/wp\/v2\/types\/page"}],"author":[{"embeddable":true,"href":"https:\/\/agora.xtec.cat\/escola-argentona\/wp-json\/wp\/v2\/users\/1"}],"replies":[{"embeddable":true,"href":"https:\/\/agora.xtec.cat\/escola-argentona\/wp-json\/wp\/v2\/comments?post=501"}],"version-history":[{"count":3,"href":"https:\/\/agora.xtec.cat\/escola-argentona\/wp-json\/wp\/v2\/pages\/501\/revisions"}],"predecessor-version":[{"id":722,"href":"https:\/\/agora.xtec.cat\/escola-argentona\/wp-json\/wp\/v2\/pages\/501\/revisions\/722"}],"up":[{"embeddable":true,"href":"https:\/\/agora.xtec.cat\/escola-argentona\/wp-json\/wp\/v2\/pages\/492"}],"wp:attachment":[{"href":"https:\/\/agora.xtec.cat\/escola-argentona\/wp-json\/wp\/v2\/media?parent=501"}],"curies":[{"name":"wp","href":"https:\/\/api.w.org\/{rel}","templated":true}]}}