{"id":500,"date":"2023-07-06T12:33:15","date_gmt":"2023-07-06T10:33:15","guid":{"rendered":"https:\/\/agora.xtec.cat\/escola-argentona\/?page_id=500"},"modified":"2023-10-08T12:40:52","modified_gmt":"2023-10-08T10:40:52","slug":"innovamat","status":"publish","type":"page","link":"https:\/\/agora.xtec.cat\/escola-argentona\/projectes-descola\/innovamat\/","title":{"rendered":"Innovamat"},"content":{"rendered":"<p><strong>Innovamat<\/strong>\u00a0\u00e9s una proposta educativa que t\u00e9 com a objectiu impulsar l&#8217;aprenentatge competencial, personalitzat i pr\u00e0ctic de les\u00a0matem\u00e0tiques. Apliquem Innovamat a tot l\u2019alumnat de prim\u00e0ria, i prioritza la comprensi\u00f3 dels continguts i el desenvolupament d&#8217;habilitats matem\u00e0tiques vinculades a la resoluci\u00f3 de problemes, fomentant l&#8217;aprenentatge d&#8217;aquesta disciplina a trav\u00e9s de l&#8217;experimentaci\u00f3, la conversa i la pr\u00e0ctica individualitzada. En aquest sentit, Innovamat ofereix traject\u00f2ries d&#8217;aprenentatge seq\u00fcenciades, recursos, formaci\u00f3 i acompanyament a la comunitat educativa.<\/p>\n<p><strong>Quins aspectes generals caracteritzen la proposta?<\/strong><\/p>\n<p>La proposta Innovamat permet passar d\u2019un model d\u2019ensenyament i aprenentatge de les matem\u00e0tiques estructurat per continguts fragmentats en temes a \u00a0ser\u00a0 treballat de manera integrada. Es tracta no nom\u00e9s d\u2019aprendre conceptes sin\u00f3 que a la vegada es desenvolupin les quatre compet\u00e8ncies matem\u00e0tiques:<\/p>\n<ul>\n<li>Resoluci\u00f3 de problemes<\/li>\n<li>Raonament i prova<\/li>\n<li>Connexions<\/li>\n<li>Comunicaci\u00f3 i representaci\u00f3<\/li>\n<\/ul>\n<p><strong>Com es concreta la Proposta?<\/strong><\/p>\n<ul>\n<li>Laboratori de nombres: on es treballa la numeraci\u00f3 i el comptatge.<\/li>\n<li>Aventures: espai on a trav\u00e9s de diferents reptes es treballen blocs de continguts m\u00e9s enll\u00e0 del comptatge. Estad\u00edstica i atzar, espai i forma, mesures i relacions i canvi.<\/li>\n<li>App*: Proposta autoadaptativa per l\u2019alumnat\u00a0 que de manera individualitzada practica els conceptes treballats\u00a0 respectant\u00a0 els diferents ritmes d\u2019aprenentatge.<\/li>\n<\/ul>\n<p><em>*L\u2019\u00fas de l\u2019aplicaci\u00f3 es treballa b\u00e0sicament a l\u2019escola. A casa es limita el seu \u00fas a una hora setmanal.<\/em><\/p>\n<p>&nbsp;<\/p>\n<p><a href=\"https:\/\/mediambient.gencat.cat\/ca\/05_ambits_dactuacio\/educacio_i_sostenibilitat\/educacio_per_a_la_sostenibilitat\/escoles_verdes\" target=\"_blank\" rel=\"noopener\"><img loading=\"lazy\" decoding=\"async\" class=\"alignnone wp-image-591 aligncenter\" src=\"https:\/\/agora.xtec.cat\/escola-argentona\/wp-content\/uploads\/usu2376\/2023\/07\/descarga-1.png\" alt=\"\" width=\"304\" height=\"76\" srcset=\"https:\/\/agora.xtec.cat\/escola-argentona\/wp-content\/uploads\/usu2376\/2023\/07\/descarga-1.png 448w, https:\/\/agora.xtec.cat\/escola-argentona\/wp-content\/uploads\/usu2376\/2023\/07\/descarga-1-300x75.png 300w\" sizes=\"auto, (max-width: 304px) 100vw, 304px\" \/><\/a><\/p>\n","protected":false},"excerpt":{"rendered":"<p>Innovamat\u00a0\u00e9s una proposta educativa que t\u00e9 com a objectiu impulsar l&#8217;aprenentatge competencial, personalitzat i pr\u00e0ctic de les\u00a0matem\u00e0tiques. Apliquem Innovamat a tot l\u2019alumnat de prim\u00e0ria, i prioritza la comprensi\u00f3 dels continguts i el desenvolupament d&#8217;habilitats matem\u00e0tiques vinculades a la resoluci\u00f3 de problemes, fomentant l&#8217;aprenentatge d&#8217;aquesta disciplina&hellip;  <a href=\"https:\/\/agora.xtec.cat\/escola-argentona\/projectes-descola\/innovamat\/\" title=\"Read Innovamat\">Llegeix m\u00e9s\u00bb<\/a><\/p>\n","protected":false},"author":1,"featured_media":0,"parent":492,"menu_order":0,"comment_status":"closed","ping_status":"closed","template":"","meta":{"_bbp_topic_count":0,"_bbp_reply_count":0,"_bbp_total_topic_count":0,"_bbp_total_reply_count":0,"_bbp_voice_count":0,"_bbp_anonymous_reply_count":0,"_bbp_topic_count_hidden":0,"_bbp_reply_count_hidden":0,"_bbp_forum_subforum_count":0,"footnotes":""},"class_list":["post-500","page","type-page","status-publish","hentry"],"post_mailing_queue_ids":[],"_links":{"self":[{"href":"https:\/\/agora.xtec.cat\/escola-argentona\/wp-json\/wp\/v2\/pages\/500","targetHints":{"allow":["GET"]}}],"collection":[{"href":"https:\/\/agora.xtec.cat\/escola-argentona\/wp-json\/wp\/v2\/pages"}],"about":[{"href":"https:\/\/agora.xtec.cat\/escola-argentona\/wp-json\/wp\/v2\/types\/page"}],"author":[{"embeddable":true,"href":"https:\/\/agora.xtec.cat\/escola-argentona\/wp-json\/wp\/v2\/users\/1"}],"replies":[{"embeddable":true,"href":"https:\/\/agora.xtec.cat\/escola-argentona\/wp-json\/wp\/v2\/comments?post=500"}],"version-history":[{"count":3,"href":"https:\/\/agora.xtec.cat\/escola-argentona\/wp-json\/wp\/v2\/pages\/500\/revisions"}],"predecessor-version":[{"id":672,"href":"https:\/\/agora.xtec.cat\/escola-argentona\/wp-json\/wp\/v2\/pages\/500\/revisions\/672"}],"up":[{"embeddable":true,"href":"https:\/\/agora.xtec.cat\/escola-argentona\/wp-json\/wp\/v2\/pages\/492"}],"wp:attachment":[{"href":"https:\/\/agora.xtec.cat\/escola-argentona\/wp-json\/wp\/v2\/media?parent=500"}],"curies":[{"name":"wp","href":"https:\/\/api.w.org\/{rel}","templated":true}]}}