{"id":498,"date":"2023-07-06T12:33:15","date_gmt":"2023-07-06T10:33:15","guid":{"rendered":"https:\/\/agora.xtec.cat\/escola-argentona\/?page_id=498"},"modified":"2023-10-08T12:40:22","modified_gmt":"2023-10-08T10:40:22","slug":"escoles-verdes","status":"publish","type":"page","link":"https:\/\/agora.xtec.cat\/escola-argentona\/projectes-descola\/escoles-verdes\/","title":{"rendered":"Escoles Verdes"},"content":{"rendered":"<p>Som Escola Verda. Amb aquest projecte pretenem esdevenir un centre educatiu comprom\u00e8s amb la sostenibilitat i treballem per fomentar una educaci\u00f3 ecosocial que transformi el centre educatiu i el seu entorn, tot col\u00b7laborant en xarxa amb altres entitats del territori amb 3 grans objectius:<\/p>\n<ul>\n<li>Incorporar els valors de l\u2019educaci\u00f3 per a la sostenibilitat en tots els \u00e0mbits de la vida del centre (curr\u00edculum, gesti\u00f3, relacions amb l\u2019entorn, etc.).<\/li>\n<li>Promoure la participaci\u00f3 i la implicaci\u00f3 activa de la comunitat educativa en la millora del seu entorn.<\/li>\n<li>Afavorir l\u2019intercanvi entre els centres que comparteixen uns mateixos objectius, aix\u00ed com participar en les formacions que es fan cada any des de l\u2019escola de Natura del Corredor.<\/li>\n<\/ul>\n<p>Algunes de les accions m\u00e9s significatives que duem a terme s\u00f3n:<\/p>\n<ul>\n<li><em><u>Hort escolar (tot l\u2019alumnat):<\/u><\/em><\/li>\n<\/ul>\n<p>Creiem que la possibilitat de tenir un hort a l\u2019escola pot ajudar als nostres alumnes a prendre consci\u00e8ncia de la import\u00e0ncia de con\u00e8ixer i protegir els diversos ecosistemes naturals i a valorar l\u2019esfor\u00e7 i la responsabilitat personals. Es tracta d\u2019un recurs per introduir noves activitats i estrat\u00e8gies que permetin millorar i ampliar el contacte dels nostres alumnes amb l\u2019entorn i la natura, alhora que ajuden a potenciar l\u2019educaci\u00f3 ambiental.<\/p>\n<p>L\u2019hort aporta una s\u00e8rie d\u2019estrat\u00e8gies gratificants i \u00faniques per a l\u2019alumnat i permet fer-lo servir per treballar amb alumnes de diferents edats i en diferents \u00e0rees curriculars.<\/p>\n<ul>\n<li><em><u>Caixes niu (4t de prim\u00e0ria):<\/u><\/em><\/li>\n<\/ul>\n<p>Disposem d\u2019algunes caixes niu repartides pel pati de l\u2019escola i el seu entorn m\u00e9s proper. En fem un seguiment al llarg del curs que ens permet con\u00e8ixer de primera m\u00e0 el comportament d\u2019algunes esp\u00e8cies d\u2019ocells. Observem la construcci\u00f3 del niu dins la caixa i analitzem els rastres que deixen els seus \u201cinquilins\u201d en finalitzar la temporada de cria.<\/p>\n<ul>\n<li><em><u>Bioblitz (Infantil i 4t de prim\u00e0ria):<\/u><\/em><\/li>\n<\/ul>\n<p>Es tracta d\u2019un esdeveniment de col\u00b7laboraci\u00f3 i de descoberta de la natura, on durant un per\u00edode de temps determinat es procedeix a la identificaci\u00f3 de tots els organismes vius d\u2019una \u00e0rea concreta (el pati de l\u2019escola, un espai del poble&#8230;). Constitueix un espai de formaci\u00f3, coneixement i participaci\u00f3 per tal de procedir a realitzar un inventari biol\u00f2gic anual.<\/p>\n<ul>\n<li><em><u>50&#215;50 (5\u00e8 de prim\u00e0ria):<\/u><\/em><\/li>\n<\/ul>\n<p>\u00c9s un projecte que incentiva l\u2019estalvi energ\u00e8tic a l\u2019escola a partir de l\u2019aplicaci\u00f3 de bones pr\u00e0ctiques en l\u2019\u00fas i la gesti\u00f3 de l\u2019energia. Els mateixos alumnes s\u00f3n els que, amb els aparells necessaris, mesuren la temperatura i la intensitat de la llum a les aules fent un an\u00e0lisi de la situaci\u00f3 i oferint propostes de millora all\u00e0 on es requereixi una actuaci\u00f3 determinada.<\/p>\n<ul>\n<li><u>Auditories d\u2019embolcalls (tot l\u2019alumnat):<\/u><\/li>\n<\/ul>\n<p>Es realitzen auditories trimestrals per treballar l\u2019\u00fas d\u2019embolcalls sostenibles. Arrel d\u2019aquestes auditories s\u2019extreuen gr\u00e0fiques comparatives entre els diferents cursos, o tamb\u00e9 en un mateix grup en diferents per\u00edodes (d\u2019un trimestre a un altre o de curs a curs).<\/p>\n<ul>\n<li><u>A l\u2019escola Mengem m\u00e9s fruita (tot l\u2019alumnat):<\/u><\/li>\n<\/ul>\n<p>Amb la col\u00b7laboraci\u00f3 del Departament d\u2019Agricultura, Ramaderia i Pesca ens proporcionen fruita de temporada i de proximitat per tal de fomentar h\u00e0bits saludables sobretot en els esmorzars. Una vegada rebem la fruita, un grup de 6 alumnes de Cicle mitj\u00e0 i\/o Cicle superior a l\u2019hora d\u2019esbarjo preparen i reparteixen la fruita en diferents punts del pati a tot l\u2019alumnat de l\u2019escola.<\/p>\n<ul>\n<li><u>Compostador (alumnat de menjador):<\/u><\/li>\n<\/ul>\n<p>L\u2019alumnat de menjador ser\u00e0 l\u2019encarregat d\u2019afegir les restes org\u00e0niques del menjador al compostador de l\u2019hort.<\/p>\n<ul>\n<li><u>Bioblitz (Infantil):<\/u><\/li>\n<\/ul>\n<p>Consisteix en fer un estudi de la biodiversitat que podem trobar en un espai delimitat en un temps determinat. Observem quins \u00e9ssers vius trobem a l\u2019espai de l\u2019hort i tamb\u00e9 hem investigat qu\u00e8 trobem al compostador de l\u2019escola.<\/p>\n<ul>\n<li><u>Butllet\u00ed trimestral d\u2019EEVV (Comissi\u00f3 EEVV):<\/u><\/li>\n<\/ul>\n<p>La Comissi\u00f3 verda elaborar\u00e0 cada trimestre un butllet\u00ed informatiu destinat a tota la comunitat educativa amb un recull de les accions m\u00e9s significatives que s\u2019hagin dut a terme a l\u2019escola i\/o not\u00edcies en general relacionades amb el mediambient.<\/p>\n<p><u>\u00a0<\/u><\/p>\n<p style=\"text-align: center;\"><a href=\"https:\/\/mediambient.gencat.cat\/ca\/05_ambits_dactuacio\/educacio_i_sostenibilitat\/educacio_per_a_la_sostenibilitat\/escoles_verdes\" target=\"_blank\" rel=\"noopener\"><img loading=\"lazy\" decoding=\"async\" class=\"alignnone wp-image-587\" src=\"https:\/\/agora.xtec.cat\/escola-argentona\/wp-content\/uploads\/usu2376\/2023\/07\/logo-ev-25.png_28972077.png\" alt=\"\" width=\"118\" height=\"111\" \/><\/a> \u00a0 \u00a0 \u00a0 \u00a0 \u00a0 \u00a0 \u00a0<a href=\"https:\/\/scea.cat\/cens-entitats\/escola-natura-del-corredor\/\" target=\"_blank\" rel=\"noopener\"><img loading=\"lazy\" decoding=\"async\" class=\"\" src=\"https:\/\/scea.cat\/wp-content\/uploads\/2020\/10\/enc.jpg\" width=\"157\" height=\"83\" \/> \u00a0 \u00a0<\/a>\u00a0\u00a0\u00a0\u00a0\u00a0 <img loading=\"lazy\" decoding=\"async\" class=\"alignnone wp-image-665\" src=\"https:\/\/agora.xtec.cat\/escola-argentona\/wp-content\/uploads\/usu2376\/2023\/07\/logoajuntament-e1689322620111.jpg\" alt=\"\" width=\"160\" height=\"93\" srcset=\"https:\/\/agora.xtec.cat\/escola-argentona\/wp-content\/uploads\/usu2376\/2023\/07\/logoajuntament-e1689322620111.jpg 472w, https:\/\/agora.xtec.cat\/escola-argentona\/wp-content\/uploads\/usu2376\/2023\/07\/logoajuntament-e1689322620111-300x174.jpg 300w\" sizes=\"auto, (max-width: 160px) 100vw, 160px\" \/><\/p>\n","protected":false},"excerpt":{"rendered":"<p>Som Escola Verda. Amb aquest projecte pretenem esdevenir un centre educatiu comprom\u00e8s amb la sostenibilitat i treballem per fomentar una educaci\u00f3 ecosocial que transformi el centre educatiu i el seu entorn, tot col\u00b7laborant en xarxa amb altres entitats del territori amb 3 grans objectius:<\/p>\n<ul>\n<li>Incorporar els&hellip;  <a href=\"https:\/\/agora.xtec.cat\/escola-argentona\/projectes-descola\/escoles-verdes\/\" title=\"Read Escoles Verdes\">Llegeix m\u00e9s\u00bb<\/a><br \/>\n","protected":false},"author":1,"featured_media":0,"parent":492,"menu_order":0,"comment_status":"closed","ping_status":"closed","template":"","meta":{"_bbp_topic_count":0,"_bbp_reply_count":0,"_bbp_total_topic_count":0,"_bbp_total_reply_count":0,"_bbp_voice_count":0,"_bbp_anonymous_reply_count":0,"_bbp_topic_count_hidden":0,"_bbp_reply_count_hidden":0,"_bbp_forum_subforum_count":0,"footnotes":""},"class_list":["post-498","page","type-page","status-publish","hentry"],"post_mailing_queue_ids":[],"_links":{"self":[{"href":"https:\/\/agora.xtec.cat\/escola-argentona\/wp-json\/wp\/v2\/pages\/498","targetHints":{"allow":["GET"]}}],"collection":[{"href":"https:\/\/agora.xtec.cat\/escola-argentona\/wp-json\/wp\/v2\/pages"}],"about":[{"href":"https:\/\/agora.xtec.cat\/escola-argentona\/wp-json\/wp\/v2\/types\/page"}],"author":[{"embeddable":true,"href":"https:\/\/agora.xtec.cat\/escola-argentona\/wp-json\/wp\/v2\/users\/1"}],"replies":[{"embeddable":true,"href":"https:\/\/agora.xtec.cat\/escola-argentona\/wp-json\/wp\/v2\/comments?post=498"}],"version-history":[{"count":3,"href":"https:\/\/agora.xtec.cat\/escola-argentona\/wp-json\/wp\/v2\/pages\/498\/revisions"}],"predecessor-version":[{"id":694,"href":"https:\/\/agora.xtec.cat\/escola-argentona\/wp-json\/wp\/v2\/pages\/498\/revisions\/694"}],"up":[{"embeddable":true,"href":"https:\/\/agora.xtec.cat\/escola-argentona\/wp-json\/wp\/v2\/pages\/492"}],"wp:attachment":[{"href":"https:\/\/agora.xtec.cat\/escola-argentona\/wp-json\/wp\/v2\/media?parent=498"}],"curies":[{"name":"wp","href":"https:\/\/api.w.org\/{rel}","templated":true}]}}