{"id":497,"date":"2023-07-06T12:33:15","date_gmt":"2023-07-06T10:33:15","guid":{"rendered":"https:\/\/agora.xtec.cat\/escola-argentona\/?page_id=497"},"modified":"2023-10-08T12:39:36","modified_gmt":"2023-10-08T10:39:36","slug":"educacio-emocional","status":"publish","type":"page","link":"https:\/\/agora.xtec.cat\/escola-argentona\/projectes-descola\/educacio-emocional\/","title":{"rendered":"Educaci\u00f3 emocional"},"content":{"rendered":"<p>En col\u00b7laboraci\u00f3 amb l\u2019ASSOCIACI\u00d3 LA NOVA MIRANDA, plantegem un programa d\u2019acompanyament i educaci\u00f3 emocional, a tot l\u2019alumnat de prim\u00e0ria, a trav\u00e9s de les estrat\u00e8gies d\u2019afrontament, posant en relaci\u00f3 factors emocionals i cognitius, que s\u00f3n clau a l\u2019hora de promoure el benestar de les persones.<\/p>\n<p>La promoci\u00f3 del benestar a l\u2019aula a trav\u00e9s de factors emocionals i cognitius facilita la millora de<\/p>\n<p>l\u2019autoestima, les relacions positives, la resili\u00e8ncia, el suport social, el pensament cr\u00edtic i la presa de decisions, entre altres. Al mateix temps que afavoreix que les situacions estressants es puguin abordar amb m\u00e9s calma i amb respostes emocionals equilibrades.<\/p>\n<p>&nbsp;<\/p>\n<p>Aix\u00ed doncs, en aquest projecte es duen a terme les seg\u00fcents activitats:<\/p>\n<p>&nbsp;<\/p>\n<ul>\n<li><u>Acompanyament i educaci\u00f3 emocional a l\u2019aula<\/u><\/li>\n<\/ul>\n<p>Els tallers d\u2019acompanyament i educaci\u00f3 emocional a l\u2019aula consten de tres sessions trimestrals en horari lectiu en les que treballem les compet\u00e8ncies personals, socials i emocionals a trav\u00e9s d\u2019activitats i de la reflexi\u00f3.<\/p>\n<p>Els tallers tenen com a objectius:<\/p>\n<p>&#8211; Treballar les compet\u00e8ncies emocionals amb els infants<\/p>\n<p>&#8211; Potenciar les relacions positives entre infants i adults<\/p>\n<p>&#8211; Prevenir conflictes entre els iguals i potenciar el domini de la gesti\u00f3 dels conflictes<\/p>\n<p>&#8211; Facilitar eines al tutor\/a amb relaci\u00f3 a les compet\u00e8ncies emocionals que pugui aplicar en<\/p>\n<p>l\u2019activitat di\u00e0ria a l\u2019aula<\/p>\n<ul>\n<li><u>Tallers setmanals d\u2019educaci\u00f3 emocional i d\u2019habilitats socials (PETITS MEDIADORS)<\/u><\/li>\n<\/ul>\n<p>Un espai d&#8217;acompanyament en qu\u00e8 promovem l\u2019autoconeixement, l&#8217;autonomia, l&#8217;autoestima i la intel\u00b7lig\u00e8ncia emocional i les habilitats socials. Per tal que els infants puguin adquirir eines per prendre decisions i resoldre diferents situacions del dia a dia. Les activitats es treballen des d&#8217;una vessant creativa i l\u00fadica, a trav\u00e9s de la m\u00fasica, la dansa, l&#8217;art, el teatre i la reflexi\u00f3.<\/p>\n<p>Aquest espai s\u2019ofereix a les fam\u00edlies en horari de migdia fora de l\u2019horari lectiu.<\/p>\n<p>Al llarg de les sessions mantenim una comunicaci\u00f3 constant amb la fam\u00edlia de cada infant, per con\u00e8ixer millor l\u2019infant i informar del contingut treballat a les sessions i de les nostres observacions. Tamb\u00e9 duem a terme un acompanyament i orientaci\u00f3 familiar en aquells casos que ho requereixin.<\/p>\n<ul>\n<li><u>Suport emocional a l\u2019equip docent i a fam\u00edlies <\/u><\/li>\n<\/ul>\n<p>Aquelles fam\u00edlies i tot el personal de l\u2019escola disposen de l\u2019assessorament de les responsables de LA NOVA MIRANDA en cas que es demandi aquesta necessitat.<\/p>\n<p>El projecte EMOCIONAL de l\u2019Escola Argentona NO REQUEREIX cap despesa per part de les fam\u00edlies, ja que la totalitat del seu cost est\u00e0 subvencionat per l\u2019AJUNTAMENT D\u2019ARGENTONA.<\/p>\n<p>&nbsp;<\/p>\n<p style=\"text-align: center;\"><a href=\"https:\/\/agora.xtec.cat\/escola-argentona\/wp-content\/uploads\/usu2376\/2023\/07\/logoajuntament-e1689322620111.jpg\"><img loading=\"lazy\" decoding=\"async\" class=\"alignnone wp-image-665 \" src=\"https:\/\/agora.xtec.cat\/escola-argentona\/wp-content\/uploads\/usu2376\/2023\/07\/logoajuntament-e1689322620111.jpg\" alt=\"\" width=\"208\" height=\"120\" srcset=\"https:\/\/agora.xtec.cat\/escola-argentona\/wp-content\/uploads\/usu2376\/2023\/07\/logoajuntament-e1689322620111.jpg 472w, https:\/\/agora.xtec.cat\/escola-argentona\/wp-content\/uploads\/usu2376\/2023\/07\/logoajuntament-e1689322620111-300x174.jpg 300w\" sizes=\"auto, (max-width: 208px) 100vw, 208px\" \/><\/a> \u00a0 \u00a0 \u00a0 \u00a0 \u00a0 \u00a0 <a style=\"font-family: inherit; font-size: 1em;\" href=\"https:\/\/agora.xtec.cat\/escola-argentona\/wp-content\/uploads\/usu2376\/2023\/07\/1532360387895.jpg\"><img loading=\"lazy\" decoding=\"async\" class=\"alignnone wp-image-667\" src=\"https:\/\/agora.xtec.cat\/escola-argentona\/wp-content\/uploads\/usu2376\/2023\/07\/1532360387895.jpg\" alt=\"\" width=\"135\" height=\"135\" srcset=\"https:\/\/agora.xtec.cat\/escola-argentona\/wp-content\/uploads\/usu2376\/2023\/07\/1532360387895.jpg 200w, https:\/\/agora.xtec.cat\/escola-argentona\/wp-content\/uploads\/usu2376\/2023\/07\/1532360387895-150x150.jpg 150w\" sizes=\"auto, (max-width: 135px) 100vw, 135px\" \/><\/a><span style=\"font-family: inherit; font-size: 1em;\">\u00a0\u00a0<\/span><\/p>\n","protected":false},"excerpt":{"rendered":"<p>En col\u00b7laboraci\u00f3 amb l\u2019ASSOCIACI\u00d3 LA NOVA MIRANDA, plantegem un programa d\u2019acompanyament i educaci\u00f3 emocional, a tot l\u2019alumnat de prim\u00e0ria, a trav\u00e9s de les estrat\u00e8gies d\u2019afrontament, posant en relaci\u00f3 factors emocionals i cognitius, que s\u00f3n clau a l\u2019hora de promoure el benestar de les persones.<br \/>\nLa promoci\u00f3&hellip;  <a href=\"https:\/\/agora.xtec.cat\/escola-argentona\/projectes-descola\/educacio-emocional\/\" title=\"Read Educaci\u00f3 emocional\">Llegeix m\u00e9s\u00bb<\/a><\/p>\n","protected":false},"author":1,"featured_media":0,"parent":492,"menu_order":0,"comment_status":"closed","ping_status":"closed","template":"","meta":{"_bbp_topic_count":0,"_bbp_reply_count":0,"_bbp_total_topic_count":0,"_bbp_total_reply_count":0,"_bbp_voice_count":0,"_bbp_anonymous_reply_count":0,"_bbp_topic_count_hidden":0,"_bbp_reply_count_hidden":0,"_bbp_forum_subforum_count":0,"footnotes":""},"class_list":["post-497","page","type-page","status-publish","hentry"],"post_mailing_queue_ids":[],"_links":{"self":[{"href":"https:\/\/agora.xtec.cat\/escola-argentona\/wp-json\/wp\/v2\/pages\/497","targetHints":{"allow":["GET"]}}],"collection":[{"href":"https:\/\/agora.xtec.cat\/escola-argentona\/wp-json\/wp\/v2\/pages"}],"about":[{"href":"https:\/\/agora.xtec.cat\/escola-argentona\/wp-json\/wp\/v2\/types\/page"}],"author":[{"embeddable":true,"href":"https:\/\/agora.xtec.cat\/escola-argentona\/wp-json\/wp\/v2\/users\/1"}],"replies":[{"embeddable":true,"href":"https:\/\/agora.xtec.cat\/escola-argentona\/wp-json\/wp\/v2\/comments?post=497"}],"version-history":[{"count":3,"href":"https:\/\/agora.xtec.cat\/escola-argentona\/wp-json\/wp\/v2\/pages\/497\/revisions"}],"predecessor-version":[{"id":693,"href":"https:\/\/agora.xtec.cat\/escola-argentona\/wp-json\/wp\/v2\/pages\/497\/revisions\/693"}],"up":[{"embeddable":true,"href":"https:\/\/agora.xtec.cat\/escola-argentona\/wp-json\/wp\/v2\/pages\/492"}],"wp:attachment":[{"href":"https:\/\/agora.xtec.cat\/escola-argentona\/wp-json\/wp\/v2\/media?parent=497"}],"curies":[{"name":"wp","href":"https:\/\/api.w.org\/{rel}","templated":true}]}}