{"id":496,"date":"2023-07-06T12:33:15","date_gmt":"2023-07-06T10:33:15","guid":{"rendered":"https:\/\/agora.xtec.cat\/escola-argentona\/?page_id=496"},"modified":"2023-10-08T12:54:00","modified_gmt":"2023-10-08T10:54:00","slug":"ceramica","status":"publish","type":"page","link":"https:\/\/agora.xtec.cat\/escola-argentona\/projectes-descola\/ceramica\/","title":{"rendered":"Cer\u00e0mica"},"content":{"rendered":"<p>Emmarcat dins l\u2019\u00e0rea d\u2019Expressi\u00f3 Art\u00edstica i Pl\u00e0stica, l\u2019alumnat de 6\u00e8 realitza uns tallers trimestrals de cer\u00e0mica. En aquests tallers els nens i nenes dissenyen en un primer moment una pe\u00e7a (c\u00e0ntir, bol, m\u00e0scara, recipient&#8230;). Aquest disseny el fan en un primer moment en paper per despr\u00e9s treballar el volum durant la confecci\u00f3 amb argila. Finalment la pe\u00e7a es pinta i passa pel forn per obtenir el resultat final.<\/p>\n<p><u>Objectius<\/u><\/p>\n<ul>\n<li>Potenciar la llibertat creativa i expressiva individual.<\/li>\n<li>Con\u00e8ixer les t\u00e8cniques de producci\u00f3 de cer\u00e0mica a m\u00e0 i amb el torn.<\/li>\n<li>Con\u00e8ixer les caracter\u00edstiques dels diferents materials per fer creacions.<\/li>\n<li>Aprendre a preparar els materials per acolorir la cer\u00e0mica.<\/li>\n<li>Con\u00e8ixer diferents t\u00e8cniques per decorar la cer\u00e0mica i poder crear un llenguatge propi.<\/li>\n<\/ul>\n<p>&nbsp;<\/p>\n<p>Aquesta activitat es realitza a les instal\u00b7lacions de l\u2019antiga Velcro, que \u00e9s on hi ha la seu de l\u2019Escola de cer\u00e0mica d\u2019Argentona i est\u00e0 finan\u00e7ada a parts iguals entre l\u2019AFA de l\u2019escola i l\u2019Ajuntament d\u2019Argentona,<\/p>\n<p><a href=\"https:\/\/www.museucantir.org\/ca\/escola-taller\" target=\"_blank\" rel=\"noopener\"><img loading=\"lazy\" decoding=\"async\" class=\"wp-image-719 aligncenter\" src=\"https:\/\/agora.xtec.cat\/escola-argentona\/wp-content\/uploads\/usu2376\/2023\/10\/logo-museu-color.jpg\" alt=\"\" width=\"179\" height=\"54\" \/><\/a><\/p>\n","protected":false},"excerpt":{"rendered":"<p>Emmarcat dins l\u2019\u00e0rea d\u2019Expressi\u00f3 Art\u00edstica i Pl\u00e0stica, l\u2019alumnat de 6\u00e8 realitza uns tallers trimestrals de cer\u00e0mica. En aquests tallers els nens i nenes dissenyen en un primer moment una pe\u00e7a (c\u00e0ntir, bol, m\u00e0scara, recipient&#8230;). Aquest disseny el fan en un primer moment en paper per&hellip;  <a href=\"https:\/\/agora.xtec.cat\/escola-argentona\/projectes-descola\/ceramica\/\" title=\"Read Cer\u00e0mica\">Llegeix m\u00e9s\u00bb<\/a><\/p>\n","protected":false},"author":1,"featured_media":0,"parent":492,"menu_order":0,"comment_status":"closed","ping_status":"closed","template":"","meta":{"_bbp_topic_count":0,"_bbp_reply_count":0,"_bbp_total_topic_count":0,"_bbp_total_reply_count":0,"_bbp_voice_count":0,"_bbp_anonymous_reply_count":0,"_bbp_topic_count_hidden":0,"_bbp_reply_count_hidden":0,"_bbp_forum_subforum_count":0,"footnotes":""},"class_list":["post-496","page","type-page","status-publish","hentry"],"post_mailing_queue_ids":[],"_links":{"self":[{"href":"https:\/\/agora.xtec.cat\/escola-argentona\/wp-json\/wp\/v2\/pages\/496","targetHints":{"allow":["GET"]}}],"collection":[{"href":"https:\/\/agora.xtec.cat\/escola-argentona\/wp-json\/wp\/v2\/pages"}],"about":[{"href":"https:\/\/agora.xtec.cat\/escola-argentona\/wp-json\/wp\/v2\/types\/page"}],"author":[{"embeddable":true,"href":"https:\/\/agora.xtec.cat\/escola-argentona\/wp-json\/wp\/v2\/users\/1"}],"replies":[{"embeddable":true,"href":"https:\/\/agora.xtec.cat\/escola-argentona\/wp-json\/wp\/v2\/comments?post=496"}],"version-history":[{"count":3,"href":"https:\/\/agora.xtec.cat\/escola-argentona\/wp-json\/wp\/v2\/pages\/496\/revisions"}],"predecessor-version":[{"id":720,"href":"https:\/\/agora.xtec.cat\/escola-argentona\/wp-json\/wp\/v2\/pages\/496\/revisions\/720"}],"up":[{"embeddable":true,"href":"https:\/\/agora.xtec.cat\/escola-argentona\/wp-json\/wp\/v2\/pages\/492"}],"wp:attachment":[{"href":"https:\/\/agora.xtec.cat\/escola-argentona\/wp-json\/wp\/v2\/media?parent=496"}],"curies":[{"name":"wp","href":"https:\/\/api.w.org\/{rel}","templated":true}]}}