{"id":495,"date":"2023-07-06T12:33:15","date_gmt":"2023-07-06T10:33:15","guid":{"rendered":"https:\/\/agora.xtec.cat\/escola-argentona\/?page_id=495"},"modified":"2023-10-08T12:42:03","modified_gmt":"2023-10-08T10:42:03","slug":"cantania","status":"publish","type":"page","link":"https:\/\/agora.xtec.cat\/escola-argentona\/projectes-descola\/cantania\/","title":{"rendered":"Cant\u00e0nia"},"content":{"rendered":"<p>Cant\u00e0nia \u00e9s una activitat participativa dirigida a l\u2019alumnat de cicle superior de prim\u00e0ria. Cada temporada s\u2019encarrega una obra nova per a un gran cor de nens i nenes, a compositors i escriptors catalans de reconegut prestigi. Durant tot el curs escolar es treballa tant des de L\u2019Auditori com des de la mateixa escola.<\/p>\n<p>Des del punt de vista educatiu i pedag\u00f2gic, el projecte dona valor a la m\u00fasica com a vincle i\u00a0 com a eina que permet que l\u2019alumne desenvolupi la seva capacitat vocal, treballant elements t\u00e8cnics com: la imitaci\u00f3, el silenci, l&#8217;expressi\u00f3, l&#8217;emoci\u00f3, la din\u00e0mica, el moviment, la percussi\u00f3 corporal, l&#8217;escolta activa, l&#8217;emissi\u00f3\u00a0 i el to de la veu\u2026<\/p>\n<p>L\u2019objectiu \u00e9s organitzar un acte per als alumnes que, per les caracter\u00edstiques globals pensades exclusivament per a ells, per la qualitat i per la implicaci\u00f3 personal i col\u00b7lectiva en l\u2019acte, es converteixi en una viv\u00e8ncia musical inoblidable per a tots.<\/p>\n<p>L\u2019espectacle final, obert a les fam\u00edlies, es representa al Teatre Monumental de Matar\u00f3 cap a finals de curs.<\/p>\n<p>&nbsp;<\/p>\n<p>&nbsp;<\/p>\n","protected":false},"excerpt":{"rendered":"<p>Cant\u00e0nia \u00e9s una activitat participativa dirigida a l\u2019alumnat de cicle superior de prim\u00e0ria. Cada temporada s\u2019encarrega una obra nova per a un gran cor de nens i nenes, a compositors i escriptors catalans de reconegut prestigi. Durant tot el curs escolar es treballa tant des&hellip;  <a href=\"https:\/\/agora.xtec.cat\/escola-argentona\/projectes-descola\/cantania\/\" title=\"Read Cant\u00e0nia\">Llegeix m\u00e9s\u00bb<\/a><\/p>\n","protected":false},"author":1,"featured_media":0,"parent":492,"menu_order":0,"comment_status":"closed","ping_status":"closed","template":"","meta":{"_bbp_topic_count":0,"_bbp_reply_count":0,"_bbp_total_topic_count":0,"_bbp_total_reply_count":0,"_bbp_voice_count":0,"_bbp_anonymous_reply_count":0,"_bbp_topic_count_hidden":0,"_bbp_reply_count_hidden":0,"_bbp_forum_subforum_count":0,"footnotes":""},"class_list":["post-495","page","type-page","status-publish","hentry"],"post_mailing_queue_ids":[],"_links":{"self":[{"href":"https:\/\/agora.xtec.cat\/escola-argentona\/wp-json\/wp\/v2\/pages\/495","targetHints":{"allow":["GET"]}}],"collection":[{"href":"https:\/\/agora.xtec.cat\/escola-argentona\/wp-json\/wp\/v2\/pages"}],"about":[{"href":"https:\/\/agora.xtec.cat\/escola-argentona\/wp-json\/wp\/v2\/types\/page"}],"author":[{"embeddable":true,"href":"https:\/\/agora.xtec.cat\/escola-argentona\/wp-json\/wp\/v2\/users\/1"}],"replies":[{"embeddable":true,"href":"https:\/\/agora.xtec.cat\/escola-argentona\/wp-json\/wp\/v2\/comments?post=495"}],"version-history":[{"count":3,"href":"https:\/\/agora.xtec.cat\/escola-argentona\/wp-json\/wp\/v2\/pages\/495\/revisions"}],"predecessor-version":[{"id":695,"href":"https:\/\/agora.xtec.cat\/escola-argentona\/wp-json\/wp\/v2\/pages\/495\/revisions\/695"}],"up":[{"embeddable":true,"href":"https:\/\/agora.xtec.cat\/escola-argentona\/wp-json\/wp\/v2\/pages\/492"}],"wp:attachment":[{"href":"https:\/\/agora.xtec.cat\/escola-argentona\/wp-json\/wp\/v2\/media?parent=495"}],"curies":[{"name":"wp","href":"https:\/\/api.w.org\/{rel}","templated":true}]}}