{"id":1139,"date":"2024-10-29T16:34:29","date_gmt":"2024-10-29T15:34:29","guid":{"rendered":"https:\/\/agora.xtec.cat\/escola-argentona\/?page_id=1139"},"modified":"2024-10-29T16:35:41","modified_gmt":"2024-10-29T15:35:41","slug":"radio-escola-argentona","status":"publish","type":"page","link":"https:\/\/agora.xtec.cat\/escola-argentona\/projectes-descola\/radio-escola-argentona\/","title":{"rendered":"R\u00e0dio Escola Argentona"},"content":{"rendered":"<p>En aquest projecte utilitzem el mitj\u00e0 de comunicaci\u00f3 radiof\u00f2nic per a treballar aspectes ling\u00fc\u00edstics i literaris de l\u2019\u00e0rea de llengua catalana amb l&#8217;alumnat de sis\u00e8.<\/p>\n<p>Durant to el curs, per petits grups es preparen publicacions de les diferents seccions de la r\u00e0dio. Amb aquesta tasca aconseguim:<\/p>\n<ul>\n<li>Identificar els valors de la r\u00e0dio com a mitj\u00e0 de comunicaci\u00f3 i d\u2019aprenentatge<\/li>\n<li>Potenciar la capacitat ling\u00fc\u00edstica especialment l\u2019expressi\u00f3 oral i escrita.<\/li>\n<li>Afavorir la creativitat i el treball en equip.<\/li>\n<li>Fomentar el debat i l\u2019aprofundiment dels temes.<\/li>\n<li>Difondre activitats dels mateixos centres<\/li>\n<li>L&#8217;\u00fas de diferents eines digitals per l&#8217;enregistrament i l&#8217;edici\u00f3.<\/li>\n<li>La creativitat i l&#8217;originalitat a l&#8217;hora de planificar i editar els programes.<\/li>\n<\/ul>\n<p><a href=\"https:\/\/www.ivoox.com\/escuchar-audios-radio-escola-argentona_al_31253369_1.html?show=programs\"><img loading=\"lazy\" decoding=\"async\" class=\"size-full wp-image-586 aligncenter\" src=\"https:\/\/agora.xtec.cat\/escola-argentona\/wp-content\/uploads\/usu2376\/2023\/07\/CM-logo-REA-1.png\" alt=\"\" width=\"200\" height=\"200\" srcset=\"https:\/\/agora.xtec.cat\/escola-argentona\/wp-content\/uploads\/usu2376\/2023\/07\/CM-logo-REA-1.png 200w, https:\/\/agora.xtec.cat\/escola-argentona\/wp-content\/uploads\/usu2376\/2023\/07\/CM-logo-REA-1-150x150.png 150w\" sizes=\"auto, (max-width: 200px) 100vw, 200px\" \/><\/a><\/p>\n","protected":false},"excerpt":{"rendered":"<p>En aquest projecte utilitzem el mitj\u00e0 de comunicaci\u00f3 radiof\u00f2nic per a treballar aspectes ling\u00fc\u00edstics i literaris de l\u2019\u00e0rea de llengua catalana amb l&#8217;alumnat de sis\u00e8.<br \/>\nDurant to el curs, per petits grups es preparen publicacions de les diferents seccions de la r\u00e0dio. Amb aquesta tasca aconseguim:<\/p>\n<ul>\n<li>Identificar&hellip;  <a href=\"https:\/\/agora.xtec.cat\/escola-argentona\/projectes-descola\/radio-escola-argentona\/\" title=\"Read R\u00e0dio Escola Argentona\">Llegeix m\u00e9s\u00bb<\/a><br \/>\n","protected":false},"author":1,"featured_media":0,"parent":492,"menu_order":0,"comment_status":"closed","ping_status":"closed","template":"","meta":{"_bbp_topic_count":0,"_bbp_reply_count":0,"_bbp_total_topic_count":0,"_bbp_total_reply_count":0,"_bbp_voice_count":0,"_bbp_anonymous_reply_count":0,"_bbp_topic_count_hidden":0,"_bbp_reply_count_hidden":0,"_bbp_forum_subforum_count":0,"footnotes":""},"class_list":["post-1139","page","type-page","status-publish","hentry"],"post_mailing_queue_ids":[],"_links":{"self":[{"href":"https:\/\/agora.xtec.cat\/escola-argentona\/wp-json\/wp\/v2\/pages\/1139","targetHints":{"allow":["GET"]}}],"collection":[{"href":"https:\/\/agora.xtec.cat\/escola-argentona\/wp-json\/wp\/v2\/pages"}],"about":[{"href":"https:\/\/agora.xtec.cat\/escola-argentona\/wp-json\/wp\/v2\/types\/page"}],"author":[{"embeddable":true,"href":"https:\/\/agora.xtec.cat\/escola-argentona\/wp-json\/wp\/v2\/users\/1"}],"replies":[{"embeddable":true,"href":"https:\/\/agora.xtec.cat\/escola-argentona\/wp-json\/wp\/v2\/comments?post=1139"}],"version-history":[{"count":2,"href":"https:\/\/agora.xtec.cat\/escola-argentona\/wp-json\/wp\/v2\/pages\/1139\/revisions"}],"predecessor-version":[{"id":1141,"href":"https:\/\/agora.xtec.cat\/escola-argentona\/wp-json\/wp\/v2\/pages\/1139\/revisions\/1141"}],"up":[{"embeddable":true,"href":"https:\/\/agora.xtec.cat\/escola-argentona\/wp-json\/wp\/v2\/pages\/492"}],"wp:attachment":[{"href":"https:\/\/agora.xtec.cat\/escola-argentona\/wp-json\/wp\/v2\/media?parent=1139"}],"curies":[{"name":"wp","href":"https:\/\/api.w.org\/{rel}","templated":true}]}}