{"id":1135,"date":"2024-10-29T15:36:48","date_gmt":"2024-10-29T14:36:48","guid":{"rendered":"https:\/\/agora.xtec.cat\/escola-argentona\/?page_id=1135"},"modified":"2024-10-29T15:39:57","modified_gmt":"2024-10-29T14:39:57","slug":"teatre-a-lescola","status":"publish","type":"page","link":"https:\/\/agora.xtec.cat\/escola-argentona\/projectes-descola\/teatre-a-lescola\/","title":{"rendered":"Teatre a l&#8217;escola"},"content":{"rendered":"<p>El teatre \u00e9s una aposta de l\u2019escola pel treball transversal, \u00e9s a dir, que desenvolupa diferents habilitats i permet adquirir compet\u00e8ncies en l\u2019\u00e0mbit del llenguatge, l\u2019expressi\u00f3 corporal, la sensibilitat art\u00edstica i les relacions interpersonals i intrapersonals.<\/p>\n<p>Espec\u00edficament, el teatre: ajuda a aprendre, dona seguretat i confian\u00e7a en un mateix, fomenta el treball d\u2019equip, on no hi ha compet\u00e8ncia i on tothom treballa per a un objectiu com\u00fa, fomenta la creativitat i la mem\u00f2ria, fa treballar les emocions i els sentiments a trav\u00e9s dels personatges, ajuda a eliminar les vergonyes.<\/p>\n<p>Els darrers anys a l\u2019escola hem representat\u00a0 diferents grans obres de teatre: EL REI LLE\u00d3, LA BELLA I LA B\u00c8STIA, CHARLIE I LA F\u00c0BRICA DE XOCOLATA, ANNIE, i COCO.<\/p>\n<p>En aquestes representacions, s\u2019han adaptat els guions, s\u2019han cantat les can\u00e7ons en directe, i han creat les coreografies.<\/p>\n<figure class=\"figure wp-caption aligncenter\"><img loading=\"lazy\" decoding=\"async\" class=\" wp-image-1032\" src=\"https:\/\/agora.xtec.cat\/escola-argentona\/wp-content\/uploads\/usu2376\/2024\/06\/IMG_5591-1024x768.jpg\" alt=\"\" width=\"491\" height=\"368\" srcset=\"https:\/\/agora.xtec.cat\/escola-argentona\/wp-content\/uploads\/usu2376\/2024\/06\/IMG_5591-1024x768.jpg 1024w, https:\/\/agora.xtec.cat\/escola-argentona\/wp-content\/uploads\/usu2376\/2024\/06\/IMG_5591-300x225.jpg 300w, https:\/\/agora.xtec.cat\/escola-argentona\/wp-content\/uploads\/usu2376\/2024\/06\/IMG_5591-768x576.jpg 768w, https:\/\/agora.xtec.cat\/escola-argentona\/wp-content\/uploads\/usu2376\/2024\/06\/IMG_5591-1536x1152.jpg 1536w, https:\/\/agora.xtec.cat\/escola-argentona\/wp-content\/uploads\/usu2376\/2024\/06\/IMG_5591-2048x1536.jpg 2048w, https:\/\/agora.xtec.cat\/escola-argentona\/wp-content\/uploads\/usu2376\/2024\/06\/IMG_5591-200x150.jpg 200w\" sizes=\"auto, (max-width: 491px) 100vw, 491px\" \/><figcaption class=\"wp-caption-text\">Teatre 6\u00e8: Coco<\/figcaption><\/figure>\n","protected":false},"excerpt":{"rendered":"<p>El teatre \u00e9s una aposta de l\u2019escola pel treball transversal, \u00e9s a dir, que desenvolupa diferents habilitats i permet adquirir compet\u00e8ncies en l\u2019\u00e0mbit del llenguatge, l\u2019expressi\u00f3 corporal, la sensibilitat art\u00edstica i les relacions interpersonals i intrapersonals.<br \/>\nEspec\u00edficament, el teatre: ajuda a aprendre, dona seguretat i confian\u00e7a&hellip;  <a href=\"https:\/\/agora.xtec.cat\/escola-argentona\/projectes-descola\/teatre-a-lescola\/\" title=\"Read Teatre a l&#8217;escola\">Llegeix m\u00e9s\u00bb<\/a><\/p>\n","protected":false},"author":1,"featured_media":0,"parent":492,"menu_order":0,"comment_status":"closed","ping_status":"closed","template":"","meta":{"_bbp_topic_count":0,"_bbp_reply_count":0,"_bbp_total_topic_count":0,"_bbp_total_reply_count":0,"_bbp_voice_count":0,"_bbp_anonymous_reply_count":0,"_bbp_topic_count_hidden":0,"_bbp_reply_count_hidden":0,"_bbp_forum_subforum_count":0,"footnotes":""},"class_list":["post-1135","page","type-page","status-publish","hentry"],"post_mailing_queue_ids":[],"_links":{"self":[{"href":"https:\/\/agora.xtec.cat\/escola-argentona\/wp-json\/wp\/v2\/pages\/1135","targetHints":{"allow":["GET"]}}],"collection":[{"href":"https:\/\/agora.xtec.cat\/escola-argentona\/wp-json\/wp\/v2\/pages"}],"about":[{"href":"https:\/\/agora.xtec.cat\/escola-argentona\/wp-json\/wp\/v2\/types\/page"}],"author":[{"embeddable":true,"href":"https:\/\/agora.xtec.cat\/escola-argentona\/wp-json\/wp\/v2\/users\/1"}],"replies":[{"embeddable":true,"href":"https:\/\/agora.xtec.cat\/escola-argentona\/wp-json\/wp\/v2\/comments?post=1135"}],"version-history":[{"count":1,"href":"https:\/\/agora.xtec.cat\/escola-argentona\/wp-json\/wp\/v2\/pages\/1135\/revisions"}],"predecessor-version":[{"id":1136,"href":"https:\/\/agora.xtec.cat\/escola-argentona\/wp-json\/wp\/v2\/pages\/1135\/revisions\/1136"}],"up":[{"embeddable":true,"href":"https:\/\/agora.xtec.cat\/escola-argentona\/wp-json\/wp\/v2\/pages\/492"}],"wp:attachment":[{"href":"https:\/\/agora.xtec.cat\/escola-argentona\/wp-json\/wp\/v2\/media?parent=1135"}],"curies":[{"name":"wp","href":"https:\/\/api.w.org\/{rel}","templated":true}]}}