{"id":1073,"date":"2024-09-06T12:16:02","date_gmt":"2024-09-06T10:16:02","guid":{"rendered":"https:\/\/agora.xtec.cat\/escola-argentona\/?page_id=1073"},"modified":"2024-10-29T15:17:54","modified_gmt":"2024-10-29T14:17:54","slug":"ukelele","status":"publish","type":"page","link":"https:\/\/agora.xtec.cat\/escola-argentona\/projectes-descola\/ukelele\/","title":{"rendered":"Ukelele"},"content":{"rendered":"<p>En col\u00b7laboraci\u00f3 amb VISUAL SONORA, oferim a l\u2019alumnat de Cicle Mitj\u00e0 l\u2019oportunitat d\u2019aprendre a tocar un instrument , en aquest cas l\u2019UKELELE. Aquest projecte complementa els objectius de l\u2019\u00e0rea de m\u00fasica i ofereix als infants la possibilitat, entre d\u2019altres de:<\/p>\n<p>\uf0b7 Fomentar un aprenentatge musical significatiu i vivencial en l\u2019alumnat, que asseguri l\u2019adquisici\u00f3 de les eines necess\u00e0ries per poder ser transferible en altres situacions reals per a la interpretaci\u00f3 i creaci\u00f3 musicals.<\/p>\n<p>\uf0b7 Donar l\u2019oportunitat a tots els nens i nenes de 3r i 4t de prim\u00e0ria, d\u2019aprendre a tocar l\u2019ukulele a trav\u00e9s d\u2019un programa que el porti a desenvolupar les compet\u00e8ncies musicals i interpretatives b\u00e0siques per convertir-los en agents musicals actius de la societat.<\/p>\n<p>\uf0b7 Desenvolupar les compet\u00e8ncies art\u00edstiques suficients per poder participar de manera activa de les manifestacions culturals i musicals m\u00e9s enll\u00e0 del centre educatiu.<\/p>\n<p>\uf0b7 Fomentar la cohesi\u00f3 de grup a trav\u00e9s de din\u00e0miques relacionals, de coneixement, joc, experimentaci\u00f3 i creaci\u00f3 musicals.<\/p>\n<p>\uf0b7 Potenciar la motricitat i millorar la concentraci\u00f3 i la perseveran\u00e7a a trav\u00e9s de la pr\u00e0ctica instrumental.<\/p>\n<p>\uf0b7 Fomentar el treball conjunt i significatiu amb altres \u00e0rees curriculars.<\/p>\n<p><a href=\"https:\/\/agora.xtec.cat\/escola-argentona\/wp-content\/uploads\/usu2376\/2024\/10\/Visual-sonora.png\"><img loading=\"lazy\" decoding=\"async\" class=\"wp-image-1133 aligncenter\" src=\"https:\/\/agora.xtec.cat\/escola-argentona\/wp-content\/uploads\/usu2376\/2024\/10\/Visual-sonora-1024x293.png\" alt=\"\" width=\"221\" height=\"63\" srcset=\"https:\/\/agora.xtec.cat\/escola-argentona\/wp-content\/uploads\/usu2376\/2024\/10\/Visual-sonora-1024x293.png 1024w, https:\/\/agora.xtec.cat\/escola-argentona\/wp-content\/uploads\/usu2376\/2024\/10\/Visual-sonora-300x86.png 300w, https:\/\/agora.xtec.cat\/escola-argentona\/wp-content\/uploads\/usu2376\/2024\/10\/Visual-sonora-768x220.png 768w, https:\/\/agora.xtec.cat\/escola-argentona\/wp-content\/uploads\/usu2376\/2024\/10\/Visual-sonora.png 1459w\" sizes=\"auto, (max-width: 221px) 100vw, 221px\" \/><\/a><\/p>\n","protected":false},"excerpt":{"rendered":"<p>En col\u00b7laboraci\u00f3 amb VISUAL SONORA, oferim a l\u2019alumnat de Cicle Mitj\u00e0 l\u2019oportunitat d\u2019aprendre a tocar un instrument , en aquest cas l\u2019UKELELE. Aquest projecte complementa els objectius de l\u2019\u00e0rea de m\u00fasica i ofereix als infants la possibilitat, entre d\u2019altres de:<br \/>\n\uf0b7 Fomentar un aprenentatge musical significatiu&hellip;  <a href=\"https:\/\/agora.xtec.cat\/escola-argentona\/projectes-descola\/ukelele\/\" title=\"Read Ukelele\">Llegeix m\u00e9s\u00bb<\/a><\/p>\n","protected":false},"author":1,"featured_media":0,"parent":492,"menu_order":0,"comment_status":"closed","ping_status":"closed","template":"","meta":{"_bbp_topic_count":0,"_bbp_reply_count":0,"_bbp_total_topic_count":0,"_bbp_total_reply_count":0,"_bbp_voice_count":0,"_bbp_anonymous_reply_count":0,"_bbp_topic_count_hidden":0,"_bbp_reply_count_hidden":0,"_bbp_forum_subforum_count":0,"footnotes":""},"class_list":["post-1073","page","type-page","status-publish","hentry"],"post_mailing_queue_ids":[],"_links":{"self":[{"href":"https:\/\/agora.xtec.cat\/escola-argentona\/wp-json\/wp\/v2\/pages\/1073","targetHints":{"allow":["GET"]}}],"collection":[{"href":"https:\/\/agora.xtec.cat\/escola-argentona\/wp-json\/wp\/v2\/pages"}],"about":[{"href":"https:\/\/agora.xtec.cat\/escola-argentona\/wp-json\/wp\/v2\/types\/page"}],"author":[{"embeddable":true,"href":"https:\/\/agora.xtec.cat\/escola-argentona\/wp-json\/wp\/v2\/users\/1"}],"replies":[{"embeddable":true,"href":"https:\/\/agora.xtec.cat\/escola-argentona\/wp-json\/wp\/v2\/comments?post=1073"}],"version-history":[{"count":2,"href":"https:\/\/agora.xtec.cat\/escola-argentona\/wp-json\/wp\/v2\/pages\/1073\/revisions"}],"predecessor-version":[{"id":1134,"href":"https:\/\/agora.xtec.cat\/escola-argentona\/wp-json\/wp\/v2\/pages\/1073\/revisions\/1134"}],"up":[{"embeddable":true,"href":"https:\/\/agora.xtec.cat\/escola-argentona\/wp-json\/wp\/v2\/pages\/492"}],"wp:attachment":[{"href":"https:\/\/agora.xtec.cat\/escola-argentona\/wp-json\/wp\/v2\/media?parent=1073"}],"curies":[{"name":"wp","href":"https:\/\/api.w.org\/{rel}","templated":true}]}}