{"id":3605,"date":"2026-02-06T13:11:15","date_gmt":"2026-02-06T12:11:15","guid":{"rendered":"https:\/\/agora.xtec.cat\/escola-aragai\/?page_id=3605"},"modified":"2026-02-19T10:23:15","modified_gmt":"2026-02-19T09:23:15","slug":"actualitat","status":"publish","type":"page","link":"https:\/\/agora.xtec.cat\/escola-aragai\/actualitat\/","title":{"rendered":"ACTUALITAT"},"content":{"rendered":"<h2 style=\"text-align: center;\" data-path-to-node=\"3\"><strong>L&#8217;ESCOLA L&#8217;ARAGAI ALS MITJANS DE COMUNICACI\u00d3<\/strong><\/h2>\n<p>&nbsp;<\/p>\n<p><a href=\"https:\/\/agora.xtec.cat\/escola-aragai\/wp-content\/uploads\/usu504\/2026\/02\/18337.2.png\"><img loading=\"lazy\" decoding=\"async\" class=\"alignnone size-full wp-image-3615\" src=\"https:\/\/agora.xtec.cat\/escola-aragai\/wp-content\/uploads\/usu504\/2026\/02\/18337.2.png\" alt=\"\" width=\"640\" height=\"480\" srcset=\"https:\/\/agora.xtec.cat\/escola-aragai\/wp-content\/uploads\/usu504\/2026\/02\/18337.2.png 640w, https:\/\/agora.xtec.cat\/escola-aragai\/wp-content\/uploads\/usu504\/2026\/02\/18337.2-300x225.png 300w\" sizes=\"auto, (max-width: 640px) 100vw, 640px\" \/><\/a><\/p>\n<p data-path-to-node=\"3\">Com ja sabeu, la nostra <b data-path-to-node=\"3\" data-index-in-node=\"89\">alian\u00e7a Magnet <\/b>ja \u00e9s una realitat. \u00c9s un pas important per a l&#8217;escola i sembla que no som les \u00faniques que ho pensem: els mitjans de comunicaci\u00f3 tamb\u00e9 en parlen!<\/p>\n<p data-path-to-node=\"4\">Si teniu curiositat per veure qu\u00e8 diuen de nosaltres i con\u00e8ixer millor tots els detalls d&#8217;aquest projecte, us hem preparat aquest petit recull de premsa.<\/p>\n<p data-path-to-node=\"5\">Feu un cop d&#8217;ull als enlla\u00e7os per no perdre-us res:<\/p>\n<ul data-path-to-node=\"6\">\n<li>\n<p data-path-to-node=\"6,0,0\"><b data-path-to-node=\"6,0,0\" data-index-in-node=\"0\">Eix diari<\/b> \u2013 &#8220;L\u2019Escola L\u2019Aragai impulsa un projecte que apropa la recerca del mar a l\u2019alumnat de Vilanova&#8221;<\/p>\n<p>\ud83d\udd17<a href=\"https:\/\/agora.xtec.cat\/escola-aragai\/magnet\/\">not\u00edcia de l&#8217;Eix diari<\/a><\/li>\n<li>\n<p data-path-to-node=\"6,1,0\"><b data-path-to-node=\"6,1,0\" data-index-in-node=\"0\">Ajuntament de Vilanova i la Geltr\u00fa<\/b> \u2013 &#8220;L&#8217;alian\u00e7a entre L&#8217;Escola L&#8217;Aragai, l&#8217;Institut de Ci\u00e8ncies del Mar i el Centre d&#8217;Estudis del Mar apropar\u00e0 la recerca del medi mar\u00ed en el marc del programa Magnet&#8221;<\/p>\n<ul data-path-to-node=\"6\">\n<li>\n<p data-path-to-node=\"6,1,0\">\ud83d\udd17<a href=\"https:\/\/agora.xtec.cat\/escola-aragai\/magnet\/\">not\u00edcia al web de l&#8217;ajuntament<\/a><\/p>\n<\/li>\n<\/ul>\n<\/li>\n<li><strong>Canal Blau &#8211; <\/strong>&#8220;L&#8217;escola l&#8217;Aragai presenta el seu nou programa d&#8217;aliances Magnet&#8221;\n<ul data-path-to-node=\"6\">\n<li>\ud83d\udd17<a href=\"https:\/\/agora.xtec.cat\/escola-aragai\/magnet\/\">not\u00edcia a Canal Blau<\/a><\/li>\n<\/ul>\n<\/li>\n<\/ul>\n<p data-path-to-node=\"7\">Estigueu atents i atentes, perqu\u00e8 aix\u00f2 \u00e9s nom\u00e9s el principi d&#8217;una aventura compartida. Som-hi<\/p>\n<p data-path-to-node=\"7\">\n<p data-path-to-node=\"7\">\n<h1 data-path-to-node=\"7\">PORTES OBERTES 2026<\/h1>\n<p data-start=\"130\" data-end=\"157\"><strong data-start=\"130\" data-end=\"155\">Benvolgudes fam\u00edlies,<\/strong><\/p>\n<p data-start=\"164\" data-end=\"298\">Voleu con\u00e8ixer\u00a0<strong>L\u2019Aragai<\/strong>? Us convidem a visitar la nostra escola els dies\u00a0<strong data-start=\"241\" data-end=\"268\">23 de febrer a les 11 h<\/strong>\u00a0i\u00a0<strong data-start=\"271\" data-end=\"295\">3 de mar\u00e7 a les 17 h<\/strong>.<\/p>\n<p data-start=\"305\" data-end=\"408\">Per assistir-hi, cal fer una\u00a0<strong data-start=\"334\" data-end=\"355\">inscripci\u00f3 pr\u00e8via<\/strong>\u00a0a trav\u00e9s del formulari que trobareu a continuaci\u00f3.<\/p>\n<p data-start=\"415\" data-end=\"433\">Us hi esperem!<\/p>\n<p data-start=\"415\" data-end=\"433\"><a href=\"https:\/\/forms.gle\/JLFr3PmnVytHZZ118\">https:\/\/forms.gle\/JLFr3PmnVytHZZ118<\/a><\/p>\n<p data-start=\"415\" data-end=\"433\"><a href=\"https:\/\/agora.xtec.cat\/escola-aragai\/wp-content\/uploads\/usu504\/2026\/02\/PORTES-OBERTES-Escola-LAragai-1.jpg\"><img loading=\"lazy\" decoding=\"async\" class=\"alignnone size-large wp-image-3580\" src=\"https:\/\/agora.xtec.cat\/escola-aragai\/wp-content\/uploads\/usu504\/2026\/02\/PORTES-OBERTES-Escola-LAragai-1-724x1024.jpg\" alt=\"\" width=\"724\" height=\"1024\" srcset=\"https:\/\/agora.xtec.cat\/escola-aragai\/wp-content\/uploads\/usu504\/2026\/02\/PORTES-OBERTES-Escola-LAragai-1-724x1024.jpg 724w, https:\/\/agora.xtec.cat\/escola-aragai\/wp-content\/uploads\/usu504\/2026\/02\/PORTES-OBERTES-Escola-LAragai-1-212x300.jpg 212w, https:\/\/agora.xtec.cat\/escola-aragai\/wp-content\/uploads\/usu504\/2026\/02\/PORTES-OBERTES-Escola-LAragai-1-768x1086.jpg 768w, https:\/\/agora.xtec.cat\/escola-aragai\/wp-content\/uploads\/usu504\/2026\/02\/PORTES-OBERTES-Escola-LAragai-1-1086x1536.jpg 1086w, https:\/\/agora.xtec.cat\/escola-aragai\/wp-content\/uploads\/usu504\/2026\/02\/PORTES-OBERTES-Escola-LAragai-1.jpg 1414w\" sizes=\"auto, (max-width: 724px) 100vw, 724px\" \/><\/a><\/p>\n","protected":false},"excerpt":{"rendered":"<p>L&#8217;ESCOLA L&#8217;ARAGAI ALS MITJANS DE COMUNICACI\u00d3 &nbsp; Com ja sabeu, la nostra alian\u00e7a Magnet ja \u00e9s una realitat. \u00c9s un pas important per a l&#8217;escola i sembla que no som les \u00faniques que ho pensem: els mitjans de comunicaci\u00f3 tamb\u00e9 en parlen! Si teniu curiositat per veure qu\u00e8 diuen de nosaltres i con\u00e8ixer millor tots [&hellip;]<\/p>\n","protected":false},"author":1,"featured_media":0,"parent":0,"menu_order":0,"comment_status":"closed","ping_status":"closed","template":"","meta":{"_bbp_topic_count":0,"_bbp_reply_count":0,"_bbp_total_topic_count":0,"_bbp_total_reply_count":0,"_bbp_voice_count":0,"_bbp_anonymous_reply_count":0,"_bbp_topic_count_hidden":0,"_bbp_reply_count_hidden":0,"_bbp_forum_subforum_count":0,"site-sidebar-layout":"default","site-content-layout":"","ast-site-content-layout":"default","site-content-style":"default","site-sidebar-style":"default","ast-global-header-display":"","ast-banner-title-visibility":"","ast-main-header-display":"","ast-hfb-above-header-display":"","ast-hfb-below-header-display":"","ast-hfb-mobile-header-display":"","site-post-title":"","ast-breadcrumbs-content":"","ast-featured-img":"","footer-sml-layout":"","theme-transparent-header-meta":"default","adv-header-id-meta":"","stick-header-meta":"","header-above-stick-meta":"","header-main-stick-meta":"","header-below-stick-meta":"","astra-migrate-meta-layouts":"set","ast-page-background-enabled":"default","ast-page-background-meta":{"desktop":{"background-color":"var(--ast-global-color-4)","background-image":"","background-repeat":"repeat","background-position":"center center","background-size":"auto","background-attachment":"scroll","background-type":"","background-media":"","overlay-type":"","overlay-color":"","overlay-opacity":"","overlay-gradient":""},"tablet":{"background-color":"","background-image":"","background-repeat":"repeat","background-position":"center center","background-size":"auto","background-attachment":"scroll","background-type":"","background-media":"","overlay-type":"","overlay-color":"","overlay-opacity":"","overlay-gradient":""},"mobile":{"background-color":"","background-image":"","background-repeat":"repeat","background-position":"center center","background-size":"auto","background-attachment":"scroll","background-type":"","background-media":"","overlay-type":"","overlay-color":"","overlay-opacity":"","overlay-gradient":""}},"ast-content-background-meta":{"desktop":{"background-color":"var(--ast-global-color-5)","background-image":"","background-repeat":"repeat","background-position":"center center","background-size":"auto","background-attachment":"scroll","background-type":"","background-media":"","overlay-type":"","overlay-color":"","overlay-opacity":"","overlay-gradient":""},"tablet":{"background-color":"var(--ast-global-color-5)","background-image":"","background-repeat":"repeat","background-position":"center center","background-size":"auto","background-attachment":"scroll","background-type":"","background-media":"","overlay-type":"","overlay-color":"","overlay-opacity":"","overlay-gradient":""},"mobile":{"background-color":"var(--ast-global-color-5)","background-image":"","background-repeat":"repeat","background-position":"center center","background-size":"auto","background-attachment":"scroll","background-type":"","background-media":"","overlay-type":"","overlay-color":"","overlay-opacity":"","overlay-gradient":""}},"footnotes":""},"class_list":["post-3605","page","type-page","status-publish","hentry"],"post_mailing_queue_ids":[],"_links":{"self":[{"href":"https:\/\/agora.xtec.cat\/escola-aragai\/wp-json\/wp\/v2\/pages\/3605","targetHints":{"allow":["GET"]}}],"collection":[{"href":"https:\/\/agora.xtec.cat\/escola-aragai\/wp-json\/wp\/v2\/pages"}],"about":[{"href":"https:\/\/agora.xtec.cat\/escola-aragai\/wp-json\/wp\/v2\/types\/page"}],"author":[{"embeddable":true,"href":"https:\/\/agora.xtec.cat\/escola-aragai\/wp-json\/wp\/v2\/users\/1"}],"replies":[{"embeddable":true,"href":"https:\/\/agora.xtec.cat\/escola-aragai\/wp-json\/wp\/v2\/comments?post=3605"}],"version-history":[{"count":5,"href":"https:\/\/agora.xtec.cat\/escola-aragai\/wp-json\/wp\/v2\/pages\/3605\/revisions"}],"predecessor-version":[{"id":3623,"href":"https:\/\/agora.xtec.cat\/escola-aragai\/wp-json\/wp\/v2\/pages\/3605\/revisions\/3623"}],"wp:attachment":[{"href":"https:\/\/agora.xtec.cat\/escola-aragai\/wp-json\/wp\/v2\/media?parent=3605"}],"curies":[{"name":"wp","href":"https:\/\/api.w.org\/{rel}","templated":true}]}}