{"id":3173,"date":"2023-04-20T11:27:03","date_gmt":"2023-04-20T09:27:03","guid":{"rendered":"https:\/\/agora.xtec.cat\/escola-aragai\/?page_id=3173"},"modified":"2025-02-03T21:47:38","modified_gmt":"2025-02-03T20:47:38","slug":"objectius","status":"publish","type":"page","link":"https:\/\/agora.xtec.cat\/escola-aragai\/documents\/estrategia-digital\/objectius\/","title":{"rendered":"Objectius"},"content":{"rendered":"<p>A continuaci\u00f3, trobareu els objectius prioritzats a assolir una vegada s&#8217;han identificat les necessitats.<\/p>\n<p><strong>1. Millorar la gesti\u00f3 del manteniment i revisi\u00f3 de l\u2019equipament digital de l\u2019escola.<\/strong><br \/>\n<strong>2. Millorar la compet\u00e8ncia digital del Claustre.<\/strong><br \/>\n<strong>3. Millorar la compet\u00e8ncia digital de les fam\u00edlies.<\/strong><br \/>\n<strong>4. Promoure l\u2019\u00fas de l\u2019EVA del centre a tots els nivells educatius per tal de facilitar el seguiment d\u2019aprenentatge de l\u2019alumnat.<\/strong><br \/>\n<strong>5. Promoure l\u2019\u00fas d\u2019instruments d\u2019avaluaci\u00f3 variats per avaluar les capacitats de l\u2019alumnat (avaluaci\u00f3, coavaluaci\u00f3 i autoavaluaci\u00f3)<\/strong><br \/>\n<strong>6. Millorar l\u2019\u00fas segur, responsable i cr\u00edtic de les tecnologies digitals de l\u2019alumnat amb la finalitat d\u2019esdevenir ciutadans digitals conscients.<\/strong><br \/>\n<strong>7. Definir les compet\u00e8ncies digitals que ha d&#8217;assolir l\u2019alumnat en acabar l\u2019etapa de prim\u00e0ria.<\/strong><\/p>\n<p>&nbsp;<\/p>\n","protected":false},"excerpt":{"rendered":"<p>A continuaci\u00f3, trobareu els objectius prioritzats a assolir una vegada s&#8217;han identificat les necessitats. 1. Millorar la gesti\u00f3 del manteniment i revisi\u00f3 de l\u2019equipament digital de l\u2019escola. 2. Millorar la compet\u00e8ncia digital del Claustre. 3. Millorar la compet\u00e8ncia digital de les fam\u00edlies. 4. Promoure l\u2019\u00fas de l\u2019EVA del centre a tots els nivells educatius per [&hellip;]<\/p>\n","protected":false},"author":1,"featured_media":0,"parent":3167,"menu_order":4,"comment_status":"closed","ping_status":"closed","template":"page-templates\/side-menu.php","meta":{"_bbp_topic_count":0,"_bbp_reply_count":0,"_bbp_total_topic_count":0,"_bbp_total_reply_count":0,"_bbp_voice_count":0,"_bbp_anonymous_reply_count":0,"_bbp_topic_count_hidden":0,"_bbp_reply_count_hidden":0,"_bbp_forum_subforum_count":0,"site-sidebar-layout":"default","site-content-layout":"","ast-site-content-layout":"","site-content-style":"default","site-sidebar-style":"default","ast-global-header-display":"","ast-banner-title-visibility":"","ast-main-header-display":"","ast-hfb-above-header-display":"","ast-hfb-below-header-display":"","ast-hfb-mobile-header-display":"","site-post-title":"","ast-breadcrumbs-content":"","ast-featured-img":"","footer-sml-layout":"","theme-transparent-header-meta":"","adv-header-id-meta":"","stick-header-meta":"","header-above-stick-meta":"","header-main-stick-meta":"","header-below-stick-meta":"","astra-migrate-meta-layouts":"default","ast-page-background-enabled":"default","ast-page-background-meta":{"desktop":{"background-color":"var(--ast-global-color-4)","background-image":"","background-repeat":"repeat","background-position":"center center","background-size":"auto","background-attachment":"scroll","background-type":"","background-media":"","overlay-type":"","overlay-color":"","overlay-opacity":"","overlay-gradient":""},"tablet":{"background-color":"","background-image":"","background-repeat":"repeat","background-position":"center center","background-size":"auto","background-attachment":"scroll","background-type":"","background-media":"","overlay-type":"","overlay-color":"","overlay-opacity":"","overlay-gradient":""},"mobile":{"background-color":"","background-image":"","background-repeat":"repeat","background-position":"center center","background-size":"auto","background-attachment":"scroll","background-type":"","background-media":"","overlay-type":"","overlay-color":"","overlay-opacity":"","overlay-gradient":""}},"ast-content-background-meta":{"desktop":{"background-color":"var(--ast-global-color-5)","background-image":"","background-repeat":"repeat","background-position":"center center","background-size":"auto","background-attachment":"scroll","background-type":"","background-media":"","overlay-type":"","overlay-color":"","overlay-opacity":"","overlay-gradient":""},"tablet":{"background-color":"var(--ast-global-color-5)","background-image":"","background-repeat":"repeat","background-position":"center center","background-size":"auto","background-attachment":"scroll","background-type":"","background-media":"","overlay-type":"","overlay-color":"","overlay-opacity":"","overlay-gradient":""},"mobile":{"background-color":"var(--ast-global-color-5)","background-image":"","background-repeat":"repeat","background-position":"center center","background-size":"auto","background-attachment":"scroll","background-type":"","background-media":"","overlay-type":"","overlay-color":"","overlay-opacity":"","overlay-gradient":""}},"footnotes":""},"class_list":["post-3173","page","type-page","status-publish","hentry"],"post_mailing_queue_ids":[],"_links":{"self":[{"href":"https:\/\/agora.xtec.cat\/escola-aragai\/wp-json\/wp\/v2\/pages\/3173","targetHints":{"allow":["GET"]}}],"collection":[{"href":"https:\/\/agora.xtec.cat\/escola-aragai\/wp-json\/wp\/v2\/pages"}],"about":[{"href":"https:\/\/agora.xtec.cat\/escola-aragai\/wp-json\/wp\/v2\/types\/page"}],"author":[{"embeddable":true,"href":"https:\/\/agora.xtec.cat\/escola-aragai\/wp-json\/wp\/v2\/users\/1"}],"replies":[{"embeddable":true,"href":"https:\/\/agora.xtec.cat\/escola-aragai\/wp-json\/wp\/v2\/comments?post=3173"}],"version-history":[{"count":3,"href":"https:\/\/agora.xtec.cat\/escola-aragai\/wp-json\/wp\/v2\/pages\/3173\/revisions"}],"predecessor-version":[{"id":3195,"href":"https:\/\/agora.xtec.cat\/escola-aragai\/wp-json\/wp\/v2\/pages\/3173\/revisions\/3195"}],"up":[{"embeddable":true,"href":"https:\/\/agora.xtec.cat\/escola-aragai\/wp-json\/wp\/v2\/pages\/3167"}],"wp:attachment":[{"href":"https:\/\/agora.xtec.cat\/escola-aragai\/wp-json\/wp\/v2\/media?parent=3173"}],"curies":[{"name":"wp","href":"https:\/\/api.w.org\/{rel}","templated":true}]}}