{"id":918,"date":"2026-02-26T09:30:15","date_gmt":"2026-02-26T08:30:15","guid":{"rendered":"https:\/\/agora.xtec.cat\/escola-aloc-pineda\/?page_id=918"},"modified":"2026-02-26T09:36:46","modified_gmt":"2026-02-26T08:36:46","slug":"documents","status":"publish","type":"page","link":"https:\/\/agora.xtec.cat\/escola-aloc-pineda\/documents\/","title":{"rendered":"Documents"},"content":{"rendered":"\n<p>Els documents que us presentem a continuaci\u00f3 estan TOTS en proc\u00e9s de revisi\u00f3 i actualitzaci\u00f3. La previsi\u00f3 \u00e9s tenir-los actualitzats i penjats a final del curs 25-26.<\/p>\n\n\n\n<p><a href=\"https:\/\/drive.google.com\/file\/d\/1NuwORrOVIuafIKV2nlb0HCwW5wmDhicm\/view?usp=sharing\">NORMES D&#8217;ORDRE I FUNCIONAMENT<\/a>  (NOFC)<\/p>\n\n\n\n<p><a href=\"https:\/\/drive.google.com\/file\/d\/1_UDom69T21gsrBA2KAtVu-s6PrCEoYpI\/view?usp=sharing\">PROJECTE DE CONVIV\u00c8NCIA<\/a><\/p>\n\n\n\n<p><a href=\"https:\/\/drive.google.com\/file\/d\/1HVeg2h8AX0kkVDrp6EbbY9JY_oYqJKzn\/view?usp=sharing\">PROJECTE LING\u00dc\u00cdSTIC DE CENTRE<\/a>  (PLC)<\/p>\n\n\n\n<p><a href=\"https:\/\/drive.google.com\/file\/d\/1zP6X6M2vVrEaIp7iFDaiV_ciHn30-wXn\/view?usp=sharing\">PROJECTE EDUCATIU<\/a>  (PEC)<\/p>\n\n\n\n<p><\/p>\n","protected":false},"excerpt":{"rendered":"<p>Els documents que us presentem a continuaci\u00f3 estan TOTS en proc\u00e9s de revisi\u00f3 i actualitzaci\u00f3. La previsi\u00f3 \u00e9s tenir-los actualitzats [&hellip;]<\/p>\n","protected":false},"author":1,"featured_media":0,"parent":0,"menu_order":0,"comment_status":"closed","ping_status":"close","template":"","meta":{"_bbp_topic_count":0,"_bbp_reply_count":0,"_bbp_total_topic_count":0,"_bbp_total_reply_count":0,"_bbp_voice_count":0,"_bbp_anonymous_reply_count":0,"_bbp_topic_count_hidden":0,"_bbp_reply_count_hidden":0,"_bbp_forum_subforum_count":0,"site-sidebar-layout":"default","site-content-layout":"","ast-site-content-layout":"default","site-content-style":"default","site-sidebar-style":"default","ast-global-header-display":"","ast-banner-title-visibility":"","ast-main-header-display":"","ast-hfb-above-header-display":"","ast-hfb-below-header-display":"","ast-hfb-mobile-header-display":"","site-post-title":"","ast-breadcrumbs-content":"","ast-featured-img":"","footer-sml-layout":"","theme-transparent-header-meta":"","adv-header-id-meta":"","stick-header-meta":"","header-above-stick-meta":"","header-main-stick-meta":"","header-below-stick-meta":"","astra-migrate-meta-layouts":"set","ast-page-background-enabled":"default","ast-page-background-meta":{"desktop":{"background-color":"var(--ast-global-color-4)","background-image":"","background-repeat":"repeat","background-position":"center center","background-size":"auto","background-attachment":"scroll","background-type":"","background-media":"","overlay-type":"","overlay-color":"","overlay-opacity":"","overlay-gradient":""},"tablet":{"background-color":"","background-image":"","background-repeat":"repeat","background-position":"center center","background-size":"auto","background-attachment":"scroll","background-type":"","background-media":"","overlay-type":"","overlay-color":"","overlay-opacity":"","overlay-gradient":""},"mobile":{"background-color":"","background-image":"","background-repeat":"repeat","background-position":"center center","background-size":"auto","background-attachment":"scroll","background-type":"","background-media":"","overlay-type":"","overlay-color":"","overlay-opacity":"","overlay-gradient":""}},"ast-content-background-meta":{"desktop":{"background-color":"var(--ast-global-color-5)","background-image":"","background-repeat":"repeat","background-position":"center center","background-size":"auto","background-attachment":"scroll","background-type":"","background-media":"","overlay-type":"","overlay-color":"","overlay-opacity":"","overlay-gradient":""},"tablet":{"background-color":"var(--ast-global-color-5)","background-image":"","background-repeat":"repeat","background-position":"center center","background-size":"auto","background-attachment":"scroll","background-type":"","background-media":"","overlay-type":"","overlay-color":"","overlay-opacity":"","overlay-gradient":""},"mobile":{"background-color":"var(--ast-global-color-5)","background-image":"","background-repeat":"repeat","background-position":"center center","background-size":"auto","background-attachment":"scroll","background-type":"","background-media":"","overlay-type":"","overlay-color":"","overlay-opacity":"","overlay-gradient":""}},"footnotes":""},"class_list":["post-918","page","type-page","status-publish","hentry"],"post_mailing_queue_ids":[],"_links":{"self":[{"href":"https:\/\/agora.xtec.cat\/escola-aloc-pineda\/wp-json\/wp\/v2\/pages\/918","targetHints":{"allow":["GET"]}}],"collection":[{"href":"https:\/\/agora.xtec.cat\/escola-aloc-pineda\/wp-json\/wp\/v2\/pages"}],"about":[{"href":"https:\/\/agora.xtec.cat\/escola-aloc-pineda\/wp-json\/wp\/v2\/types\/page"}],"author":[{"embeddable":true,"href":"https:\/\/agora.xtec.cat\/escola-aloc-pineda\/wp-json\/wp\/v2\/users\/1"}],"replies":[{"embeddable":true,"href":"https:\/\/agora.xtec.cat\/escola-aloc-pineda\/wp-json\/wp\/v2\/comments?post=918"}],"version-history":[{"count":5,"href":"https:\/\/agora.xtec.cat\/escola-aloc-pineda\/wp-json\/wp\/v2\/pages\/918\/revisions"}],"predecessor-version":[{"id":925,"href":"https:\/\/agora.xtec.cat\/escola-aloc-pineda\/wp-json\/wp\/v2\/pages\/918\/revisions\/925"}],"wp:attachment":[{"href":"https:\/\/agora.xtec.cat\/escola-aloc-pineda\/wp-json\/wp\/v2\/media?parent=918"}],"curies":[{"name":"wp","href":"https:\/\/api.w.org\/{rel}","templated":true}]}}