{"id":800,"date":"2026-02-06T11:44:38","date_gmt":"2026-02-06T10:44:38","guid":{"rendered":"https:\/\/agora.xtec.cat\/escola-aloc-pineda\/?page_id=800"},"modified":"2026-03-03T09:29:03","modified_gmt":"2026-03-03T08:29:03","slug":"preinscripcions-2026-2027","status":"publish","type":"page","link":"https:\/\/agora.xtec.cat\/escola-aloc-pineda\/preinscripcions-2026-2027\/","title":{"rendered":"Preinscripcions 2026-2027"},"content":{"rendered":"\n<h3 class=\"wp-block-heading\"><\/h3>\n\n\n\n<figure class=\"wp-block-image size-large\"><a href=\"https:\/\/agora.xtec.cat\/escola-aloc-pineda\/wp-content\/uploads\/usu2125\/2026\/03\/Preinscripcio_baners_Web_educacio__Preinscripcio_web_educacio_1900x372_3imatges.jpg\"><img loading=\"lazy\" decoding=\"async\" width=\"1024\" height=\"200\" src=\"https:\/\/agora.xtec.cat\/escola-aloc-pineda\/wp-content\/uploads\/usu2125\/2026\/03\/Preinscripcio_baners_Web_educacio__Preinscripcio_web_educacio_1900x372_3imatges-1024x200.jpg\" alt=\"\" class=\"wp-image-935\" srcset=\"https:\/\/agora.xtec.cat\/escola-aloc-pineda\/wp-content\/uploads\/usu2125\/2026\/03\/Preinscripcio_baners_Web_educacio__Preinscripcio_web_educacio_1900x372_3imatges-1024x200.jpg 1024w, https:\/\/agora.xtec.cat\/escola-aloc-pineda\/wp-content\/uploads\/usu2125\/2026\/03\/Preinscripcio_baners_Web_educacio__Preinscripcio_web_educacio_1900x372_3imatges-300x59.jpg 300w, https:\/\/agora.xtec.cat\/escola-aloc-pineda\/wp-content\/uploads\/usu2125\/2026\/03\/Preinscripcio_baners_Web_educacio__Preinscripcio_web_educacio_1900x372_3imatges-768x150.jpg 768w, https:\/\/agora.xtec.cat\/escola-aloc-pineda\/wp-content\/uploads\/usu2125\/2026\/03\/Preinscripcio_baners_Web_educacio__Preinscripcio_web_educacio_1900x372_3imatges-1536x301.jpg 1536w, https:\/\/agora.xtec.cat\/escola-aloc-pineda\/wp-content\/uploads\/usu2125\/2026\/03\/Preinscripcio_baners_Web_educacio__Preinscripcio_web_educacio_1900x372_3imatges.jpg 1900w\" sizes=\"auto, (max-width: 1024px) 100vw, 1024px\" \/><\/a><\/figure>\n\n\n\n<h3 class=\"wp-block-heading\"><a href=\"http:\/\/blocs.xtec.cat\/escolaloc\/files\/2025\/01\/preinscripcio-dates-1.png\"><\/a><\/h3>\n\n\n\n<h3 class=\"wp-block-heading\">&nbsp;<a href=\"https:\/\/preinscripcio.gencat.cat\/ca\/inici\/\">AQU\u00cd TROBAREU TOTA LA INFORMACI\u00d3<\/a>&nbsp;(cliqueu)<\/h3>\n\n\n\n<p>Tamb\u00e9 trobareu molta informaci\u00f3 al web&nbsp;&nbsp;<a href=\"https:\/\/triaeducativa.gencat.cat\/ca\/inici\">TRIA EDUCATIVA<\/a>&nbsp;i a la GUIA que ha publicat l&#8217;aFFac amb&nbsp;<strong><a href=\"https:\/\/affac.cat\/affac\/suport-families-nouvingudes\/\">informaci\u00f3 b\u00e0sica sobre el sistema educatiu a Catalunya<\/a><\/strong>.<\/p>\n\n\n\n<h3 class=\"wp-block-heading\">&nbsp;<a href=\"https:\/\/ateneu.xtec.cat\/wikiform\/wikiexport\/pas\/alt\/aeppe\/presen_solici\/electronica\">CLIQUEU AQU\u00cd<\/a>&nbsp;PER A FER LA SOL\u00b7LICITUD DE PREINSCRIPCI\u00d3 amb certificat digital <\/h3>\n\n\n\n<h3 class=\"wp-block-heading\"><strong><a href=\"https:\/\/ateneu.xtec.cat\/wikiform\/wikiexport\/pas\/alt\/aeppe\/presen_solici\/suportinformatic\">CLIQUEU AQU\u00cd<\/a>&nbsp;PER A FER LA SOL\u00b7LICITUD DE PREINSCRIPCI\u00d3 sense certificat digi<\/strong>tal<\/h3>\n\n\n\n<h6 class=\"wp-block-heading\"><a href=\"https:\/\/drive.google.com\/file\/d\/1P9XAB48NMiNX_moOBN6XwUVxYerjXofT\/view?usp=sharing\">OFERTA INICIAL DE PLACES<\/a>\u00a0 \u00a0\u00a0publicada el dia 03 de mar\u00e7 <\/h6>\n\n\n\n<h6 class=\"wp-block-heading\">&nbsp;<\/h6>\n\n\n\n<h3 class=\"wp-block-heading\">PROC\u00c9S DE PREINSCRIPCI\u00d3:<\/h3>\n\n\n\n<figure class=\"wp-block-image size-full\"><a href=\"https:\/\/agora.xtec.cat\/escola-aloc-pineda\/wp-content\/uploads\/usu2125\/2026\/03\/Preinscripcio_baners_Web_educacio__Preinscripcio_web_educacio_555x431_PRIMARIA-1.jpg\"><img loading=\"lazy\" decoding=\"async\" width=\"572\" height=\"448\" src=\"https:\/\/agora.xtec.cat\/escola-aloc-pineda\/wp-content\/uploads\/usu2125\/2026\/03\/Preinscripcio_baners_Web_educacio__Preinscripcio_web_educacio_555x431_PRIMARIA-1.jpg\" alt=\"\" class=\"wp-image-933\" srcset=\"https:\/\/agora.xtec.cat\/escola-aloc-pineda\/wp-content\/uploads\/usu2125\/2026\/03\/Preinscripcio_baners_Web_educacio__Preinscripcio_web_educacio_555x431_PRIMARIA-1.jpg 572w, https:\/\/agora.xtec.cat\/escola-aloc-pineda\/wp-content\/uploads\/usu2125\/2026\/03\/Preinscripcio_baners_Web_educacio__Preinscripcio_web_educacio_555x431_PRIMARIA-1-300x235.jpg 300w\" sizes=\"auto, (max-width: 572px) 100vw, 572px\" \/><\/a><\/figure>\n\n\n\n<p><\/p>\n\n\n\n<p>TOTS ELS PROCESSOS ES FARAN DE FORMA TELEM\u00c0TICA.<\/p>\n\n\n\n<p><strong>COM HO HAUREU DE FER?&nbsp;<\/strong><\/p>\n\n\n\n<p>1. Haureu d&#8217;entrar al&nbsp;<a href=\"https:\/\/preinscripcio.gencat.cat\/ca\/inici\/\">web de PREINSCRIPCI\u00d3 DEL DEPARTAMENT<\/a>&nbsp;i seguir els passos indicats quan cliqueu a la pestanya per fer la sol\u00b7licitud. Omplir-la&nbsp;i adjuntar la documentaci\u00f3 requerida&nbsp;(escanejat o amb foto).<\/p>\n\n\n\n<p>&nbsp;<strong><u>DOCUMENTACI\u00d3<\/u><u>&nbsp;QUE POTSER HAUREU D&#8217;ADJUNTAR A LA SOL\u00b7LICITUD<\/u>&nbsp;:<\/strong><\/p>\n\n\n\n<ul class=\"wp-block-list\">\n<li>C\u00f2pia&nbsp;escanejada o foto del llibre de fam\u00edlia (p\u00e0gina dels pares i de l\u2019alumne\/a )<\/li>\n\n\n\n<li>C\u00f2pia escanejada o foto del DNI (actualitzat) de la persona que fa la sol\u00b7licitud (pare\/mare).&nbsp;En cas que no hi consti una adre\u00e7a de Pineda, haur\u00e0&nbsp;d&#8217;adjuntar el&nbsp;full de&nbsp;padr\u00f3.<\/li>\n\n\n\n<li>C\u00f2pia escanejada o foto del DNI\/NIE\/passaport de l\u2019alumne\/a<\/li>\n\n\n\n<li>C\u00f2pia escanejada o foto de la TSI (targeta sanit\u00e0ria) del nen\/a<\/li>\n<\/ul>\n\n\n\n<p>Altres documents (si heu marcat la casella):<\/p>\n\n\n\n<ul class=\"wp-block-list\">\n<li>Documentaci\u00f3 acreditativa de ser beneficiari de la renda garantida<\/li>\n\n\n\n<li>Documentaci\u00f3 acreditativa de discapacitat igual o superior al 33%<\/li>\n\n\n\n<li>C\u00f2pia del carnet vigent de fam\u00edlia nombrosa o monoparental<\/li>\n<\/ul>\n\n\n\n<p><strong>Nom\u00e9s es podr\u00e0 fer una sol\u00b7licitud al centre escollit en primera opci\u00f3<\/strong>.&nbsp; Caldr\u00e0 especificar a la sol\u00b7licitud altres opcions de centres de la poblaci\u00f3, per ordre de prefer\u00e8ncia, per si la primera opci\u00f3 no fos l&#8217;assignada.&nbsp; &nbsp;Per a les persones que tinguin moltes dificultats per a fer la gesti\u00f3 de forma telem\u00e0tica, podran &nbsp;demanar cita pr\u00e8via al mail de l&#8217;escola o als telfs 937621480 o 634798901.&nbsp;<\/p>\n\n\n\n<p>A partir d&#8217;aquesta preinscripci\u00f3 les escoles d&#8217;infantil i prim\u00e0ria tindrem especial cura en la revisi\u00f3 del criteri prioritari<em>&nbsp;domicili habitual a la zona educativa&nbsp;<\/em>si el domicili est\u00e0 dins la  zona educativa, at\u00e8s&nbsp;que Pineda de Mar ja no \u00e9s zona \u00fanica en l&#8217;escolaritzaci\u00f3 dels infants d&#8217;infantil i prim\u00e0ria.&nbsp;<\/p>\n\n\n\n<p>Podeu  consultar&nbsp;els&nbsp;centres educatius de la poblaci\u00f3&nbsp;i m\u00e9s endavant,&nbsp;la&nbsp;nova&nbsp;zonificaci\u00f3&nbsp;de les escoles d&#8217;infantil i prim\u00e0ria de Pineda de Mar a:<\/p>\n\n\n\n<p><a href=\"https:\/\/mapaescolar.gencat.cat\">https:\/\/mapaescolar.gencat.cat<\/a><\/p>\n\n\n\n<h3 class=\"wp-block-heading\">PUNTUACI\u00d3 BAREM PROVISIONAL<\/h3>\n\n\n\n<p>La llista de la puntuaci\u00f3 provisional es publicar\u00e0 al taulell d&#8217;anuncis interior, el dia<strong>  15 d&#8217;abril&nbsp;<\/strong>. En cas de disconformitat amb la puntuaci\u00f3 donada, podeu presentar reclamacions a aquest barem del&nbsp;15 al 20 d&#8217;abril. Passeu pel centre o b\u00e9 truqueu-nos.<\/p>\n\n\n\n<h3 class=\"wp-block-heading\">LLISTA D&#8217;ADMESOS I LLISTA D&#8217;ESPERA<\/h3>\n\n\n\n<p>Despr\u00e9s de resoldre les reclamacions i publicar (al taulell d&#8217;anuncis interior)&nbsp; la llista ordenada es publicar\u00e0 l&#8217;oferta final (el 10 de juny) i es penjaran les llistes d&#8217;admesos i la llista d&#8217;espera el&nbsp;<strong>10 de juny.<\/strong><\/p>\n\n\n\n<h6 class=\"wp-block-heading\">Segons la&nbsp;<a href=\"https:\/\/drive.google.com\/file\/d\/1Lmjqz8hiFgMeJNHFCDkb0Tcon7Cw7g5c\/view?usp=sharing\">Resoluci\u00f3 del Departament d&#8217;Educaci\u00f3<\/a>&nbsp; on hi trobareu tota la informaci\u00f3 referent a les preinscripcions : <\/h6>\n\n\n\n<p>6.1 Els centres han d&#8217;informar sobre els aspectes seg\u00fcents:<\/p>\n\n\n\n<p>a) El seu projecte educatiu. En el cas dels centres concertats, a m\u00e9s, el seu car\u00e0cter propi si en tenen (el trobareu a la pestanya de documents de centre)<\/p>\n\n\n\n<p>b) La seva oferta d&#8217;ensenyaments gratu\u00efts i l&#8217;oferta de grups i de llocs escolars vacants en cadascun d&#8217;aquests ensenyaments<\/p>\n\n\n\n<p>c) L&#8217;adscripci\u00f3 a altres centres (els 7 centres p\u00fablics de Pineda i el centre concertat estan adscrits als tres instituts, per a infantil no cal adscripci\u00f3)<\/p>\n\n\n\n<p>d) La&nbsp;<a href=\"https:\/\/drive.google.com\/file\/d\/1fGpK8yLlvIOqe8Df2KsuJFYWbMSfidha\/view?usp=sharing\">carta de comprom\u00eds educatiu<\/a><\/p>\n\n\n\n<p>e) Els&nbsp;<a href=\"https:\/\/preinscripcio.gencat.cat\/ca\/estudis\/infantil-3-6\/informat\/criteris-assignacio\/index.html\">criteris d&#8217;admissi\u00f3 d&#8217;alumnat<\/a><\/p>\n\n\n\n<p>f) L&#8217;\u00e0rea de proximitat a qu\u00e8 pertany el centre per a cada ensenyament: el municipi de Pineda.<\/p>\n\n\n\n<p>g) En el cas dels centres privats concertats, el r\u00e8gim de finan\u00e7ament amb fons p\u00fablics dels ensenyaments concertats.<\/p>\n\n\n\n<p>h) Si \u00e9s el cas, els&nbsp;<a href=\"https:\/\/drive.google.com\/file\/d\/1REV7BF1Y-l3hTapgbT7zxNL9d09PIowu\/view?usp=sharing\">ajuts que reben de les administracions p\u00fabliques<\/a>&nbsp;per sufragar el preu de les activitats complement\u00e0ries, les activitats extraescolars i els serveis escolars. Tamb\u00e9 cal informar sobre la concreci\u00f3 de men\u00fas especials per a malalties cr\u00f2niques<\/p>\n\n\n\n<p>i) La seva oferta d&#8217;activitats complement\u00e0ries, d&#8217;activitats extraescolars i de serveis escolars, i els preus corresponents (en l&#8217;apartat de l&#8217;AMPA i en el PEC)<\/p>\n\n\n\n<p>j) Les mesures i suports previstes per a l&#8217;atenci\u00f3 educativa de l&#8217;alumnat en el marc d&#8217;un sistema educatiu inclusiu (incl\u00f2s al PEC)<\/p>\n\n\n\n<p>k) Les quotes d&#8217;inscripci\u00f3 a les associacions de mares i pares d&#8217;alumnes o d&#8217;altres associacions, si n&#8217;hi ha (fins ara, 20 euros anuals per al primer infant, 15 euros per al segon fill i 10 euros per al tercer fill).<\/p>\n\n\n\n<p>l) Altres aportacions econ\u00f2miques volunt\u00e0ries que tingui establertes el centre, com ara les aportacions a fundacions (no \u00e9s el nostre cas)<\/p>\n\n\n\n<p>Els centres han de difondre la informaci\u00f3 abans esmentada per qualsevol mitj\u00e0 que garanteixi l&#8217;acc\u00e9s de les fam\u00edlies a aquesta informaci\u00f3, especialment a trav\u00e9s, almenys, del tauler d&#8217;anuncis i, si en tenen, del web.<\/p>\n\n\n\n<p>Per a qualsevol dubte ens podeu trucar al telf de l&#8217;escola:&nbsp; &nbsp;937621480 o ens podeu enviar un mail a l&#8217;adre\u00e7a:&nbsp; &nbsp;&nbsp;<strong>a8053421@xtec.cat<\/strong><\/p>\n\n\n\n<h3 class=\"wp-block-heading\">JORNADES DE PORTES OBERTES:&nbsp;&nbsp;febrer\/mar\u00e7 2026<\/h3>\n\n\n\n<ul class=\"wp-block-list\">\n<li>divendres&nbsp;27 de febrer de 15:00 a 16:30h: passejades per l&#8217;escola<\/li>\n\n\n\n<li>diumenge&nbsp;1 de mar\u00e7 d&#8217;11:00 a 13:00h: benvinguda, tallers i passejades per l&#8217;escola<\/li>\n<\/ul>\n\n\n\n<p>Si ens voleu con\u00e8ixer una mica m\u00e9s, cliqueu aquest enlla\u00e7:&nbsp;<a href=\"https:\/\/youtu.be\/px1_-mCkspc\">PORTES OBERTES VIRTU<\/a>ALS&nbsp; &nbsp;Seguiu-nos a les xarxes socials: Instagram i Facebook. Tamb\u00e9 podeu demanar cita pr\u00e8via per venir a trav\u00e9s de:<\/p>\n\n\n\n<p>Telf : 937621480&nbsp; &nbsp; &nbsp; &nbsp; &nbsp;Mail : a8053421@xtec.cat&nbsp; &nbsp; &nbsp; &nbsp;&nbsp; &nbsp;Whatsapp:&nbsp; 634798901<\/p>\n","protected":false},"excerpt":{"rendered":"<p>&nbsp;AQU\u00cd TROBAREU TOTA LA INFORMACI\u00d3&nbsp;(cliqueu) Tamb\u00e9 trobareu molta informaci\u00f3 al web&nbsp;&nbsp;TRIA EDUCATIVA&nbsp;i a la GUIA que ha publicat l&#8217;aFFac amb&nbsp;informaci\u00f3 [&hellip;]<\/p>\n","protected":false},"author":1,"featured_media":0,"parent":0,"menu_order":0,"comment_status":"closed","ping_status":"close","template":"","meta":{"_bbp_topic_count":0,"_bbp_reply_count":0,"_bbp_total_topic_count":0,"_bbp_total_reply_count":0,"_bbp_voice_count":0,"_bbp_anonymous_reply_count":0,"_bbp_topic_count_hidden":0,"_bbp_reply_count_hidden":0,"_bbp_forum_subforum_count":0,"site-sidebar-layout":"default","site-content-layout":"","ast-site-content-layout":"default","site-content-style":"default","site-sidebar-style":"default","ast-global-header-display":"","ast-banner-title-visibility":"","ast-main-header-display":"","ast-hfb-above-header-display":"","ast-hfb-below-header-display":"","ast-hfb-mobile-header-display":"","site-post-title":"","ast-breadcrumbs-content":"","ast-featured-img":"","footer-sml-layout":"","theme-transparent-header-meta":"","adv-header-id-meta":"","stick-header-meta":"","header-above-stick-meta":"","header-main-stick-meta":"","header-below-stick-meta":"","astra-migrate-meta-layouts":"set","ast-page-background-enabled":"default","ast-page-background-meta":{"desktop":{"background-color":"var(--ast-global-color-4)","background-image":"","background-repeat":"repeat","background-position":"center center","background-size":"auto","background-attachment":"scroll","background-type":"","background-media":"","overlay-type":"","overlay-color":"","overlay-opacity":"","overlay-gradient":""},"tablet":{"background-color":"","background-image":"","background-repeat":"repeat","background-position":"center center","background-size":"auto","background-attachment":"scroll","background-type":"","background-media":"","overlay-type":"","overlay-color":"","overlay-opacity":"","overlay-gradient":""},"mobile":{"background-color":"","background-image":"","background-repeat":"repeat","background-position":"center center","background-size":"auto","background-attachment":"scroll","background-type":"","background-media":"","overlay-type":"","overlay-color":"","overlay-opacity":"","overlay-gradient":""}},"ast-content-background-meta":{"desktop":{"background-color":"var(--ast-global-color-5)","background-image":"","background-repeat":"repeat","background-position":"center center","background-size":"auto","background-attachment":"scroll","background-type":"","background-media":"","overlay-type":"","overlay-color":"","overlay-opacity":"","overlay-gradient":""},"tablet":{"background-color":"var(--ast-global-color-5)","background-image":"","background-repeat":"repeat","background-position":"center center","background-size":"auto","background-attachment":"scroll","background-type":"","background-media":"","overlay-type":"","overlay-color":"","overlay-opacity":"","overlay-gradient":""},"mobile":{"background-color":"var(--ast-global-color-5)","background-image":"","background-repeat":"repeat","background-position":"center center","background-size":"auto","background-attachment":"scroll","background-type":"","background-media":"","overlay-type":"","overlay-color":"","overlay-opacity":"","overlay-gradient":""}},"footnotes":""},"class_list":["post-800","page","type-page","status-publish","hentry"],"post_mailing_queue_ids":[],"_links":{"self":[{"href":"https:\/\/agora.xtec.cat\/escola-aloc-pineda\/wp-json\/wp\/v2\/pages\/800","targetHints":{"allow":["GET"]}}],"collection":[{"href":"https:\/\/agora.xtec.cat\/escola-aloc-pineda\/wp-json\/wp\/v2\/pages"}],"about":[{"href":"https:\/\/agora.xtec.cat\/escola-aloc-pineda\/wp-json\/wp\/v2\/types\/page"}],"author":[{"embeddable":true,"href":"https:\/\/agora.xtec.cat\/escola-aloc-pineda\/wp-json\/wp\/v2\/users\/1"}],"replies":[{"embeddable":true,"href":"https:\/\/agora.xtec.cat\/escola-aloc-pineda\/wp-json\/wp\/v2\/comments?post=800"}],"version-history":[{"count":6,"href":"https:\/\/agora.xtec.cat\/escola-aloc-pineda\/wp-json\/wp\/v2\/pages\/800\/revisions"}],"predecessor-version":[{"id":940,"href":"https:\/\/agora.xtec.cat\/escola-aloc-pineda\/wp-json\/wp\/v2\/pages\/800\/revisions\/940"}],"wp:attachment":[{"href":"https:\/\/agora.xtec.cat\/escola-aloc-pineda\/wp-json\/wp\/v2\/media?parent=800"}],"curies":[{"name":"wp","href":"https:\/\/api.w.org\/{rel}","templated":true}]}}